{"id":210,"date":"2024-05-23T05:48:39","date_gmt":"2024-05-23T05:48:39","guid":{"rendered":"https:\/\/floramurus.com\/p\/flower-wall-arrangement-design\/"},"modified":"2024-05-24T00:57:16","modified_gmt":"2024-05-24T00:57:16","slug":"design-kvetinove-steny","status":"publish","type":"product","link":"https:\/\/floramurus.com\/cs\/p\/design-kvetinove-steny\/","title":{"rendered":"<span>Kv\u011btinov\u00e1 ze\u010f <\/span><span class=\"product-title-custom\"> Kv\u011btinov\u00e1 v\u00fdzdoba<\/span>"},"content":{"rendered":"<h2>Chcete, aby va\u0161e akce byly nezapomenuteln\u00e9 d\u00edky \u00fachvatn\u00e9 kv\u011btinov\u00e9 st\u011bn\u011b? U\u017e nemus\u00edte hledat d\u00e1l, proto\u017ee kv\u011btinov\u00e1 kompozice kv\u011btinov\u00e9 st\u011bny je to, co hled\u00e1te.<\/h2>\r\n<p>Nechte se okouzlit t\u00edmto <strong>kv\u011btinov\u00e1 kompozice<\/strong> kter\u00e1 nenech\u00e1 nikoho lhostejn\u00fdm. Tato st\u011bna se \u017elut\u00fdmi, r\u016f\u017eov\u00fdmi a b\u00edl\u00fdmi r\u016f\u017eemi dokonale zapadne do va\u0161ich akc\u00ed.<\/p>\r\n<p>Pravdiv\u00fd <strong>dekorativn\u00ed prvek<\/strong>, je vhodn\u00fd pro ud\u00e1losti, jako jsou narozeniny, svatby a k\u0159tiny. Ale to nen\u00ed v\u0161echno; je velmi m\u011bkk\u00e1. <strong>kv\u011btinov\u00e1 kompozice<\/strong> se dokonale hod\u00ed ke zv\u00fdrazn\u011bn\u00ed va\u0161ich obytn\u00fdch prostor a k p\u0159edveden\u00ed originality.<\/p>","protected":false},"excerpt":{"rendered":"Want to make your events unforgettable with a breathtaking flower wall? Look no further, as the floral composition flower wall is what you are looking for. Let yourself be charmed by this floral composition that will leave no one indifferent. With its adornment of yellow, pink, and white roses, this wall will perfectly blend into [&#8230;]","protected":false},"featured_media":209,"template":"","meta":[],"product_brand":[],"product_cat":[15,19,20],"product_tag":[],"class_list":{"0":"post-210","1":"product","2":"type-product","3":"status-publish","4":"has-post-thumbnail","6":"product_cat-all-products","7":"product_cat-pink-floral-wall-backdrop","8":"product_cat-white-floral-wall-backdrop","10":"first","11":"instock","12":"shipping-taxable","13":"purchasable","14":"product-type-simple"},"yoast_head":"<!-- This site is optimized with the Yoast SEO plugin v25.9 - https:\/\/yoast.com\/wordpress\/plugins\/seo\/ -->\n<title>Flower Wall Floral Arrangement \ud83c\udf38| Wedding &amp; Deco | Buy &amp; Rent<\/title>\n<meta name=\"description\" content=\"Discover the most beautiful flower walls at affordable prices to decorate your interior or a ceremony. Realistic flowers with vibrant colors.\" \/>\n<meta name=\"robots\" content=\"index, follow, max-snippet:-1, max-image-preview:large, max-video-preview:-1\" \/>\n<link rel=\"canonical\" href=\"https:\/\/floramurus.com\/cs\/p\/design-kvetinove-steny\/\" \/>\n<meta property=\"og:locale\" content=\"cs_CZ\" \/>\n<meta property=\"og:type\" content=\"article\" \/>\n<meta property=\"og:title\" content=\"Flower Wall Floral Arrangement \ud83c\udf38| Wedding &amp; Deco | Buy &amp; Rent\" \/>\n<meta property=\"og:description\" content=\"Discover the most beautiful flower walls at affordable prices to decorate your interior or a ceremony. Realistic flowers with vibrant colors.\" \/>\n<meta property=\"og:url\" content=\"https:\/\/floramurus.com\/cs\/p\/design-kvetinove-steny\/\" \/>\n<meta property=\"og:site_name\" content=\"Flora Murus\" \/>\n<meta property=\"article:modified_time\" content=\"2024-05-24T00:57:16+00:00\" \/>\n<meta property=\"og:image\" content=\"https:\/\/floramurus.com\/wp-content\/uploads\/2024\/05\/File_201_e9102ce2-8168-4c1e-882e-a7a773b81c71.png\" \/>\n\t<meta property=\"og:image:width\" content=\"597\" \/>\n\t<meta property=\"og:image:height\" content=\"708\" \/>\n\t<meta property=\"og:image:type\" content=\"image\/png\" \/>\n<meta name=\"twitter:card\" content=\"summary_large_image\" \/>\n<meta name=\"twitter:label1\" content=\"Odhadovan\u00e1 doba \u010dten\u00ed\" \/>\n\t<meta name=\"twitter:data1\" content=\"1 minuta\" \/>\n<script type=\"application\/ld+json\" class=\"yoast-schema-graph\">{\"@context\":\"https:\/\/schema.org\",\"@graph\":[{\"@type\":\"WebPage\",\"@id\":\"https:\/\/floramurus.com\/p\/flower-wall-arrangement-design\/\",\"url\":\"https:\/\/floramurus.com\/p\/flower-wall-arrangement-design\/\",\"name\":\"Flower Wall Floral Arrangement \ud83c\udf38| Wedding & Deco | Buy & Rent\",\"isPartOf\":{\"@id\":\"https:\/\/floramurus.com\/#website\"},\"primaryImageOfPage\":{\"@id\":\"https:\/\/floramurus.com\/p\/flower-wall-arrangement-design\/#primaryimage\"},\"image\":{\"@id\":\"https:\/\/floramurus.com\/p\/flower-wall-arrangement-design\/#primaryimage\"},\"thumbnailUrl\":\"https:\/\/floramurus.com\/wp-content\/uploads\/2024\/05\/File_201_e9102ce2-8168-4c1e-882e-a7a773b81c71.png\",\"datePublished\":\"2024-05-23T05:48:39+00:00\",\"dateModified\":\"2024-05-24T00:57:16+00:00\",\"description\":\"Discover the most beautiful flower walls at affordable prices to decorate your interior or a ceremony. Realistic flowers with vibrant colors.\",\"breadcrumb\":{\"@id\":\"https:\/\/floramurus.com\/p\/flower-wall-arrangement-design\/#breadcrumb\"},\"inLanguage\":\"cs\",\"potentialAction\":[{\"@type\":\"ReadAction\",\"target\":[\"https:\/\/floramurus.com\/p\/flower-wall-arrangement-design\/\"]}]},{\"@type\":\"ImageObject\",\"inLanguage\":\"cs\",\"@id\":\"https:\/\/floramurus.com\/p\/flower-wall-arrangement-design\/#primaryimage\",\"url\":\"https:\/\/floramurus.com\/wp-content\/uploads\/2024\/05\/File_201_e9102ce2-8168-4c1e-882e-a7a773b81c71.png\",\"contentUrl\":\"https:\/\/floramurus.com\/wp-content\/uploads\/2024\/05\/File_201_e9102ce2-8168-4c1e-882e-a7a773b81c71.png\",\"width\":597,\"height\":708,\"caption\":\"Designer floral arrangement wall for luxury events\"},{\"@type\":\"BreadcrumbList\",\"@id\":\"https:\/\/floramurus.com\/p\/flower-wall-arrangement-design\/#breadcrumb\",\"itemListElement\":[{\"@type\":\"ListItem\",\"position\":1,\"name\":\"Home\",\"item\":\"https:\/\/floramurus.com\/\"},{\"@type\":\"ListItem\",\"position\":2,\"name\":\"Shop\",\"item\":\"https:\/\/floramurus.com\/shop\/\"},{\"@type\":\"ListItem\",\"position\":3,\"name\":\"Flower Wall Floral Arrangement\"}]},{\"@type\":\"WebSite\",\"@id\":\"https:\/\/floramurus.com\/#website\",\"url\":\"https:\/\/floramurus.com\/\",\"name\":\"Flora Murus\",\"description\":\"\",\"publisher\":{\"@id\":\"https:\/\/floramurus.com\/#organization\"},\"potentialAction\":[{\"@type\":\"SearchAction\",\"target\":{\"@type\":\"EntryPoint\",\"urlTemplate\":\"https:\/\/floramurus.com\/?s={search_term_string}\"},\"query-input\":{\"@type\":\"PropertyValueSpecification\",\"valueRequired\":true,\"valueName\":\"search_term_string\"}}],\"inLanguage\":\"cs\"},{\"@type\":\"Organization\",\"@id\":\"https:\/\/floramurus.com\/#organization\",\"name\":\"Flora Murus\",\"url\":\"https:\/\/floramurus.com\/\",\"logo\":{\"@type\":\"ImageObject\",\"inLanguage\":\"cs\",\"@id\":\"https:\/\/floramurus.com\/#\/schema\/logo\/image\/\",\"url\":\"https:\/\/floramurus.com\/wp-content\/uploads\/2024\/05\/flora-murus-logo.png\",\"contentUrl\":\"https:\/\/floramurus.com\/wp-content\/uploads\/2024\/05\/flora-murus-logo.png\",\"width\":926,\"height\":250,\"caption\":\"Flora Murus\"},\"image\":{\"@id\":\"https:\/\/floramurus.com\/#\/schema\/logo\/image\/\"}}]}<\/script>\n<!-- \/ Yoast SEO plugin. -->","yoast_head_json":{"title":"Kv\u011btinov\u00e1 st\u011bna Kv\u011btinov\u00e9 aran\u017em\u00e1 \ud83c\udf38| Svatby a dekorace | Koupit a pronajmout","description":"Objevte nejkr\u00e1sn\u011bj\u0161\u00ed kv\u011btinov\u00e9 st\u011bny za p\u0159ijateln\u00e9 ceny, kter\u00e9 ozdob\u00ed v\u00e1\u0161 interi\u00e9r nebo ob\u0159ad. Realistick\u00e9 kv\u011btiny v z\u00e1\u0159iv\u00fdch barv\u00e1ch.","robots":{"index":"index","follow":"follow","max-snippet":"max-snippet:-1","max-image-preview":"max-image-preview:large","max-video-preview":"max-video-preview:-1"},"canonical":"https:\/\/floramurus.com\/cs\/p\/design-kvetinove-steny\/","og_locale":"cs_CZ","og_type":"article","og_title":"Flower Wall Floral Arrangement \ud83c\udf38| Wedding & Deco | Buy & Rent","og_description":"Discover the most beautiful flower walls at affordable prices to decorate your interior or a ceremony. Realistic flowers with vibrant colors.","og_url":"https:\/\/floramurus.com\/cs\/p\/design-kvetinove-steny\/","og_site_name":"Flora Murus","article_modified_time":"2024-05-24T00:57:16+00:00","og_image":[{"width":597,"height":708,"url":"https:\/\/floramurus.com\/wp-content\/uploads\/2024\/05\/File_201_e9102ce2-8168-4c1e-882e-a7a773b81c71.png","type":"image\/png"}],"twitter_card":"summary_large_image","twitter_misc":{"Odhadovan\u00e1 doba \u010dten\u00ed":"1 minuta"},"schema":{"@context":"https:\/\/schema.org","@graph":[{"@type":"WebPage","@id":"https:\/\/floramurus.com\/p\/flower-wall-arrangement-design\/","url":"https:\/\/floramurus.com\/p\/flower-wall-arrangement-design\/","name":"Kv\u011btinov\u00e1 st\u011bna Kv\u011btinov\u00e9 aran\u017em\u00e1 \ud83c\udf38| Svatby a dekorace | Koupit a pronajmout","isPartOf":{"@id":"https:\/\/floramurus.com\/#website"},"primaryImageOfPage":{"@id":"https:\/\/floramurus.com\/p\/flower-wall-arrangement-design\/#primaryimage"},"image":{"@id":"https:\/\/floramurus.com\/p\/flower-wall-arrangement-design\/#primaryimage"},"thumbnailUrl":"https:\/\/floramurus.com\/wp-content\/uploads\/2024\/05\/File_201_e9102ce2-8168-4c1e-882e-a7a773b81c71.png","datePublished":"2024-05-23T05:48:39+00:00","dateModified":"2024-05-24T00:57:16+00:00","description":"Objevte nejkr\u00e1sn\u011bj\u0161\u00ed kv\u011btinov\u00e9 st\u011bny za p\u0159ijateln\u00e9 ceny, kter\u00e9 ozdob\u00ed v\u00e1\u0161 interi\u00e9r nebo ob\u0159ad. Realistick\u00e9 kv\u011btiny v z\u00e1\u0159iv\u00fdch barv\u00e1ch.","breadcrumb":{"@id":"https:\/\/floramurus.com\/p\/flower-wall-arrangement-design\/#breadcrumb"},"inLanguage":"cs","potentialAction":[{"@type":"ReadAction","target":["https:\/\/floramurus.com\/p\/flower-wall-arrangement-design\/"]}]},{"@type":"ImageObject","inLanguage":"cs","@id":"https:\/\/floramurus.com\/p\/flower-wall-arrangement-design\/#primaryimage","url":"https:\/\/floramurus.com\/wp-content\/uploads\/2024\/05\/File_201_e9102ce2-8168-4c1e-882e-a7a773b81c71.png","contentUrl":"https:\/\/floramurus.com\/wp-content\/uploads\/2024\/05\/File_201_e9102ce2-8168-4c1e-882e-a7a773b81c71.png","width":597,"height":708,"caption":"Designer floral arrangement wall for luxury events"},{"@type":"BreadcrumbList","@id":"https:\/\/floramurus.com\/p\/flower-wall-arrangement-design\/#breadcrumb","itemListElement":[{"@type":"ListItem","position":1,"name":"Home","item":"https:\/\/floramurus.com\/"},{"@type":"ListItem","position":2,"name":"Shop","item":"https:\/\/floramurus.com\/shop\/"},{"@type":"ListItem","position":3,"name":"Flower Wall Floral Arrangement"}]},{"@type":"WebSite","@id":"https:\/\/floramurus.com\/#website","url":"https:\/\/floramurus.com\/","name":"Flora Murus","description":"","publisher":{"@id":"https:\/\/floramurus.com\/#organization"},"potentialAction":[{"@type":"SearchAction","target":{"@type":"EntryPoint","urlTemplate":"https:\/\/floramurus.com\/?s={search_term_string}"},"query-input":{"@type":"PropertyValueSpecification","valueRequired":true,"valueName":"search_term_string"}}],"inLanguage":"cs"},{"@type":"Organization","@id":"https:\/\/floramurus.com\/#organization","name":"Flora Murus","url":"https:\/\/floramurus.com\/","logo":{"@type":"ImageObject","inLanguage":"cs","@id":"https:\/\/floramurus.com\/#\/schema\/logo\/image\/","url":"https:\/\/floramurus.com\/wp-content\/uploads\/2024\/05\/flora-murus-logo.png","contentUrl":"https:\/\/floramurus.com\/wp-content\/uploads\/2024\/05\/flora-murus-logo.png","width":926,"height":250,"caption":"Flora Murus"},"image":{"@id":"https:\/\/floramurus.com\/#\/schema\/logo\/image\/"}}]}},"_links":{"self":[{"href":"https:\/\/floramurus.com\/cs\/wp-json\/wp\/v2\/product\/210","targetHints":{"allow":["GET"]}}],"collection":[{"href":"https:\/\/floramurus.com\/cs\/wp-json\/wp\/v2\/product"}],"about":[{"href":"https:\/\/floramurus.com\/cs\/wp-json\/wp\/v2\/types\/product"}],"wp:featuredmedia":[{"embeddable":true,"href":"https:\/\/floramurus.com\/cs\/wp-json\/wp\/v2\/media\/209"}],"wp:attachment":[{"href":"https:\/\/floramurus.com\/cs\/wp-json\/wp\/v2\/media?parent=210"}],"wp:term":[{"taxonomy":"product_brand","embeddable":true,"href":"https:\/\/floramurus.com\/cs\/wp-json\/wp\/v2\/product_brand?post=210"},{"taxonomy":"product_cat","embeddable":true,"href":"https:\/\/floramurus.com\/cs\/wp-json\/wp\/v2\/product_cat?post=210"},{"taxonomy":"product_tag","embeddable":true,"href":"https:\/\/floramurus.com\/cs\/wp-json\/wp\/v2\/product_tag?post=210"}],"curies":[{"name":"wp","href":"https:\/\/api.w.org\/{rel}","templated":true}]}}