{"id":220,"date":"2024-05-23T05:48:51","date_gmt":"2024-05-23T05:48:51","guid":{"rendered":"https:\/\/floramurus.com\/p\/flower-wall-bridal-celebration\/"},"modified":"2024-05-24T00:57:02","modified_gmt":"2024-05-24T00:57:02","slug":"kvetinova-stena-svatebni-oslava","status":"publish","type":"product","link":"https:\/\/floramurus.com\/cs\/p\/kvetinova-stena-svatebni-oslava\/","title":{"rendered":"<span>Kv\u011btinov\u00e1 ze\u010f <\/span><span class=\"product-title-custom\"> Den nev\u011bsty<\/span>"},"content":{"rendered":"<h2>Popis produktu<\/h2>\r\n<p>Kv\u011btinov\u00e1 st\u011bna v t\u011blov\u00e9 barv\u011b s n\u011bkolika sv\u011btle hn\u011bd\u00fdmi kv\u011bty na b\u00edl\u00e9m kv\u011btinov\u00e9m pozad\u00ed.<\/p>\r\n<p>Tato kv\u011btinov\u00e1 st\u011bna dod\u00e1 va\u0161emu domu p\u0159\u00edjemnou atmosf\u00e9ru. <strong>recepce<\/strong> a vytvo\u0159it <strong>okoln\u00ed efekt<\/strong> p\u0159edstavuj\u00edc\u00ed svatebn\u00ed t\u00e9ma.<\/p>\r\n\r\n<h2>Jak pou\u017e\u00edvat kv\u011btinovou st\u011bnu<\/h2>\r\n<p>Tuto kv\u011btinovou st\u011bnu m\u016f\u017eete pou\u017e\u00edt p\u0159i svatebn\u00edch p\u0159\u00edle\u017eitostech v p\u0159ij\u00edmac\u00edm s\u00e1le, ale lze ji pou\u017e\u00edt i jako <strong>v\u00fdzdoba interi\u00e9r\u016f<\/strong> v ob\u00fdvac\u00edm pokoji, abyste sladili sv\u016fj obytn\u00fd prostor.<\/p>\r\n<p>Lze jej pou\u017e\u00edt i jako profesion\u00e1ln\u00ed fotografick\u00fd p\u0159\u00edstroj. <strong>pozad\u00ed<\/strong> pro kr\u00e1sn\u00fd efekt, stejn\u011b jako pro dekoraci lo\u017enice, v\u00fdzdobu jevi\u0161t\u011b nebo dokonce v\u00fdkladn\u00ed sk\u0159\u00ed\u0148 obchodu.<\/p>","protected":false},"excerpt":{"rendered":"Product Description Flower wall in flesh color with a few light brown flowers on a white floral background. This flower wall will give a warm ambiance to your receptions and create an ambient effect representing a wedding theme. How to Use the Floral Wall You can use this floral wall for wedding occasions in the [&#8230;]","protected":false},"featured_media":219,"template":"","meta":[],"product_brand":[],"product_cat":[15,20],"product_tag":[],"class_list":{"0":"post-220","1":"product","2":"type-product","3":"status-publish","4":"has-post-thumbnail","6":"product_cat-all-products","7":"product_cat-white-floral-wall-backdrop","9":"first","10":"instock","11":"shipping-taxable","12":"purchasable","13":"product-type-simple"},"yoast_head":"<!-- This site is optimized with the Yoast SEO plugin v25.9 - https:\/\/yoast.com\/wordpress\/plugins\/seo\/ -->\n<title>Flower Wall Bride&#039;s Day \ud83c\udf38| Wedding &amp; Deco | Buy &amp; Rent<\/title>\n<meta name=\"description\" content=\"Discover the most beautiful flower walls at affordable prices to decorate your interior or a ceremony. Realistic flowers with vibrant colors.\" \/>\n<meta name=\"robots\" content=\"index, follow, max-snippet:-1, max-image-preview:large, max-video-preview:-1\" \/>\n<link rel=\"canonical\" href=\"https:\/\/floramurus.com\/cs\/p\/kvetinova-stena-svatebni-oslava\/\" \/>\n<meta property=\"og:locale\" content=\"cs_CZ\" \/>\n<meta property=\"og:type\" content=\"article\" \/>\n<meta property=\"og:title\" content=\"Flower Wall Bride&#039;s Day \ud83c\udf38| Wedding &amp; Deco | Buy &amp; Rent\" \/>\n<meta property=\"og:description\" content=\"Discover the most beautiful flower walls at affordable prices to decorate your interior or a ceremony. Realistic flowers with vibrant colors.\" \/>\n<meta property=\"og:url\" content=\"https:\/\/floramurus.com\/cs\/p\/kvetinova-stena-svatebni-oslava\/\" \/>\n<meta property=\"og:site_name\" content=\"Flora Murus\" \/>\n<meta property=\"article:modified_time\" content=\"2024-05-24T00:57:02+00:00\" \/>\n<meta property=\"og:image\" content=\"https:\/\/floramurus.com\/wp-content\/uploads\/2024\/05\/File_201_f157bf09-ea2b-4a1e-9c38-8109ea72fc6b.png\" \/>\n\t<meta property=\"og:image:width\" content=\"596\" \/>\n\t<meta property=\"og:image:height\" content=\"709\" \/>\n\t<meta property=\"og:image:type\" content=\"image\/png\" \/>\n<meta name=\"twitter:card\" content=\"summary_large_image\" \/>\n<meta name=\"twitter:label1\" content=\"Odhadovan\u00e1 doba \u010dten\u00ed\" \/>\n\t<meta name=\"twitter:data1\" content=\"1 minuta\" \/>\n<script type=\"application\/ld+json\" class=\"yoast-schema-graph\">{\"@context\":\"https:\/\/schema.org\",\"@graph\":[{\"@type\":\"WebPage\",\"@id\":\"https:\/\/floramurus.com\/p\/flower-wall-bridal-celebration\/\",\"url\":\"https:\/\/floramurus.com\/p\/flower-wall-bridal-celebration\/\",\"name\":\"Flower Wall Bride's Day \ud83c\udf38| Wedding & Deco | Buy & Rent\",\"isPartOf\":{\"@id\":\"https:\/\/floramurus.com\/#website\"},\"primaryImageOfPage\":{\"@id\":\"https:\/\/floramurus.com\/p\/flower-wall-bridal-celebration\/#primaryimage\"},\"image\":{\"@id\":\"https:\/\/floramurus.com\/p\/flower-wall-bridal-celebration\/#primaryimage\"},\"thumbnailUrl\":\"https:\/\/floramurus.com\/wp-content\/uploads\/2024\/05\/File_201_f157bf09-ea2b-4a1e-9c38-8109ea72fc6b.png\",\"datePublished\":\"2024-05-23T05:48:51+00:00\",\"dateModified\":\"2024-05-24T00:57:02+00:00\",\"description\":\"Discover the most beautiful flower walls at affordable prices to decorate your interior or a ceremony. Realistic flowers with vibrant colors.\",\"breadcrumb\":{\"@id\":\"https:\/\/floramurus.com\/p\/flower-wall-bridal-celebration\/#breadcrumb\"},\"inLanguage\":\"cs\",\"potentialAction\":[{\"@type\":\"ReadAction\",\"target\":[\"https:\/\/floramurus.com\/p\/flower-wall-bridal-celebration\/\"]}]},{\"@type\":\"ImageObject\",\"inLanguage\":\"cs\",\"@id\":\"https:\/\/floramurus.com\/p\/flower-wall-bridal-celebration\/#primaryimage\",\"url\":\"https:\/\/floramurus.com\/wp-content\/uploads\/2024\/05\/File_201_f157bf09-ea2b-4a1e-9c38-8109ea72fc6b.png\",\"contentUrl\":\"https:\/\/floramurus.com\/wp-content\/uploads\/2024\/05\/File_201_f157bf09-ea2b-4a1e-9c38-8109ea72fc6b.png\",\"width\":596,\"height\":709,\"caption\":\"Bridal celebration themed floral wall with elegant design\"},{\"@type\":\"BreadcrumbList\",\"@id\":\"https:\/\/floramurus.com\/p\/flower-wall-bridal-celebration\/#breadcrumb\",\"itemListElement\":[{\"@type\":\"ListItem\",\"position\":1,\"name\":\"Home\",\"item\":\"https:\/\/floramurus.com\/\"},{\"@type\":\"ListItem\",\"position\":2,\"name\":\"Shop\",\"item\":\"https:\/\/floramurus.com\/shop\/\"},{\"@type\":\"ListItem\",\"position\":3,\"name\":\"Flower Wall Bride&#8217;s Day\"}]},{\"@type\":\"WebSite\",\"@id\":\"https:\/\/floramurus.com\/#website\",\"url\":\"https:\/\/floramurus.com\/\",\"name\":\"Flora Murus\",\"description\":\"\",\"publisher\":{\"@id\":\"https:\/\/floramurus.com\/#organization\"},\"potentialAction\":[{\"@type\":\"SearchAction\",\"target\":{\"@type\":\"EntryPoint\",\"urlTemplate\":\"https:\/\/floramurus.com\/?s={search_term_string}\"},\"query-input\":{\"@type\":\"PropertyValueSpecification\",\"valueRequired\":true,\"valueName\":\"search_term_string\"}}],\"inLanguage\":\"cs\"},{\"@type\":\"Organization\",\"@id\":\"https:\/\/floramurus.com\/#organization\",\"name\":\"Flora Murus\",\"url\":\"https:\/\/floramurus.com\/\",\"logo\":{\"@type\":\"ImageObject\",\"inLanguage\":\"cs\",\"@id\":\"https:\/\/floramurus.com\/#\/schema\/logo\/image\/\",\"url\":\"https:\/\/floramurus.com\/wp-content\/uploads\/2024\/05\/flora-murus-logo.png\",\"contentUrl\":\"https:\/\/floramurus.com\/wp-content\/uploads\/2024\/05\/flora-murus-logo.png\",\"width\":926,\"height\":250,\"caption\":\"Flora Murus\"},\"image\":{\"@id\":\"https:\/\/floramurus.com\/#\/schema\/logo\/image\/\"}}]}<\/script>\n<!-- \/ Yoast SEO plugin. -->","yoast_head_json":{"title":"Kv\u011btinov\u00e1 st\u011bna Den nev\u011bsty \ud83c\udf38| Svatby a dekorace | Koupit a pronajmout","description":"Objevte nejkr\u00e1sn\u011bj\u0161\u00ed kv\u011btinov\u00e9 st\u011bny za p\u0159ijateln\u00e9 ceny, kter\u00e9 ozdob\u00ed v\u00e1\u0161 interi\u00e9r nebo ob\u0159ad. Realistick\u00e9 kv\u011btiny v z\u00e1\u0159iv\u00fdch barv\u00e1ch.","robots":{"index":"index","follow":"follow","max-snippet":"max-snippet:-1","max-image-preview":"max-image-preview:large","max-video-preview":"max-video-preview:-1"},"canonical":"https:\/\/floramurus.com\/cs\/p\/kvetinova-stena-svatebni-oslava\/","og_locale":"cs_CZ","og_type":"article","og_title":"Flower Wall Bride's Day \ud83c\udf38| Wedding & Deco | Buy & Rent","og_description":"Discover the most beautiful flower walls at affordable prices to decorate your interior or a ceremony. Realistic flowers with vibrant colors.","og_url":"https:\/\/floramurus.com\/cs\/p\/kvetinova-stena-svatebni-oslava\/","og_site_name":"Flora Murus","article_modified_time":"2024-05-24T00:57:02+00:00","og_image":[{"width":596,"height":709,"url":"https:\/\/floramurus.com\/wp-content\/uploads\/2024\/05\/File_201_f157bf09-ea2b-4a1e-9c38-8109ea72fc6b.png","type":"image\/png"}],"twitter_card":"summary_large_image","twitter_misc":{"Odhadovan\u00e1 doba \u010dten\u00ed":"1 minuta"},"schema":{"@context":"https:\/\/schema.org","@graph":[{"@type":"WebPage","@id":"https:\/\/floramurus.com\/p\/flower-wall-bridal-celebration\/","url":"https:\/\/floramurus.com\/p\/flower-wall-bridal-celebration\/","name":"Kv\u011btinov\u00e1 st\u011bna Den nev\u011bsty \ud83c\udf38| Svatby a dekorace | Koupit a pronajmout","isPartOf":{"@id":"https:\/\/floramurus.com\/#website"},"primaryImageOfPage":{"@id":"https:\/\/floramurus.com\/p\/flower-wall-bridal-celebration\/#primaryimage"},"image":{"@id":"https:\/\/floramurus.com\/p\/flower-wall-bridal-celebration\/#primaryimage"},"thumbnailUrl":"https:\/\/floramurus.com\/wp-content\/uploads\/2024\/05\/File_201_f157bf09-ea2b-4a1e-9c38-8109ea72fc6b.png","datePublished":"2024-05-23T05:48:51+00:00","dateModified":"2024-05-24T00:57:02+00:00","description":"Objevte nejkr\u00e1sn\u011bj\u0161\u00ed kv\u011btinov\u00e9 st\u011bny za p\u0159ijateln\u00e9 ceny, kter\u00e9 ozdob\u00ed v\u00e1\u0161 interi\u00e9r nebo ob\u0159ad. Realistick\u00e9 kv\u011btiny v z\u00e1\u0159iv\u00fdch barv\u00e1ch.","breadcrumb":{"@id":"https:\/\/floramurus.com\/p\/flower-wall-bridal-celebration\/#breadcrumb"},"inLanguage":"cs","potentialAction":[{"@type":"ReadAction","target":["https:\/\/floramurus.com\/p\/flower-wall-bridal-celebration\/"]}]},{"@type":"ImageObject","inLanguage":"cs","@id":"https:\/\/floramurus.com\/p\/flower-wall-bridal-celebration\/#primaryimage","url":"https:\/\/floramurus.com\/wp-content\/uploads\/2024\/05\/File_201_f157bf09-ea2b-4a1e-9c38-8109ea72fc6b.png","contentUrl":"https:\/\/floramurus.com\/wp-content\/uploads\/2024\/05\/File_201_f157bf09-ea2b-4a1e-9c38-8109ea72fc6b.png","width":596,"height":709,"caption":"Bridal celebration themed floral wall with elegant design"},{"@type":"BreadcrumbList","@id":"https:\/\/floramurus.com\/p\/flower-wall-bridal-celebration\/#breadcrumb","itemListElement":[{"@type":"ListItem","position":1,"name":"Home","item":"https:\/\/floramurus.com\/"},{"@type":"ListItem","position":2,"name":"Shop","item":"https:\/\/floramurus.com\/shop\/"},{"@type":"ListItem","position":3,"name":"Flower Wall Bride&#8217;s Day"}]},{"@type":"WebSite","@id":"https:\/\/floramurus.com\/#website","url":"https:\/\/floramurus.com\/","name":"Flora Murus","description":"","publisher":{"@id":"https:\/\/floramurus.com\/#organization"},"potentialAction":[{"@type":"SearchAction","target":{"@type":"EntryPoint","urlTemplate":"https:\/\/floramurus.com\/?s={search_term_string}"},"query-input":{"@type":"PropertyValueSpecification","valueRequired":true,"valueName":"search_term_string"}}],"inLanguage":"cs"},{"@type":"Organization","@id":"https:\/\/floramurus.com\/#organization","name":"Flora Murus","url":"https:\/\/floramurus.com\/","logo":{"@type":"ImageObject","inLanguage":"cs","@id":"https:\/\/floramurus.com\/#\/schema\/logo\/image\/","url":"https:\/\/floramurus.com\/wp-content\/uploads\/2024\/05\/flora-murus-logo.png","contentUrl":"https:\/\/floramurus.com\/wp-content\/uploads\/2024\/05\/flora-murus-logo.png","width":926,"height":250,"caption":"Flora Murus"},"image":{"@id":"https:\/\/floramurus.com\/#\/schema\/logo\/image\/"}}]}},"_links":{"self":[{"href":"https:\/\/floramurus.com\/cs\/wp-json\/wp\/v2\/product\/220","targetHints":{"allow":["GET"]}}],"collection":[{"href":"https:\/\/floramurus.com\/cs\/wp-json\/wp\/v2\/product"}],"about":[{"href":"https:\/\/floramurus.com\/cs\/wp-json\/wp\/v2\/types\/product"}],"wp:featuredmedia":[{"embeddable":true,"href":"https:\/\/floramurus.com\/cs\/wp-json\/wp\/v2\/media\/219"}],"wp:attachment":[{"href":"https:\/\/floramurus.com\/cs\/wp-json\/wp\/v2\/media?parent=220"}],"wp:term":[{"taxonomy":"product_brand","embeddable":true,"href":"https:\/\/floramurus.com\/cs\/wp-json\/wp\/v2\/product_brand?post=220"},{"taxonomy":"product_cat","embeddable":true,"href":"https:\/\/floramurus.com\/cs\/wp-json\/wp\/v2\/product_cat?post=220"},{"taxonomy":"product_tag","embeddable":true,"href":"https:\/\/floramurus.com\/cs\/wp-json\/wp\/v2\/product_tag?post=220"}],"curies":[{"name":"wp","href":"https:\/\/api.w.org\/{rel}","templated":true}]}}