{"id":33,"date":"2024-04-10T02:29:16","date_gmt":"2024-04-10T02:29:16","guid":{"rendered":"https:\/\/flowerwall.kinsta.cloud\/?page_id=33"},"modified":"2024-06-15T12:32:59","modified_gmt":"2024-06-15T12:32:59","slug":"om-os","status":"publish","type":"page","link":"https:\/\/floramurus.com\/da\/om-os\/","title":{"rendered":"Om os"},"content":{"rendered":"<h2>Om Flora Murus<\/h2>\r\n<p>Velkommen til Flora Murus, hvor hver blomsterv\u00e6g er et l\u00e6rred af sk\u00f8nhed, der venter p\u00e5 at forvandle dine s\u00e6rlige \u00f8jeblikke. Vores v\u00e6rksted ligger i hjertet af Danmark og bringer den uds\u00f8gte charme ved h\u00e5ndlavede blomsterv\u00e6gge til live, hvor tradition og moderne elegance smelter s\u00f8ml\u00f8st sammen. \ud83c\udf38\ud83c\udde6\ud83c\uddfa<\/p>\r\n\r\n<h2>M\u00f8d grundl\u00e6ggeren<\/h2>\r\n<p><strong>Amanda - En vision\u00e6r blomsterhandler<\/strong><\/p>\r\n<p>Emmas rejse ind i blomsterbranchens verden begyndte i 2017 med \u00e5bningen af hendes f\u00f8rste butik. Det, der startede som et lille rum, blomstrede op til et centrum for kreativitet og passion. \ud83c\udf3f\ud83d\udc90 Emma tror p\u00e5 blomsternes evne til at udtrykke f\u00f8lelser, fejre \u00f8jeblikke og bringe et strejf af naturens sk\u00f8nhed ind i vores liv. Hendes dedikation til sit h\u00e5ndv\u00e6rk og hendes k\u00e6rlighed til at dele det med andre g\u00f8r Flora Murus til mere end bare et brand.<\/p>\r\n\r\n<h2>Flora Murus' rejse<\/h2>\r\n<p>Fra vores ydmyge begyndelse i Danmark til at blive et v\u00e6rdsat navn inden for h\u00e5ndlavede blomsterv\u00e6gge er Flora Murus' rejse pr\u00e6get af v\u00e6kst, inspiration og sk\u00f8nhed. Hver eneste v\u00e6g, vi skaber, er et vidnesbyrd om vores engagement i kvalitet, kunstf\u00e6rdighed og gl\u00e6den ved blomster. Vores kreationer er inspireret af Danmarks naturlige sk\u00f8nhed, dets levende landskaber og historierne om de mennesker, vi m\u00f8der. \ud83c\udf0f\ud83c\udfa8<\/p>\r\n\r\n<h2>Vores vision<\/h2>\r\n<p>Hos Flora Murus str\u00e6kker vores vision sig l\u00e6ngere end til at skabe fantastiske blomsterv\u00e6gge. Vores m\u00e5l er at <strong>inspirere, forbinde og fejre<\/strong> de vigtige \u00f8jeblikke i livet. Vores kreationer er ikke kun designet til at pynte, men til at fremkalde minder, f\u00f8lelser og en f\u00f8lelse af at h\u00f8re til. Vi tror p\u00e5 <em>b\u00e6redygtig sk\u00f8nhed<\/em>, den <em>h\u00e5ndv\u00e6rkets kunst<\/em>og <em>f\u00e6llesskabets betydning<\/em>. Tag med os p\u00e5 denne rejse, og lad os g\u00f8re verden til et smukkere sted, en blomsterv\u00e6g ad gangen. \ud83c\udf3c\ud83c\udf39<\/p>\r\n\r\n<p>Tak, fordi du valgte Flora Murus. Lad os sammen forts\u00e6tte med at fejre livets milep\u00e6le med elegance, sk\u00f8nhed og et strejf af naturens magi.<\/p>","protected":false},"excerpt":{"rendered":"About Flora Murus Welcome to Flora Murus, where every flower wall is a canvas of beauty waiting to transform your special moments. Nestled in the heart of , our workshop brings to life the exquisite charm of handcrafted floral walls, seamlessly blending tradition with contemporary elegance. \ud83c\udf38\ud83c\udde6\ud83c\uddfa Meet The Founder Amanda \u2013 A Visionary Florist [&#8230;]","protected":false},"author":1,"featured_media":0,"parent":0,"menu_order":0,"comment_status":"closed","ping_status":"closed","template":"page-blank-title-center.php","meta":{"footnotes":""},"class_list":["post-33","page","type-page","status-publish","hentry"],"yoast_head":"<!-- This site is optimized with the Yoast SEO plugin v25.9 - https:\/\/yoast.com\/wordpress\/plugins\/seo\/ -->\n<title>About us | Flora Murus<\/title>\n<meta name=\"robots\" content=\"index, follow, max-snippet:-1, max-image-preview:large, max-video-preview:-1\" \/>\n<link rel=\"canonical\" href=\"https:\/\/floramurus.com\/da\/om-os\/\" \/>\n<meta property=\"og:locale\" content=\"da_DK\" \/>\n<meta property=\"og:type\" content=\"article\" \/>\n<meta property=\"og:title\" content=\"About us | Flora Murus\" \/>\n<meta property=\"og:description\" content=\"About Flora Murus Welcome to Flora Murus, where every flower wall is a canvas of beauty waiting to transform your special moments. Nestled in the heart of , our workshop brings to life the exquisite charm of handcrafted floral walls, seamlessly blending tradition with contemporary elegance. \ud83c\udf38\ud83c\udde6\ud83c\uddfa Meet The Founder Amanda \u2013 A Visionary Florist [...]\" \/>\n<meta property=\"og:url\" content=\"https:\/\/floramurus.com\/da\/om-os\/\" \/>\n<meta property=\"og:site_name\" content=\"Flora Murus\" \/>\n<meta property=\"article:modified_time\" content=\"2024-06-15T12:32:59+00:00\" \/>\n<meta name=\"twitter:card\" content=\"summary_large_image\" \/>\n<meta name=\"twitter:label1\" content=\"Estimeret l\u00e6setid\" \/>\n\t<meta name=\"twitter:data1\" content=\"2 minutter\" \/>\n<script type=\"application\/ld+json\" class=\"yoast-schema-graph\">{\"@context\":\"https:\/\/schema.org\",\"@graph\":[{\"@type\":\"WebPage\",\"@id\":\"https:\/\/floramurus.com\/about-us\/\",\"url\":\"https:\/\/floramurus.com\/about-us\/\",\"name\":\"About us | Flora Murus\",\"isPartOf\":{\"@id\":\"https:\/\/floramurus.com\/#website\"},\"datePublished\":\"2024-04-10T02:29:16+00:00\",\"dateModified\":\"2024-06-15T12:32:59+00:00\",\"breadcrumb\":{\"@id\":\"https:\/\/floramurus.com\/about-us\/#breadcrumb\"},\"inLanguage\":\"da-DK\",\"potentialAction\":[{\"@type\":\"ReadAction\",\"target\":[\"https:\/\/floramurus.com\/about-us\/\"]}]},{\"@type\":\"BreadcrumbList\",\"@id\":\"https:\/\/floramurus.com\/about-us\/#breadcrumb\",\"itemListElement\":[{\"@type\":\"ListItem\",\"position\":1,\"name\":\"Home\",\"item\":\"https:\/\/floramurus.com\/\"},{\"@type\":\"ListItem\",\"position\":2,\"name\":\"About us\"}]},{\"@type\":\"WebSite\",\"@id\":\"https:\/\/floramurus.com\/#website\",\"url\":\"https:\/\/floramurus.com\/\",\"name\":\"Flora Murus\",\"description\":\"\",\"publisher\":{\"@id\":\"https:\/\/floramurus.com\/#organization\"},\"potentialAction\":[{\"@type\":\"SearchAction\",\"target\":{\"@type\":\"EntryPoint\",\"urlTemplate\":\"https:\/\/floramurus.com\/?s={search_term_string}\"},\"query-input\":{\"@type\":\"PropertyValueSpecification\",\"valueRequired\":true,\"valueName\":\"search_term_string\"}}],\"inLanguage\":\"da-DK\"},{\"@type\":\"Organization\",\"@id\":\"https:\/\/floramurus.com\/#organization\",\"name\":\"Flora Murus\",\"url\":\"https:\/\/floramurus.com\/\",\"logo\":{\"@type\":\"ImageObject\",\"inLanguage\":\"da-DK\",\"@id\":\"https:\/\/floramurus.com\/#\/schema\/logo\/image\/\",\"url\":\"https:\/\/floramurus.com\/wp-content\/uploads\/2024\/05\/flora-murus-logo.png\",\"contentUrl\":\"https:\/\/floramurus.com\/wp-content\/uploads\/2024\/05\/flora-murus-logo.png\",\"width\":926,\"height\":250,\"caption\":\"Flora Murus\"},\"image\":{\"@id\":\"https:\/\/floramurus.com\/#\/schema\/logo\/image\/\"}}]}<\/script>\n<!-- \/ Yoast SEO plugin. -->","yoast_head_json":{"title":"Om os | Flora Murus","robots":{"index":"index","follow":"follow","max-snippet":"max-snippet:-1","max-image-preview":"max-image-preview:large","max-video-preview":"max-video-preview:-1"},"canonical":"https:\/\/floramurus.com\/da\/om-os\/","og_locale":"da_DK","og_type":"article","og_title":"About us | Flora Murus","og_description":"About Flora Murus Welcome to Flora Murus, where every flower wall is a canvas of beauty waiting to transform your special moments. Nestled in the heart of , our workshop brings to life the exquisite charm of handcrafted floral walls, seamlessly blending tradition with contemporary elegance. \ud83c\udf38\ud83c\udde6\ud83c\uddfa Meet The Founder Amanda \u2013 A Visionary Florist [...]","og_url":"https:\/\/floramurus.com\/da\/om-os\/","og_site_name":"Flora Murus","article_modified_time":"2024-06-15T12:32:59+00:00","twitter_card":"summary_large_image","twitter_misc":{"Estimeret l\u00e6setid":"2 minutter"},"schema":{"@context":"https:\/\/schema.org","@graph":[{"@type":"WebPage","@id":"https:\/\/floramurus.com\/about-us\/","url":"https:\/\/floramurus.com\/about-us\/","name":"Om os | Flora Murus","isPartOf":{"@id":"https:\/\/floramurus.com\/#website"},"datePublished":"2024-04-10T02:29:16+00:00","dateModified":"2024-06-15T12:32:59+00:00","breadcrumb":{"@id":"https:\/\/floramurus.com\/about-us\/#breadcrumb"},"inLanguage":"da-DK","potentialAction":[{"@type":"ReadAction","target":["https:\/\/floramurus.com\/about-us\/"]}]},{"@type":"BreadcrumbList","@id":"https:\/\/floramurus.com\/about-us\/#breadcrumb","itemListElement":[{"@type":"ListItem","position":1,"name":"Home","item":"https:\/\/floramurus.com\/"},{"@type":"ListItem","position":2,"name":"About us"}]},{"@type":"WebSite","@id":"https:\/\/floramurus.com\/#website","url":"https:\/\/floramurus.com\/","name":"Flora Murus","description":"","publisher":{"@id":"https:\/\/floramurus.com\/#organization"},"potentialAction":[{"@type":"SearchAction","target":{"@type":"EntryPoint","urlTemplate":"https:\/\/floramurus.com\/?s={search_term_string}"},"query-input":{"@type":"PropertyValueSpecification","valueRequired":true,"valueName":"search_term_string"}}],"inLanguage":"da-DK"},{"@type":"Organization","@id":"https:\/\/floramurus.com\/#organization","name":"Flora Murus","url":"https:\/\/floramurus.com\/","logo":{"@type":"ImageObject","inLanguage":"da-DK","@id":"https:\/\/floramurus.com\/#\/schema\/logo\/image\/","url":"https:\/\/floramurus.com\/wp-content\/uploads\/2024\/05\/flora-murus-logo.png","contentUrl":"https:\/\/floramurus.com\/wp-content\/uploads\/2024\/05\/flora-murus-logo.png","width":926,"height":250,"caption":"Flora Murus"},"image":{"@id":"https:\/\/floramurus.com\/#\/schema\/logo\/image\/"}}]}},"_links":{"self":[{"href":"https:\/\/floramurus.com\/da\/wp-json\/wp\/v2\/pages\/33","targetHints":{"allow":["GET"]}}],"collection":[{"href":"https:\/\/floramurus.com\/da\/wp-json\/wp\/v2\/pages"}],"about":[{"href":"https:\/\/floramurus.com\/da\/wp-json\/wp\/v2\/types\/page"}],"author":[{"embeddable":true,"href":"https:\/\/floramurus.com\/da\/wp-json\/wp\/v2\/users\/1"}],"replies":[{"embeddable":true,"href":"https:\/\/floramurus.com\/da\/wp-json\/wp\/v2\/comments?post=33"}],"version-history":[{"count":3,"href":"https:\/\/floramurus.com\/da\/wp-json\/wp\/v2\/pages\/33\/revisions"}],"predecessor-version":[{"id":391,"href":"https:\/\/floramurus.com\/da\/wp-json\/wp\/v2\/pages\/33\/revisions\/391"}],"wp:attachment":[{"href":"https:\/\/floramurus.com\/da\/wp-json\/wp\/v2\/media?parent=33"}],"curies":[{"name":"wp","href":"https:\/\/api.w.org\/{rel}","templated":true}]}}