{"id":155,"date":"2024-05-23T05:47:31","date_gmt":"2024-05-23T05:47:31","guid":{"rendered":"https:\/\/floramurus.com\/p\/floral-wall-gentle-blue\/"},"modified":"2024-05-24T00:59:33","modified_gmt":"2024-05-24T00:59:33","slug":"blomstret-vaeg-blid-bla","status":"publish","type":"product","link":"https:\/\/floramurus.com\/da\/p\/blomstret-vaeg-blid-bla\/","title":{"rendered":"<span>Blomsterv\u00e6g <\/span><span class=\"product-title-custom\"> Bl\u00f8d bl\u00e5<\/span>"},"content":{"rendered":"<p>Med sine muntre farver vil denne blomsterv\u00e6g bringe friskhed til din indretning. Spredt p\u00e5 lyse kronblade skaber de gule roser og lyser\u00f8de og bl\u00e5 hortensiablomster en dejlig harmoni.<\/p>\r\n<p>Denne v\u00e6g er munter og levende og er perfekt til at dekorere en original stue eller et charmerende sovev\u00e6relse. Den kan ogs\u00e5 pryde en reception til et farverigt bryllup eller et babyshower.<\/p>","protected":false},"excerpt":{"rendered":"With its cheerful colors, this flower wall will bring freshness to your decor. Scattered on pale petals, its yellow roses and pink and blue hydrangea flowers create a delightful harmony. Cheerful and vibrant, this wall is perfect for decorating an original living room or a charming bedroom. It can also adorn a reception hall for [&#8230;]","protected":false},"featured_media":154,"template":"","meta":[],"product_brand":[],"product_cat":[15,22,26,20],"product_tag":[],"class_list":{"0":"post-155","1":"product","2":"type-product","3":"status-publish","4":"has-post-thumbnail","6":"product_cat-all-products","7":"product_cat-blue-floral-wall-backdrop","8":"product_cat-orange-floral-wall-backdrop","9":"product_cat-white-floral-wall-backdrop","11":"first","12":"instock","13":"shipping-taxable","14":"purchasable","15":"product-type-simple"},"yoast_head":"<!-- This site is optimized with the Yoast SEO plugin v25.9 - https:\/\/yoast.com\/wordpress\/plugins\/seo\/ -->\n<title>Flower Wall Soft Blue \ud83c\udf38| Wedding &amp; Deco | Buy &amp; Rent<\/title>\n<meta name=\"description\" content=\"Discover the most beautiful flower walls at affordable prices to decorate your interior or a ceremony. Realistic flowers with vibrant colors.\" \/>\n<meta name=\"robots\" content=\"index, follow, max-snippet:-1, max-image-preview:large, max-video-preview:-1\" \/>\n<link rel=\"canonical\" href=\"https:\/\/floramurus.com\/da\/p\/blomstret-vaeg-blid-bla\/\" \/>\n<meta property=\"og:locale\" content=\"da_DK\" \/>\n<meta property=\"og:type\" content=\"article\" \/>\n<meta property=\"og:title\" content=\"Flower Wall Soft Blue \ud83c\udf38| Wedding &amp; Deco | Buy &amp; Rent\" \/>\n<meta property=\"og:description\" content=\"Discover the most beautiful flower walls at affordable prices to decorate your interior or a ceremony. Realistic flowers with vibrant colors.\" \/>\n<meta property=\"og:url\" content=\"https:\/\/floramurus.com\/da\/p\/blomstret-vaeg-blid-bla\/\" \/>\n<meta property=\"og:site_name\" content=\"Flora Murus\" \/>\n<meta property=\"article:modified_time\" content=\"2024-05-24T00:59:33+00:00\" \/>\n<meta property=\"og:image\" content=\"https:\/\/floramurus.com\/wp-content\/uploads\/2024\/05\/File_201_5bdd193e-094c-4589-ba7f-0f6da7a9237d.png\" \/>\n\t<meta property=\"og:image:width\" content=\"601\" \/>\n\t<meta property=\"og:image:height\" content=\"706\" \/>\n\t<meta property=\"og:image:type\" content=\"image\/png\" \/>\n<meta name=\"twitter:card\" content=\"summary_large_image\" \/>\n<meta name=\"twitter:label1\" content=\"Estimeret l\u00e6setid\" \/>\n\t<meta name=\"twitter:data1\" content=\"1 minut\" \/>\n<script type=\"application\/ld+json\" class=\"yoast-schema-graph\">{\"@context\":\"https:\/\/schema.org\",\"@graph\":[{\"@type\":\"WebPage\",\"@id\":\"https:\/\/floramurus.com\/p\/floral-wall-gentle-blue\/\",\"url\":\"https:\/\/floramurus.com\/p\/floral-wall-gentle-blue\/\",\"name\":\"Flower Wall Soft Blue \ud83c\udf38| Wedding & Deco | Buy & Rent\",\"isPartOf\":{\"@id\":\"https:\/\/floramurus.com\/#website\"},\"primaryImageOfPage\":{\"@id\":\"https:\/\/floramurus.com\/p\/floral-wall-gentle-blue\/#primaryimage\"},\"image\":{\"@id\":\"https:\/\/floramurus.com\/p\/floral-wall-gentle-blue\/#primaryimage\"},\"thumbnailUrl\":\"https:\/\/floramurus.com\/wp-content\/uploads\/2024\/05\/File_201_5bdd193e-094c-4589-ba7f-0f6da7a9237d.png\",\"datePublished\":\"2024-05-23T05:47:31+00:00\",\"dateModified\":\"2024-05-24T00:59:33+00:00\",\"description\":\"Discover the most beautiful flower walls at affordable prices to decorate your interior or a ceremony. Realistic flowers with vibrant colors.\",\"breadcrumb\":{\"@id\":\"https:\/\/floramurus.com\/p\/floral-wall-gentle-blue\/#breadcrumb\"},\"inLanguage\":\"da-DK\",\"potentialAction\":[{\"@type\":\"ReadAction\",\"target\":[\"https:\/\/floramurus.com\/p\/floral-wall-gentle-blue\/\"]}]},{\"@type\":\"ImageObject\",\"inLanguage\":\"da-DK\",\"@id\":\"https:\/\/floramurus.com\/p\/floral-wall-gentle-blue\/#primaryimage\",\"url\":\"https:\/\/floramurus.com\/wp-content\/uploads\/2024\/05\/File_201_5bdd193e-094c-4589-ba7f-0f6da7a9237d.png\",\"contentUrl\":\"https:\/\/floramurus.com\/wp-content\/uploads\/2024\/05\/File_201_5bdd193e-094c-4589-ba7f-0f6da7a9237d.png\",\"width\":601,\"height\":706,\"caption\":\"Gentle blue floral wall for calming atmospheres\"},{\"@type\":\"BreadcrumbList\",\"@id\":\"https:\/\/floramurus.com\/p\/floral-wall-gentle-blue\/#breadcrumb\",\"itemListElement\":[{\"@type\":\"ListItem\",\"position\":1,\"name\":\"Home\",\"item\":\"https:\/\/floramurus.com\/\"},{\"@type\":\"ListItem\",\"position\":2,\"name\":\"Shop\",\"item\":\"https:\/\/floramurus.com\/shop\/\"},{\"@type\":\"ListItem\",\"position\":3,\"name\":\"Flower Wall Soft Blue\"}]},{\"@type\":\"WebSite\",\"@id\":\"https:\/\/floramurus.com\/#website\",\"url\":\"https:\/\/floramurus.com\/\",\"name\":\"Flora Murus\",\"description\":\"\",\"publisher\":{\"@id\":\"https:\/\/floramurus.com\/#organization\"},\"potentialAction\":[{\"@type\":\"SearchAction\",\"target\":{\"@type\":\"EntryPoint\",\"urlTemplate\":\"https:\/\/floramurus.com\/?s={search_term_string}\"},\"query-input\":{\"@type\":\"PropertyValueSpecification\",\"valueRequired\":true,\"valueName\":\"search_term_string\"}}],\"inLanguage\":\"da-DK\"},{\"@type\":\"Organization\",\"@id\":\"https:\/\/floramurus.com\/#organization\",\"name\":\"Flora Murus\",\"url\":\"https:\/\/floramurus.com\/\",\"logo\":{\"@type\":\"ImageObject\",\"inLanguage\":\"da-DK\",\"@id\":\"https:\/\/floramurus.com\/#\/schema\/logo\/image\/\",\"url\":\"https:\/\/floramurus.com\/wp-content\/uploads\/2024\/05\/flora-murus-logo.png\",\"contentUrl\":\"https:\/\/floramurus.com\/wp-content\/uploads\/2024\/05\/flora-murus-logo.png\",\"width\":926,\"height\":250,\"caption\":\"Flora Murus\"},\"image\":{\"@id\":\"https:\/\/floramurus.com\/#\/schema\/logo\/image\/\"}}]}<\/script>\n<!-- \/ Yoast SEO plugin. -->","yoast_head_json":{"title":"Flower Wall Soft Blue \ud83c\udf38| Bryllup &amp; Deco | K\u00f8b &amp; Lej","description":"Oplev de smukkeste blomsterv\u00e6gge til overkommelige priser til at dekorere dit interi\u00f8r eller en ceremoni. Realistiske blomster med levende farver.","robots":{"index":"index","follow":"follow","max-snippet":"max-snippet:-1","max-image-preview":"max-image-preview:large","max-video-preview":"max-video-preview:-1"},"canonical":"https:\/\/floramurus.com\/da\/p\/blomstret-vaeg-blid-bla\/","og_locale":"da_DK","og_type":"article","og_title":"Flower Wall Soft Blue \ud83c\udf38| Wedding & Deco | Buy & Rent","og_description":"Discover the most beautiful flower walls at affordable prices to decorate your interior or a ceremony. Realistic flowers with vibrant colors.","og_url":"https:\/\/floramurus.com\/da\/p\/blomstret-vaeg-blid-bla\/","og_site_name":"Flora Murus","article_modified_time":"2024-05-24T00:59:33+00:00","og_image":[{"width":601,"height":706,"url":"https:\/\/floramurus.com\/wp-content\/uploads\/2024\/05\/File_201_5bdd193e-094c-4589-ba7f-0f6da7a9237d.png","type":"image\/png"}],"twitter_card":"summary_large_image","twitter_misc":{"Estimeret l\u00e6setid":"1 minut"},"schema":{"@context":"https:\/\/schema.org","@graph":[{"@type":"WebPage","@id":"https:\/\/floramurus.com\/p\/floral-wall-gentle-blue\/","url":"https:\/\/floramurus.com\/p\/floral-wall-gentle-blue\/","name":"Flower Wall Soft Blue \ud83c\udf38| Bryllup &amp; Deco | K\u00f8b &amp; Lej","isPartOf":{"@id":"https:\/\/floramurus.com\/#website"},"primaryImageOfPage":{"@id":"https:\/\/floramurus.com\/p\/floral-wall-gentle-blue\/#primaryimage"},"image":{"@id":"https:\/\/floramurus.com\/p\/floral-wall-gentle-blue\/#primaryimage"},"thumbnailUrl":"https:\/\/floramurus.com\/wp-content\/uploads\/2024\/05\/File_201_5bdd193e-094c-4589-ba7f-0f6da7a9237d.png","datePublished":"2024-05-23T05:47:31+00:00","dateModified":"2024-05-24T00:59:33+00:00","description":"Oplev de smukkeste blomsterv\u00e6gge til overkommelige priser til at dekorere dit interi\u00f8r eller en ceremoni. Realistiske blomster med levende farver.","breadcrumb":{"@id":"https:\/\/floramurus.com\/p\/floral-wall-gentle-blue\/#breadcrumb"},"inLanguage":"da-DK","potentialAction":[{"@type":"ReadAction","target":["https:\/\/floramurus.com\/p\/floral-wall-gentle-blue\/"]}]},{"@type":"ImageObject","inLanguage":"da-DK","@id":"https:\/\/floramurus.com\/p\/floral-wall-gentle-blue\/#primaryimage","url":"https:\/\/floramurus.com\/wp-content\/uploads\/2024\/05\/File_201_5bdd193e-094c-4589-ba7f-0f6da7a9237d.png","contentUrl":"https:\/\/floramurus.com\/wp-content\/uploads\/2024\/05\/File_201_5bdd193e-094c-4589-ba7f-0f6da7a9237d.png","width":601,"height":706,"caption":"Gentle blue floral wall for calming atmospheres"},{"@type":"BreadcrumbList","@id":"https:\/\/floramurus.com\/p\/floral-wall-gentle-blue\/#breadcrumb","itemListElement":[{"@type":"ListItem","position":1,"name":"Home","item":"https:\/\/floramurus.com\/"},{"@type":"ListItem","position":2,"name":"Shop","item":"https:\/\/floramurus.com\/shop\/"},{"@type":"ListItem","position":3,"name":"Flower Wall Soft Blue"}]},{"@type":"WebSite","@id":"https:\/\/floramurus.com\/#website","url":"https:\/\/floramurus.com\/","name":"Flora Murus","description":"","publisher":{"@id":"https:\/\/floramurus.com\/#organization"},"potentialAction":[{"@type":"SearchAction","target":{"@type":"EntryPoint","urlTemplate":"https:\/\/floramurus.com\/?s={search_term_string}"},"query-input":{"@type":"PropertyValueSpecification","valueRequired":true,"valueName":"search_term_string"}}],"inLanguage":"da-DK"},{"@type":"Organization","@id":"https:\/\/floramurus.com\/#organization","name":"Flora Murus","url":"https:\/\/floramurus.com\/","logo":{"@type":"ImageObject","inLanguage":"da-DK","@id":"https:\/\/floramurus.com\/#\/schema\/logo\/image\/","url":"https:\/\/floramurus.com\/wp-content\/uploads\/2024\/05\/flora-murus-logo.png","contentUrl":"https:\/\/floramurus.com\/wp-content\/uploads\/2024\/05\/flora-murus-logo.png","width":926,"height":250,"caption":"Flora Murus"},"image":{"@id":"https:\/\/floramurus.com\/#\/schema\/logo\/image\/"}}]}},"_links":{"self":[{"href":"https:\/\/floramurus.com\/da\/wp-json\/wp\/v2\/product\/155","targetHints":{"allow":["GET"]}}],"collection":[{"href":"https:\/\/floramurus.com\/da\/wp-json\/wp\/v2\/product"}],"about":[{"href":"https:\/\/floramurus.com\/da\/wp-json\/wp\/v2\/types\/product"}],"wp:featuredmedia":[{"embeddable":true,"href":"https:\/\/floramurus.com\/da\/wp-json\/wp\/v2\/media\/154"}],"wp:attachment":[{"href":"https:\/\/floramurus.com\/da\/wp-json\/wp\/v2\/media?parent=155"}],"wp:term":[{"taxonomy":"product_brand","embeddable":true,"href":"https:\/\/floramurus.com\/da\/wp-json\/wp\/v2\/product_brand?post=155"},{"taxonomy":"product_cat","embeddable":true,"href":"https:\/\/floramurus.com\/da\/wp-json\/wp\/v2\/product_cat?post=155"},{"taxonomy":"product_tag","embeddable":true,"href":"https:\/\/floramurus.com\/da\/wp-json\/wp\/v2\/product_tag?post=155"}],"curies":[{"name":"wp","href":"https:\/\/api.w.org\/{rel}","templated":true}]}}