{"id":235,"date":"2024-05-23T05:49:10","date_gmt":"2024-05-23T05:49:10","guid":{"rendered":"https:\/\/floramurus.com\/p\/flower-wall-dusty-pink\/"},"modified":"2024-05-24T00:56:36","modified_gmt":"2024-05-24T00:56:36","slug":"blomstervaeg-stovet-rosa","status":"publish","type":"product","link":"https:\/\/floramurus.com\/da\/p\/blomstervaeg-stovet-rosa\/","title":{"rendered":"<span>Blomsterv\u00e6g <\/span><span class=\"product-title-custom\"> Bl\u00f8d rosa<\/span>"},"content":{"rendered":"<p>Designet, <strong>elegance<\/strong>og poesi, der udstr\u00e5les af denne <strong>blomsterv\u00e6g<\/strong> med <strong>romantiske nuancer<\/strong> vil forbedre din indretning.<\/p>\r\n<p>Denne <strong>Pudderrosa blomsterv\u00e6g<\/strong>som er synonym med bl\u00f8dhed og t\u00e5lmodighed, vil finde sin perfekte plads som en dekorativ genstand til en <strong>baby shower<\/strong> eller i en <strong>Sk\u00f8nhedsinstitut<\/strong>en kosmetikbutik eller en b\u00f8rne- eller damet\u00f8jsbutik.<\/p>","protected":false},"excerpt":{"rendered":"The design, elegance, and poetry exuded by this flower wall with romantic shades will enhance your decor. This powder pink flower wall, synonymous with softness and patience, will find its perfect place as a decorative item for a baby shower or in a beauty institute, a cosmetic store, or a children&#8217;s or women&#8217;s clothing store.","protected":false},"featured_media":234,"template":"","meta":[],"product_brand":[],"product_cat":[15,19],"product_tag":[],"class_list":{"0":"post-235","1":"product","2":"type-product","3":"status-publish","4":"has-post-thumbnail","6":"product_cat-all-products","7":"product_cat-pink-floral-wall-backdrop","9":"first","10":"instock","11":"shipping-taxable","12":"purchasable","13":"product-type-simple"},"yoast_head":"<!-- This site is optimized with the Yoast SEO plugin v25.9 - https:\/\/yoast.com\/wordpress\/plugins\/seo\/ -->\n<title>Flower Wall Soft Pink \ud83c\udf38| Wedding &amp; Deco | Buy &amp; Rent<\/title>\n<meta name=\"description\" content=\"Discover the most beautiful flower walls at affordable prices to decorate your interior or a ceremony. Realistic flowers with vibrant colors.\" \/>\n<meta name=\"robots\" content=\"index, follow, max-snippet:-1, max-image-preview:large, max-video-preview:-1\" \/>\n<link rel=\"canonical\" href=\"https:\/\/floramurus.com\/da\/p\/blomstervaeg-stovet-rosa\/\" \/>\n<meta property=\"og:locale\" content=\"da_DK\" \/>\n<meta property=\"og:type\" content=\"article\" \/>\n<meta property=\"og:title\" content=\"Flower Wall Soft Pink \ud83c\udf38| Wedding &amp; Deco | Buy &amp; Rent\" \/>\n<meta property=\"og:description\" content=\"Discover the most beautiful flower walls at affordable prices to decorate your interior or a ceremony. Realistic flowers with vibrant colors.\" \/>\n<meta property=\"og:url\" content=\"https:\/\/floramurus.com\/da\/p\/blomstervaeg-stovet-rosa\/\" \/>\n<meta property=\"og:site_name\" content=\"Flora Murus\" \/>\n<meta property=\"article:modified_time\" content=\"2024-05-24T00:56:36+00:00\" \/>\n<meta property=\"og:image\" content=\"https:\/\/floramurus.com\/wp-content\/uploads\/2024\/05\/File_201_8945b1cd-3d6f-4df5-bbce-71c0ddd481ee.png\" \/>\n\t<meta property=\"og:image:width\" content=\"597\" \/>\n\t<meta property=\"og:image:height\" content=\"709\" \/>\n\t<meta property=\"og:image:type\" content=\"image\/png\" \/>\n<meta name=\"twitter:card\" content=\"summary_large_image\" \/>\n<meta name=\"twitter:label1\" content=\"Estimeret l\u00e6setid\" \/>\n\t<meta name=\"twitter:data1\" content=\"1 minut\" \/>\n<script type=\"application\/ld+json\" class=\"yoast-schema-graph\">{\"@context\":\"https:\/\/schema.org\",\"@graph\":[{\"@type\":\"WebPage\",\"@id\":\"https:\/\/floramurus.com\/p\/flower-wall-dusty-pink\/\",\"url\":\"https:\/\/floramurus.com\/p\/flower-wall-dusty-pink\/\",\"name\":\"Flower Wall Soft Pink \ud83c\udf38| Wedding & Deco | Buy & Rent\",\"isPartOf\":{\"@id\":\"https:\/\/floramurus.com\/#website\"},\"primaryImageOfPage\":{\"@id\":\"https:\/\/floramurus.com\/p\/flower-wall-dusty-pink\/#primaryimage\"},\"image\":{\"@id\":\"https:\/\/floramurus.com\/p\/flower-wall-dusty-pink\/#primaryimage\"},\"thumbnailUrl\":\"https:\/\/floramurus.com\/wp-content\/uploads\/2024\/05\/File_201_8945b1cd-3d6f-4df5-bbce-71c0ddd481ee.png\",\"datePublished\":\"2024-05-23T05:49:10+00:00\",\"dateModified\":\"2024-05-24T00:56:36+00:00\",\"description\":\"Discover the most beautiful flower walls at affordable prices to decorate your interior or a ceremony. Realistic flowers with vibrant colors.\",\"breadcrumb\":{\"@id\":\"https:\/\/floramurus.com\/p\/flower-wall-dusty-pink\/#breadcrumb\"},\"inLanguage\":\"da-DK\",\"potentialAction\":[{\"@type\":\"ReadAction\",\"target\":[\"https:\/\/floramurus.com\/p\/flower-wall-dusty-pink\/\"]}]},{\"@type\":\"ImageObject\",\"inLanguage\":\"da-DK\",\"@id\":\"https:\/\/floramurus.com\/p\/flower-wall-dusty-pink\/#primaryimage\",\"url\":\"https:\/\/floramurus.com\/wp-content\/uploads\/2024\/05\/File_201_8945b1cd-3d6f-4df5-bbce-71c0ddd481ee.png\",\"contentUrl\":\"https:\/\/floramurus.com\/wp-content\/uploads\/2024\/05\/File_201_8945b1cd-3d6f-4df5-bbce-71c0ddd481ee.png\",\"width\":597,\"height\":709,\"caption\":\"Soft pink flower wall for gentle, romantic settings\"},{\"@type\":\"BreadcrumbList\",\"@id\":\"https:\/\/floramurus.com\/p\/flower-wall-dusty-pink\/#breadcrumb\",\"itemListElement\":[{\"@type\":\"ListItem\",\"position\":1,\"name\":\"Home\",\"item\":\"https:\/\/floramurus.com\/\"},{\"@type\":\"ListItem\",\"position\":2,\"name\":\"Shop\",\"item\":\"https:\/\/floramurus.com\/shop\/\"},{\"@type\":\"ListItem\",\"position\":3,\"name\":\"Flower Wall Soft Pink\"}]},{\"@type\":\"WebSite\",\"@id\":\"https:\/\/floramurus.com\/#website\",\"url\":\"https:\/\/floramurus.com\/\",\"name\":\"Flora Murus\",\"description\":\"\",\"publisher\":{\"@id\":\"https:\/\/floramurus.com\/#organization\"},\"potentialAction\":[{\"@type\":\"SearchAction\",\"target\":{\"@type\":\"EntryPoint\",\"urlTemplate\":\"https:\/\/floramurus.com\/?s={search_term_string}\"},\"query-input\":{\"@type\":\"PropertyValueSpecification\",\"valueRequired\":true,\"valueName\":\"search_term_string\"}}],\"inLanguage\":\"da-DK\"},{\"@type\":\"Organization\",\"@id\":\"https:\/\/floramurus.com\/#organization\",\"name\":\"Flora Murus\",\"url\":\"https:\/\/floramurus.com\/\",\"logo\":{\"@type\":\"ImageObject\",\"inLanguage\":\"da-DK\",\"@id\":\"https:\/\/floramurus.com\/#\/schema\/logo\/image\/\",\"url\":\"https:\/\/floramurus.com\/wp-content\/uploads\/2024\/05\/flora-murus-logo.png\",\"contentUrl\":\"https:\/\/floramurus.com\/wp-content\/uploads\/2024\/05\/flora-murus-logo.png\",\"width\":926,\"height\":250,\"caption\":\"Flora Murus\"},\"image\":{\"@id\":\"https:\/\/floramurus.com\/#\/schema\/logo\/image\/\"}}]}<\/script>\n<!-- \/ Yoast SEO plugin. -->","yoast_head_json":{"title":"Flower Wall Soft Pink \ud83c\udf38| Bryllup &amp; Deco | K\u00f8b &amp; Lej","description":"Oplev de smukkeste blomsterv\u00e6gge til overkommelige priser til at dekorere dit interi\u00f8r eller en ceremoni. Realistiske blomster med levende farver.","robots":{"index":"index","follow":"follow","max-snippet":"max-snippet:-1","max-image-preview":"max-image-preview:large","max-video-preview":"max-video-preview:-1"},"canonical":"https:\/\/floramurus.com\/da\/p\/blomstervaeg-stovet-rosa\/","og_locale":"da_DK","og_type":"article","og_title":"Flower Wall Soft Pink \ud83c\udf38| Wedding & Deco | Buy & Rent","og_description":"Discover the most beautiful flower walls at affordable prices to decorate your interior or a ceremony. Realistic flowers with vibrant colors.","og_url":"https:\/\/floramurus.com\/da\/p\/blomstervaeg-stovet-rosa\/","og_site_name":"Flora Murus","article_modified_time":"2024-05-24T00:56:36+00:00","og_image":[{"width":597,"height":709,"url":"https:\/\/floramurus.com\/wp-content\/uploads\/2024\/05\/File_201_8945b1cd-3d6f-4df5-bbce-71c0ddd481ee.png","type":"image\/png"}],"twitter_card":"summary_large_image","twitter_misc":{"Estimeret l\u00e6setid":"1 minut"},"schema":{"@context":"https:\/\/schema.org","@graph":[{"@type":"WebPage","@id":"https:\/\/floramurus.com\/p\/flower-wall-dusty-pink\/","url":"https:\/\/floramurus.com\/p\/flower-wall-dusty-pink\/","name":"Flower Wall Soft Pink \ud83c\udf38| Bryllup &amp; Deco | K\u00f8b &amp; Lej","isPartOf":{"@id":"https:\/\/floramurus.com\/#website"},"primaryImageOfPage":{"@id":"https:\/\/floramurus.com\/p\/flower-wall-dusty-pink\/#primaryimage"},"image":{"@id":"https:\/\/floramurus.com\/p\/flower-wall-dusty-pink\/#primaryimage"},"thumbnailUrl":"https:\/\/floramurus.com\/wp-content\/uploads\/2024\/05\/File_201_8945b1cd-3d6f-4df5-bbce-71c0ddd481ee.png","datePublished":"2024-05-23T05:49:10+00:00","dateModified":"2024-05-24T00:56:36+00:00","description":"Oplev de smukkeste blomsterv\u00e6gge til overkommelige priser til at dekorere dit interi\u00f8r eller en ceremoni. Realistiske blomster med levende farver.","breadcrumb":{"@id":"https:\/\/floramurus.com\/p\/flower-wall-dusty-pink\/#breadcrumb"},"inLanguage":"da-DK","potentialAction":[{"@type":"ReadAction","target":["https:\/\/floramurus.com\/p\/flower-wall-dusty-pink\/"]}]},{"@type":"ImageObject","inLanguage":"da-DK","@id":"https:\/\/floramurus.com\/p\/flower-wall-dusty-pink\/#primaryimage","url":"https:\/\/floramurus.com\/wp-content\/uploads\/2024\/05\/File_201_8945b1cd-3d6f-4df5-bbce-71c0ddd481ee.png","contentUrl":"https:\/\/floramurus.com\/wp-content\/uploads\/2024\/05\/File_201_8945b1cd-3d6f-4df5-bbce-71c0ddd481ee.png","width":597,"height":709,"caption":"Soft pink flower wall for gentle, romantic settings"},{"@type":"BreadcrumbList","@id":"https:\/\/floramurus.com\/p\/flower-wall-dusty-pink\/#breadcrumb","itemListElement":[{"@type":"ListItem","position":1,"name":"Home","item":"https:\/\/floramurus.com\/"},{"@type":"ListItem","position":2,"name":"Shop","item":"https:\/\/floramurus.com\/shop\/"},{"@type":"ListItem","position":3,"name":"Flower Wall Soft Pink"}]},{"@type":"WebSite","@id":"https:\/\/floramurus.com\/#website","url":"https:\/\/floramurus.com\/","name":"Flora Murus","description":"","publisher":{"@id":"https:\/\/floramurus.com\/#organization"},"potentialAction":[{"@type":"SearchAction","target":{"@type":"EntryPoint","urlTemplate":"https:\/\/floramurus.com\/?s={search_term_string}"},"query-input":{"@type":"PropertyValueSpecification","valueRequired":true,"valueName":"search_term_string"}}],"inLanguage":"da-DK"},{"@type":"Organization","@id":"https:\/\/floramurus.com\/#organization","name":"Flora Murus","url":"https:\/\/floramurus.com\/","logo":{"@type":"ImageObject","inLanguage":"da-DK","@id":"https:\/\/floramurus.com\/#\/schema\/logo\/image\/","url":"https:\/\/floramurus.com\/wp-content\/uploads\/2024\/05\/flora-murus-logo.png","contentUrl":"https:\/\/floramurus.com\/wp-content\/uploads\/2024\/05\/flora-murus-logo.png","width":926,"height":250,"caption":"Flora Murus"},"image":{"@id":"https:\/\/floramurus.com\/#\/schema\/logo\/image\/"}}]}},"_links":{"self":[{"href":"https:\/\/floramurus.com\/da\/wp-json\/wp\/v2\/product\/235","targetHints":{"allow":["GET"]}}],"collection":[{"href":"https:\/\/floramurus.com\/da\/wp-json\/wp\/v2\/product"}],"about":[{"href":"https:\/\/floramurus.com\/da\/wp-json\/wp\/v2\/types\/product"}],"wp:featuredmedia":[{"embeddable":true,"href":"https:\/\/floramurus.com\/da\/wp-json\/wp\/v2\/media\/234"}],"wp:attachment":[{"href":"https:\/\/floramurus.com\/da\/wp-json\/wp\/v2\/media?parent=235"}],"wp:term":[{"taxonomy":"product_brand","embeddable":true,"href":"https:\/\/floramurus.com\/da\/wp-json\/wp\/v2\/product_brand?post=235"},{"taxonomy":"product_cat","embeddable":true,"href":"https:\/\/floramurus.com\/da\/wp-json\/wp\/v2\/product_cat?post=235"},{"taxonomy":"product_tag","embeddable":true,"href":"https:\/\/floramurus.com\/da\/wp-json\/wp\/v2\/product_tag?post=235"}],"curies":[{"name":"wp","href":"https:\/\/api.w.org\/{rel}","templated":true}]}}