{"id":245,"date":"2024-05-23T05:49:21","date_gmt":"2024-05-23T05:49:21","guid":{"rendered":"https:\/\/floramurus.com\/p\/flower-wall-pink-white-blend\/"},"modified":"2024-05-24T00:56:17","modified_gmt":"2024-05-24T00:56:17","slug":"blomstervaeg-pink-hvid-blanding","status":"publish","type":"product","link":"https:\/\/floramurus.com\/da\/p\/blomstervaeg-pink-hvid-blanding\/","title":{"rendered":"<span>Blomsterv\u00e6g <\/span><span class=\"product-title-custom\"> Lyser\u00f8d og hvid<\/span>"},"content":{"rendered":"<p>En god id\u00e9 til at overraske dine k\u00e6re er at f\u00e5 en blomsterv\u00e6g. Ikke alene vil det <strong>lyser op p\u00e5 det sted, hvor du h\u00e6nger den<\/strong>men det vil ogs\u00e5 <strong>gl\u00e6de b\u00e5de unge og gamle<\/strong>. Denne blomsterv\u00e6g best\u00e5ende af pink og hvide blomster er uovertruffen.<\/p>\r\n<p>Dens anvendelighed er alsidig. Uanset hvilken begivenhed du organiserer, hvad enten det er et bryllup, en f\u00f8dselsceremoni eller en fornem fest, vil den v\u00e6re et fantastisk aktiv, der kombinerer <strong>elegance og raffinement<\/strong>og det vil bestemt ikke g\u00e5 ubem\u00e6rket hen. At tage et par billeder foran den vil ogs\u00e5 v\u00e6re <strong>en uforglemmelig oplevelse<\/strong>.<\/p>","protected":false},"excerpt":{"rendered":"A great idea to surprise your loved ones is to get a floral wall. Not only will it brighten up the place where you hang it, but it will also delight both young and old. This floral wall composed of pink and white flowers is unmatched. Its usefulness is versatile. Whatever the event you organize, [&#8230;]","protected":false},"featured_media":244,"template":"","meta":[],"product_brand":[],"product_cat":[15,19,20],"product_tag":[],"class_list":{"0":"post-245","1":"product","2":"type-product","3":"status-publish","4":"has-post-thumbnail","6":"product_cat-all-products","7":"product_cat-pink-floral-wall-backdrop","8":"product_cat-white-floral-wall-backdrop","10":"first","11":"instock","12":"shipping-taxable","13":"purchasable","14":"product-type-simple"},"yoast_head":"<!-- This site is optimized with the Yoast SEO plugin v25.9 - https:\/\/yoast.com\/wordpress\/plugins\/seo\/ -->\n<title>Flower Wall Pink and White \ud83c\udf38| Wedding &amp; Deco | Buy &amp; Rent<\/title>\n<meta name=\"description\" content=\"Discover the most beautiful flower walls at affordable prices to decorate your interior or a ceremony. Realistic flowers with vibrant colors.\" \/>\n<meta name=\"robots\" content=\"index, follow, max-snippet:-1, max-image-preview:large, max-video-preview:-1\" \/>\n<link rel=\"canonical\" href=\"https:\/\/floramurus.com\/da\/p\/blomstervaeg-pink-hvid-blanding\/\" \/>\n<meta property=\"og:locale\" content=\"da_DK\" \/>\n<meta property=\"og:type\" content=\"article\" \/>\n<meta property=\"og:title\" content=\"Flower Wall Pink and White \ud83c\udf38| Wedding &amp; Deco | Buy &amp; Rent\" \/>\n<meta property=\"og:description\" content=\"Discover the most beautiful flower walls at affordable prices to decorate your interior or a ceremony. Realistic flowers with vibrant colors.\" \/>\n<meta property=\"og:url\" content=\"https:\/\/floramurus.com\/da\/p\/blomstervaeg-pink-hvid-blanding\/\" \/>\n<meta property=\"og:site_name\" content=\"Flora Murus\" \/>\n<meta property=\"article:modified_time\" content=\"2024-05-24T00:56:17+00:00\" \/>\n<meta property=\"og:image\" content=\"https:\/\/floramurus.com\/wp-content\/uploads\/2024\/05\/File_201.png\" \/>\n\t<meta property=\"og:image:width\" content=\"596\" \/>\n\t<meta property=\"og:image:height\" content=\"708\" \/>\n\t<meta property=\"og:image:type\" content=\"image\/png\" \/>\n<meta name=\"twitter:card\" content=\"summary_large_image\" \/>\n<meta name=\"twitter:label1\" content=\"Estimeret l\u00e6setid\" \/>\n\t<meta name=\"twitter:data1\" content=\"1 minut\" \/>\n<script type=\"application\/ld+json\" class=\"yoast-schema-graph\">{\"@context\":\"https:\/\/schema.org\",\"@graph\":[{\"@type\":\"WebPage\",\"@id\":\"https:\/\/floramurus.com\/p\/flower-wall-pink-white-blend\/\",\"url\":\"https:\/\/floramurus.com\/p\/flower-wall-pink-white-blend\/\",\"name\":\"Flower Wall Pink and White \ud83c\udf38| Wedding & Deco | Buy & Rent\",\"isPartOf\":{\"@id\":\"https:\/\/floramurus.com\/#website\"},\"primaryImageOfPage\":{\"@id\":\"https:\/\/floramurus.com\/p\/flower-wall-pink-white-blend\/#primaryimage\"},\"image\":{\"@id\":\"https:\/\/floramurus.com\/p\/flower-wall-pink-white-blend\/#primaryimage\"},\"thumbnailUrl\":\"https:\/\/floramurus.com\/wp-content\/uploads\/2024\/05\/File_201.png\",\"datePublished\":\"2024-05-23T05:49:21+00:00\",\"dateModified\":\"2024-05-24T00:56:17+00:00\",\"description\":\"Discover the most beautiful flower walls at affordable prices to decorate your interior or a ceremony. Realistic flowers with vibrant colors.\",\"breadcrumb\":{\"@id\":\"https:\/\/floramurus.com\/p\/flower-wall-pink-white-blend\/#breadcrumb\"},\"inLanguage\":\"da-DK\",\"potentialAction\":[{\"@type\":\"ReadAction\",\"target\":[\"https:\/\/floramurus.com\/p\/flower-wall-pink-white-blend\/\"]}]},{\"@type\":\"ImageObject\",\"inLanguage\":\"da-DK\",\"@id\":\"https:\/\/floramurus.com\/p\/flower-wall-pink-white-blend\/#primaryimage\",\"url\":\"https:\/\/floramurus.com\/wp-content\/uploads\/2024\/05\/File_201.png\",\"contentUrl\":\"https:\/\/floramurus.com\/wp-content\/uploads\/2024\/05\/File_201.png\",\"width\":596,\"height\":708,\"caption\":\"Pink and white blend flower wall for delicate decor\"},{\"@type\":\"BreadcrumbList\",\"@id\":\"https:\/\/floramurus.com\/p\/flower-wall-pink-white-blend\/#breadcrumb\",\"itemListElement\":[{\"@type\":\"ListItem\",\"position\":1,\"name\":\"Home\",\"item\":\"https:\/\/floramurus.com\/\"},{\"@type\":\"ListItem\",\"position\":2,\"name\":\"Shop\",\"item\":\"https:\/\/floramurus.com\/shop\/\"},{\"@type\":\"ListItem\",\"position\":3,\"name\":\"Flower Wall Pink and White\"}]},{\"@type\":\"WebSite\",\"@id\":\"https:\/\/floramurus.com\/#website\",\"url\":\"https:\/\/floramurus.com\/\",\"name\":\"Flora Murus\",\"description\":\"\",\"publisher\":{\"@id\":\"https:\/\/floramurus.com\/#organization\"},\"potentialAction\":[{\"@type\":\"SearchAction\",\"target\":{\"@type\":\"EntryPoint\",\"urlTemplate\":\"https:\/\/floramurus.com\/?s={search_term_string}\"},\"query-input\":{\"@type\":\"PropertyValueSpecification\",\"valueRequired\":true,\"valueName\":\"search_term_string\"}}],\"inLanguage\":\"da-DK\"},{\"@type\":\"Organization\",\"@id\":\"https:\/\/floramurus.com\/#organization\",\"name\":\"Flora Murus\",\"url\":\"https:\/\/floramurus.com\/\",\"logo\":{\"@type\":\"ImageObject\",\"inLanguage\":\"da-DK\",\"@id\":\"https:\/\/floramurus.com\/#\/schema\/logo\/image\/\",\"url\":\"https:\/\/floramurus.com\/wp-content\/uploads\/2024\/05\/flora-murus-logo.png\",\"contentUrl\":\"https:\/\/floramurus.com\/wp-content\/uploads\/2024\/05\/flora-murus-logo.png\",\"width\":926,\"height\":250,\"caption\":\"Flora Murus\"},\"image\":{\"@id\":\"https:\/\/floramurus.com\/#\/schema\/logo\/image\/\"}}]}<\/script>\n<!-- \/ Yoast SEO plugin. -->","yoast_head_json":{"title":"Blomsterv\u00e6g pink og hvid \ud83c\udf38| Bryllup &amp; Deko | K\u00f8b &amp; Lej","description":"Oplev de smukkeste blomsterv\u00e6gge til overkommelige priser til at dekorere dit interi\u00f8r eller en ceremoni. Realistiske blomster med levende farver.","robots":{"index":"index","follow":"follow","max-snippet":"max-snippet:-1","max-image-preview":"max-image-preview:large","max-video-preview":"max-video-preview:-1"},"canonical":"https:\/\/floramurus.com\/da\/p\/blomstervaeg-pink-hvid-blanding\/","og_locale":"da_DK","og_type":"article","og_title":"Flower Wall Pink and White \ud83c\udf38| Wedding & Deco | Buy & Rent","og_description":"Discover the most beautiful flower walls at affordable prices to decorate your interior or a ceremony. Realistic flowers with vibrant colors.","og_url":"https:\/\/floramurus.com\/da\/p\/blomstervaeg-pink-hvid-blanding\/","og_site_name":"Flora Murus","article_modified_time":"2024-05-24T00:56:17+00:00","og_image":[{"width":596,"height":708,"url":"https:\/\/floramurus.com\/wp-content\/uploads\/2024\/05\/File_201.png","type":"image\/png"}],"twitter_card":"summary_large_image","twitter_misc":{"Estimeret l\u00e6setid":"1 minut"},"schema":{"@context":"https:\/\/schema.org","@graph":[{"@type":"WebPage","@id":"https:\/\/floramurus.com\/p\/flower-wall-pink-white-blend\/","url":"https:\/\/floramurus.com\/p\/flower-wall-pink-white-blend\/","name":"Blomsterv\u00e6g pink og hvid \ud83c\udf38| Bryllup &amp; Deko | K\u00f8b &amp; Lej","isPartOf":{"@id":"https:\/\/floramurus.com\/#website"},"primaryImageOfPage":{"@id":"https:\/\/floramurus.com\/p\/flower-wall-pink-white-blend\/#primaryimage"},"image":{"@id":"https:\/\/floramurus.com\/p\/flower-wall-pink-white-blend\/#primaryimage"},"thumbnailUrl":"https:\/\/floramurus.com\/wp-content\/uploads\/2024\/05\/File_201.png","datePublished":"2024-05-23T05:49:21+00:00","dateModified":"2024-05-24T00:56:17+00:00","description":"Oplev de smukkeste blomsterv\u00e6gge til overkommelige priser til at dekorere dit interi\u00f8r eller en ceremoni. Realistiske blomster med levende farver.","breadcrumb":{"@id":"https:\/\/floramurus.com\/p\/flower-wall-pink-white-blend\/#breadcrumb"},"inLanguage":"da-DK","potentialAction":[{"@type":"ReadAction","target":["https:\/\/floramurus.com\/p\/flower-wall-pink-white-blend\/"]}]},{"@type":"ImageObject","inLanguage":"da-DK","@id":"https:\/\/floramurus.com\/p\/flower-wall-pink-white-blend\/#primaryimage","url":"https:\/\/floramurus.com\/wp-content\/uploads\/2024\/05\/File_201.png","contentUrl":"https:\/\/floramurus.com\/wp-content\/uploads\/2024\/05\/File_201.png","width":596,"height":708,"caption":"Pink and white blend flower wall for delicate decor"},{"@type":"BreadcrumbList","@id":"https:\/\/floramurus.com\/p\/flower-wall-pink-white-blend\/#breadcrumb","itemListElement":[{"@type":"ListItem","position":1,"name":"Home","item":"https:\/\/floramurus.com\/"},{"@type":"ListItem","position":2,"name":"Shop","item":"https:\/\/floramurus.com\/shop\/"},{"@type":"ListItem","position":3,"name":"Flower Wall Pink and White"}]},{"@type":"WebSite","@id":"https:\/\/floramurus.com\/#website","url":"https:\/\/floramurus.com\/","name":"Flora Murus","description":"","publisher":{"@id":"https:\/\/floramurus.com\/#organization"},"potentialAction":[{"@type":"SearchAction","target":{"@type":"EntryPoint","urlTemplate":"https:\/\/floramurus.com\/?s={search_term_string}"},"query-input":{"@type":"PropertyValueSpecification","valueRequired":true,"valueName":"search_term_string"}}],"inLanguage":"da-DK"},{"@type":"Organization","@id":"https:\/\/floramurus.com\/#organization","name":"Flora Murus","url":"https:\/\/floramurus.com\/","logo":{"@type":"ImageObject","inLanguage":"da-DK","@id":"https:\/\/floramurus.com\/#\/schema\/logo\/image\/","url":"https:\/\/floramurus.com\/wp-content\/uploads\/2024\/05\/flora-murus-logo.png","contentUrl":"https:\/\/floramurus.com\/wp-content\/uploads\/2024\/05\/flora-murus-logo.png","width":926,"height":250,"caption":"Flora Murus"},"image":{"@id":"https:\/\/floramurus.com\/#\/schema\/logo\/image\/"}}]}},"_links":{"self":[{"href":"https:\/\/floramurus.com\/da\/wp-json\/wp\/v2\/product\/245","targetHints":{"allow":["GET"]}}],"collection":[{"href":"https:\/\/floramurus.com\/da\/wp-json\/wp\/v2\/product"}],"about":[{"href":"https:\/\/floramurus.com\/da\/wp-json\/wp\/v2\/types\/product"}],"wp:featuredmedia":[{"embeddable":true,"href":"https:\/\/floramurus.com\/da\/wp-json\/wp\/v2\/media\/244"}],"wp:attachment":[{"href":"https:\/\/floramurus.com\/da\/wp-json\/wp\/v2\/media?parent=245"}],"wp:term":[{"taxonomy":"product_brand","embeddable":true,"href":"https:\/\/floramurus.com\/da\/wp-json\/wp\/v2\/product_brand?post=245"},{"taxonomy":"product_cat","embeddable":true,"href":"https:\/\/floramurus.com\/da\/wp-json\/wp\/v2\/product_cat?post=245"},{"taxonomy":"product_tag","embeddable":true,"href":"https:\/\/floramurus.com\/da\/wp-json\/wp\/v2\/product_tag?post=245"}],"curies":[{"name":"wp","href":"https:\/\/api.w.org\/{rel}","templated":true}]}}