{"id":170,"date":"2024-05-23T05:47:53","date_gmt":"2024-05-23T05:47:53","guid":{"rendered":"https:\/\/floramurus.com\/p\/floral-wall-morning-dew\/"},"modified":"2024-05-24T00:58:57","modified_gmt":"2024-05-24T00:58:57","slug":"blumenwand-morgentau","status":"publish","type":"product","link":"https:\/\/floramurus.com\/de\/p\/blumenwand-morgentau\/","title":{"rendered":"<span>Blumenwand <\/span><span class=\"product-title-custom\"> Morgentau<\/span>"},"content":{"rendered":"<p>Die Blumenwand Morning Dew ist eine Komposition aus \u00fcberwiegend rosa Kunstblumen mit einigen beigen Elementen.<\/p>\r\n<p>Er kann an der Wand befestigt werden und dient als dekoratives Element f\u00fcr Fotoshootings, Schaufensterauslagen und mehr. Er kann auch zur Versch\u00f6nerung von floralen Anl\u00e4ssen (Hochzeiten, Taufen usw.) verwendet werden. Und schlie\u00dflich kann er zur Dekoration Ihrer Inneneinrichtung verwendet werden.<\/p>","protected":false},"excerpt":{"rendered":"The Morning Dew flower wall is a composition of predominantly pink artificial flowers, with a few beige elements. It is designed to be mounted on the wall and serve as a decorative element for photo shoots, shop window displays, and more. It can also be used to enhance floral occasions (weddings, christenings, etc.). Finally, it [&#8230;]","protected":false},"featured_media":169,"template":"","meta":[],"product_brand":[],"product_cat":[15,19],"product_tag":[],"class_list":{"0":"post-170","1":"product","2":"type-product","3":"status-publish","4":"has-post-thumbnail","6":"product_cat-all-products","7":"product_cat-pink-floral-wall-backdrop","9":"first","10":"instock","11":"shipping-taxable","12":"purchasable","13":"product-type-simple"},"yoast_head":"<!-- This site is optimized with the Yoast SEO plugin v25.9 - https:\/\/yoast.com\/wordpress\/plugins\/seo\/ -->\n<title>Flower Wall Morning Dew \ud83c\udf38| Wedding &amp; Deco | Buy &amp; Rent<\/title>\n<meta name=\"description\" content=\"Discover the most beautiful flower walls at affordable prices to decorate your interior or a ceremony. Realistic flowers with vibrant colors.\" \/>\n<meta name=\"robots\" content=\"index, follow, max-snippet:-1, max-image-preview:large, max-video-preview:-1\" \/>\n<link rel=\"canonical\" href=\"https:\/\/floramurus.com\/de\/p\/blumenwand-morgentau\/\" \/>\n<meta property=\"og:locale\" content=\"de_DE\" \/>\n<meta property=\"og:type\" content=\"article\" \/>\n<meta property=\"og:title\" content=\"Flower Wall Morning Dew \ud83c\udf38| Wedding &amp; Deco | Buy &amp; Rent\" \/>\n<meta property=\"og:description\" content=\"Discover the most beautiful flower walls at affordable prices to decorate your interior or a ceremony. Realistic flowers with vibrant colors.\" \/>\n<meta property=\"og:url\" content=\"https:\/\/floramurus.com\/de\/p\/blumenwand-morgentau\/\" \/>\n<meta property=\"og:site_name\" content=\"Flora Murus\" \/>\n<meta property=\"article:modified_time\" content=\"2024-05-24T00:58:57+00:00\" \/>\n<meta property=\"og:image\" content=\"https:\/\/floramurus.com\/wp-content\/uploads\/2024\/05\/File_201_d5c13fd0-cb19-46f4-8cc1-019319717002.png\" \/>\n\t<meta property=\"og:image:width\" content=\"538\" \/>\n\t<meta property=\"og:image:height\" content=\"603\" \/>\n\t<meta property=\"og:image:type\" content=\"image\/png\" \/>\n<meta name=\"twitter:card\" content=\"summary_large_image\" \/>\n<meta name=\"twitter:label1\" content=\"Gesch\u00e4tzte Lesezeit\" \/>\n\t<meta name=\"twitter:data1\" content=\"1\u00a0Minute\" \/>\n<script type=\"application\/ld+json\" class=\"yoast-schema-graph\">{\"@context\":\"https:\/\/schema.org\",\"@graph\":[{\"@type\":\"WebPage\",\"@id\":\"https:\/\/floramurus.com\/p\/floral-wall-morning-dew\/\",\"url\":\"https:\/\/floramurus.com\/p\/floral-wall-morning-dew\/\",\"name\":\"Flower Wall Morning Dew \ud83c\udf38| Wedding & Deco | Buy & Rent\",\"isPartOf\":{\"@id\":\"https:\/\/floramurus.com\/#website\"},\"primaryImageOfPage\":{\"@id\":\"https:\/\/floramurus.com\/p\/floral-wall-morning-dew\/#primaryimage\"},\"image\":{\"@id\":\"https:\/\/floramurus.com\/p\/floral-wall-morning-dew\/#primaryimage\"},\"thumbnailUrl\":\"https:\/\/floramurus.com\/wp-content\/uploads\/2024\/05\/File_201_d5c13fd0-cb19-46f4-8cc1-019319717002.png\",\"datePublished\":\"2024-05-23T05:47:53+00:00\",\"dateModified\":\"2024-05-24T00:58:57+00:00\",\"description\":\"Discover the most beautiful flower walls at affordable prices to decorate your interior or a ceremony. Realistic flowers with vibrant colors.\",\"breadcrumb\":{\"@id\":\"https:\/\/floramurus.com\/p\/floral-wall-morning-dew\/#breadcrumb\"},\"inLanguage\":\"de\",\"potentialAction\":[{\"@type\":\"ReadAction\",\"target\":[\"https:\/\/floramurus.com\/p\/floral-wall-morning-dew\/\"]}]},{\"@type\":\"ImageObject\",\"inLanguage\":\"de\",\"@id\":\"https:\/\/floramurus.com\/p\/floral-wall-morning-dew\/#primaryimage\",\"url\":\"https:\/\/floramurus.com\/wp-content\/uploads\/2024\/05\/File_201_d5c13fd0-cb19-46f4-8cc1-019319717002.png\",\"contentUrl\":\"https:\/\/floramurus.com\/wp-content\/uploads\/2024\/05\/File_201_d5c13fd0-cb19-46f4-8cc1-019319717002.png\",\"width\":538,\"height\":603,\"caption\":\"Morning dew floral wall with fresh early morning vibes\"},{\"@type\":\"BreadcrumbList\",\"@id\":\"https:\/\/floramurus.com\/p\/floral-wall-morning-dew\/#breadcrumb\",\"itemListElement\":[{\"@type\":\"ListItem\",\"position\":1,\"name\":\"Home\",\"item\":\"https:\/\/floramurus.com\/\"},{\"@type\":\"ListItem\",\"position\":2,\"name\":\"Shop\",\"item\":\"https:\/\/floramurus.com\/shop\/\"},{\"@type\":\"ListItem\",\"position\":3,\"name\":\"Flower Wall Morning Dew\"}]},{\"@type\":\"WebSite\",\"@id\":\"https:\/\/floramurus.com\/#website\",\"url\":\"https:\/\/floramurus.com\/\",\"name\":\"Flora Murus\",\"description\":\"\",\"publisher\":{\"@id\":\"https:\/\/floramurus.com\/#organization\"},\"potentialAction\":[{\"@type\":\"SearchAction\",\"target\":{\"@type\":\"EntryPoint\",\"urlTemplate\":\"https:\/\/floramurus.com\/?s={search_term_string}\"},\"query-input\":{\"@type\":\"PropertyValueSpecification\",\"valueRequired\":true,\"valueName\":\"search_term_string\"}}],\"inLanguage\":\"de\"},{\"@type\":\"Organization\",\"@id\":\"https:\/\/floramurus.com\/#organization\",\"name\":\"Flora Murus\",\"url\":\"https:\/\/floramurus.com\/\",\"logo\":{\"@type\":\"ImageObject\",\"inLanguage\":\"de\",\"@id\":\"https:\/\/floramurus.com\/#\/schema\/logo\/image\/\",\"url\":\"https:\/\/floramurus.com\/wp-content\/uploads\/2024\/05\/flora-murus-logo.png\",\"contentUrl\":\"https:\/\/floramurus.com\/wp-content\/uploads\/2024\/05\/flora-murus-logo.png\",\"width\":926,\"height\":250,\"caption\":\"Flora Murus\"},\"image\":{\"@id\":\"https:\/\/floramurus.com\/#\/schema\/logo\/image\/\"}}]}<\/script>\n<!-- \/ Yoast SEO plugin. -->","yoast_head_json":{"title":"Blumenwand Morgentau \ud83c\udf38| Hochzeit &amp; Deko | Kaufen &amp; Mieten","description":"Entdecken Sie die sch\u00f6nsten Blumenw\u00e4nde zu erschwinglichen Preisen, um Ihr Interieur oder eine Zeremonie zu dekorieren. Realistische Blumen mit leuchtenden Farben.","robots":{"index":"index","follow":"follow","max-snippet":"max-snippet:-1","max-image-preview":"max-image-preview:large","max-video-preview":"max-video-preview:-1"},"canonical":"https:\/\/floramurus.com\/de\/p\/blumenwand-morgentau\/","og_locale":"de_DE","og_type":"article","og_title":"Flower Wall Morning Dew \ud83c\udf38| Wedding & Deco | Buy & Rent","og_description":"Discover the most beautiful flower walls at affordable prices to decorate your interior or a ceremony. Realistic flowers with vibrant colors.","og_url":"https:\/\/floramurus.com\/de\/p\/blumenwand-morgentau\/","og_site_name":"Flora Murus","article_modified_time":"2024-05-24T00:58:57+00:00","og_image":[{"width":538,"height":603,"url":"https:\/\/floramurus.com\/wp-content\/uploads\/2024\/05\/File_201_d5c13fd0-cb19-46f4-8cc1-019319717002.png","type":"image\/png"}],"twitter_card":"summary_large_image","twitter_misc":{"Gesch\u00e4tzte Lesezeit":"1\u00a0Minute"},"schema":{"@context":"https:\/\/schema.org","@graph":[{"@type":"WebPage","@id":"https:\/\/floramurus.com\/p\/floral-wall-morning-dew\/","url":"https:\/\/floramurus.com\/p\/floral-wall-morning-dew\/","name":"Blumenwand Morgentau \ud83c\udf38| Hochzeit &amp; Deko | Kaufen &amp; Mieten","isPartOf":{"@id":"https:\/\/floramurus.com\/#website"},"primaryImageOfPage":{"@id":"https:\/\/floramurus.com\/p\/floral-wall-morning-dew\/#primaryimage"},"image":{"@id":"https:\/\/floramurus.com\/p\/floral-wall-morning-dew\/#primaryimage"},"thumbnailUrl":"https:\/\/floramurus.com\/wp-content\/uploads\/2024\/05\/File_201_d5c13fd0-cb19-46f4-8cc1-019319717002.png","datePublished":"2024-05-23T05:47:53+00:00","dateModified":"2024-05-24T00:58:57+00:00","description":"Entdecken Sie die sch\u00f6nsten Blumenw\u00e4nde zu erschwinglichen Preisen, um Ihr Interieur oder eine Zeremonie zu dekorieren. Realistische Blumen mit leuchtenden Farben.","breadcrumb":{"@id":"https:\/\/floramurus.com\/p\/floral-wall-morning-dew\/#breadcrumb"},"inLanguage":"de","potentialAction":[{"@type":"ReadAction","target":["https:\/\/floramurus.com\/p\/floral-wall-morning-dew\/"]}]},{"@type":"ImageObject","inLanguage":"de","@id":"https:\/\/floramurus.com\/p\/floral-wall-morning-dew\/#primaryimage","url":"https:\/\/floramurus.com\/wp-content\/uploads\/2024\/05\/File_201_d5c13fd0-cb19-46f4-8cc1-019319717002.png","contentUrl":"https:\/\/floramurus.com\/wp-content\/uploads\/2024\/05\/File_201_d5c13fd0-cb19-46f4-8cc1-019319717002.png","width":538,"height":603,"caption":"Morning dew floral wall with fresh early morning vibes"},{"@type":"BreadcrumbList","@id":"https:\/\/floramurus.com\/p\/floral-wall-morning-dew\/#breadcrumb","itemListElement":[{"@type":"ListItem","position":1,"name":"Home","item":"https:\/\/floramurus.com\/"},{"@type":"ListItem","position":2,"name":"Shop","item":"https:\/\/floramurus.com\/shop\/"},{"@type":"ListItem","position":3,"name":"Flower Wall Morning Dew"}]},{"@type":"WebSite","@id":"https:\/\/floramurus.com\/#website","url":"https:\/\/floramurus.com\/","name":"Flora Murus","description":"","publisher":{"@id":"https:\/\/floramurus.com\/#organization"},"potentialAction":[{"@type":"SearchAction","target":{"@type":"EntryPoint","urlTemplate":"https:\/\/floramurus.com\/?s={search_term_string}"},"query-input":{"@type":"PropertyValueSpecification","valueRequired":true,"valueName":"search_term_string"}}],"inLanguage":"de"},{"@type":"Organization","@id":"https:\/\/floramurus.com\/#organization","name":"Flora Murus","url":"https:\/\/floramurus.com\/","logo":{"@type":"ImageObject","inLanguage":"de","@id":"https:\/\/floramurus.com\/#\/schema\/logo\/image\/","url":"https:\/\/floramurus.com\/wp-content\/uploads\/2024\/05\/flora-murus-logo.png","contentUrl":"https:\/\/floramurus.com\/wp-content\/uploads\/2024\/05\/flora-murus-logo.png","width":926,"height":250,"caption":"Flora Murus"},"image":{"@id":"https:\/\/floramurus.com\/#\/schema\/logo\/image\/"}}]}},"_links":{"self":[{"href":"https:\/\/floramurus.com\/de\/wp-json\/wp\/v2\/product\/170","targetHints":{"allow":["GET"]}}],"collection":[{"href":"https:\/\/floramurus.com\/de\/wp-json\/wp\/v2\/product"}],"about":[{"href":"https:\/\/floramurus.com\/de\/wp-json\/wp\/v2\/types\/product"}],"wp:featuredmedia":[{"embeddable":true,"href":"https:\/\/floramurus.com\/de\/wp-json\/wp\/v2\/media\/169"}],"wp:attachment":[{"href":"https:\/\/floramurus.com\/de\/wp-json\/wp\/v2\/media?parent=170"}],"wp:term":[{"taxonomy":"product_brand","embeddable":true,"href":"https:\/\/floramurus.com\/de\/wp-json\/wp\/v2\/product_brand?post=170"},{"taxonomy":"product_cat","embeddable":true,"href":"https:\/\/floramurus.com\/de\/wp-json\/wp\/v2\/product_cat?post=170"},{"taxonomy":"product_tag","embeddable":true,"href":"https:\/\/floramurus.com\/de\/wp-json\/wp\/v2\/product_tag?post=170"}],"curies":[{"name":"wp","href":"https:\/\/api.w.org\/{rel}","templated":true}]}}