{"id":280,"date":"2024-05-23T05:50:03","date_gmt":"2024-05-23T05:50:03","guid":{"rendered":"https:\/\/floramurus.com\/p\/rose-wall-arrangement\/"},"modified":"2024-05-24T00:53:24","modified_gmt":"2024-05-24T00:53:24","slug":"rosenwandarrangement","status":"publish","type":"product","link":"https:\/\/floramurus.com\/de\/p\/rosenwandarrangement\/","title":{"rendered":"<span>Blumenwand <\/span><span class=\"product-title-custom\"> Rose Komposition<\/span>"},"content":{"rendered":"<p>Bringen Sie die Natur in Ihr Zuhause mit unserem <strong>Rose Komposition Blumenwand<\/strong>. Unsere Blumenwand besteht aus synthetischen gelben und rosa Rosen mit einem nat\u00fcrlichen und realistischen Aussehen. Sie sind sorgf\u00e4ltig auf einer selbsttragenden Struktur befestigt.<\/p>\r\n<p>Versch\u00f6nern Sie Ihre Innenr\u00e4ume, Hochzeiten und Partys mit unseren <strong>Rose Komposition Blumenwand<\/strong>. Es ist auch das ideale Dekorationselement zur Vergr\u00f6\u00dferung Ihrer Fotos, B\u00fchnendekorationen oder Schaufenster.<\/p>","protected":false},"excerpt":{"rendered":"Bring nature into your home with our rose composition flower wall. Our floral wall is composed of synthetic yellow and pink roses with a natural and realistic appearance. They are carefully fixed on a self-supporting structure. Enhance your interiors, weddings, and parties with our rose composition flower wall. It is also the ideal decorative element [&#8230;]","protected":false},"featured_media":279,"template":"","meta":[],"product_brand":[],"product_cat":[15,26,19],"product_tag":[],"class_list":{"0":"post-280","1":"product","2":"type-product","3":"status-publish","4":"has-post-thumbnail","6":"product_cat-all-products","7":"product_cat-orange-floral-wall-backdrop","8":"product_cat-pink-floral-wall-backdrop","10":"first","11":"instock","12":"shipping-taxable","13":"purchasable","14":"product-type-simple"},"yoast_head":"<!-- This site is optimized with the Yoast SEO plugin v25.9 - https:\/\/yoast.com\/wordpress\/plugins\/seo\/ -->\n<title>Flower Wall Rose Composition \ud83c\udf38| Wedding &amp; Deco | Buy &amp; Rent<\/title>\n<meta name=\"description\" content=\"Discover the most beautiful flower walls at affordable prices to decorate your interior or a ceremony. Realistic flowers with vibrant colors.\" \/>\n<meta name=\"robots\" content=\"index, follow, max-snippet:-1, max-image-preview:large, max-video-preview:-1\" \/>\n<link rel=\"canonical\" href=\"https:\/\/floramurus.com\/de\/p\/rosenwandarrangement\/\" \/>\n<meta property=\"og:locale\" content=\"de_DE\" \/>\n<meta property=\"og:type\" content=\"article\" \/>\n<meta property=\"og:title\" content=\"Flower Wall Rose Composition \ud83c\udf38| Wedding &amp; Deco | Buy &amp; Rent\" \/>\n<meta property=\"og:description\" content=\"Discover the most beautiful flower walls at affordable prices to decorate your interior or a ceremony. Realistic flowers with vibrant colors.\" \/>\n<meta property=\"og:url\" content=\"https:\/\/floramurus.com\/de\/p\/rosenwandarrangement\/\" \/>\n<meta property=\"og:site_name\" content=\"Flora Murus\" \/>\n<meta property=\"article:modified_time\" content=\"2024-05-24T00:53:24+00:00\" \/>\n<meta property=\"og:image\" content=\"https:\/\/floramurus.com\/wp-content\/uploads\/2024\/05\/File_201_9d589b5d-21a8-4de7-a2b9-0e737069eecf.png\" \/>\n\t<meta property=\"og:image:width\" content=\"597\" \/>\n\t<meta property=\"og:image:height\" content=\"706\" \/>\n\t<meta property=\"og:image:type\" content=\"image\/png\" \/>\n<meta name=\"twitter:card\" content=\"summary_large_image\" \/>\n<meta name=\"twitter:label1\" content=\"Gesch\u00e4tzte Lesezeit\" \/>\n\t<meta name=\"twitter:data1\" content=\"1\u00a0Minute\" \/>\n<script type=\"application\/ld+json\" class=\"yoast-schema-graph\">{\"@context\":\"https:\/\/schema.org\",\"@graph\":[{\"@type\":\"WebPage\",\"@id\":\"https:\/\/floramurus.com\/p\/rose-wall-arrangement\/\",\"url\":\"https:\/\/floramurus.com\/p\/rose-wall-arrangement\/\",\"name\":\"Flower Wall Rose Composition \ud83c\udf38| Wedding & Deco | Buy & Rent\",\"isPartOf\":{\"@id\":\"https:\/\/floramurus.com\/#website\"},\"primaryImageOfPage\":{\"@id\":\"https:\/\/floramurus.com\/p\/rose-wall-arrangement\/#primaryimage\"},\"image\":{\"@id\":\"https:\/\/floramurus.com\/p\/rose-wall-arrangement\/#primaryimage\"},\"thumbnailUrl\":\"https:\/\/floramurus.com\/wp-content\/uploads\/2024\/05\/File_201_9d589b5d-21a8-4de7-a2b9-0e737069eecf.png\",\"datePublished\":\"2024-05-23T05:50:03+00:00\",\"dateModified\":\"2024-05-24T00:53:24+00:00\",\"description\":\"Discover the most beautiful flower walls at affordable prices to decorate your interior or a ceremony. Realistic flowers with vibrant colors.\",\"breadcrumb\":{\"@id\":\"https:\/\/floramurus.com\/p\/rose-wall-arrangement\/#breadcrumb\"},\"inLanguage\":\"de\",\"potentialAction\":[{\"@type\":\"ReadAction\",\"target\":[\"https:\/\/floramurus.com\/p\/rose-wall-arrangement\/\"]}]},{\"@type\":\"ImageObject\",\"inLanguage\":\"de\",\"@id\":\"https:\/\/floramurus.com\/p\/rose-wall-arrangement\/#primaryimage\",\"url\":\"https:\/\/floramurus.com\/wp-content\/uploads\/2024\/05\/File_201_9d589b5d-21a8-4de7-a2b9-0e737069eecf.png\",\"contentUrl\":\"https:\/\/floramurus.com\/wp-content\/uploads\/2024\/05\/File_201_9d589b5d-21a8-4de7-a2b9-0e737069eecf.png\",\"width\":597,\"height\":706,\"caption\":\"Elegant rose composition wall for romantic settings\"},{\"@type\":\"BreadcrumbList\",\"@id\":\"https:\/\/floramurus.com\/p\/rose-wall-arrangement\/#breadcrumb\",\"itemListElement\":[{\"@type\":\"ListItem\",\"position\":1,\"name\":\"Home\",\"item\":\"https:\/\/floramurus.com\/\"},{\"@type\":\"ListItem\",\"position\":2,\"name\":\"Shop\",\"item\":\"https:\/\/floramurus.com\/shop\/\"},{\"@type\":\"ListItem\",\"position\":3,\"name\":\"Flower Wall Rose Composition\"}]},{\"@type\":\"WebSite\",\"@id\":\"https:\/\/floramurus.com\/#website\",\"url\":\"https:\/\/floramurus.com\/\",\"name\":\"Flora Murus\",\"description\":\"\",\"publisher\":{\"@id\":\"https:\/\/floramurus.com\/#organization\"},\"potentialAction\":[{\"@type\":\"SearchAction\",\"target\":{\"@type\":\"EntryPoint\",\"urlTemplate\":\"https:\/\/floramurus.com\/?s={search_term_string}\"},\"query-input\":{\"@type\":\"PropertyValueSpecification\",\"valueRequired\":true,\"valueName\":\"search_term_string\"}}],\"inLanguage\":\"de\"},{\"@type\":\"Organization\",\"@id\":\"https:\/\/floramurus.com\/#organization\",\"name\":\"Flora Murus\",\"url\":\"https:\/\/floramurus.com\/\",\"logo\":{\"@type\":\"ImageObject\",\"inLanguage\":\"de\",\"@id\":\"https:\/\/floramurus.com\/#\/schema\/logo\/image\/\",\"url\":\"https:\/\/floramurus.com\/wp-content\/uploads\/2024\/05\/flora-murus-logo.png\",\"contentUrl\":\"https:\/\/floramurus.com\/wp-content\/uploads\/2024\/05\/flora-murus-logo.png\",\"width\":926,\"height\":250,\"caption\":\"Flora Murus\"},\"image\":{\"@id\":\"https:\/\/floramurus.com\/#\/schema\/logo\/image\/\"}}]}<\/script>\n<!-- \/ Yoast SEO plugin. -->","yoast_head_json":{"title":"Blumenwand Rose Komposition \ud83c\udf38| Hochzeit &amp; Deko | Kaufen &amp; Mieten","description":"Entdecken Sie die sch\u00f6nsten Blumenw\u00e4nde zu erschwinglichen Preisen, um Ihr Interieur oder eine Zeremonie zu dekorieren. Realistische Blumen mit leuchtenden Farben.","robots":{"index":"index","follow":"follow","max-snippet":"max-snippet:-1","max-image-preview":"max-image-preview:large","max-video-preview":"max-video-preview:-1"},"canonical":"https:\/\/floramurus.com\/de\/p\/rosenwandarrangement\/","og_locale":"de_DE","og_type":"article","og_title":"Flower Wall Rose Composition \ud83c\udf38| Wedding & Deco | Buy & Rent","og_description":"Discover the most beautiful flower walls at affordable prices to decorate your interior or a ceremony. Realistic flowers with vibrant colors.","og_url":"https:\/\/floramurus.com\/de\/p\/rosenwandarrangement\/","og_site_name":"Flora Murus","article_modified_time":"2024-05-24T00:53:24+00:00","og_image":[{"width":597,"height":706,"url":"https:\/\/floramurus.com\/wp-content\/uploads\/2024\/05\/File_201_9d589b5d-21a8-4de7-a2b9-0e737069eecf.png","type":"image\/png"}],"twitter_card":"summary_large_image","twitter_misc":{"Gesch\u00e4tzte Lesezeit":"1\u00a0Minute"},"schema":{"@context":"https:\/\/schema.org","@graph":[{"@type":"WebPage","@id":"https:\/\/floramurus.com\/p\/rose-wall-arrangement\/","url":"https:\/\/floramurus.com\/p\/rose-wall-arrangement\/","name":"Blumenwand Rose Komposition \ud83c\udf38| Hochzeit &amp; Deko | Kaufen &amp; Mieten","isPartOf":{"@id":"https:\/\/floramurus.com\/#website"},"primaryImageOfPage":{"@id":"https:\/\/floramurus.com\/p\/rose-wall-arrangement\/#primaryimage"},"image":{"@id":"https:\/\/floramurus.com\/p\/rose-wall-arrangement\/#primaryimage"},"thumbnailUrl":"https:\/\/floramurus.com\/wp-content\/uploads\/2024\/05\/File_201_9d589b5d-21a8-4de7-a2b9-0e737069eecf.png","datePublished":"2024-05-23T05:50:03+00:00","dateModified":"2024-05-24T00:53:24+00:00","description":"Entdecken Sie die sch\u00f6nsten Blumenw\u00e4nde zu erschwinglichen Preisen, um Ihr Interieur oder eine Zeremonie zu dekorieren. Realistische Blumen mit leuchtenden Farben.","breadcrumb":{"@id":"https:\/\/floramurus.com\/p\/rose-wall-arrangement\/#breadcrumb"},"inLanguage":"de","potentialAction":[{"@type":"ReadAction","target":["https:\/\/floramurus.com\/p\/rose-wall-arrangement\/"]}]},{"@type":"ImageObject","inLanguage":"de","@id":"https:\/\/floramurus.com\/p\/rose-wall-arrangement\/#primaryimage","url":"https:\/\/floramurus.com\/wp-content\/uploads\/2024\/05\/File_201_9d589b5d-21a8-4de7-a2b9-0e737069eecf.png","contentUrl":"https:\/\/floramurus.com\/wp-content\/uploads\/2024\/05\/File_201_9d589b5d-21a8-4de7-a2b9-0e737069eecf.png","width":597,"height":706,"caption":"Elegant rose composition wall for romantic settings"},{"@type":"BreadcrumbList","@id":"https:\/\/floramurus.com\/p\/rose-wall-arrangement\/#breadcrumb","itemListElement":[{"@type":"ListItem","position":1,"name":"Home","item":"https:\/\/floramurus.com\/"},{"@type":"ListItem","position":2,"name":"Shop","item":"https:\/\/floramurus.com\/shop\/"},{"@type":"ListItem","position":3,"name":"Flower Wall Rose Composition"}]},{"@type":"WebSite","@id":"https:\/\/floramurus.com\/#website","url":"https:\/\/floramurus.com\/","name":"Flora Murus","description":"","publisher":{"@id":"https:\/\/floramurus.com\/#organization"},"potentialAction":[{"@type":"SearchAction","target":{"@type":"EntryPoint","urlTemplate":"https:\/\/floramurus.com\/?s={search_term_string}"},"query-input":{"@type":"PropertyValueSpecification","valueRequired":true,"valueName":"search_term_string"}}],"inLanguage":"de"},{"@type":"Organization","@id":"https:\/\/floramurus.com\/#organization","name":"Flora Murus","url":"https:\/\/floramurus.com\/","logo":{"@type":"ImageObject","inLanguage":"de","@id":"https:\/\/floramurus.com\/#\/schema\/logo\/image\/","url":"https:\/\/floramurus.com\/wp-content\/uploads\/2024\/05\/flora-murus-logo.png","contentUrl":"https:\/\/floramurus.com\/wp-content\/uploads\/2024\/05\/flora-murus-logo.png","width":926,"height":250,"caption":"Flora Murus"},"image":{"@id":"https:\/\/floramurus.com\/#\/schema\/logo\/image\/"}}]}},"_links":{"self":[{"href":"https:\/\/floramurus.com\/de\/wp-json\/wp\/v2\/product\/280","targetHints":{"allow":["GET"]}}],"collection":[{"href":"https:\/\/floramurus.com\/de\/wp-json\/wp\/v2\/product"}],"about":[{"href":"https:\/\/floramurus.com\/de\/wp-json\/wp\/v2\/types\/product"}],"wp:featuredmedia":[{"embeddable":true,"href":"https:\/\/floramurus.com\/de\/wp-json\/wp\/v2\/media\/279"}],"wp:attachment":[{"href":"https:\/\/floramurus.com\/de\/wp-json\/wp\/v2\/media?parent=280"}],"wp:term":[{"taxonomy":"product_brand","embeddable":true,"href":"https:\/\/floramurus.com\/de\/wp-json\/wp\/v2\/product_brand?post=280"},{"taxonomy":"product_cat","embeddable":true,"href":"https:\/\/floramurus.com\/de\/wp-json\/wp\/v2\/product_cat?post=280"},{"taxonomy":"product_tag","embeddable":true,"href":"https:\/\/floramurus.com\/de\/wp-json\/wp\/v2\/product_tag?post=280"}],"curies":[{"name":"wp","href":"https:\/\/api.w.org\/{rel}","templated":true}]}}