{"id":31,"date":"2024-04-10T02:30:24","date_gmt":"2024-04-10T02:30:24","guid":{"rendered":"https:\/\/flowerwall.kinsta.cloud\/?page_id=31"},"modified":"2025-07-02T05:44:12","modified_gmt":"2025-07-02T05:44:12","slug":"votke-meiega-uhendust","status":"publish","type":"page","link":"https:\/\/floramurus.com\/et\/votke-meiega-uhendust\/","title":{"rendered":"V\u00f5tke meiega \u00fchendust"},"content":{"rendered":"<script src=\"https:\/\/www.google.com\/recaptcha\/api.js\" async defer><\/script>\n\n    <form id=\"custom-contact-form\" method=\"post\" action=\"\" data-trp-original-action=\"\">\n        <label for=\"custom_name\">Nimi<\/label>\n        <input type=\"text\" id=\"custom_name\" name=\"custom_name\" required>\n\n        <label for=\"custom_email\">E-post<\/label>\n        <input type=\"email\" id=\"custom_email\" name=\"custom_email\" required>\n\n        <label for=\"custom_phone\">Telefon (valikuline)<\/label>\n        <input type=\"text\" id=\"custom_phone\" name=\"custom_phone\">\n\n        <label for=\"custom_message\">S\u00f5num<\/label>\n        <textarea id=\"custom_message\" name=\"custom_message\" required><\/textarea>\n\n        <button type=\"submit\" id=\"submit-button\">Saada s\u00f5num<\/button>\n\t\t<div class=\"g-recaptcha\" data-sitekey=\"6Lcrp3QrAAAAAMY_7nShl4qj-RdKLkkol1TZtp2L\"><\/div>\n\n    <input type=\"hidden\" name=\"trp-form-language\" value=\"et\"\/><\/form>\n\n    <div id=\"form-response\"><\/div>\n\n    <script type=\"text\/javascript\">\n        document.getElementById(\"custom-contact-form\").addEventListener(\"submit\", function(event){\n            event.preventDefault(); \/\/ Prevent the form from submitting normally\n\n            var formData = new FormData(this); \/\/ Get form data\n            var responseDiv = document.getElementById(\"form-response\");\n            var submitButton = document.getElementById(\"submit-button\");\n\n            \/\/ Disable the submit button and show loading spinner\n            submitButton.disabled = true;\n            responseDiv.innerHTML = \"<div id='loading-spinner' style='text-align:center;'><img src='https:\/\/floramurus.com\/wp-content\/uploads\/2025\/07\/loading-spinner-custom.gif' alt='Loading...'><\/div>\";\n    var recaptcha = document.querySelector('#g-recaptcha-response').value;\n    if (!recaptcha) {\n        responseDiv.innerHTML = \"<p style='color: red; font-weight: bold; font-size: 1.2em;'>Please complete the CAPTCHA.<\/p>\";\n        submitButton.disabled = false;\n        return;\n    }\n            \/\/ AJAX request\n            var xhr = new XMLHttpRequest();\n            xhr.open(\"POST\", window.location.href, true); \/\/ Post to the same page\n            xhr.onload = function () {\n                if (xhr.status === 200) {\n                    responseDiv.innerHTML = \"<p style='color: green; font-weight: bold; font-size: 1.2em;'>Thank you! Your message has been sent successfully.<\/p>\";\n                } else {\n                    responseDiv.innerHTML = \"<p style='color: red; font-weight: bold; font-size: 1.2em;'>Sorry, something went wrong. Please try again.<\/p>\";\n                }\n\n                \/\/ Re-enable the submit button after response\n                submitButton.disabled = false;\n            };\n            xhr.onerror = function () {\n                responseDiv.innerHTML = \"<p style='color: red; font-weight: bold; font-size: 1.2em;'>Sorry, something went wrong. Please try again.<\/p>\";\n                submitButton.disabled = false;\n            };\n            xhr.send(formData);\n        });\n    <\/script>\n\n    <style>\n        #submit-button {\n            background-color: #661731; \/* Button background color *\/\n            color: white; \/* Button text color *\/\n            padding: 10px 20px;\n            border: none;\n            cursor: pointer;\n            font-size: 1em;\n        }\n\n        #submit-button:hover {\n            background-color: #550e2f; \/* Darker background on hover *\/\n        }\n\n        #form-response {\n            margin-top: 15px;\n        }\n\n        #loading-spinner img {\n            width: 50px; \/* Adjust size *\/\n            height: 50px;\n        }\n    <\/style>\n\n    \r\n<h2>Muud viisid meiega kontakteerumiseks<\/h2>\r\n<p><strong>E-posti teel<\/strong> E-post : contact@floramurus.com Kui olete meiega \u00fchendust v\u00f5tnud e-posti teel, hindame teie kannatlikkust, sest meie meeskond t\u00f6\u00f6tab iga p\u00e4ringu vastamiseks. Anname endast parima, et vastata 48 tunni jooksul. Pange t\u00e4hele, et meie vastamisaeg v\u00f5ib viibida, kui meil on suur hulk s\u00f5numeid, eriti m\u00fc\u00fcgiperioodi ja j\u00f5ulude ajal. Anname endast parima, et vastata teile nii kiiresti kui v\u00f5imalik. T\u00e4name teid m\u00f5istmise eest.<\/p>\r\n<p><strong>Telefoni teel<\/strong> Kui teil on k\u00fcsimusi v\u00f5i muresid, palun helistage meile julgelt. Oleme rohkem kui r\u00f5\u00f5msad, et teid aidata. Meie klienditeenindus on saadaval esmasp\u00e4evast reedeni kell 8:00-20:00 UTC+11.<\/p>\r\n<p><strong>Posti teel<\/strong> Aadress : Flora Murus, Viru v\u00e4ljak 4, Tallinn 10111, Eesti Postipostile vastame tavaliselt 7-14 t\u00f6\u00f6p\u00e4eva jooksul.<\/p>\r\n<h2>Meie p\u00fchendumus suurep\u00e4rasele klienditeenindusele<\/h2>\r\nFlora Murus on p\u00fchendunud suurep\u00e4rase klienditeeninduse pakkumisele. Me usume, et meie kliendid v\u00e4\u00e4rivad meie juures ostude tegemisel parimat v\u00f5imalikku kogemust ja p\u00fc\u00fcame seda iga kord pakkuda. Meie klienditeenindusmeeskond on alati valmis vastama teie k\u00fcsimustele ja aitama teil leida teie vajadustele sobivaima toote. Me teame, et teie aeg on v\u00e4\u00e4rtuslik, seega hindame teie \u00e4ri ja t\u00e4name teid, et valisite Flora Muruse!<\/p>\r\n<h2>Privaatsus<\/h2>\r\n<p>Meie vahetused on rangelt konfidentsiaalsed ja k\u00f5ik meie vahetused j\u00e4\u00e4vad privaatseteks. Vastavalt meie privaatsuspoliitikale ei edasta me mingeid andmeid kolmandatele isikutele.<\/p>","protected":false},"excerpt":{"rendered":"Other ways to contact us By email Email : contact@ If you have reached out to us via email, we appreciate your patience as our team works to respond to each inquiry. We will do our best to answer within 48 hours. Please note that our response time may be delayed if we are experiencing [&#8230;]","protected":false},"author":1,"featured_media":0,"parent":0,"menu_order":0,"comment_status":"closed","ping_status":"closed","template":"page-blank-title-center.php","meta":{"footnotes":""},"class_list":["post-31","page","type-page","status-publish","hentry"],"yoast_head":"<!-- This site is optimized with the Yoast SEO plugin v25.9 - https:\/\/yoast.com\/wordpress\/plugins\/seo\/ -->\n<title>Contact us | Flora Murus<\/title>\n<meta name=\"robots\" content=\"noindex, follow\" \/>\n<meta property=\"og:locale\" content=\"et_EE\" \/>\n<meta property=\"og:type\" content=\"article\" \/>\n<meta property=\"og:title\" content=\"Contact us | Flora Murus\" \/>\n<meta property=\"og:description\" content=\"Other ways to contact us By email Email : contact@ If you have reached out to us via email, we appreciate your patience as our team works to respond to each inquiry. We will do our best to answer within 48 hours. Please note that our response time may be delayed if we are experiencing [...]\" \/>\n<meta property=\"og:url\" content=\"https:\/\/floramurus.com\/et\/votke-meiega-uhendust\/\" \/>\n<meta property=\"og:site_name\" content=\"Flora Murus\" \/>\n<meta property=\"article:modified_time\" content=\"2025-07-02T05:44:12+00:00\" \/>\n<meta name=\"twitter:card\" content=\"summary_large_image\" \/>\n<meta name=\"twitter:label1\" content=\"Est. reading time\" \/>\n\t<meta name=\"twitter:data1\" content=\"2 minutit\" \/>\n<script type=\"application\/ld+json\" class=\"yoast-schema-graph\">{\"@context\":\"https:\/\/schema.org\",\"@graph\":[{\"@type\":\"WebPage\",\"@id\":\"https:\/\/floramurus.com\/contact-us\/\",\"url\":\"https:\/\/floramurus.com\/contact-us\/\",\"name\":\"Contact us | Flora Murus\",\"isPartOf\":{\"@id\":\"https:\/\/floramurus.com\/#website\"},\"datePublished\":\"2024-04-10T02:30:24+00:00\",\"dateModified\":\"2025-07-02T05:44:12+00:00\",\"breadcrumb\":{\"@id\":\"https:\/\/floramurus.com\/contact-us\/#breadcrumb\"},\"inLanguage\":\"et\",\"potentialAction\":[{\"@type\":\"ReadAction\",\"target\":[\"https:\/\/floramurus.com\/contact-us\/\"]}]},{\"@type\":\"BreadcrumbList\",\"@id\":\"https:\/\/floramurus.com\/contact-us\/#breadcrumb\",\"itemListElement\":[{\"@type\":\"ListItem\",\"position\":1,\"name\":\"Home\",\"item\":\"https:\/\/floramurus.com\/\"},{\"@type\":\"ListItem\",\"position\":2,\"name\":\"Contact us\"}]},{\"@type\":\"WebSite\",\"@id\":\"https:\/\/floramurus.com\/#website\",\"url\":\"https:\/\/floramurus.com\/\",\"name\":\"Flora Murus\",\"description\":\"\",\"publisher\":{\"@id\":\"https:\/\/floramurus.com\/#organization\"},\"potentialAction\":[{\"@type\":\"SearchAction\",\"target\":{\"@type\":\"EntryPoint\",\"urlTemplate\":\"https:\/\/floramurus.com\/?s={search_term_string}\"},\"query-input\":{\"@type\":\"PropertyValueSpecification\",\"valueRequired\":true,\"valueName\":\"search_term_string\"}}],\"inLanguage\":\"et\"},{\"@type\":\"Organization\",\"@id\":\"https:\/\/floramurus.com\/#organization\",\"name\":\"Flora Murus\",\"url\":\"https:\/\/floramurus.com\/\",\"logo\":{\"@type\":\"ImageObject\",\"inLanguage\":\"et\",\"@id\":\"https:\/\/floramurus.com\/#\/schema\/logo\/image\/\",\"url\":\"https:\/\/floramurus.com\/wp-content\/uploads\/2024\/05\/flora-murus-logo.png\",\"contentUrl\":\"https:\/\/floramurus.com\/wp-content\/uploads\/2024\/05\/flora-murus-logo.png\",\"width\":926,\"height\":250,\"caption\":\"Flora Murus\"},\"image\":{\"@id\":\"https:\/\/floramurus.com\/#\/schema\/logo\/image\/\"}}]}<\/script>\n<!-- \/ Yoast SEO plugin. -->","yoast_head_json":{"title":"V\u00f5tke meiega \u00fchendust | Flora Murus","robots":{"index":"noindex","follow":"follow"},"og_locale":"et_EE","og_type":"article","og_title":"Contact us | Flora Murus","og_description":"Other ways to contact us By email Email : contact@ If you have reached out to us via email, we appreciate your patience as our team works to respond to each inquiry. We will do our best to answer within 48 hours. Please note that our response time may be delayed if we are experiencing [...]","og_url":"https:\/\/floramurus.com\/et\/votke-meiega-uhendust\/","og_site_name":"Flora Murus","article_modified_time":"2025-07-02T05:44:12+00:00","twitter_card":"summary_large_image","twitter_misc":{"Est. reading time":"2 minutit"},"schema":{"@context":"https:\/\/schema.org","@graph":[{"@type":"WebPage","@id":"https:\/\/floramurus.com\/contact-us\/","url":"https:\/\/floramurus.com\/contact-us\/","name":"V\u00f5tke meiega \u00fchendust | Flora Murus","isPartOf":{"@id":"https:\/\/floramurus.com\/#website"},"datePublished":"2024-04-10T02:30:24+00:00","dateModified":"2025-07-02T05:44:12+00:00","breadcrumb":{"@id":"https:\/\/floramurus.com\/contact-us\/#breadcrumb"},"inLanguage":"et","potentialAction":[{"@type":"ReadAction","target":["https:\/\/floramurus.com\/contact-us\/"]}]},{"@type":"BreadcrumbList","@id":"https:\/\/floramurus.com\/contact-us\/#breadcrumb","itemListElement":[{"@type":"ListItem","position":1,"name":"Home","item":"https:\/\/floramurus.com\/"},{"@type":"ListItem","position":2,"name":"Contact us"}]},{"@type":"WebSite","@id":"https:\/\/floramurus.com\/#website","url":"https:\/\/floramurus.com\/","name":"Flora Murus","description":"","publisher":{"@id":"https:\/\/floramurus.com\/#organization"},"potentialAction":[{"@type":"SearchAction","target":{"@type":"EntryPoint","urlTemplate":"https:\/\/floramurus.com\/?s={search_term_string}"},"query-input":{"@type":"PropertyValueSpecification","valueRequired":true,"valueName":"search_term_string"}}],"inLanguage":"et"},{"@type":"Organization","@id":"https:\/\/floramurus.com\/#organization","name":"Flora Murus","url":"https:\/\/floramurus.com\/","logo":{"@type":"ImageObject","inLanguage":"et","@id":"https:\/\/floramurus.com\/#\/schema\/logo\/image\/","url":"https:\/\/floramurus.com\/wp-content\/uploads\/2024\/05\/flora-murus-logo.png","contentUrl":"https:\/\/floramurus.com\/wp-content\/uploads\/2024\/05\/flora-murus-logo.png","width":926,"height":250,"caption":"Flora Murus"},"image":{"@id":"https:\/\/floramurus.com\/#\/schema\/logo\/image\/"}}]}},"_links":{"self":[{"href":"https:\/\/floramurus.com\/et\/wp-json\/wp\/v2\/pages\/31","targetHints":{"allow":["GET"]}}],"collection":[{"href":"https:\/\/floramurus.com\/et\/wp-json\/wp\/v2\/pages"}],"about":[{"href":"https:\/\/floramurus.com\/et\/wp-json\/wp\/v2\/types\/page"}],"author":[{"embeddable":true,"href":"https:\/\/floramurus.com\/et\/wp-json\/wp\/v2\/users\/1"}],"replies":[{"embeddable":true,"href":"https:\/\/floramurus.com\/et\/wp-json\/wp\/v2\/comments?post=31"}],"version-history":[{"count":7,"href":"https:\/\/floramurus.com\/et\/wp-json\/wp\/v2\/pages\/31\/revisions"}],"predecessor-version":[{"id":459,"href":"https:\/\/floramurus.com\/et\/wp-json\/wp\/v2\/pages\/31\/revisions\/459"}],"wp:attachment":[{"href":"https:\/\/floramurus.com\/et\/wp-json\/wp\/v2\/media?parent=31"}],"curies":[{"name":"wp","href":"https:\/\/api.w.org\/{rel}","templated":true}]}}