{"id":33,"date":"2024-04-10T02:29:16","date_gmt":"2024-04-10T02:29:16","guid":{"rendered":"https:\/\/flowerwall.kinsta.cloud\/?page_id=33"},"modified":"2024-06-15T12:32:59","modified_gmt":"2024-06-15T12:32:59","slug":"meist","status":"publish","type":"page","link":"https:\/\/floramurus.com\/et\/meist\/","title":{"rendered":"Meie kohta"},"content":{"rendered":"<h2>Flora Muruse kohta<\/h2>\r\n<p>Tere tulemast Flora Murusesse, kus iga lillesein on ilu l\u00f5uend, mis ootab, et muuta teie erilised hetked. Meie Eesti s\u00fcdames asuv t\u00f6\u00f6koda \u00e4ratab ellu k\u00e4sitsi valmistatud lilleseinte peene v\u00f5lu, \u00fchendades sujuvalt traditsiooni ja kaasaegse elegantsi. \ud83c\udf38\ud83c\udde6\ud83c\uddfa<\/p>\r\n\r\n<h2>Tutvuge asutaja<\/h2>\r\n<p><strong>Amanda - Vision\u00e4\u00e4rne lillepoodnik<\/strong><\/p>\r\n<p>Emma teekond floristide maailma algas 2017. aastal oma esimese kaupluse avamisega. See, mis algas v\u00e4ikese ruumina, \u00f5itses loovuse ja kire keskuseks. \ud83c\udf3f\ud83d\udc90 Emma usub lillede j\u00f5usse, millega saab v\u00e4ljendada emotsioone, t\u00e4histada hetki ja tuua looduskaunist puudutust meie ellu. Tema p\u00fchendumus oma k\u00e4sit\u00f6\u00f6le ja armastus seda teistega jagada teevad Flora Murusest rohkem kui lihtsalt br\u00e4ndi.<\/p>\r\n\r\n<h2>Flora Muruse teekond<\/h2>\r\n<p>Flora Muruse teekond alates meie tagasihoidlikust algusest Eestis kuni meie kujunemiseni hinnatud nimeks k\u00e4sit\u00f6\u00f6na valmistatud lilleseinte valdkonnas on olnud kasv, inspiratsioon ja ilu. Iga meie loodud sein on tunnistus meie p\u00fchendumusest kvaliteedile, kunstnikule ja lilleseadmise r\u00f5\u00f5mule. Meie looming on inspireeritud Eesti looduslikust ilust, elavatest maastikest ja inimeste lugudest, kellega me kohtume. \ud83c\udf0f\ud83c\udfa8<\/p>\r\n\r\n<h2>Meie visioon<\/h2>\r\n<p>Flora Muruse n\u00e4gemus ulatub kaugemale kui vaid lummavate lilleseinte valmistamine. Meie eesm\u00e4rk on <strong>inspireerida, \u00fchendada ja t\u00e4histada<\/strong> olulised hetked elus. Meie loomingu eesm\u00e4rk ei ole mitte ainult kaunistada, vaid tekitada m\u00e4lestusi, emotsioone ja \u00fchtekuuluvustunnet. Me usume, et <em>j\u00e4tkusuutlik ilu<\/em>... <em>k\u00e4sit\u00f6\u00f6 kunst<\/em>ja <em>kogukonna t\u00e4htsus<\/em>. Liitu meiega sellel teekonnal ja teeme maailma ilusamaks, \u00fcks lillesein korraga. \ud83c\udf3c\ud83c\udf39<\/p>\r\n\r\n<p>T\u00e4name teid, et valisite Flora Muruse. J\u00e4tkame koos elu verstapostide t\u00e4histamist elegantsi, ilu ja looduse v\u00f5luga.<\/p>","protected":false},"excerpt":{"rendered":"About Flora Murus Welcome to Flora Murus, where every flower wall is a canvas of beauty waiting to transform your special moments. Nestled in the heart of , our workshop brings to life the exquisite charm of handcrafted floral walls, seamlessly blending tradition with contemporary elegance. \ud83c\udf38\ud83c\udde6\ud83c\uddfa Meet The Founder Amanda \u2013 A Visionary Florist [&#8230;]","protected":false},"author":1,"featured_media":0,"parent":0,"menu_order":0,"comment_status":"closed","ping_status":"closed","template":"page-blank-title-center.php","meta":{"footnotes":""},"class_list":["post-33","page","type-page","status-publish","hentry"],"yoast_head":"<!-- This site is optimized with the Yoast SEO plugin v25.9 - https:\/\/yoast.com\/wordpress\/plugins\/seo\/ -->\n<title>About us | Flora Murus<\/title>\n<meta name=\"robots\" content=\"index, follow, max-snippet:-1, max-image-preview:large, max-video-preview:-1\" \/>\n<link rel=\"canonical\" href=\"https:\/\/floramurus.com\/et\/meist\/\" \/>\n<meta property=\"og:locale\" content=\"et_EE\" \/>\n<meta property=\"og:type\" content=\"article\" \/>\n<meta property=\"og:title\" content=\"About us | Flora Murus\" \/>\n<meta property=\"og:description\" content=\"About Flora Murus Welcome to Flora Murus, where every flower wall is a canvas of beauty waiting to transform your special moments. Nestled in the heart of , our workshop brings to life the exquisite charm of handcrafted floral walls, seamlessly blending tradition with contemporary elegance. \ud83c\udf38\ud83c\udde6\ud83c\uddfa Meet The Founder Amanda \u2013 A Visionary Florist [...]\" \/>\n<meta property=\"og:url\" content=\"https:\/\/floramurus.com\/et\/meist\/\" \/>\n<meta property=\"og:site_name\" content=\"Flora Murus\" \/>\n<meta property=\"article:modified_time\" content=\"2024-06-15T12:32:59+00:00\" \/>\n<meta name=\"twitter:card\" content=\"summary_large_image\" \/>\n<meta name=\"twitter:label1\" content=\"Est. reading time\" \/>\n\t<meta name=\"twitter:data1\" content=\"2 minutit\" \/>\n<script type=\"application\/ld+json\" class=\"yoast-schema-graph\">{\"@context\":\"https:\/\/schema.org\",\"@graph\":[{\"@type\":\"WebPage\",\"@id\":\"https:\/\/floramurus.com\/about-us\/\",\"url\":\"https:\/\/floramurus.com\/about-us\/\",\"name\":\"About us | Flora Murus\",\"isPartOf\":{\"@id\":\"https:\/\/floramurus.com\/#website\"},\"datePublished\":\"2024-04-10T02:29:16+00:00\",\"dateModified\":\"2024-06-15T12:32:59+00:00\",\"breadcrumb\":{\"@id\":\"https:\/\/floramurus.com\/about-us\/#breadcrumb\"},\"inLanguage\":\"et\",\"potentialAction\":[{\"@type\":\"ReadAction\",\"target\":[\"https:\/\/floramurus.com\/about-us\/\"]}]},{\"@type\":\"BreadcrumbList\",\"@id\":\"https:\/\/floramurus.com\/about-us\/#breadcrumb\",\"itemListElement\":[{\"@type\":\"ListItem\",\"position\":1,\"name\":\"Home\",\"item\":\"https:\/\/floramurus.com\/\"},{\"@type\":\"ListItem\",\"position\":2,\"name\":\"About us\"}]},{\"@type\":\"WebSite\",\"@id\":\"https:\/\/floramurus.com\/#website\",\"url\":\"https:\/\/floramurus.com\/\",\"name\":\"Flora Murus\",\"description\":\"\",\"publisher\":{\"@id\":\"https:\/\/floramurus.com\/#organization\"},\"potentialAction\":[{\"@type\":\"SearchAction\",\"target\":{\"@type\":\"EntryPoint\",\"urlTemplate\":\"https:\/\/floramurus.com\/?s={search_term_string}\"},\"query-input\":{\"@type\":\"PropertyValueSpecification\",\"valueRequired\":true,\"valueName\":\"search_term_string\"}}],\"inLanguage\":\"et\"},{\"@type\":\"Organization\",\"@id\":\"https:\/\/floramurus.com\/#organization\",\"name\":\"Flora Murus\",\"url\":\"https:\/\/floramurus.com\/\",\"logo\":{\"@type\":\"ImageObject\",\"inLanguage\":\"et\",\"@id\":\"https:\/\/floramurus.com\/#\/schema\/logo\/image\/\",\"url\":\"https:\/\/floramurus.com\/wp-content\/uploads\/2024\/05\/flora-murus-logo.png\",\"contentUrl\":\"https:\/\/floramurus.com\/wp-content\/uploads\/2024\/05\/flora-murus-logo.png\",\"width\":926,\"height\":250,\"caption\":\"Flora Murus\"},\"image\":{\"@id\":\"https:\/\/floramurus.com\/#\/schema\/logo\/image\/\"}}]}<\/script>\n<!-- \/ Yoast SEO plugin. -->","yoast_head_json":{"title":"Meist | Flora Murus","robots":{"index":"index","follow":"follow","max-snippet":"max-snippet:-1","max-image-preview":"max-image-preview:large","max-video-preview":"max-video-preview:-1"},"canonical":"https:\/\/floramurus.com\/et\/meist\/","og_locale":"et_EE","og_type":"article","og_title":"About us | Flora Murus","og_description":"About Flora Murus Welcome to Flora Murus, where every flower wall is a canvas of beauty waiting to transform your special moments. Nestled in the heart of , our workshop brings to life the exquisite charm of handcrafted floral walls, seamlessly blending tradition with contemporary elegance. \ud83c\udf38\ud83c\udde6\ud83c\uddfa Meet The Founder Amanda \u2013 A Visionary Florist [...]","og_url":"https:\/\/floramurus.com\/et\/meist\/","og_site_name":"Flora Murus","article_modified_time":"2024-06-15T12:32:59+00:00","twitter_card":"summary_large_image","twitter_misc":{"Est. reading time":"2 minutit"},"schema":{"@context":"https:\/\/schema.org","@graph":[{"@type":"WebPage","@id":"https:\/\/floramurus.com\/about-us\/","url":"https:\/\/floramurus.com\/about-us\/","name":"Meist | Flora Murus","isPartOf":{"@id":"https:\/\/floramurus.com\/#website"},"datePublished":"2024-04-10T02:29:16+00:00","dateModified":"2024-06-15T12:32:59+00:00","breadcrumb":{"@id":"https:\/\/floramurus.com\/about-us\/#breadcrumb"},"inLanguage":"et","potentialAction":[{"@type":"ReadAction","target":["https:\/\/floramurus.com\/about-us\/"]}]},{"@type":"BreadcrumbList","@id":"https:\/\/floramurus.com\/about-us\/#breadcrumb","itemListElement":[{"@type":"ListItem","position":1,"name":"Home","item":"https:\/\/floramurus.com\/"},{"@type":"ListItem","position":2,"name":"About us"}]},{"@type":"WebSite","@id":"https:\/\/floramurus.com\/#website","url":"https:\/\/floramurus.com\/","name":"Flora Murus","description":"","publisher":{"@id":"https:\/\/floramurus.com\/#organization"},"potentialAction":[{"@type":"SearchAction","target":{"@type":"EntryPoint","urlTemplate":"https:\/\/floramurus.com\/?s={search_term_string}"},"query-input":{"@type":"PropertyValueSpecification","valueRequired":true,"valueName":"search_term_string"}}],"inLanguage":"et"},{"@type":"Organization","@id":"https:\/\/floramurus.com\/#organization","name":"Flora Murus","url":"https:\/\/floramurus.com\/","logo":{"@type":"ImageObject","inLanguage":"et","@id":"https:\/\/floramurus.com\/#\/schema\/logo\/image\/","url":"https:\/\/floramurus.com\/wp-content\/uploads\/2024\/05\/flora-murus-logo.png","contentUrl":"https:\/\/floramurus.com\/wp-content\/uploads\/2024\/05\/flora-murus-logo.png","width":926,"height":250,"caption":"Flora Murus"},"image":{"@id":"https:\/\/floramurus.com\/#\/schema\/logo\/image\/"}}]}},"_links":{"self":[{"href":"https:\/\/floramurus.com\/et\/wp-json\/wp\/v2\/pages\/33","targetHints":{"allow":["GET"]}}],"collection":[{"href":"https:\/\/floramurus.com\/et\/wp-json\/wp\/v2\/pages"}],"about":[{"href":"https:\/\/floramurus.com\/et\/wp-json\/wp\/v2\/types\/page"}],"author":[{"embeddable":true,"href":"https:\/\/floramurus.com\/et\/wp-json\/wp\/v2\/users\/1"}],"replies":[{"embeddable":true,"href":"https:\/\/floramurus.com\/et\/wp-json\/wp\/v2\/comments?post=33"}],"version-history":[{"count":3,"href":"https:\/\/floramurus.com\/et\/wp-json\/wp\/v2\/pages\/33\/revisions"}],"predecessor-version":[{"id":391,"href":"https:\/\/floramurus.com\/et\/wp-json\/wp\/v2\/pages\/33\/revisions\/391"}],"wp:attachment":[{"href":"https:\/\/floramurus.com\/et\/wp-json\/wp\/v2\/media?parent=33"}],"curies":[{"name":"wp","href":"https:\/\/api.w.org\/{rel}","templated":true}]}}