{"id":255,"date":"2024-05-23T05:49:33","date_gmt":"2024-05-23T05:49:33","guid":{"rendered":"https:\/\/floramurus.com\/p\/flower-wall-red-passion\/"},"modified":"2024-05-24T00:55:50","modified_gmt":"2024-05-24T00:55:50","slug":"lille-sein-punane-kirg","status":"publish","type":"product","link":"https:\/\/floramurus.com\/et\/p\/lille-sein-punane-kirg\/","title":{"rendered":"<span>Lillede sein <\/span><span class=\"product-title-custom\"> Passion Red<\/span>"},"content":{"rendered":"<p>Lilled, et tuua pehmust, ilu ja loodust oma keskkonda: see on v\u00f5imalik lilleseinapaneelidega. See v\u00e4rviline ja r\u00f5\u00f5msameelne kompositsioon sobitub igasse ruumi, lisades soojust ja ainulaadset puudutust.<br>Teie elutoas, seinal v\u00f5i erilise s\u00fcndmuse puhul, nagu pulmad v\u00f5i ristimine, taustaks, et r\u00f5hutada fotot, k\u00f5ik kasutusviisid on v\u00f5imalikud!<\/p>","protected":false},"excerpt":{"rendered":"Flowers to bring softness, beauty, and nature into your environment: it&#8217;s possible with flower wall panels. This colorful and cheerful composition adapts to any space, adding warmth and a unique touch.In your living room, on your walls, or at a special event like your wedding or a christening, as a backdrop to enhance a photo, [&#8230;]","protected":false},"featured_media":254,"template":"","meta":[],"product_brand":[],"product_cat":[15,25],"product_tag":[],"class_list":{"0":"post-255","1":"product","2":"type-product","3":"status-publish","4":"has-post-thumbnail","6":"product_cat-all-products","7":"product_cat-red-floral-wall-backdrop","9":"first","10":"instock","11":"shipping-taxable","12":"purchasable","13":"product-type-simple"},"yoast_head":"<!-- This site is optimized with the Yoast SEO plugin v25.9 - https:\/\/yoast.com\/wordpress\/plugins\/seo\/ -->\n<title>Flower Wall Passion Red \ud83c\udf38| Wedding &amp; Deco | Buy &amp; Rent<\/title>\n<meta name=\"description\" content=\"Discover the most beautiful flower walls at affordable prices to decorate your interior or a ceremony. Realistic flowers with vibrant colors.\" \/>\n<meta name=\"robots\" content=\"index, follow, max-snippet:-1, max-image-preview:large, max-video-preview:-1\" \/>\n<link rel=\"canonical\" href=\"https:\/\/floramurus.com\/et\/p\/lille-sein-punane-kirg\/\" \/>\n<meta property=\"og:locale\" content=\"et_EE\" \/>\n<meta property=\"og:type\" content=\"article\" \/>\n<meta property=\"og:title\" content=\"Flower Wall Passion Red \ud83c\udf38| Wedding &amp; Deco | Buy &amp; Rent\" \/>\n<meta property=\"og:description\" content=\"Discover the most beautiful flower walls at affordable prices to decorate your interior or a ceremony. Realistic flowers with vibrant colors.\" \/>\n<meta property=\"og:url\" content=\"https:\/\/floramurus.com\/et\/p\/lille-sein-punane-kirg\/\" \/>\n<meta property=\"og:site_name\" content=\"Flora Murus\" \/>\n<meta property=\"article:modified_time\" content=\"2024-05-24T00:55:50+00:00\" \/>\n<meta property=\"og:image\" content=\"https:\/\/floramurus.com\/wp-content\/uploads\/2024\/05\/File_201_d5134337-2970-44a6-8d20-ecf427df21f9.png\" \/>\n\t<meta property=\"og:image:width\" content=\"596\" \/>\n\t<meta property=\"og:image:height\" content=\"708\" \/>\n\t<meta property=\"og:image:type\" content=\"image\/png\" \/>\n<meta name=\"twitter:card\" content=\"summary_large_image\" \/>\n<meta name=\"twitter:label1\" content=\"Est. reading time\" \/>\n\t<meta name=\"twitter:data1\" content=\"1 minut\" \/>\n<script type=\"application\/ld+json\" class=\"yoast-schema-graph\">{\"@context\":\"https:\/\/schema.org\",\"@graph\":[{\"@type\":\"WebPage\",\"@id\":\"https:\/\/floramurus.com\/p\/flower-wall-red-passion\/\",\"url\":\"https:\/\/floramurus.com\/p\/flower-wall-red-passion\/\",\"name\":\"Flower Wall Passion Red \ud83c\udf38| Wedding & Deco | Buy & Rent\",\"isPartOf\":{\"@id\":\"https:\/\/floramurus.com\/#website\"},\"primaryImageOfPage\":{\"@id\":\"https:\/\/floramurus.com\/p\/flower-wall-red-passion\/#primaryimage\"},\"image\":{\"@id\":\"https:\/\/floramurus.com\/p\/flower-wall-red-passion\/#primaryimage\"},\"thumbnailUrl\":\"https:\/\/floramurus.com\/wp-content\/uploads\/2024\/05\/File_201_d5134337-2970-44a6-8d20-ecf427df21f9.png\",\"datePublished\":\"2024-05-23T05:49:33+00:00\",\"dateModified\":\"2024-05-24T00:55:50+00:00\",\"description\":\"Discover the most beautiful flower walls at affordable prices to decorate your interior or a ceremony. Realistic flowers with vibrant colors.\",\"breadcrumb\":{\"@id\":\"https:\/\/floramurus.com\/p\/flower-wall-red-passion\/#breadcrumb\"},\"inLanguage\":\"et\",\"potentialAction\":[{\"@type\":\"ReadAction\",\"target\":[\"https:\/\/floramurus.com\/p\/flower-wall-red-passion\/\"]}]},{\"@type\":\"ImageObject\",\"inLanguage\":\"et\",\"@id\":\"https:\/\/floramurus.com\/p\/flower-wall-red-passion\/#primaryimage\",\"url\":\"https:\/\/floramurus.com\/wp-content\/uploads\/2024\/05\/File_201_d5134337-2970-44a6-8d20-ecf427df21f9.png\",\"contentUrl\":\"https:\/\/floramurus.com\/wp-content\/uploads\/2024\/05\/File_201_d5134337-2970-44a6-8d20-ecf427df21f9.png\",\"width\":596,\"height\":708,\"caption\":\"Intense red passion flower wall for dramatic flair\"},{\"@type\":\"BreadcrumbList\",\"@id\":\"https:\/\/floramurus.com\/p\/flower-wall-red-passion\/#breadcrumb\",\"itemListElement\":[{\"@type\":\"ListItem\",\"position\":1,\"name\":\"Home\",\"item\":\"https:\/\/floramurus.com\/\"},{\"@type\":\"ListItem\",\"position\":2,\"name\":\"Shop\",\"item\":\"https:\/\/floramurus.com\/shop\/\"},{\"@type\":\"ListItem\",\"position\":3,\"name\":\"Flower Wall Passion Red\"}]},{\"@type\":\"WebSite\",\"@id\":\"https:\/\/floramurus.com\/#website\",\"url\":\"https:\/\/floramurus.com\/\",\"name\":\"Flora Murus\",\"description\":\"\",\"publisher\":{\"@id\":\"https:\/\/floramurus.com\/#organization\"},\"potentialAction\":[{\"@type\":\"SearchAction\",\"target\":{\"@type\":\"EntryPoint\",\"urlTemplate\":\"https:\/\/floramurus.com\/?s={search_term_string}\"},\"query-input\":{\"@type\":\"PropertyValueSpecification\",\"valueRequired\":true,\"valueName\":\"search_term_string\"}}],\"inLanguage\":\"et\"},{\"@type\":\"Organization\",\"@id\":\"https:\/\/floramurus.com\/#organization\",\"name\":\"Flora Murus\",\"url\":\"https:\/\/floramurus.com\/\",\"logo\":{\"@type\":\"ImageObject\",\"inLanguage\":\"et\",\"@id\":\"https:\/\/floramurus.com\/#\/schema\/logo\/image\/\",\"url\":\"https:\/\/floramurus.com\/wp-content\/uploads\/2024\/05\/flora-murus-logo.png\",\"contentUrl\":\"https:\/\/floramurus.com\/wp-content\/uploads\/2024\/05\/flora-murus-logo.png\",\"width\":926,\"height\":250,\"caption\":\"Flora Murus\"},\"image\":{\"@id\":\"https:\/\/floramurus.com\/#\/schema\/logo\/image\/\"}}]}<\/script>\n<!-- \/ Yoast SEO plugin. -->","yoast_head_json":{"title":"Flower Wall Passion Red \ud83c\udf38| Pulmad ja dekoratsioonid | Osta &amp; Rendi","description":"Avastage k\u00f5ige kaunimad lilleseinad taskukohaste hindadega, et kaunistada oma interj\u00f6\u00f6ri v\u00f5i tseremooniat. Realistlikud lilled elavate v\u00e4rvidega.","robots":{"index":"index","follow":"follow","max-snippet":"max-snippet:-1","max-image-preview":"max-image-preview:large","max-video-preview":"max-video-preview:-1"},"canonical":"https:\/\/floramurus.com\/et\/p\/lille-sein-punane-kirg\/","og_locale":"et_EE","og_type":"article","og_title":"Flower Wall Passion Red \ud83c\udf38| Wedding & Deco | Buy & Rent","og_description":"Discover the most beautiful flower walls at affordable prices to decorate your interior or a ceremony. Realistic flowers with vibrant colors.","og_url":"https:\/\/floramurus.com\/et\/p\/lille-sein-punane-kirg\/","og_site_name":"Flora Murus","article_modified_time":"2024-05-24T00:55:50+00:00","og_image":[{"width":596,"height":708,"url":"https:\/\/floramurus.com\/wp-content\/uploads\/2024\/05\/File_201_d5134337-2970-44a6-8d20-ecf427df21f9.png","type":"image\/png"}],"twitter_card":"summary_large_image","twitter_misc":{"Est. reading time":"1 minut"},"schema":{"@context":"https:\/\/schema.org","@graph":[{"@type":"WebPage","@id":"https:\/\/floramurus.com\/p\/flower-wall-red-passion\/","url":"https:\/\/floramurus.com\/p\/flower-wall-red-passion\/","name":"Flower Wall Passion Red \ud83c\udf38| Pulmad ja dekoratsioonid | Osta &amp; Rendi","isPartOf":{"@id":"https:\/\/floramurus.com\/#website"},"primaryImageOfPage":{"@id":"https:\/\/floramurus.com\/p\/flower-wall-red-passion\/#primaryimage"},"image":{"@id":"https:\/\/floramurus.com\/p\/flower-wall-red-passion\/#primaryimage"},"thumbnailUrl":"https:\/\/floramurus.com\/wp-content\/uploads\/2024\/05\/File_201_d5134337-2970-44a6-8d20-ecf427df21f9.png","datePublished":"2024-05-23T05:49:33+00:00","dateModified":"2024-05-24T00:55:50+00:00","description":"Avastage k\u00f5ige kaunimad lilleseinad taskukohaste hindadega, et kaunistada oma interj\u00f6\u00f6ri v\u00f5i tseremooniat. Realistlikud lilled elavate v\u00e4rvidega.","breadcrumb":{"@id":"https:\/\/floramurus.com\/p\/flower-wall-red-passion\/#breadcrumb"},"inLanguage":"et","potentialAction":[{"@type":"ReadAction","target":["https:\/\/floramurus.com\/p\/flower-wall-red-passion\/"]}]},{"@type":"ImageObject","inLanguage":"et","@id":"https:\/\/floramurus.com\/p\/flower-wall-red-passion\/#primaryimage","url":"https:\/\/floramurus.com\/wp-content\/uploads\/2024\/05\/File_201_d5134337-2970-44a6-8d20-ecf427df21f9.png","contentUrl":"https:\/\/floramurus.com\/wp-content\/uploads\/2024\/05\/File_201_d5134337-2970-44a6-8d20-ecf427df21f9.png","width":596,"height":708,"caption":"Intense red passion flower wall for dramatic flair"},{"@type":"BreadcrumbList","@id":"https:\/\/floramurus.com\/p\/flower-wall-red-passion\/#breadcrumb","itemListElement":[{"@type":"ListItem","position":1,"name":"Home","item":"https:\/\/floramurus.com\/"},{"@type":"ListItem","position":2,"name":"Shop","item":"https:\/\/floramurus.com\/shop\/"},{"@type":"ListItem","position":3,"name":"Flower Wall Passion Red"}]},{"@type":"WebSite","@id":"https:\/\/floramurus.com\/#website","url":"https:\/\/floramurus.com\/","name":"Flora Murus","description":"","publisher":{"@id":"https:\/\/floramurus.com\/#organization"},"potentialAction":[{"@type":"SearchAction","target":{"@type":"EntryPoint","urlTemplate":"https:\/\/floramurus.com\/?s={search_term_string}"},"query-input":{"@type":"PropertyValueSpecification","valueRequired":true,"valueName":"search_term_string"}}],"inLanguage":"et"},{"@type":"Organization","@id":"https:\/\/floramurus.com\/#organization","name":"Flora Murus","url":"https:\/\/floramurus.com\/","logo":{"@type":"ImageObject","inLanguage":"et","@id":"https:\/\/floramurus.com\/#\/schema\/logo\/image\/","url":"https:\/\/floramurus.com\/wp-content\/uploads\/2024\/05\/flora-murus-logo.png","contentUrl":"https:\/\/floramurus.com\/wp-content\/uploads\/2024\/05\/flora-murus-logo.png","width":926,"height":250,"caption":"Flora Murus"},"image":{"@id":"https:\/\/floramurus.com\/#\/schema\/logo\/image\/"}}]}},"_links":{"self":[{"href":"https:\/\/floramurus.com\/et\/wp-json\/wp\/v2\/product\/255","targetHints":{"allow":["GET"]}}],"collection":[{"href":"https:\/\/floramurus.com\/et\/wp-json\/wp\/v2\/product"}],"about":[{"href":"https:\/\/floramurus.com\/et\/wp-json\/wp\/v2\/types\/product"}],"wp:featuredmedia":[{"embeddable":true,"href":"https:\/\/floramurus.com\/et\/wp-json\/wp\/v2\/media\/254"}],"wp:attachment":[{"href":"https:\/\/floramurus.com\/et\/wp-json\/wp\/v2\/media?parent=255"}],"wp:term":[{"taxonomy":"product_brand","embeddable":true,"href":"https:\/\/floramurus.com\/et\/wp-json\/wp\/v2\/product_brand?post=255"},{"taxonomy":"product_cat","embeddable":true,"href":"https:\/\/floramurus.com\/et\/wp-json\/wp\/v2\/product_cat?post=255"},{"taxonomy":"product_tag","embeddable":true,"href":"https:\/\/floramurus.com\/et\/wp-json\/wp\/v2\/product_tag?post=255"}],"curies":[{"name":"wp","href":"https:\/\/api.w.org\/{rel}","templated":true}]}}