{"id":24,"date":"2024-04-10T02:26:26","date_gmt":"2024-04-10T02:26:26","guid":{"rendered":"https:\/\/flowerwall.kinsta.cloud\/?page_id=24"},"modified":"2024-04-10T02:26:26","modified_gmt":"2024-04-10T02:26:26","slug":"hyvitys-ja-palautusehdot","status":"publish","type":"page","link":"https:\/\/floramurus.com\/fi\/hyvitys-ja-palautusehdot\/","title":{"rendered":"Palautus- ja palautusk\u00e4yt\u00e4nt\u00f6"},"content":{"rendered":"<h2>Haluaisin <strong>return<\/strong> tai <strong>vaihto*<\/strong> tuote, joka ei sovi minulle.<\/h2>\r\n<strong>Vaihe 1:<\/strong> Jos haluatte <strong>return<\/strong> tai <strong>vaihto<\/strong> Tuotteesi (saadaksesi eri koon tai v\u00e4rin), varmista, ett\u00e4 t\u00e4yt\u00e4t seuraavat ehdot:\r\n<ul>\r\n \t<li>Sinulla on 14 p\u00e4iv\u00e4\u00e4 aikaa palauttaa pakettisi meille sen vastaanottamisen j\u00e4lkeen.<\/li>\r\n \t<li>Tarrat on kiinnitett\u00e4v\u00e4 tuotteeseen samalla tavalla kuin se on vastaanotettu.<\/li>\r\n \t<li>Tuotteen on oltava alkuper\u00e4isess\u00e4 pakkauksessaan.<\/li>\r\n<\/ul>\r\n<strong>Vaihe 2:<\/strong> Ota meihin yhteytt\u00e4 s\u00e4hk\u00f6postitse osoitteeseen contact@floramurus.com tai suoraan yhteystietojemme kautta.\r\n\r\nVarmista, ett\u00e4 s\u00e4hk\u00f6postiviestiss\u00e4si on seuraavat tiedot: oma osoitteesi.\u00a0<strong>tilausnumero<\/strong>, <strong>palautettujen tuotteiden nimet<\/strong>sek\u00e4 <strong>mit\u00e4 haluatte saada palautuksesta<\/strong> (hyvitys, kuponki tai vaihto toiseen kokoon\/v\u00e4riin).\r\n\r\n<strong>Vaihe 3:<\/strong>\u00a0Vastaamme sinulle 48 tunnin kuluessa ja ilmoitamme postiosoitteen, johon palautat tavarat.\r\n\r\nIlmoitetaan, ett\u00e4\u00a0<strong>palautuksen toimituskulut j\u00e4\u00e4v\u00e4t sinun maksettavaksesi<\/strong>.\r\n\r\n<em>Tuotteet on palautettava alkuper\u00e4isess\u00e4 kunnossa. Tuotteita, jotka on pesty tai k\u00e4ytetty (ilman etiketti\u00e4), ei voida palauttaa tai hyvitt\u00e4\u00e4.<\/em>\r\n\r\n<strong>Vaihe 4<\/strong>: Vahvista meille s\u00e4hk\u00f6postitse, ett\u00e4 tuotteesi on toimitettu ja anna meille seuraavat tiedot.\u00a0<strong>paketin l\u00e4hetysnumero<\/strong>.\r\n\r\nN\u00e4in voimme maksaa mahdolliset tullimaksut.\u00a0<strong>Jos meill\u00e4 ei ole n\u00e4it\u00e4 tietoja, emme voi maksaa tullimaksuja ja pakettisi palautetaan sinulle automaattisesti.<\/strong>.\r\n\r\n<strong>Vaihe 5:<\/strong> Heti kun saamme kohteet, ne tarkastetaan ja pyynn\u00f6st\u00e4si me:\r\n<ul>\r\n \t<li>Palauta tuotteesi: saat s\u00e4hk\u00f6postiviestin, jossa vahvistetaan tilauksesi palautus.<\/li>\r\n \t<li>Vaihda tuotteesi: Saat s\u00e4hk\u00f6postiviestin, jossa vahvistetaan vaihto sek\u00e4 uusi tilausnumero.<\/li>\r\n<\/ul>\r\nFlora Murus pid\u00e4tt\u00e4\u00e4 oikeuden kielt\u00e4yty\u00e4 palautuksista, jotka on l\u00e4hetetty tai ilmoitettu palautusviiveen j\u00e4lkeen, tai tuotteista, jotka eiv\u00e4t ole samassa kunnossa kuin ne on vastaanotettu. Kun palautus on hyv\u00e4ksytty, sinulle palautetaan rahat takaisin kautta. <strong>sama maksutapa, jota k\u00e4ytettiin ostoksen tekemiseen<\/strong>. Palautusviive on enint\u00e4\u00e4n 10 p\u00e4iv\u00e4\u00e4. Huomaa, ett\u00e4 pankkitilisi palautuksen viiv\u00e4styminen riippuu aina pankistasi.","protected":false},"excerpt":{"rendered":"I would like to return or exchange* an item that does not suit me. Step 1: If you would like to return or exchange your item (to get a different size or color), please make sure that you meet the following conditions: You have 14 days following the reception of your package to return it [&#8230;]","protected":false},"author":1,"featured_media":0,"parent":0,"menu_order":0,"comment_status":"closed","ping_status":"closed","template":"page-blank-title-center.php","meta":{"footnotes":""},"class_list":["post-24","page","type-page","status-publish","hentry"],"yoast_head":"<!-- This site is optimized with the Yoast SEO plugin v25.9 - https:\/\/yoast.com\/wordpress\/plugins\/seo\/ -->\n<title>Refund and Returns Policy | Flora Murus<\/title>\n<meta name=\"robots\" content=\"noindex, follow\" \/>\n<meta property=\"og:locale\" content=\"fi_FI\" \/>\n<meta property=\"og:type\" content=\"article\" \/>\n<meta property=\"og:title\" content=\"Refund and Returns Policy | Flora Murus\" \/>\n<meta property=\"og:description\" content=\"I would like to return or exchange* an item that does not suit me. Step 1: If you would like to return or exchange your item (to get a different size or color), please make sure that you meet the following conditions: You have 14 days following the reception of your package to return it [...]\" \/>\n<meta property=\"og:url\" content=\"https:\/\/floramurus.com\/fi\/hyvitys-ja-palautusehdot\/\" \/>\n<meta property=\"og:site_name\" content=\"Flora Murus\" \/>\n<meta name=\"twitter:card\" content=\"summary_large_image\" \/>\n<script type=\"application\/ld+json\" class=\"yoast-schema-graph\">{\"@context\":\"https:\/\/schema.org\",\"@graph\":[{\"@type\":\"WebPage\",\"@id\":\"https:\/\/floramurus.com\/refund-and-returns-policy\/\",\"url\":\"https:\/\/floramurus.com\/refund-and-returns-policy\/\",\"name\":\"Refund and Returns Policy | Flora Murus\",\"isPartOf\":{\"@id\":\"https:\/\/floramurus.com\/#website\"},\"datePublished\":\"2024-04-10T02:26:26+00:00\",\"breadcrumb\":{\"@id\":\"https:\/\/floramurus.com\/refund-and-returns-policy\/#breadcrumb\"},\"inLanguage\":\"fi\",\"potentialAction\":[{\"@type\":\"ReadAction\",\"target\":[\"https:\/\/floramurus.com\/refund-and-returns-policy\/\"]}]},{\"@type\":\"BreadcrumbList\",\"@id\":\"https:\/\/floramurus.com\/refund-and-returns-policy\/#breadcrumb\",\"itemListElement\":[{\"@type\":\"ListItem\",\"position\":1,\"name\":\"Home\",\"item\":\"https:\/\/floramurus.com\/\"},{\"@type\":\"ListItem\",\"position\":2,\"name\":\"Refund and Returns Policy\"}]},{\"@type\":\"WebSite\",\"@id\":\"https:\/\/floramurus.com\/#website\",\"url\":\"https:\/\/floramurus.com\/\",\"name\":\"Flora Murus\",\"description\":\"\",\"publisher\":{\"@id\":\"https:\/\/floramurus.com\/#organization\"},\"potentialAction\":[{\"@type\":\"SearchAction\",\"target\":{\"@type\":\"EntryPoint\",\"urlTemplate\":\"https:\/\/floramurus.com\/?s={search_term_string}\"},\"query-input\":{\"@type\":\"PropertyValueSpecification\",\"valueRequired\":true,\"valueName\":\"search_term_string\"}}],\"inLanguage\":\"fi\"},{\"@type\":\"Organization\",\"@id\":\"https:\/\/floramurus.com\/#organization\",\"name\":\"Flora Murus\",\"url\":\"https:\/\/floramurus.com\/\",\"logo\":{\"@type\":\"ImageObject\",\"inLanguage\":\"fi\",\"@id\":\"https:\/\/floramurus.com\/#\/schema\/logo\/image\/\",\"url\":\"https:\/\/floramurus.com\/wp-content\/uploads\/2024\/05\/flora-murus-logo.png\",\"contentUrl\":\"https:\/\/floramurus.com\/wp-content\/uploads\/2024\/05\/flora-murus-logo.png\",\"width\":926,\"height\":250,\"caption\":\"Flora Murus\"},\"image\":{\"@id\":\"https:\/\/floramurus.com\/#\/schema\/logo\/image\/\"}}]}<\/script>\n<!-- \/ Yoast SEO plugin. -->","yoast_head_json":{"title":"Palautus- ja palautusehdot | Flora Murus","robots":{"index":"noindex","follow":"follow"},"og_locale":"fi_FI","og_type":"article","og_title":"Refund and Returns Policy | Flora Murus","og_description":"I would like to return or exchange* an item that does not suit me. Step 1: If you would like to return or exchange your item (to get a different size or color), please make sure that you meet the following conditions: You have 14 days following the reception of your package to return it [...]","og_url":"https:\/\/floramurus.com\/fi\/hyvitys-ja-palautusehdot\/","og_site_name":"Flora Murus","twitter_card":"summary_large_image","schema":{"@context":"https:\/\/schema.org","@graph":[{"@type":"WebPage","@id":"https:\/\/floramurus.com\/refund-and-returns-policy\/","url":"https:\/\/floramurus.com\/refund-and-returns-policy\/","name":"Palautus- ja palautusehdot | Flora Murus","isPartOf":{"@id":"https:\/\/floramurus.com\/#website"},"datePublished":"2024-04-10T02:26:26+00:00","breadcrumb":{"@id":"https:\/\/floramurus.com\/refund-and-returns-policy\/#breadcrumb"},"inLanguage":"fi","potentialAction":[{"@type":"ReadAction","target":["https:\/\/floramurus.com\/refund-and-returns-policy\/"]}]},{"@type":"BreadcrumbList","@id":"https:\/\/floramurus.com\/refund-and-returns-policy\/#breadcrumb","itemListElement":[{"@type":"ListItem","position":1,"name":"Home","item":"https:\/\/floramurus.com\/"},{"@type":"ListItem","position":2,"name":"Refund and Returns Policy"}]},{"@type":"WebSite","@id":"https:\/\/floramurus.com\/#website","url":"https:\/\/floramurus.com\/","name":"Flora Murus","description":"","publisher":{"@id":"https:\/\/floramurus.com\/#organization"},"potentialAction":[{"@type":"SearchAction","target":{"@type":"EntryPoint","urlTemplate":"https:\/\/floramurus.com\/?s={search_term_string}"},"query-input":{"@type":"PropertyValueSpecification","valueRequired":true,"valueName":"search_term_string"}}],"inLanguage":"fi"},{"@type":"Organization","@id":"https:\/\/floramurus.com\/#organization","name":"Flora Murus","url":"https:\/\/floramurus.com\/","logo":{"@type":"ImageObject","inLanguage":"fi","@id":"https:\/\/floramurus.com\/#\/schema\/logo\/image\/","url":"https:\/\/floramurus.com\/wp-content\/uploads\/2024\/05\/flora-murus-logo.png","contentUrl":"https:\/\/floramurus.com\/wp-content\/uploads\/2024\/05\/flora-murus-logo.png","width":926,"height":250,"caption":"Flora Murus"},"image":{"@id":"https:\/\/floramurus.com\/#\/schema\/logo\/image\/"}}]}},"_links":{"self":[{"href":"https:\/\/floramurus.com\/fi\/wp-json\/wp\/v2\/pages\/24","targetHints":{"allow":["GET"]}}],"collection":[{"href":"https:\/\/floramurus.com\/fi\/wp-json\/wp\/v2\/pages"}],"about":[{"href":"https:\/\/floramurus.com\/fi\/wp-json\/wp\/v2\/types\/page"}],"author":[{"embeddable":true,"href":"https:\/\/floramurus.com\/fi\/wp-json\/wp\/v2\/users\/1"}],"replies":[{"embeddable":true,"href":"https:\/\/floramurus.com\/fi\/wp-json\/wp\/v2\/comments?post=24"}],"version-history":[{"count":1,"href":"https:\/\/floramurus.com\/fi\/wp-json\/wp\/v2\/pages\/24\/revisions"}],"predecessor-version":[{"id":28,"href":"https:\/\/floramurus.com\/fi\/wp-json\/wp\/v2\/pages\/24\/revisions\/28"}],"wp:attachment":[{"href":"https:\/\/floramurus.com\/fi\/wp-json\/wp\/v2\/media?parent=24"}],"curies":[{"name":"wp","href":"https:\/\/api.w.org\/{rel}","templated":true}]}}