{"id":125,"date":"2024-05-23T05:47:00","date_gmt":"2024-05-23T05:47:00","guid":{"rendered":"https:\/\/floramurus.com\/p\/floral-wall-aqua-green\/"},"modified":"2024-05-24T01:01:43","modified_gmt":"2024-05-24T01:01:43","slug":"mur-floral-aqua-vert","status":"publish","type":"product","link":"https:\/\/floramurus.com\/fr\/p\/mur-floral-aqua-vert\/","title":{"rendered":"<span>Mur de fleurs <\/span><span class=\"product-title-custom\"> Vert d'eau<\/span>"},"content":{"rendered":"<h2>Vous voulez faire la diff\u00e9rence dans votre int\u00e9rieur ou lors de vos \u00e9v\u00e9nements avec un accessoire extraordinaire ? Le mur de fleurs vert menthe est parfait pour vous.<\/h2>\r\n<p>Laissez-vous charmer par cette <strong>mur de fleurs<\/strong> orn\u00e9 de roses vertes et blanches, douces et apaisantes. Vos invit\u00e9s n'en croiront pas leurs yeux, et vous non plus.<\/p>\r\n<p>Illuminez vos f\u00eates et vos \u00e9v\u00e9nements familiaux avec cette magnifique <strong>tableau floral<\/strong> qui respire la s\u00e9r\u00e9nit\u00e9 et la tranquillit\u00e9. V\u00e9ritable \u00e9l\u00e9ment qui fera la diff\u00e9rence, il ornera parfaitement votre int\u00e9rieur et pourra \u00e9galement \u00eatre utilis\u00e9 pour mettre en valeur vos photos.<\/p>","protected":false},"excerpt":{"rendered":"Want to make a difference in your interior or at your events with an extraordinary accessory? The mint green flower wall is perfect for you. Let yourself be charmed by this flower wall adorned with soft and soothing green and white roses. Your guests won&#8217;t believe their eyes, and neither will you. Brighten up your [&#8230;]","protected":false},"featured_media":124,"template":"","meta":[],"product_brand":[],"product_cat":[15,21,20],"product_tag":[],"class_list":{"0":"post-125","1":"product","2":"type-product","3":"status-publish","4":"has-post-thumbnail","6":"product_cat-all-products","7":"product_cat-green-floral-wall-backdrop","8":"product_cat-white-floral-wall-backdrop","10":"first","11":"instock","12":"shipping-taxable","13":"purchasable","14":"product-type-simple"},"yoast_head":"<!-- This site is optimized with the Yoast SEO plugin v25.9 - https:\/\/yoast.com\/wordpress\/plugins\/seo\/ -->\n<title>Flower Wall Aqua Green \ud83c\udf38| Wedding &amp; Deco | Buy &amp; Rent<\/title>\n<meta name=\"description\" content=\"Discover the most beautiful flower walls at affordable prices to decorate your interior or a ceremony. Realistic flowers with vibrant colors.\" \/>\n<meta name=\"robots\" content=\"index, follow, max-snippet:-1, max-image-preview:large, max-video-preview:-1\" \/>\n<link rel=\"canonical\" href=\"https:\/\/floramurus.com\/fr\/p\/mur-floral-aqua-vert\/\" \/>\n<meta property=\"og:locale\" content=\"fr_FR\" \/>\n<meta property=\"og:type\" content=\"article\" \/>\n<meta property=\"og:title\" content=\"Flower Wall Aqua Green \ud83c\udf38| Wedding &amp; Deco | Buy &amp; Rent\" \/>\n<meta property=\"og:description\" content=\"Discover the most beautiful flower walls at affordable prices to decorate your interior or a ceremony. Realistic flowers with vibrant colors.\" \/>\n<meta property=\"og:url\" content=\"https:\/\/floramurus.com\/fr\/p\/mur-floral-aqua-vert\/\" \/>\n<meta property=\"og:site_name\" content=\"Flora Murus\" \/>\n<meta property=\"article:modified_time\" content=\"2024-05-24T01:01:43+00:00\" \/>\n<meta property=\"og:image\" content=\"https:\/\/floramurus.com\/wp-content\/uploads\/2024\/05\/File_201_63a86c04-9224-4061-ae73-ed811fc8327c.png\" \/>\n\t<meta property=\"og:image:width\" content=\"599\" \/>\n\t<meta property=\"og:image:height\" content=\"709\" \/>\n\t<meta property=\"og:image:type\" content=\"image\/png\" \/>\n<meta name=\"twitter:card\" content=\"summary_large_image\" \/>\n<meta name=\"twitter:label1\" content=\"Dur\u00e9e de lecture estim\u00e9e\" \/>\n\t<meta name=\"twitter:data1\" content=\"1 minute\" \/>\n<script type=\"application\/ld+json\" class=\"yoast-schema-graph\">{\"@context\":\"https:\/\/schema.org\",\"@graph\":[{\"@type\":\"WebPage\",\"@id\":\"https:\/\/floramurus.com\/p\/floral-wall-aqua-green\/\",\"url\":\"https:\/\/floramurus.com\/p\/floral-wall-aqua-green\/\",\"name\":\"Flower Wall Aqua Green \ud83c\udf38| Wedding & Deco | Buy & Rent\",\"isPartOf\":{\"@id\":\"https:\/\/floramurus.com\/#website\"},\"primaryImageOfPage\":{\"@id\":\"https:\/\/floramurus.com\/p\/floral-wall-aqua-green\/#primaryimage\"},\"image\":{\"@id\":\"https:\/\/floramurus.com\/p\/floral-wall-aqua-green\/#primaryimage\"},\"thumbnailUrl\":\"https:\/\/floramurus.com\/wp-content\/uploads\/2024\/05\/File_201_63a86c04-9224-4061-ae73-ed811fc8327c.png\",\"datePublished\":\"2024-05-23T05:47:00+00:00\",\"dateModified\":\"2024-05-24T01:01:43+00:00\",\"description\":\"Discover the most beautiful flower walls at affordable prices to decorate your interior or a ceremony. Realistic flowers with vibrant colors.\",\"breadcrumb\":{\"@id\":\"https:\/\/floramurus.com\/p\/floral-wall-aqua-green\/#breadcrumb\"},\"inLanguage\":\"fr-FR\",\"potentialAction\":[{\"@type\":\"ReadAction\",\"target\":[\"https:\/\/floramurus.com\/p\/floral-wall-aqua-green\/\"]}]},{\"@type\":\"ImageObject\",\"inLanguage\":\"fr-FR\",\"@id\":\"https:\/\/floramurus.com\/p\/floral-wall-aqua-green\/#primaryimage\",\"url\":\"https:\/\/floramurus.com\/wp-content\/uploads\/2024\/05\/File_201_63a86c04-9224-4061-ae73-ed811fc8327c.png\",\"contentUrl\":\"https:\/\/floramurus.com\/wp-content\/uploads\/2024\/05\/File_201_63a86c04-9224-4061-ae73-ed811fc8327c.png\",\"width\":599,\"height\":709,\"caption\":\"Aqua green floral wall for refreshing event decor\"},{\"@type\":\"BreadcrumbList\",\"@id\":\"https:\/\/floramurus.com\/p\/floral-wall-aqua-green\/#breadcrumb\",\"itemListElement\":[{\"@type\":\"ListItem\",\"position\":1,\"name\":\"Home\",\"item\":\"https:\/\/floramurus.com\/\"},{\"@type\":\"ListItem\",\"position\":2,\"name\":\"Shop\",\"item\":\"https:\/\/floramurus.com\/shop\/\"},{\"@type\":\"ListItem\",\"position\":3,\"name\":\"Flower Wall Aqua Green\"}]},{\"@type\":\"WebSite\",\"@id\":\"https:\/\/floramurus.com\/#website\",\"url\":\"https:\/\/floramurus.com\/\",\"name\":\"Flora Murus\",\"description\":\"\",\"publisher\":{\"@id\":\"https:\/\/floramurus.com\/#organization\"},\"potentialAction\":[{\"@type\":\"SearchAction\",\"target\":{\"@type\":\"EntryPoint\",\"urlTemplate\":\"https:\/\/floramurus.com\/?s={search_term_string}\"},\"query-input\":{\"@type\":\"PropertyValueSpecification\",\"valueRequired\":true,\"valueName\":\"search_term_string\"}}],\"inLanguage\":\"fr-FR\"},{\"@type\":\"Organization\",\"@id\":\"https:\/\/floramurus.com\/#organization\",\"name\":\"Flora Murus\",\"url\":\"https:\/\/floramurus.com\/\",\"logo\":{\"@type\":\"ImageObject\",\"inLanguage\":\"fr-FR\",\"@id\":\"https:\/\/floramurus.com\/#\/schema\/logo\/image\/\",\"url\":\"https:\/\/floramurus.com\/wp-content\/uploads\/2024\/05\/flora-murus-logo.png\",\"contentUrl\":\"https:\/\/floramurus.com\/wp-content\/uploads\/2024\/05\/flora-murus-logo.png\",\"width\":926,\"height\":250,\"caption\":\"Flora Murus\"},\"image\":{\"@id\":\"https:\/\/floramurus.com\/#\/schema\/logo\/image\/\"}}]}<\/script>\n<!-- \/ Yoast SEO plugin. -->","yoast_head_json":{"title":"Mur de fleurs Aqua Green \ud83c\udf38| Mariage &amp; D\u00e9co | Acheter &amp; Louer","description":"D\u00e9couvrez les plus beaux murs de fleurs \u00e0 des prix abordables pour d\u00e9corer votre int\u00e9rieur ou une c\u00e9r\u00e9monie. Des fleurs r\u00e9alistes aux couleurs \u00e9clatantes.","robots":{"index":"index","follow":"follow","max-snippet":"max-snippet:-1","max-image-preview":"max-image-preview:large","max-video-preview":"max-video-preview:-1"},"canonical":"https:\/\/floramurus.com\/fr\/p\/mur-floral-aqua-vert\/","og_locale":"fr_FR","og_type":"article","og_title":"Flower Wall Aqua Green \ud83c\udf38| Wedding & Deco | Buy & Rent","og_description":"Discover the most beautiful flower walls at affordable prices to decorate your interior or a ceremony. Realistic flowers with vibrant colors.","og_url":"https:\/\/floramurus.com\/fr\/p\/mur-floral-aqua-vert\/","og_site_name":"Flora Murus","article_modified_time":"2024-05-24T01:01:43+00:00","og_image":[{"width":599,"height":709,"url":"https:\/\/floramurus.com\/wp-content\/uploads\/2024\/05\/File_201_63a86c04-9224-4061-ae73-ed811fc8327c.png","type":"image\/png"}],"twitter_card":"summary_large_image","twitter_misc":{"Dur\u00e9e de lecture estim\u00e9e":"1 minute"},"schema":{"@context":"https:\/\/schema.org","@graph":[{"@type":"WebPage","@id":"https:\/\/floramurus.com\/p\/floral-wall-aqua-green\/","url":"https:\/\/floramurus.com\/p\/floral-wall-aqua-green\/","name":"Mur de fleurs Aqua Green \ud83c\udf38| Mariage &amp; D\u00e9co | Acheter &amp; Louer","isPartOf":{"@id":"https:\/\/floramurus.com\/#website"},"primaryImageOfPage":{"@id":"https:\/\/floramurus.com\/p\/floral-wall-aqua-green\/#primaryimage"},"image":{"@id":"https:\/\/floramurus.com\/p\/floral-wall-aqua-green\/#primaryimage"},"thumbnailUrl":"https:\/\/floramurus.com\/wp-content\/uploads\/2024\/05\/File_201_63a86c04-9224-4061-ae73-ed811fc8327c.png","datePublished":"2024-05-23T05:47:00+00:00","dateModified":"2024-05-24T01:01:43+00:00","description":"D\u00e9couvrez les plus beaux murs de fleurs \u00e0 des prix abordables pour d\u00e9corer votre int\u00e9rieur ou une c\u00e9r\u00e9monie. Des fleurs r\u00e9alistes aux couleurs \u00e9clatantes.","breadcrumb":{"@id":"https:\/\/floramurus.com\/p\/floral-wall-aqua-green\/#breadcrumb"},"inLanguage":"fr-FR","potentialAction":[{"@type":"ReadAction","target":["https:\/\/floramurus.com\/p\/floral-wall-aqua-green\/"]}]},{"@type":"ImageObject","inLanguage":"fr-FR","@id":"https:\/\/floramurus.com\/p\/floral-wall-aqua-green\/#primaryimage","url":"https:\/\/floramurus.com\/wp-content\/uploads\/2024\/05\/File_201_63a86c04-9224-4061-ae73-ed811fc8327c.png","contentUrl":"https:\/\/floramurus.com\/wp-content\/uploads\/2024\/05\/File_201_63a86c04-9224-4061-ae73-ed811fc8327c.png","width":599,"height":709,"caption":"Aqua green floral wall for refreshing event decor"},{"@type":"BreadcrumbList","@id":"https:\/\/floramurus.com\/p\/floral-wall-aqua-green\/#breadcrumb","itemListElement":[{"@type":"ListItem","position":1,"name":"Home","item":"https:\/\/floramurus.com\/"},{"@type":"ListItem","position":2,"name":"Shop","item":"https:\/\/floramurus.com\/shop\/"},{"@type":"ListItem","position":3,"name":"Flower Wall Aqua Green"}]},{"@type":"WebSite","@id":"https:\/\/floramurus.com\/#website","url":"https:\/\/floramurus.com\/","name":"Flora Murus","description":"","publisher":{"@id":"https:\/\/floramurus.com\/#organization"},"potentialAction":[{"@type":"SearchAction","target":{"@type":"EntryPoint","urlTemplate":"https:\/\/floramurus.com\/?s={search_term_string}"},"query-input":{"@type":"PropertyValueSpecification","valueRequired":true,"valueName":"search_term_string"}}],"inLanguage":"fr-FR"},{"@type":"Organization","@id":"https:\/\/floramurus.com\/#organization","name":"Flora Murus","url":"https:\/\/floramurus.com\/","logo":{"@type":"ImageObject","inLanguage":"fr-FR","@id":"https:\/\/floramurus.com\/#\/schema\/logo\/image\/","url":"https:\/\/floramurus.com\/wp-content\/uploads\/2024\/05\/flora-murus-logo.png","contentUrl":"https:\/\/floramurus.com\/wp-content\/uploads\/2024\/05\/flora-murus-logo.png","width":926,"height":250,"caption":"Flora Murus"},"image":{"@id":"https:\/\/floramurus.com\/#\/schema\/logo\/image\/"}}]}},"_links":{"self":[{"href":"https:\/\/floramurus.com\/fr\/wp-json\/wp\/v2\/product\/125","targetHints":{"allow":["GET"]}}],"collection":[{"href":"https:\/\/floramurus.com\/fr\/wp-json\/wp\/v2\/product"}],"about":[{"href":"https:\/\/floramurus.com\/fr\/wp-json\/wp\/v2\/types\/product"}],"wp:featuredmedia":[{"embeddable":true,"href":"https:\/\/floramurus.com\/fr\/wp-json\/wp\/v2\/media\/124"}],"wp:attachment":[{"href":"https:\/\/floramurus.com\/fr\/wp-json\/wp\/v2\/media?parent=125"}],"wp:term":[{"taxonomy":"product_brand","embeddable":true,"href":"https:\/\/floramurus.com\/fr\/wp-json\/wp\/v2\/product_brand?post=125"},{"taxonomy":"product_cat","embeddable":true,"href":"https:\/\/floramurus.com\/fr\/wp-json\/wp\/v2\/product_cat?post=125"},{"taxonomy":"product_tag","embeddable":true,"href":"https:\/\/floramurus.com\/fr\/wp-json\/wp\/v2\/product_tag?post=125"}],"curies":[{"name":"wp","href":"https:\/\/api.w.org\/{rel}","templated":true}]}}