{"id":165,"date":"2024-05-23T05:47:48","date_gmt":"2024-05-23T05:47:48","guid":{"rendered":"https:\/\/floramurus.com\/p\/floral-wall-love-passion\/"},"modified":"2024-05-24T00:59:05","modified_gmt":"2024-05-24T00:59:05","slug":"mur-floral-amour-passion","status":"publish","type":"product","link":"https:\/\/floramurus.com\/fr\/p\/mur-floral-amour-passion\/","title":{"rendered":"<span>Mur de fleurs <\/span><span class=\"product-title-custom\"> L'amour passionn\u00e9<\/span>"},"content":{"rendered":"<h2>Envie d'embellir une pi\u00e8ce pour une occasion sp\u00e9ciale ou tout simplement de surprendre un \u00eatre cher ? Le mur de fleurs de l'amour passionn\u00e9 est le geste parfait que vous recherchez.<\/h2>\r\n<p>Son nom parle de lui-m\u00eame, mais les roses rouges et roses \u00e0 elles seules raviront vos invit\u00e9s.<br>V\u00e9ritable symbole de l'amour passionn\u00e9, cette <strong>mur de fleurs<\/strong> ne laissera personne indiff\u00e9rent.<\/p>\r\n<p>V\u00e9ritable hymne \u00e0 l'amour, vous pouvez utiliser cette <strong>mur floral<\/strong> pour surprendre un \u00eatre cher ou simplement pour un mariage, la Saint-Valentin ou tout autre \u00e9v\u00e9nement o\u00f9 vous voulez dire : Je t'aime.<\/p>","protected":false},"excerpt":{"rendered":"Want to enhance a room for a special occasion or simply surprise a loved one? The passionate love flower wall is the perfect gesture you&#8217;re looking for. Its name speaks for itself, but the red and pink roses alone will delight your guests.True symbols of passionate love, this flower wall will leave no one indifferent. [&#8230;]","protected":false},"featured_media":164,"template":"","meta":[],"product_brand":[],"product_cat":[15,19,25],"product_tag":[],"class_list":{"0":"post-165","1":"product","2":"type-product","3":"status-publish","4":"has-post-thumbnail","6":"product_cat-all-products","7":"product_cat-pink-floral-wall-backdrop","8":"product_cat-red-floral-wall-backdrop","10":"first","11":"instock","12":"shipping-taxable","13":"purchasable","14":"product-type-simple"},"yoast_head":"<!-- This site is optimized with the Yoast SEO plugin v25.9 - https:\/\/yoast.com\/wordpress\/plugins\/seo\/ -->\n<title>Flower Wall Passionate Love \ud83c\udf38| Wedding &amp; Deco | Buy &amp; Rent<\/title>\n<meta name=\"description\" content=\"Discover the most beautiful flower walls at affordable prices to decorate your interior or a ceremony. Realistic flowers with vibrant colors.\" \/>\n<meta name=\"robots\" content=\"index, follow, max-snippet:-1, max-image-preview:large, max-video-preview:-1\" \/>\n<link rel=\"canonical\" href=\"https:\/\/floramurus.com\/fr\/p\/mur-floral-amour-passion\/\" \/>\n<meta property=\"og:locale\" content=\"fr_FR\" \/>\n<meta property=\"og:type\" content=\"article\" \/>\n<meta property=\"og:title\" content=\"Flower Wall Passionate Love \ud83c\udf38| Wedding &amp; Deco | Buy &amp; Rent\" \/>\n<meta property=\"og:description\" content=\"Discover the most beautiful flower walls at affordable prices to decorate your interior or a ceremony. Realistic flowers with vibrant colors.\" \/>\n<meta property=\"og:url\" content=\"https:\/\/floramurus.com\/fr\/p\/mur-floral-amour-passion\/\" \/>\n<meta property=\"og:site_name\" content=\"Flora Murus\" \/>\n<meta property=\"article:modified_time\" content=\"2024-05-24T00:59:05+00:00\" \/>\n<meta property=\"og:image\" content=\"https:\/\/floramurus.com\/wp-content\/uploads\/2024\/05\/File_201_0a3c8bed-5c2b-42b0-83b8-fc2dabd2c5e4.png\" \/>\n\t<meta property=\"og:image:width\" content=\"597\" \/>\n\t<meta property=\"og:image:height\" content=\"708\" \/>\n\t<meta property=\"og:image:type\" content=\"image\/png\" \/>\n<meta name=\"twitter:card\" content=\"summary_large_image\" \/>\n<meta name=\"twitter:label1\" content=\"Dur\u00e9e de lecture estim\u00e9e\" \/>\n\t<meta name=\"twitter:data1\" content=\"1 minute\" \/>\n<script type=\"application\/ld+json\" class=\"yoast-schema-graph\">{\"@context\":\"https:\/\/schema.org\",\"@graph\":[{\"@type\":\"WebPage\",\"@id\":\"https:\/\/floramurus.com\/p\/floral-wall-love-passion\/\",\"url\":\"https:\/\/floramurus.com\/p\/floral-wall-love-passion\/\",\"name\":\"Flower Wall Passionate Love \ud83c\udf38| Wedding & Deco | Buy & Rent\",\"isPartOf\":{\"@id\":\"https:\/\/floramurus.com\/#website\"},\"primaryImageOfPage\":{\"@id\":\"https:\/\/floramurus.com\/p\/floral-wall-love-passion\/#primaryimage\"},\"image\":{\"@id\":\"https:\/\/floramurus.com\/p\/floral-wall-love-passion\/#primaryimage\"},\"thumbnailUrl\":\"https:\/\/floramurus.com\/wp-content\/uploads\/2024\/05\/File_201_0a3c8bed-5c2b-42b0-83b8-fc2dabd2c5e4.png\",\"datePublished\":\"2024-05-23T05:47:48+00:00\",\"dateModified\":\"2024-05-24T00:59:05+00:00\",\"description\":\"Discover the most beautiful flower walls at affordable prices to decorate your interior or a ceremony. Realistic flowers with vibrant colors.\",\"breadcrumb\":{\"@id\":\"https:\/\/floramurus.com\/p\/floral-wall-love-passion\/#breadcrumb\"},\"inLanguage\":\"fr-FR\",\"potentialAction\":[{\"@type\":\"ReadAction\",\"target\":[\"https:\/\/floramurus.com\/p\/floral-wall-love-passion\/\"]}]},{\"@type\":\"ImageObject\",\"inLanguage\":\"fr-FR\",\"@id\":\"https:\/\/floramurus.com\/p\/floral-wall-love-passion\/#primaryimage\",\"url\":\"https:\/\/floramurus.com\/wp-content\/uploads\/2024\/05\/File_201_0a3c8bed-5c2b-42b0-83b8-fc2dabd2c5e4.png\",\"contentUrl\":\"https:\/\/floramurus.com\/wp-content\/uploads\/2024\/05\/File_201_0a3c8bed-5c2b-42b0-83b8-fc2dabd2c5e4.png\",\"width\":597,\"height\":708,\"caption\":\"Passionate love themed floral wall with red accents\"},{\"@type\":\"BreadcrumbList\",\"@id\":\"https:\/\/floramurus.com\/p\/floral-wall-love-passion\/#breadcrumb\",\"itemListElement\":[{\"@type\":\"ListItem\",\"position\":1,\"name\":\"Home\",\"item\":\"https:\/\/floramurus.com\/\"},{\"@type\":\"ListItem\",\"position\":2,\"name\":\"Shop\",\"item\":\"https:\/\/floramurus.com\/shop\/\"},{\"@type\":\"ListItem\",\"position\":3,\"name\":\"Flower Wall Passionate Love\"}]},{\"@type\":\"WebSite\",\"@id\":\"https:\/\/floramurus.com\/#website\",\"url\":\"https:\/\/floramurus.com\/\",\"name\":\"Flora Murus\",\"description\":\"\",\"publisher\":{\"@id\":\"https:\/\/floramurus.com\/#organization\"},\"potentialAction\":[{\"@type\":\"SearchAction\",\"target\":{\"@type\":\"EntryPoint\",\"urlTemplate\":\"https:\/\/floramurus.com\/?s={search_term_string}\"},\"query-input\":{\"@type\":\"PropertyValueSpecification\",\"valueRequired\":true,\"valueName\":\"search_term_string\"}}],\"inLanguage\":\"fr-FR\"},{\"@type\":\"Organization\",\"@id\":\"https:\/\/floramurus.com\/#organization\",\"name\":\"Flora Murus\",\"url\":\"https:\/\/floramurus.com\/\",\"logo\":{\"@type\":\"ImageObject\",\"inLanguage\":\"fr-FR\",\"@id\":\"https:\/\/floramurus.com\/#\/schema\/logo\/image\/\",\"url\":\"https:\/\/floramurus.com\/wp-content\/uploads\/2024\/05\/flora-murus-logo.png\",\"contentUrl\":\"https:\/\/floramurus.com\/wp-content\/uploads\/2024\/05\/flora-murus-logo.png\",\"width\":926,\"height\":250,\"caption\":\"Flora Murus\"},\"image\":{\"@id\":\"https:\/\/floramurus.com\/#\/schema\/logo\/image\/\"}}]}<\/script>\n<!-- \/ Yoast SEO plugin. -->","yoast_head_json":{"title":"Mur de fleurs Amour passionn\u00e9 \ud83c\udf38| Mariage &amp; D\u00e9co | Acheter &amp; Louer","description":"D\u00e9couvrez les plus beaux murs de fleurs \u00e0 des prix abordables pour d\u00e9corer votre int\u00e9rieur ou une c\u00e9r\u00e9monie. Des fleurs r\u00e9alistes aux couleurs \u00e9clatantes.","robots":{"index":"index","follow":"follow","max-snippet":"max-snippet:-1","max-image-preview":"max-image-preview:large","max-video-preview":"max-video-preview:-1"},"canonical":"https:\/\/floramurus.com\/fr\/p\/mur-floral-amour-passion\/","og_locale":"fr_FR","og_type":"article","og_title":"Flower Wall Passionate Love \ud83c\udf38| Wedding & Deco | Buy & Rent","og_description":"Discover the most beautiful flower walls at affordable prices to decorate your interior or a ceremony. Realistic flowers with vibrant colors.","og_url":"https:\/\/floramurus.com\/fr\/p\/mur-floral-amour-passion\/","og_site_name":"Flora Murus","article_modified_time":"2024-05-24T00:59:05+00:00","og_image":[{"width":597,"height":708,"url":"https:\/\/floramurus.com\/wp-content\/uploads\/2024\/05\/File_201_0a3c8bed-5c2b-42b0-83b8-fc2dabd2c5e4.png","type":"image\/png"}],"twitter_card":"summary_large_image","twitter_misc":{"Dur\u00e9e de lecture estim\u00e9e":"1 minute"},"schema":{"@context":"https:\/\/schema.org","@graph":[{"@type":"WebPage","@id":"https:\/\/floramurus.com\/p\/floral-wall-love-passion\/","url":"https:\/\/floramurus.com\/p\/floral-wall-love-passion\/","name":"Mur de fleurs Amour passionn\u00e9 \ud83c\udf38| Mariage &amp; D\u00e9co | Acheter &amp; Louer","isPartOf":{"@id":"https:\/\/floramurus.com\/#website"},"primaryImageOfPage":{"@id":"https:\/\/floramurus.com\/p\/floral-wall-love-passion\/#primaryimage"},"image":{"@id":"https:\/\/floramurus.com\/p\/floral-wall-love-passion\/#primaryimage"},"thumbnailUrl":"https:\/\/floramurus.com\/wp-content\/uploads\/2024\/05\/File_201_0a3c8bed-5c2b-42b0-83b8-fc2dabd2c5e4.png","datePublished":"2024-05-23T05:47:48+00:00","dateModified":"2024-05-24T00:59:05+00:00","description":"D\u00e9couvrez les plus beaux murs de fleurs \u00e0 des prix abordables pour d\u00e9corer votre int\u00e9rieur ou une c\u00e9r\u00e9monie. Des fleurs r\u00e9alistes aux couleurs \u00e9clatantes.","breadcrumb":{"@id":"https:\/\/floramurus.com\/p\/floral-wall-love-passion\/#breadcrumb"},"inLanguage":"fr-FR","potentialAction":[{"@type":"ReadAction","target":["https:\/\/floramurus.com\/p\/floral-wall-love-passion\/"]}]},{"@type":"ImageObject","inLanguage":"fr-FR","@id":"https:\/\/floramurus.com\/p\/floral-wall-love-passion\/#primaryimage","url":"https:\/\/floramurus.com\/wp-content\/uploads\/2024\/05\/File_201_0a3c8bed-5c2b-42b0-83b8-fc2dabd2c5e4.png","contentUrl":"https:\/\/floramurus.com\/wp-content\/uploads\/2024\/05\/File_201_0a3c8bed-5c2b-42b0-83b8-fc2dabd2c5e4.png","width":597,"height":708,"caption":"Passionate love themed floral wall with red accents"},{"@type":"BreadcrumbList","@id":"https:\/\/floramurus.com\/p\/floral-wall-love-passion\/#breadcrumb","itemListElement":[{"@type":"ListItem","position":1,"name":"Home","item":"https:\/\/floramurus.com\/"},{"@type":"ListItem","position":2,"name":"Shop","item":"https:\/\/floramurus.com\/shop\/"},{"@type":"ListItem","position":3,"name":"Flower Wall Passionate Love"}]},{"@type":"WebSite","@id":"https:\/\/floramurus.com\/#website","url":"https:\/\/floramurus.com\/","name":"Flora Murus","description":"","publisher":{"@id":"https:\/\/floramurus.com\/#organization"},"potentialAction":[{"@type":"SearchAction","target":{"@type":"EntryPoint","urlTemplate":"https:\/\/floramurus.com\/?s={search_term_string}"},"query-input":{"@type":"PropertyValueSpecification","valueRequired":true,"valueName":"search_term_string"}}],"inLanguage":"fr-FR"},{"@type":"Organization","@id":"https:\/\/floramurus.com\/#organization","name":"Flora Murus","url":"https:\/\/floramurus.com\/","logo":{"@type":"ImageObject","inLanguage":"fr-FR","@id":"https:\/\/floramurus.com\/#\/schema\/logo\/image\/","url":"https:\/\/floramurus.com\/wp-content\/uploads\/2024\/05\/flora-murus-logo.png","contentUrl":"https:\/\/floramurus.com\/wp-content\/uploads\/2024\/05\/flora-murus-logo.png","width":926,"height":250,"caption":"Flora Murus"},"image":{"@id":"https:\/\/floramurus.com\/#\/schema\/logo\/image\/"}}]}},"_links":{"self":[{"href":"https:\/\/floramurus.com\/fr\/wp-json\/wp\/v2\/product\/165","targetHints":{"allow":["GET"]}}],"collection":[{"href":"https:\/\/floramurus.com\/fr\/wp-json\/wp\/v2\/product"}],"about":[{"href":"https:\/\/floramurus.com\/fr\/wp-json\/wp\/v2\/types\/product"}],"wp:featuredmedia":[{"embeddable":true,"href":"https:\/\/floramurus.com\/fr\/wp-json\/wp\/v2\/media\/164"}],"wp:attachment":[{"href":"https:\/\/floramurus.com\/fr\/wp-json\/wp\/v2\/media?parent=165"}],"wp:term":[{"taxonomy":"product_brand","embeddable":true,"href":"https:\/\/floramurus.com\/fr\/wp-json\/wp\/v2\/product_brand?post=165"},{"taxonomy":"product_cat","embeddable":true,"href":"https:\/\/floramurus.com\/fr\/wp-json\/wp\/v2\/product_cat?post=165"},{"taxonomy":"product_tag","embeddable":true,"href":"https:\/\/floramurus.com\/fr\/wp-json\/wp\/v2\/product_tag?post=165"}],"curies":[{"name":"wp","href":"https:\/\/api.w.org\/{rel}","templated":true}]}}