{"id":190,"date":"2024-05-23T05:48:16","date_gmt":"2024-05-23T05:48:16","guid":{"rendered":"https:\/\/floramurus.com\/p\/floral-wall-springtime\/"},"modified":"2024-05-24T00:58:33","modified_gmt":"2024-05-24T00:58:33","slug":"mur-floral-printemps","status":"publish","type":"product","link":"https:\/\/floramurus.com\/fr\/p\/mur-floral-printemps\/","title":{"rendered":"<span>Mur de fleurs <\/span><span class=\"product-title-custom\"> Printemps<\/span>"},"content":{"rendered":"<p>Regarder <strong>ce mur de fleurs<\/strong>On pourrait croire que les bourgeons viennent d'\u00e9clore et qu'ils sont pr\u00eats \u00e0 livrer leur contenu. <strong>printemps<\/strong> Nous vous invitons \u00e0 nous envoyer votre parfum sans tarder. L'assortiment de couleurs vives \u00e9voque le renouveau des beaux jours.<\/p>\r\n<p>Que ce soit pour <strong>d\u00e9coration<\/strong> une vitrine de magasin, une sc\u00e8ne de th\u00e9\u00e2tre ou une pi\u00e8ce de votre maison, soyez assur\u00e9 qu'il n'y a pas de probl\u00e8me. <strong>le soleil<\/strong> sera pr\u00e9sent !<\/p>","protected":false},"excerpt":{"rendered":"Gazing at this flower wall, one might believe that the buds have just bloomed and are ready to deliver their springtime fragrance to us without delay. The bright assortment of colors evokes the renewal of beautiful days. Whether for decorating a shop window, a theater stage, or a room in your home, rest assured that [&#8230;]","protected":false},"featured_media":189,"template":"","meta":[],"product_brand":[],"product_cat":[15,19,20],"product_tag":[],"class_list":{"0":"post-190","1":"product","2":"type-product","3":"status-publish","4":"has-post-thumbnail","6":"product_cat-all-products","7":"product_cat-pink-floral-wall-backdrop","8":"product_cat-white-floral-wall-backdrop","10":"first","11":"instock","12":"shipping-taxable","13":"purchasable","14":"product-type-simple"},"yoast_head":"<!-- This site is optimized with the Yoast SEO plugin v25.9 - https:\/\/yoast.com\/wordpress\/plugins\/seo\/ -->\n<title>Flower Wall Spring \ud83c\udf38| Wedding &amp; Deco | Buy &amp; Rent<\/title>\n<meta name=\"description\" content=\"Discover the most beautiful flower walls at affordable prices to decorate your interior or a ceremony. Realistic flowers with vibrant colors.\" \/>\n<meta name=\"robots\" content=\"index, follow, max-snippet:-1, max-image-preview:large, max-video-preview:-1\" \/>\n<link rel=\"canonical\" href=\"https:\/\/floramurus.com\/fr\/p\/mur-floral-printemps\/\" \/>\n<meta property=\"og:locale\" content=\"fr_FR\" \/>\n<meta property=\"og:type\" content=\"article\" \/>\n<meta property=\"og:title\" content=\"Flower Wall Spring \ud83c\udf38| Wedding &amp; Deco | Buy &amp; Rent\" \/>\n<meta property=\"og:description\" content=\"Discover the most beautiful flower walls at affordable prices to decorate your interior or a ceremony. Realistic flowers with vibrant colors.\" \/>\n<meta property=\"og:url\" content=\"https:\/\/floramurus.com\/fr\/p\/mur-floral-printemps\/\" \/>\n<meta property=\"og:site_name\" content=\"Flora Murus\" \/>\n<meta property=\"article:modified_time\" content=\"2024-05-24T00:58:33+00:00\" \/>\n<meta property=\"og:image\" content=\"https:\/\/floramurus.com\/wp-content\/uploads\/2024\/05\/File_201_d32e9fb6-7dd4-4594-8534-56d98b4de066.png\" \/>\n\t<meta property=\"og:image:width\" content=\"596\" \/>\n\t<meta property=\"og:image:height\" content=\"708\" \/>\n\t<meta property=\"og:image:type\" content=\"image\/png\" \/>\n<meta name=\"twitter:card\" content=\"summary_large_image\" \/>\n<meta name=\"twitter:label1\" content=\"Dur\u00e9e de lecture estim\u00e9e\" \/>\n\t<meta name=\"twitter:data1\" content=\"1 minute\" \/>\n<script type=\"application\/ld+json\" class=\"yoast-schema-graph\">{\"@context\":\"https:\/\/schema.org\",\"@graph\":[{\"@type\":\"WebPage\",\"@id\":\"https:\/\/floramurus.com\/p\/floral-wall-springtime\/\",\"url\":\"https:\/\/floramurus.com\/p\/floral-wall-springtime\/\",\"name\":\"Flower Wall Spring \ud83c\udf38| Wedding & Deco | Buy & Rent\",\"isPartOf\":{\"@id\":\"https:\/\/floramurus.com\/#website\"},\"primaryImageOfPage\":{\"@id\":\"https:\/\/floramurus.com\/p\/floral-wall-springtime\/#primaryimage\"},\"image\":{\"@id\":\"https:\/\/floramurus.com\/p\/floral-wall-springtime\/#primaryimage\"},\"thumbnailUrl\":\"https:\/\/floramurus.com\/wp-content\/uploads\/2024\/05\/File_201_d32e9fb6-7dd4-4594-8534-56d98b4de066.png\",\"datePublished\":\"2024-05-23T05:48:16+00:00\",\"dateModified\":\"2024-05-24T00:58:33+00:00\",\"description\":\"Discover the most beautiful flower walls at affordable prices to decorate your interior or a ceremony. Realistic flowers with vibrant colors.\",\"breadcrumb\":{\"@id\":\"https:\/\/floramurus.com\/p\/floral-wall-springtime\/#breadcrumb\"},\"inLanguage\":\"fr-FR\",\"potentialAction\":[{\"@type\":\"ReadAction\",\"target\":[\"https:\/\/floramurus.com\/p\/floral-wall-springtime\/\"]}]},{\"@type\":\"ImageObject\",\"inLanguage\":\"fr-FR\",\"@id\":\"https:\/\/floramurus.com\/p\/floral-wall-springtime\/#primaryimage\",\"url\":\"https:\/\/floramurus.com\/wp-content\/uploads\/2024\/05\/File_201_d32e9fb6-7dd4-4594-8534-56d98b4de066.png\",\"contentUrl\":\"https:\/\/floramurus.com\/wp-content\/uploads\/2024\/05\/File_201_d32e9fb6-7dd4-4594-8534-56d98b4de066.png\",\"width\":596,\"height\":708,\"caption\":\"Bright springtime floral wall with mixed blooms\"},{\"@type\":\"BreadcrumbList\",\"@id\":\"https:\/\/floramurus.com\/p\/floral-wall-springtime\/#breadcrumb\",\"itemListElement\":[{\"@type\":\"ListItem\",\"position\":1,\"name\":\"Home\",\"item\":\"https:\/\/floramurus.com\/\"},{\"@type\":\"ListItem\",\"position\":2,\"name\":\"Shop\",\"item\":\"https:\/\/floramurus.com\/shop\/\"},{\"@type\":\"ListItem\",\"position\":3,\"name\":\"Flower Wall Spring\"}]},{\"@type\":\"WebSite\",\"@id\":\"https:\/\/floramurus.com\/#website\",\"url\":\"https:\/\/floramurus.com\/\",\"name\":\"Flora Murus\",\"description\":\"\",\"publisher\":{\"@id\":\"https:\/\/floramurus.com\/#organization\"},\"potentialAction\":[{\"@type\":\"SearchAction\",\"target\":{\"@type\":\"EntryPoint\",\"urlTemplate\":\"https:\/\/floramurus.com\/?s={search_term_string}\"},\"query-input\":{\"@type\":\"PropertyValueSpecification\",\"valueRequired\":true,\"valueName\":\"search_term_string\"}}],\"inLanguage\":\"fr-FR\"},{\"@type\":\"Organization\",\"@id\":\"https:\/\/floramurus.com\/#organization\",\"name\":\"Flora Murus\",\"url\":\"https:\/\/floramurus.com\/\",\"logo\":{\"@type\":\"ImageObject\",\"inLanguage\":\"fr-FR\",\"@id\":\"https:\/\/floramurus.com\/#\/schema\/logo\/image\/\",\"url\":\"https:\/\/floramurus.com\/wp-content\/uploads\/2024\/05\/flora-murus-logo.png\",\"contentUrl\":\"https:\/\/floramurus.com\/wp-content\/uploads\/2024\/05\/flora-murus-logo.png\",\"width\":926,\"height\":250,\"caption\":\"Flora Murus\"},\"image\":{\"@id\":\"https:\/\/floramurus.com\/#\/schema\/logo\/image\/\"}}]}<\/script>\n<!-- \/ Yoast SEO plugin. -->","yoast_head_json":{"title":"Flower Wall Spring \ud83c\udf38| Mariage &amp; D\u00e9co | Acheter &amp; Louer","description":"D\u00e9couvrez les plus beaux murs de fleurs \u00e0 des prix abordables pour d\u00e9corer votre int\u00e9rieur ou une c\u00e9r\u00e9monie. Des fleurs r\u00e9alistes aux couleurs \u00e9clatantes.","robots":{"index":"index","follow":"follow","max-snippet":"max-snippet:-1","max-image-preview":"max-image-preview:large","max-video-preview":"max-video-preview:-1"},"canonical":"https:\/\/floramurus.com\/fr\/p\/mur-floral-printemps\/","og_locale":"fr_FR","og_type":"article","og_title":"Flower Wall Spring \ud83c\udf38| Wedding & Deco | Buy & Rent","og_description":"Discover the most beautiful flower walls at affordable prices to decorate your interior or a ceremony. Realistic flowers with vibrant colors.","og_url":"https:\/\/floramurus.com\/fr\/p\/mur-floral-printemps\/","og_site_name":"Flora Murus","article_modified_time":"2024-05-24T00:58:33+00:00","og_image":[{"width":596,"height":708,"url":"https:\/\/floramurus.com\/wp-content\/uploads\/2024\/05\/File_201_d32e9fb6-7dd4-4594-8534-56d98b4de066.png","type":"image\/png"}],"twitter_card":"summary_large_image","twitter_misc":{"Dur\u00e9e de lecture estim\u00e9e":"1 minute"},"schema":{"@context":"https:\/\/schema.org","@graph":[{"@type":"WebPage","@id":"https:\/\/floramurus.com\/p\/floral-wall-springtime\/","url":"https:\/\/floramurus.com\/p\/floral-wall-springtime\/","name":"Flower Wall Spring \ud83c\udf38| Mariage &amp; D\u00e9co | Acheter &amp; Louer","isPartOf":{"@id":"https:\/\/floramurus.com\/#website"},"primaryImageOfPage":{"@id":"https:\/\/floramurus.com\/p\/floral-wall-springtime\/#primaryimage"},"image":{"@id":"https:\/\/floramurus.com\/p\/floral-wall-springtime\/#primaryimage"},"thumbnailUrl":"https:\/\/floramurus.com\/wp-content\/uploads\/2024\/05\/File_201_d32e9fb6-7dd4-4594-8534-56d98b4de066.png","datePublished":"2024-05-23T05:48:16+00:00","dateModified":"2024-05-24T00:58:33+00:00","description":"D\u00e9couvrez les plus beaux murs de fleurs \u00e0 des prix abordables pour d\u00e9corer votre int\u00e9rieur ou une c\u00e9r\u00e9monie. Des fleurs r\u00e9alistes aux couleurs \u00e9clatantes.","breadcrumb":{"@id":"https:\/\/floramurus.com\/p\/floral-wall-springtime\/#breadcrumb"},"inLanguage":"fr-FR","potentialAction":[{"@type":"ReadAction","target":["https:\/\/floramurus.com\/p\/floral-wall-springtime\/"]}]},{"@type":"ImageObject","inLanguage":"fr-FR","@id":"https:\/\/floramurus.com\/p\/floral-wall-springtime\/#primaryimage","url":"https:\/\/floramurus.com\/wp-content\/uploads\/2024\/05\/File_201_d32e9fb6-7dd4-4594-8534-56d98b4de066.png","contentUrl":"https:\/\/floramurus.com\/wp-content\/uploads\/2024\/05\/File_201_d32e9fb6-7dd4-4594-8534-56d98b4de066.png","width":596,"height":708,"caption":"Bright springtime floral wall with mixed blooms"},{"@type":"BreadcrumbList","@id":"https:\/\/floramurus.com\/p\/floral-wall-springtime\/#breadcrumb","itemListElement":[{"@type":"ListItem","position":1,"name":"Home","item":"https:\/\/floramurus.com\/"},{"@type":"ListItem","position":2,"name":"Shop","item":"https:\/\/floramurus.com\/shop\/"},{"@type":"ListItem","position":3,"name":"Flower Wall Spring"}]},{"@type":"WebSite","@id":"https:\/\/floramurus.com\/#website","url":"https:\/\/floramurus.com\/","name":"Flora Murus","description":"","publisher":{"@id":"https:\/\/floramurus.com\/#organization"},"potentialAction":[{"@type":"SearchAction","target":{"@type":"EntryPoint","urlTemplate":"https:\/\/floramurus.com\/?s={search_term_string}"},"query-input":{"@type":"PropertyValueSpecification","valueRequired":true,"valueName":"search_term_string"}}],"inLanguage":"fr-FR"},{"@type":"Organization","@id":"https:\/\/floramurus.com\/#organization","name":"Flora Murus","url":"https:\/\/floramurus.com\/","logo":{"@type":"ImageObject","inLanguage":"fr-FR","@id":"https:\/\/floramurus.com\/#\/schema\/logo\/image\/","url":"https:\/\/floramurus.com\/wp-content\/uploads\/2024\/05\/flora-murus-logo.png","contentUrl":"https:\/\/floramurus.com\/wp-content\/uploads\/2024\/05\/flora-murus-logo.png","width":926,"height":250,"caption":"Flora Murus"},"image":{"@id":"https:\/\/floramurus.com\/#\/schema\/logo\/image\/"}}]}},"_links":{"self":[{"href":"https:\/\/floramurus.com\/fr\/wp-json\/wp\/v2\/product\/190","targetHints":{"allow":["GET"]}}],"collection":[{"href":"https:\/\/floramurus.com\/fr\/wp-json\/wp\/v2\/product"}],"about":[{"href":"https:\/\/floramurus.com\/fr\/wp-json\/wp\/v2\/types\/product"}],"wp:featuredmedia":[{"embeddable":true,"href":"https:\/\/floramurus.com\/fr\/wp-json\/wp\/v2\/media\/189"}],"wp:attachment":[{"href":"https:\/\/floramurus.com\/fr\/wp-json\/wp\/v2\/media?parent=190"}],"wp:term":[{"taxonomy":"product_brand","embeddable":true,"href":"https:\/\/floramurus.com\/fr\/wp-json\/wp\/v2\/product_brand?post=190"},{"taxonomy":"product_cat","embeddable":true,"href":"https:\/\/floramurus.com\/fr\/wp-json\/wp\/v2\/product_cat?post=190"},{"taxonomy":"product_tag","embeddable":true,"href":"https:\/\/floramurus.com\/fr\/wp-json\/wp\/v2\/product_tag?post=190"}],"curies":[{"name":"wp","href":"https:\/\/api.w.org\/{rel}","templated":true}]}}