{"id":275,"date":"2024-05-23T05:49:57","date_gmt":"2024-05-23T05:49:57","guid":{"rendered":"https:\/\/floramurus.com\/p\/flower-wall-sunny-day-design\/"},"modified":"2024-05-24T00:55:25","modified_gmt":"2024-05-24T00:55:25","slug":"mur-de-fleurs-sunny-day-design","status":"publish","type":"product","link":"https:\/\/floramurus.com\/fr\/p\/mur-de-fleurs-sunny-day-design\/","title":{"rendered":"<span>Mur de fleurs <\/span><span class=\"product-title-custom\"> Journ\u00e9e ensoleill\u00e9e<\/span>"},"content":{"rendered":"<p><strong>Mur de fleurs artificielles<\/strong> avec fixation murale. La composition \u00e9voque une journ\u00e9e ensoleill\u00e9e avec ses fleurs blanches et orange pastel.<br>Disponible en plusieurs tailles.<p>Pour un usage d\u00e9coratif. Il peut \u00eatre plac\u00e9 pour habiller un mur vide et s'harmoniser avec votre int\u00e9rieur, ou pour mettre en valeur une d\u00e9coration particuli\u00e8re. A <strong>d\u00e9cor de mariage<\/strong>, une f\u00eate... et servir de <strong>arri\u00e8re-plan<\/strong> lors des s\u00e9ances de photos.<\/p>","protected":false},"excerpt":{"rendered":"Artificial flower wall with wall mounting. The composition evokes a sunny day with its white and pastel orange flowers.Available in various sizes.For decorative use. It can be placed to dress up an empty wall and match your interior, or to enhance a special decoration. A wedding decor, a party&#8230; and serve as a background during [&#8230;]","protected":false},"featured_media":274,"template":"","meta":[],"product_brand":[],"product_cat":[15,26,20],"product_tag":[],"class_list":{"0":"post-275","1":"product","2":"type-product","3":"status-publish","4":"has-post-thumbnail","6":"product_cat-all-products","7":"product_cat-orange-floral-wall-backdrop","8":"product_cat-white-floral-wall-backdrop","10":"first","11":"instock","12":"shipping-taxable","13":"purchasable","14":"product-type-simple"},"yoast_head":"<!-- This site is optimized with the Yoast SEO plugin v25.9 - https:\/\/yoast.com\/wordpress\/plugins\/seo\/ -->\n<title>Flower Wall Sunny Day \ud83c\udf38| Wedding &amp; Deco | Buy &amp; Rent<\/title>\n<meta name=\"description\" content=\"Discover the most beautiful flower walls at affordable prices to decorate your interior or a ceremony. Realistic flowers with vibrant colors.\" \/>\n<meta name=\"robots\" content=\"index, follow, max-snippet:-1, max-image-preview:large, max-video-preview:-1\" \/>\n<link rel=\"canonical\" href=\"https:\/\/floramurus.com\/fr\/p\/mur-de-fleurs-sunny-day-design\/\" \/>\n<meta property=\"og:locale\" content=\"fr_FR\" \/>\n<meta property=\"og:type\" content=\"article\" \/>\n<meta property=\"og:title\" content=\"Flower Wall Sunny Day \ud83c\udf38| Wedding &amp; Deco | Buy &amp; Rent\" \/>\n<meta property=\"og:description\" content=\"Discover the most beautiful flower walls at affordable prices to decorate your interior or a ceremony. Realistic flowers with vibrant colors.\" \/>\n<meta property=\"og:url\" content=\"https:\/\/floramurus.com\/fr\/p\/mur-de-fleurs-sunny-day-design\/\" \/>\n<meta property=\"og:site_name\" content=\"Flora Murus\" \/>\n<meta property=\"article:modified_time\" content=\"2024-05-24T00:55:25+00:00\" \/>\n<meta property=\"og:image\" content=\"https:\/\/floramurus.com\/wp-content\/uploads\/2024\/05\/File_201_7f9d8650-6857-471f-ab60-3d46a8fe1cdf.png\" \/>\n\t<meta property=\"og:image:width\" content=\"597\" \/>\n\t<meta property=\"og:image:height\" content=\"712\" \/>\n\t<meta property=\"og:image:type\" content=\"image\/png\" \/>\n<meta name=\"twitter:card\" content=\"summary_large_image\" \/>\n<meta name=\"twitter:label1\" content=\"Dur\u00e9e de lecture estim\u00e9e\" \/>\n\t<meta name=\"twitter:data1\" content=\"1 minute\" \/>\n<script type=\"application\/ld+json\" class=\"yoast-schema-graph\">{\"@context\":\"https:\/\/schema.org\",\"@graph\":[{\"@type\":\"WebPage\",\"@id\":\"https:\/\/floramurus.com\/p\/flower-wall-sunny-day-design\/\",\"url\":\"https:\/\/floramurus.com\/p\/flower-wall-sunny-day-design\/\",\"name\":\"Flower Wall Sunny Day \ud83c\udf38| Wedding & Deco | Buy & Rent\",\"isPartOf\":{\"@id\":\"https:\/\/floramurus.com\/#website\"},\"primaryImageOfPage\":{\"@id\":\"https:\/\/floramurus.com\/p\/flower-wall-sunny-day-design\/#primaryimage\"},\"image\":{\"@id\":\"https:\/\/floramurus.com\/p\/flower-wall-sunny-day-design\/#primaryimage\"},\"thumbnailUrl\":\"https:\/\/floramurus.com\/wp-content\/uploads\/2024\/05\/File_201_7f9d8650-6857-471f-ab60-3d46a8fe1cdf.png\",\"datePublished\":\"2024-05-23T05:49:57+00:00\",\"dateModified\":\"2024-05-24T00:55:25+00:00\",\"description\":\"Discover the most beautiful flower walls at affordable prices to decorate your interior or a ceremony. Realistic flowers with vibrant colors.\",\"breadcrumb\":{\"@id\":\"https:\/\/floramurus.com\/p\/flower-wall-sunny-day-design\/#breadcrumb\"},\"inLanguage\":\"fr-FR\",\"potentialAction\":[{\"@type\":\"ReadAction\",\"target\":[\"https:\/\/floramurus.com\/p\/flower-wall-sunny-day-design\/\"]}]},{\"@type\":\"ImageObject\",\"inLanguage\":\"fr-FR\",\"@id\":\"https:\/\/floramurus.com\/p\/flower-wall-sunny-day-design\/#primaryimage\",\"url\":\"https:\/\/floramurus.com\/wp-content\/uploads\/2024\/05\/File_201_7f9d8650-6857-471f-ab60-3d46a8fe1cdf.png\",\"contentUrl\":\"https:\/\/floramurus.com\/wp-content\/uploads\/2024\/05\/File_201_7f9d8650-6857-471f-ab60-3d46a8fe1cdf.png\",\"width\":597,\"height\":712,\"caption\":\"Bright and cheerful sunny day flower wall\"},{\"@type\":\"BreadcrumbList\",\"@id\":\"https:\/\/floramurus.com\/p\/flower-wall-sunny-day-design\/#breadcrumb\",\"itemListElement\":[{\"@type\":\"ListItem\",\"position\":1,\"name\":\"Home\",\"item\":\"https:\/\/floramurus.com\/\"},{\"@type\":\"ListItem\",\"position\":2,\"name\":\"Shop\",\"item\":\"https:\/\/floramurus.com\/shop\/\"},{\"@type\":\"ListItem\",\"position\":3,\"name\":\"Flower Wall Sunny Day\"}]},{\"@type\":\"WebSite\",\"@id\":\"https:\/\/floramurus.com\/#website\",\"url\":\"https:\/\/floramurus.com\/\",\"name\":\"Flora Murus\",\"description\":\"\",\"publisher\":{\"@id\":\"https:\/\/floramurus.com\/#organization\"},\"potentialAction\":[{\"@type\":\"SearchAction\",\"target\":{\"@type\":\"EntryPoint\",\"urlTemplate\":\"https:\/\/floramurus.com\/?s={search_term_string}\"},\"query-input\":{\"@type\":\"PropertyValueSpecification\",\"valueRequired\":true,\"valueName\":\"search_term_string\"}}],\"inLanguage\":\"fr-FR\"},{\"@type\":\"Organization\",\"@id\":\"https:\/\/floramurus.com\/#organization\",\"name\":\"Flora Murus\",\"url\":\"https:\/\/floramurus.com\/\",\"logo\":{\"@type\":\"ImageObject\",\"inLanguage\":\"fr-FR\",\"@id\":\"https:\/\/floramurus.com\/#\/schema\/logo\/image\/\",\"url\":\"https:\/\/floramurus.com\/wp-content\/uploads\/2024\/05\/flora-murus-logo.png\",\"contentUrl\":\"https:\/\/floramurus.com\/wp-content\/uploads\/2024\/05\/flora-murus-logo.png\",\"width\":926,\"height\":250,\"caption\":\"Flora Murus\"},\"image\":{\"@id\":\"https:\/\/floramurus.com\/#\/schema\/logo\/image\/\"}}]}<\/script>\n<!-- \/ Yoast SEO plugin. -->","yoast_head_json":{"title":"Mur de fleurs Sunny Day \ud83c\udf38| Mariage &amp; D\u00e9co | Acheter &amp; Louer","description":"D\u00e9couvrez les plus beaux murs de fleurs \u00e0 des prix abordables pour d\u00e9corer votre int\u00e9rieur ou une c\u00e9r\u00e9monie. Des fleurs r\u00e9alistes aux couleurs \u00e9clatantes.","robots":{"index":"index","follow":"follow","max-snippet":"max-snippet:-1","max-image-preview":"max-image-preview:large","max-video-preview":"max-video-preview:-1"},"canonical":"https:\/\/floramurus.com\/fr\/p\/mur-de-fleurs-sunny-day-design\/","og_locale":"fr_FR","og_type":"article","og_title":"Flower Wall Sunny Day \ud83c\udf38| Wedding & Deco | Buy & Rent","og_description":"Discover the most beautiful flower walls at affordable prices to decorate your interior or a ceremony. Realistic flowers with vibrant colors.","og_url":"https:\/\/floramurus.com\/fr\/p\/mur-de-fleurs-sunny-day-design\/","og_site_name":"Flora Murus","article_modified_time":"2024-05-24T00:55:25+00:00","og_image":[{"width":597,"height":712,"url":"https:\/\/floramurus.com\/wp-content\/uploads\/2024\/05\/File_201_7f9d8650-6857-471f-ab60-3d46a8fe1cdf.png","type":"image\/png"}],"twitter_card":"summary_large_image","twitter_misc":{"Dur\u00e9e de lecture estim\u00e9e":"1 minute"},"schema":{"@context":"https:\/\/schema.org","@graph":[{"@type":"WebPage","@id":"https:\/\/floramurus.com\/p\/flower-wall-sunny-day-design\/","url":"https:\/\/floramurus.com\/p\/flower-wall-sunny-day-design\/","name":"Mur de fleurs Sunny Day \ud83c\udf38| Mariage &amp; D\u00e9co | Acheter &amp; Louer","isPartOf":{"@id":"https:\/\/floramurus.com\/#website"},"primaryImageOfPage":{"@id":"https:\/\/floramurus.com\/p\/flower-wall-sunny-day-design\/#primaryimage"},"image":{"@id":"https:\/\/floramurus.com\/p\/flower-wall-sunny-day-design\/#primaryimage"},"thumbnailUrl":"https:\/\/floramurus.com\/wp-content\/uploads\/2024\/05\/File_201_7f9d8650-6857-471f-ab60-3d46a8fe1cdf.png","datePublished":"2024-05-23T05:49:57+00:00","dateModified":"2024-05-24T00:55:25+00:00","description":"D\u00e9couvrez les plus beaux murs de fleurs \u00e0 des prix abordables pour d\u00e9corer votre int\u00e9rieur ou une c\u00e9r\u00e9monie. Des fleurs r\u00e9alistes aux couleurs \u00e9clatantes.","breadcrumb":{"@id":"https:\/\/floramurus.com\/p\/flower-wall-sunny-day-design\/#breadcrumb"},"inLanguage":"fr-FR","potentialAction":[{"@type":"ReadAction","target":["https:\/\/floramurus.com\/p\/flower-wall-sunny-day-design\/"]}]},{"@type":"ImageObject","inLanguage":"fr-FR","@id":"https:\/\/floramurus.com\/p\/flower-wall-sunny-day-design\/#primaryimage","url":"https:\/\/floramurus.com\/wp-content\/uploads\/2024\/05\/File_201_7f9d8650-6857-471f-ab60-3d46a8fe1cdf.png","contentUrl":"https:\/\/floramurus.com\/wp-content\/uploads\/2024\/05\/File_201_7f9d8650-6857-471f-ab60-3d46a8fe1cdf.png","width":597,"height":712,"caption":"Bright and cheerful sunny day flower wall"},{"@type":"BreadcrumbList","@id":"https:\/\/floramurus.com\/p\/flower-wall-sunny-day-design\/#breadcrumb","itemListElement":[{"@type":"ListItem","position":1,"name":"Home","item":"https:\/\/floramurus.com\/"},{"@type":"ListItem","position":2,"name":"Shop","item":"https:\/\/floramurus.com\/shop\/"},{"@type":"ListItem","position":3,"name":"Flower Wall Sunny Day"}]},{"@type":"WebSite","@id":"https:\/\/floramurus.com\/#website","url":"https:\/\/floramurus.com\/","name":"Flora Murus","description":"","publisher":{"@id":"https:\/\/floramurus.com\/#organization"},"potentialAction":[{"@type":"SearchAction","target":{"@type":"EntryPoint","urlTemplate":"https:\/\/floramurus.com\/?s={search_term_string}"},"query-input":{"@type":"PropertyValueSpecification","valueRequired":true,"valueName":"search_term_string"}}],"inLanguage":"fr-FR"},{"@type":"Organization","@id":"https:\/\/floramurus.com\/#organization","name":"Flora Murus","url":"https:\/\/floramurus.com\/","logo":{"@type":"ImageObject","inLanguage":"fr-FR","@id":"https:\/\/floramurus.com\/#\/schema\/logo\/image\/","url":"https:\/\/floramurus.com\/wp-content\/uploads\/2024\/05\/flora-murus-logo.png","contentUrl":"https:\/\/floramurus.com\/wp-content\/uploads\/2024\/05\/flora-murus-logo.png","width":926,"height":250,"caption":"Flora Murus"},"image":{"@id":"https:\/\/floramurus.com\/#\/schema\/logo\/image\/"}}]}},"_links":{"self":[{"href":"https:\/\/floramurus.com\/fr\/wp-json\/wp\/v2\/product\/275","targetHints":{"allow":["GET"]}}],"collection":[{"href":"https:\/\/floramurus.com\/fr\/wp-json\/wp\/v2\/product"}],"about":[{"href":"https:\/\/floramurus.com\/fr\/wp-json\/wp\/v2\/types\/product"}],"wp:featuredmedia":[{"embeddable":true,"href":"https:\/\/floramurus.com\/fr\/wp-json\/wp\/v2\/media\/274"}],"wp:attachment":[{"href":"https:\/\/floramurus.com\/fr\/wp-json\/wp\/v2\/media?parent=275"}],"wp:term":[{"taxonomy":"product_brand","embeddable":true,"href":"https:\/\/floramurus.com\/fr\/wp-json\/wp\/v2\/product_brand?post=275"},{"taxonomy":"product_cat","embeddable":true,"href":"https:\/\/floramurus.com\/fr\/wp-json\/wp\/v2\/product_cat?post=275"},{"taxonomy":"product_tag","embeddable":true,"href":"https:\/\/floramurus.com\/fr\/wp-json\/wp\/v2\/product_tag?post=275"}],"curies":[{"name":"wp","href":"https:\/\/api.w.org\/{rel}","templated":true}]}}