{"id":135,"date":"2024-05-23T05:47:10","date_gmt":"2024-05-23T05:47:10","guid":{"rendered":"https:\/\/floramurus.com\/p\/floral-wall-cheerful-design\/"},"modified":"2024-05-24T01:01:21","modified_gmt":"2024-05-24T01:01:21","slug":"viragos-fal-vidam-design","status":"publish","type":"product","link":"https:\/\/floramurus.com\/hu\/p\/viragos-fal-vidam-design\/","title":{"rendered":"<span>Vir\u00e1g fal <\/span><span class=\"product-title-custom\"> Vir\u00e1gos vid\u00e1ms\u00e1g<\/span>"},"content":{"rendered":"<h2>Keresi a vir\u00e1gfalat, amely feldobja a helyis\u00e9geket \u00e9s az esem\u00e9nyeket? A Vir\u00e1gos vid\u00e1ms\u00e1g fal az, amire sz\u00fcks\u00e9ge van:<\/h2>\r\n<p>Ezzel a vir\u00e1gfallal, amely nem marad \u00e9szrev\u00e9tlen, hagyja mag\u00e1t elb\u0171v\u00f6lni a l\u00e1gy \u00e9s \u00e9l\u00e9nk sz\u00ednekkel, amelyek b\u00e1rmely szob\u00e1ban vagy t\u00e9rben k\u00fcl\u00f6nbs\u00e9get tesznek.<br><br>Alkalmas minden esem\u00e9nyre, haszn\u00e1lhatja kieg\u00e9sz\u00edt\u0151k\u00e9nt, hogy feldobja sz\u00fclet\u00e9snapi fot\u00f3it vagy csal\u00e1di \u00fcnneps\u00e9geit. Egyedi \u00e9s term\u00e9szet ihlette dekor\u00e1ci\u00f3k\u00e9nt is t\u00f6k\u00e9letesen alkalmas a h\u00e1l\u00f3szob\u00e1ban vagy a nappaliban.<\/p>","protected":false},"excerpt":{"rendered":"Searching for the flower wall that will brighten up your rooms and events? The Floral Cheerfulness wall is the one you need: With this flower wall that doesn&#8217;t go unnoticed, let yourself be charmed by its soft and vibrant colors that will make a difference in any room or space.Suitable for all your events, you [&#8230;]","protected":false},"featured_media":134,"template":"","meta":[],"product_brand":[],"product_cat":[15,22,21,20],"product_tag":[],"class_list":{"0":"post-135","1":"product","2":"type-product","3":"status-publish","4":"has-post-thumbnail","6":"product_cat-all-products","7":"product_cat-blue-floral-wall-backdrop","8":"product_cat-green-floral-wall-backdrop","9":"product_cat-white-floral-wall-backdrop","11":"first","12":"instock","13":"shipping-taxable","14":"purchasable","15":"product-type-simple"},"yoast_head":"<!-- This site is optimized with the Yoast SEO plugin v25.9 - https:\/\/yoast.com\/wordpress\/plugins\/seo\/ -->\n<title>Flower Wall Floral Cheer \ud83c\udf38| Wedding &amp; Deco | Buy &amp; Rent<\/title>\n<meta name=\"description\" content=\"Discover the most beautiful flower walls at affordable prices to decorate your interior or a ceremony. Realistic flowers with vibrant colors.\" \/>\n<meta name=\"robots\" content=\"index, follow, max-snippet:-1, max-image-preview:large, max-video-preview:-1\" \/>\n<link rel=\"canonical\" href=\"https:\/\/floramurus.com\/hu\/p\/viragos-fal-vidam-design\/\" \/>\n<meta property=\"og:locale\" content=\"hu_HU\" \/>\n<meta property=\"og:type\" content=\"article\" \/>\n<meta property=\"og:title\" content=\"Flower Wall Floral Cheer \ud83c\udf38| Wedding &amp; Deco | Buy &amp; Rent\" \/>\n<meta property=\"og:description\" content=\"Discover the most beautiful flower walls at affordable prices to decorate your interior or a ceremony. Realistic flowers with vibrant colors.\" \/>\n<meta property=\"og:url\" content=\"https:\/\/floramurus.com\/hu\/p\/viragos-fal-vidam-design\/\" \/>\n<meta property=\"og:site_name\" content=\"Flora Murus\" \/>\n<meta property=\"article:modified_time\" content=\"2024-05-24T01:01:21+00:00\" \/>\n<meta property=\"og:image\" content=\"https:\/\/floramurus.com\/wp-content\/uploads\/2024\/05\/File_201_526bc3b1-d6dd-4fe0-8f3a-8a5fb01f5f4f.png\" \/>\n\t<meta property=\"og:image:width\" content=\"599\" \/>\n\t<meta property=\"og:image:height\" content=\"709\" \/>\n\t<meta property=\"og:image:type\" content=\"image\/png\" \/>\n<meta name=\"twitter:card\" content=\"summary_large_image\" \/>\n<meta name=\"twitter:label1\" content=\"Becs\u00fclt olvas\u00e1si id\u0151\" \/>\n\t<meta name=\"twitter:data1\" content=\"1 perc\" \/>\n<script type=\"application\/ld+json\" class=\"yoast-schema-graph\">{\"@context\":\"https:\/\/schema.org\",\"@graph\":[{\"@type\":\"WebPage\",\"@id\":\"https:\/\/floramurus.com\/p\/floral-wall-cheerful-design\/\",\"url\":\"https:\/\/floramurus.com\/p\/floral-wall-cheerful-design\/\",\"name\":\"Flower Wall Floral Cheer \ud83c\udf38| Wedding & Deco | Buy & Rent\",\"isPartOf\":{\"@id\":\"https:\/\/floramurus.com\/#website\"},\"primaryImageOfPage\":{\"@id\":\"https:\/\/floramurus.com\/p\/floral-wall-cheerful-design\/#primaryimage\"},\"image\":{\"@id\":\"https:\/\/floramurus.com\/p\/floral-wall-cheerful-design\/#primaryimage\"},\"thumbnailUrl\":\"https:\/\/floramurus.com\/wp-content\/uploads\/2024\/05\/File_201_526bc3b1-d6dd-4fe0-8f3a-8a5fb01f5f4f.png\",\"datePublished\":\"2024-05-23T05:47:10+00:00\",\"dateModified\":\"2024-05-24T01:01:21+00:00\",\"description\":\"Discover the most beautiful flower walls at affordable prices to decorate your interior or a ceremony. Realistic flowers with vibrant colors.\",\"breadcrumb\":{\"@id\":\"https:\/\/floramurus.com\/p\/floral-wall-cheerful-design\/#breadcrumb\"},\"inLanguage\":\"hu\",\"potentialAction\":[{\"@type\":\"ReadAction\",\"target\":[\"https:\/\/floramurus.com\/p\/floral-wall-cheerful-design\/\"]}]},{\"@type\":\"ImageObject\",\"inLanguage\":\"hu\",\"@id\":\"https:\/\/floramurus.com\/p\/floral-wall-cheerful-design\/#primaryimage\",\"url\":\"https:\/\/floramurus.com\/wp-content\/uploads\/2024\/05\/File_201_526bc3b1-d6dd-4fe0-8f3a-8a5fb01f5f4f.png\",\"contentUrl\":\"https:\/\/floramurus.com\/wp-content\/uploads\/2024\/05\/File_201_526bc3b1-d6dd-4fe0-8f3a-8a5fb01f5f4f.png\",\"width\":599,\"height\":709,\"caption\":\"Cheerful floral wall bursting with colorful blooms\"},{\"@type\":\"BreadcrumbList\",\"@id\":\"https:\/\/floramurus.com\/p\/floral-wall-cheerful-design\/#breadcrumb\",\"itemListElement\":[{\"@type\":\"ListItem\",\"position\":1,\"name\":\"Home\",\"item\":\"https:\/\/floramurus.com\/\"},{\"@type\":\"ListItem\",\"position\":2,\"name\":\"Shop\",\"item\":\"https:\/\/floramurus.com\/shop\/\"},{\"@type\":\"ListItem\",\"position\":3,\"name\":\"Flower Wall Floral Cheer\"}]},{\"@type\":\"WebSite\",\"@id\":\"https:\/\/floramurus.com\/#website\",\"url\":\"https:\/\/floramurus.com\/\",\"name\":\"Flora Murus\",\"description\":\"\",\"publisher\":{\"@id\":\"https:\/\/floramurus.com\/#organization\"},\"potentialAction\":[{\"@type\":\"SearchAction\",\"target\":{\"@type\":\"EntryPoint\",\"urlTemplate\":\"https:\/\/floramurus.com\/?s={search_term_string}\"},\"query-input\":{\"@type\":\"PropertyValueSpecification\",\"valueRequired\":true,\"valueName\":\"search_term_string\"}}],\"inLanguage\":\"hu\"},{\"@type\":\"Organization\",\"@id\":\"https:\/\/floramurus.com\/#organization\",\"name\":\"Flora Murus\",\"url\":\"https:\/\/floramurus.com\/\",\"logo\":{\"@type\":\"ImageObject\",\"inLanguage\":\"hu\",\"@id\":\"https:\/\/floramurus.com\/#\/schema\/logo\/image\/\",\"url\":\"https:\/\/floramurus.com\/wp-content\/uploads\/2024\/05\/flora-murus-logo.png\",\"contentUrl\":\"https:\/\/floramurus.com\/wp-content\/uploads\/2024\/05\/flora-murus-logo.png\",\"width\":926,\"height\":250,\"caption\":\"Flora Murus\"},\"image\":{\"@id\":\"https:\/\/floramurus.com\/#\/schema\/logo\/image\/\"}}]}<\/script>\n<!-- \/ Yoast SEO plugin. -->","yoast_head_json":{"title":"Vir\u00e1gfal Vir\u00e1gos vid\u00e1ms\u00e1g \ud83c\udf38| Esk\u00fcv\u0151 \u00e9s dekor\u00e1ci\u00f3 | Megveszem \u00e9s k\u00f6lcs\u00f6nz\u00f6m","description":"Fedezze fel a legszebb vir\u00e1gfalakat megfizethet\u0151 \u00e1ron, hogy d\u00edsz\u00edtse bels\u0151 ter\u00e9t vagy egy \u00fcnneps\u00e9get. \u00c9leth\u0171 vir\u00e1gok \u00e9l\u00e9nk sz\u00ednekkel.","robots":{"index":"index","follow":"follow","max-snippet":"max-snippet:-1","max-image-preview":"max-image-preview:large","max-video-preview":"max-video-preview:-1"},"canonical":"https:\/\/floramurus.com\/hu\/p\/viragos-fal-vidam-design\/","og_locale":"hu_HU","og_type":"article","og_title":"Flower Wall Floral Cheer \ud83c\udf38| Wedding & Deco | Buy & Rent","og_description":"Discover the most beautiful flower walls at affordable prices to decorate your interior or a ceremony. Realistic flowers with vibrant colors.","og_url":"https:\/\/floramurus.com\/hu\/p\/viragos-fal-vidam-design\/","og_site_name":"Flora Murus","article_modified_time":"2024-05-24T01:01:21+00:00","og_image":[{"width":599,"height":709,"url":"https:\/\/floramurus.com\/wp-content\/uploads\/2024\/05\/File_201_526bc3b1-d6dd-4fe0-8f3a-8a5fb01f5f4f.png","type":"image\/png"}],"twitter_card":"summary_large_image","twitter_misc":{"Becs\u00fclt olvas\u00e1si id\u0151":"1 perc"},"schema":{"@context":"https:\/\/schema.org","@graph":[{"@type":"WebPage","@id":"https:\/\/floramurus.com\/p\/floral-wall-cheerful-design\/","url":"https:\/\/floramurus.com\/p\/floral-wall-cheerful-design\/","name":"Vir\u00e1gfal Vir\u00e1gos vid\u00e1ms\u00e1g \ud83c\udf38| Esk\u00fcv\u0151 \u00e9s dekor\u00e1ci\u00f3 | Megveszem \u00e9s k\u00f6lcs\u00f6nz\u00f6m","isPartOf":{"@id":"https:\/\/floramurus.com\/#website"},"primaryImageOfPage":{"@id":"https:\/\/floramurus.com\/p\/floral-wall-cheerful-design\/#primaryimage"},"image":{"@id":"https:\/\/floramurus.com\/p\/floral-wall-cheerful-design\/#primaryimage"},"thumbnailUrl":"https:\/\/floramurus.com\/wp-content\/uploads\/2024\/05\/File_201_526bc3b1-d6dd-4fe0-8f3a-8a5fb01f5f4f.png","datePublished":"2024-05-23T05:47:10+00:00","dateModified":"2024-05-24T01:01:21+00:00","description":"Fedezze fel a legszebb vir\u00e1gfalakat megfizethet\u0151 \u00e1ron, hogy d\u00edsz\u00edtse bels\u0151 ter\u00e9t vagy egy \u00fcnneps\u00e9get. \u00c9leth\u0171 vir\u00e1gok \u00e9l\u00e9nk sz\u00ednekkel.","breadcrumb":{"@id":"https:\/\/floramurus.com\/p\/floral-wall-cheerful-design\/#breadcrumb"},"inLanguage":"hu","potentialAction":[{"@type":"ReadAction","target":["https:\/\/floramurus.com\/p\/floral-wall-cheerful-design\/"]}]},{"@type":"ImageObject","inLanguage":"hu","@id":"https:\/\/floramurus.com\/p\/floral-wall-cheerful-design\/#primaryimage","url":"https:\/\/floramurus.com\/wp-content\/uploads\/2024\/05\/File_201_526bc3b1-d6dd-4fe0-8f3a-8a5fb01f5f4f.png","contentUrl":"https:\/\/floramurus.com\/wp-content\/uploads\/2024\/05\/File_201_526bc3b1-d6dd-4fe0-8f3a-8a5fb01f5f4f.png","width":599,"height":709,"caption":"Cheerful floral wall bursting with colorful blooms"},{"@type":"BreadcrumbList","@id":"https:\/\/floramurus.com\/p\/floral-wall-cheerful-design\/#breadcrumb","itemListElement":[{"@type":"ListItem","position":1,"name":"Home","item":"https:\/\/floramurus.com\/"},{"@type":"ListItem","position":2,"name":"Shop","item":"https:\/\/floramurus.com\/shop\/"},{"@type":"ListItem","position":3,"name":"Flower Wall Floral Cheer"}]},{"@type":"WebSite","@id":"https:\/\/floramurus.com\/#website","url":"https:\/\/floramurus.com\/","name":"Flora Murus","description":"","publisher":{"@id":"https:\/\/floramurus.com\/#organization"},"potentialAction":[{"@type":"SearchAction","target":{"@type":"EntryPoint","urlTemplate":"https:\/\/floramurus.com\/?s={search_term_string}"},"query-input":{"@type":"PropertyValueSpecification","valueRequired":true,"valueName":"search_term_string"}}],"inLanguage":"hu"},{"@type":"Organization","@id":"https:\/\/floramurus.com\/#organization","name":"Flora Murus","url":"https:\/\/floramurus.com\/","logo":{"@type":"ImageObject","inLanguage":"hu","@id":"https:\/\/floramurus.com\/#\/schema\/logo\/image\/","url":"https:\/\/floramurus.com\/wp-content\/uploads\/2024\/05\/flora-murus-logo.png","contentUrl":"https:\/\/floramurus.com\/wp-content\/uploads\/2024\/05\/flora-murus-logo.png","width":926,"height":250,"caption":"Flora Murus"},"image":{"@id":"https:\/\/floramurus.com\/#\/schema\/logo\/image\/"}}]}},"_links":{"self":[{"href":"https:\/\/floramurus.com\/hu\/wp-json\/wp\/v2\/product\/135","targetHints":{"allow":["GET"]}}],"collection":[{"href":"https:\/\/floramurus.com\/hu\/wp-json\/wp\/v2\/product"}],"about":[{"href":"https:\/\/floramurus.com\/hu\/wp-json\/wp\/v2\/types\/product"}],"wp:featuredmedia":[{"embeddable":true,"href":"https:\/\/floramurus.com\/hu\/wp-json\/wp\/v2\/media\/134"}],"wp:attachment":[{"href":"https:\/\/floramurus.com\/hu\/wp-json\/wp\/v2\/media?parent=135"}],"wp:term":[{"taxonomy":"product_brand","embeddable":true,"href":"https:\/\/floramurus.com\/hu\/wp-json\/wp\/v2\/product_brand?post=135"},{"taxonomy":"product_cat","embeddable":true,"href":"https:\/\/floramurus.com\/hu\/wp-json\/wp\/v2\/product_cat?post=135"},{"taxonomy":"product_tag","embeddable":true,"href":"https:\/\/floramurus.com\/hu\/wp-json\/wp\/v2\/product_tag?post=135"}],"curies":[{"name":"wp","href":"https:\/\/api.w.org\/{rel}","templated":true}]}}