{"id":145,"date":"2024-05-23T05:47:21","date_gmt":"2024-05-23T05:47:21","guid":{"rendered":"https:\/\/floramurus.com\/p\/floral-wall-deep-violet\/"},"modified":"2024-05-24T01:00:53","modified_gmt":"2024-05-24T01:00:53","slug":"viragos-fal-mely-lila","status":"publish","type":"product","link":"https:\/\/floramurus.com\/hu\/p\/viragos-fal-mely-lila\/","title":{"rendered":"<span>Vir\u00e1g fal <\/span><span class=\"product-title-custom\"> M\u00e9ly lila<\/span>"},"content":{"rendered":"<h2>A t\u00f6k\u00e9letes vir\u00e1gos falat keresi, hogy kinyilv\u00e1n\u00edtsa a m\u00e9ly \u00e9s igaz szerelmet? A m\u00e9lylila vir\u00e1gfal a t\u00f6k\u00e9letes elem \u00e9rzelmeid kifejez\u00e9s\u00e9re.<\/h2>\r\n<p>Ez a vir\u00e1gos fal intenz\u00edv \u00e9s m\u00e9ly lila sz\u00edn\u00e9vel a legnemesebb \u00e9rzelmeidet is felt\u00e1rja. A <strong>lila r\u00f3zs\u00e1k<\/strong> az igaz \u00e9s \u00f6r\u00f6k szerelmet szimboliz\u00e1lja. Ezzel a fallal nem lesz k\u00e9ts\u00e9g az \u00e9rzelmeiddel kapcsolatban.<br><br>Jel\u00f6lje meg esem\u00e9nyeit, ha ezt a vir\u00e1gfalat v\u00e1lasztja. K\u00fcl\u00f6nb\u00f6z\u0151 alkalmakra alkalmas, k\u00fcl\u00f6n\u00f6sen aj\u00e1nlott egy \u00fcnneps\u00e9g meg\u00fcnnepl\u00e9s\u00e9re. <strong>h\u00e1zass\u00e1gi \u00e9vfordul\u00f3<\/strong>.<\/p>","protected":false},"excerpt":{"rendered":"Searching for the perfect floral wall to declare a deep and true love? The deep purple flower wall is the perfect element to express your feelings. This floral wall with its intense and deep purple will unveil your noblest sentiments. The purple roses symbolize true and eternal love. With this wall, there will be no [&#8230;]","protected":false},"featured_media":144,"template":"","meta":[],"product_brand":[],"product_cat":[15,23],"product_tag":[],"class_list":{"0":"post-145","1":"product","2":"type-product","3":"status-publish","4":"has-post-thumbnail","6":"product_cat-all-products","7":"product_cat-purple-floral-wall-backdrop","9":"first","10":"instock","11":"shipping-taxable","12":"purchasable","13":"product-type-simple"},"yoast_head":"<!-- This site is optimized with the Yoast SEO plugin v25.9 - https:\/\/yoast.com\/wordpress\/plugins\/seo\/ -->\n<title>Flower Wall Deep Violet \ud83c\udf38| Wedding &amp; Deco | Buy &amp; Rent<\/title>\n<meta name=\"description\" content=\"Discover the most beautiful flower walls at affordable prices to decorate your interior or a ceremony. Realistic flowers with vibrant colors.\" \/>\n<meta name=\"robots\" content=\"index, follow, max-snippet:-1, max-image-preview:large, max-video-preview:-1\" \/>\n<link rel=\"canonical\" href=\"https:\/\/floramurus.com\/hu\/p\/viragos-fal-mely-lila\/\" \/>\n<meta property=\"og:locale\" content=\"hu_HU\" \/>\n<meta property=\"og:type\" content=\"article\" \/>\n<meta property=\"og:title\" content=\"Flower Wall Deep Violet \ud83c\udf38| Wedding &amp; Deco | Buy &amp; Rent\" \/>\n<meta property=\"og:description\" content=\"Discover the most beautiful flower walls at affordable prices to decorate your interior or a ceremony. Realistic flowers with vibrant colors.\" \/>\n<meta property=\"og:url\" content=\"https:\/\/floramurus.com\/hu\/p\/viragos-fal-mely-lila\/\" \/>\n<meta property=\"og:site_name\" content=\"Flora Murus\" \/>\n<meta property=\"article:modified_time\" content=\"2024-05-24T01:00:53+00:00\" \/>\n<meta property=\"og:image\" content=\"https:\/\/floramurus.com\/wp-content\/uploads\/2024\/05\/File_201_d12bf1e9-cde3-4afb-90ca-84be378fa74e.png\" \/>\n\t<meta property=\"og:image:width\" content=\"595\" \/>\n\t<meta property=\"og:image:height\" content=\"708\" \/>\n\t<meta property=\"og:image:type\" content=\"image\/png\" \/>\n<meta name=\"twitter:card\" content=\"summary_large_image\" \/>\n<meta name=\"twitter:label1\" content=\"Becs\u00fclt olvas\u00e1si id\u0151\" \/>\n\t<meta name=\"twitter:data1\" content=\"1 perc\" \/>\n<script type=\"application\/ld+json\" class=\"yoast-schema-graph\">{\"@context\":\"https:\/\/schema.org\",\"@graph\":[{\"@type\":\"WebPage\",\"@id\":\"https:\/\/floramurus.com\/p\/floral-wall-deep-violet\/\",\"url\":\"https:\/\/floramurus.com\/p\/floral-wall-deep-violet\/\",\"name\":\"Flower Wall Deep Violet \ud83c\udf38| Wedding & Deco | Buy & Rent\",\"isPartOf\":{\"@id\":\"https:\/\/floramurus.com\/#website\"},\"primaryImageOfPage\":{\"@id\":\"https:\/\/floramurus.com\/p\/floral-wall-deep-violet\/#primaryimage\"},\"image\":{\"@id\":\"https:\/\/floramurus.com\/p\/floral-wall-deep-violet\/#primaryimage\"},\"thumbnailUrl\":\"https:\/\/floramurus.com\/wp-content\/uploads\/2024\/05\/File_201_d12bf1e9-cde3-4afb-90ca-84be378fa74e.png\",\"datePublished\":\"2024-05-23T05:47:21+00:00\",\"dateModified\":\"2024-05-24T01:00:53+00:00\",\"description\":\"Discover the most beautiful flower walls at affordable prices to decorate your interior or a ceremony. Realistic flowers with vibrant colors.\",\"breadcrumb\":{\"@id\":\"https:\/\/floramurus.com\/p\/floral-wall-deep-violet\/#breadcrumb\"},\"inLanguage\":\"hu\",\"potentialAction\":[{\"@type\":\"ReadAction\",\"target\":[\"https:\/\/floramurus.com\/p\/floral-wall-deep-violet\/\"]}]},{\"@type\":\"ImageObject\",\"inLanguage\":\"hu\",\"@id\":\"https:\/\/floramurus.com\/p\/floral-wall-deep-violet\/#primaryimage\",\"url\":\"https:\/\/floramurus.com\/wp-content\/uploads\/2024\/05\/File_201_d12bf1e9-cde3-4afb-90ca-84be378fa74e.png\",\"contentUrl\":\"https:\/\/floramurus.com\/wp-content\/uploads\/2024\/05\/File_201_d12bf1e9-cde3-4afb-90ca-84be378fa74e.png\",\"width\":595,\"height\":708,\"caption\":\"Majestic deep violet floral wall for luxury events\"},{\"@type\":\"BreadcrumbList\",\"@id\":\"https:\/\/floramurus.com\/p\/floral-wall-deep-violet\/#breadcrumb\",\"itemListElement\":[{\"@type\":\"ListItem\",\"position\":1,\"name\":\"Home\",\"item\":\"https:\/\/floramurus.com\/\"},{\"@type\":\"ListItem\",\"position\":2,\"name\":\"Shop\",\"item\":\"https:\/\/floramurus.com\/shop\/\"},{\"@type\":\"ListItem\",\"position\":3,\"name\":\"Flower Wall Deep Violet\"}]},{\"@type\":\"WebSite\",\"@id\":\"https:\/\/floramurus.com\/#website\",\"url\":\"https:\/\/floramurus.com\/\",\"name\":\"Flora Murus\",\"description\":\"\",\"publisher\":{\"@id\":\"https:\/\/floramurus.com\/#organization\"},\"potentialAction\":[{\"@type\":\"SearchAction\",\"target\":{\"@type\":\"EntryPoint\",\"urlTemplate\":\"https:\/\/floramurus.com\/?s={search_term_string}\"},\"query-input\":{\"@type\":\"PropertyValueSpecification\",\"valueRequired\":true,\"valueName\":\"search_term_string\"}}],\"inLanguage\":\"hu\"},{\"@type\":\"Organization\",\"@id\":\"https:\/\/floramurus.com\/#organization\",\"name\":\"Flora Murus\",\"url\":\"https:\/\/floramurus.com\/\",\"logo\":{\"@type\":\"ImageObject\",\"inLanguage\":\"hu\",\"@id\":\"https:\/\/floramurus.com\/#\/schema\/logo\/image\/\",\"url\":\"https:\/\/floramurus.com\/wp-content\/uploads\/2024\/05\/flora-murus-logo.png\",\"contentUrl\":\"https:\/\/floramurus.com\/wp-content\/uploads\/2024\/05\/flora-murus-logo.png\",\"width\":926,\"height\":250,\"caption\":\"Flora Murus\"},\"image\":{\"@id\":\"https:\/\/floramurus.com\/#\/schema\/logo\/image\/\"}}]}<\/script>\n<!-- \/ Yoast SEO plugin. -->","yoast_head_json":{"title":"Flower Wall Deep Violet \ud83c\udf38| Esk\u00fcv\u0151 \u00e9s dekor\u00e1ci\u00f3 | Megv\u00e1s\u00e1rl\u00e1s \u00e9s b\u00e9rl\u00e9s","description":"Fedezze fel a legszebb vir\u00e1gfalakat megfizethet\u0151 \u00e1ron, hogy d\u00edsz\u00edtse bels\u0151 ter\u00e9t vagy egy \u00fcnneps\u00e9get. \u00c9leth\u0171 vir\u00e1gok \u00e9l\u00e9nk sz\u00ednekkel.","robots":{"index":"index","follow":"follow","max-snippet":"max-snippet:-1","max-image-preview":"max-image-preview:large","max-video-preview":"max-video-preview:-1"},"canonical":"https:\/\/floramurus.com\/hu\/p\/viragos-fal-mely-lila\/","og_locale":"hu_HU","og_type":"article","og_title":"Flower Wall Deep Violet \ud83c\udf38| Wedding & Deco | Buy & Rent","og_description":"Discover the most beautiful flower walls at affordable prices to decorate your interior or a ceremony. Realistic flowers with vibrant colors.","og_url":"https:\/\/floramurus.com\/hu\/p\/viragos-fal-mely-lila\/","og_site_name":"Flora Murus","article_modified_time":"2024-05-24T01:00:53+00:00","og_image":[{"width":595,"height":708,"url":"https:\/\/floramurus.com\/wp-content\/uploads\/2024\/05\/File_201_d12bf1e9-cde3-4afb-90ca-84be378fa74e.png","type":"image\/png"}],"twitter_card":"summary_large_image","twitter_misc":{"Becs\u00fclt olvas\u00e1si id\u0151":"1 perc"},"schema":{"@context":"https:\/\/schema.org","@graph":[{"@type":"WebPage","@id":"https:\/\/floramurus.com\/p\/floral-wall-deep-violet\/","url":"https:\/\/floramurus.com\/p\/floral-wall-deep-violet\/","name":"Flower Wall Deep Violet \ud83c\udf38| Esk\u00fcv\u0151 \u00e9s dekor\u00e1ci\u00f3 | Megv\u00e1s\u00e1rl\u00e1s \u00e9s b\u00e9rl\u00e9s","isPartOf":{"@id":"https:\/\/floramurus.com\/#website"},"primaryImageOfPage":{"@id":"https:\/\/floramurus.com\/p\/floral-wall-deep-violet\/#primaryimage"},"image":{"@id":"https:\/\/floramurus.com\/p\/floral-wall-deep-violet\/#primaryimage"},"thumbnailUrl":"https:\/\/floramurus.com\/wp-content\/uploads\/2024\/05\/File_201_d12bf1e9-cde3-4afb-90ca-84be378fa74e.png","datePublished":"2024-05-23T05:47:21+00:00","dateModified":"2024-05-24T01:00:53+00:00","description":"Fedezze fel a legszebb vir\u00e1gfalakat megfizethet\u0151 \u00e1ron, hogy d\u00edsz\u00edtse bels\u0151 ter\u00e9t vagy egy \u00fcnneps\u00e9get. \u00c9leth\u0171 vir\u00e1gok \u00e9l\u00e9nk sz\u00ednekkel.","breadcrumb":{"@id":"https:\/\/floramurus.com\/p\/floral-wall-deep-violet\/#breadcrumb"},"inLanguage":"hu","potentialAction":[{"@type":"ReadAction","target":["https:\/\/floramurus.com\/p\/floral-wall-deep-violet\/"]}]},{"@type":"ImageObject","inLanguage":"hu","@id":"https:\/\/floramurus.com\/p\/floral-wall-deep-violet\/#primaryimage","url":"https:\/\/floramurus.com\/wp-content\/uploads\/2024\/05\/File_201_d12bf1e9-cde3-4afb-90ca-84be378fa74e.png","contentUrl":"https:\/\/floramurus.com\/wp-content\/uploads\/2024\/05\/File_201_d12bf1e9-cde3-4afb-90ca-84be378fa74e.png","width":595,"height":708,"caption":"Majestic deep violet floral wall for luxury events"},{"@type":"BreadcrumbList","@id":"https:\/\/floramurus.com\/p\/floral-wall-deep-violet\/#breadcrumb","itemListElement":[{"@type":"ListItem","position":1,"name":"Home","item":"https:\/\/floramurus.com\/"},{"@type":"ListItem","position":2,"name":"Shop","item":"https:\/\/floramurus.com\/shop\/"},{"@type":"ListItem","position":3,"name":"Flower Wall Deep Violet"}]},{"@type":"WebSite","@id":"https:\/\/floramurus.com\/#website","url":"https:\/\/floramurus.com\/","name":"Flora Murus","description":"","publisher":{"@id":"https:\/\/floramurus.com\/#organization"},"potentialAction":[{"@type":"SearchAction","target":{"@type":"EntryPoint","urlTemplate":"https:\/\/floramurus.com\/?s={search_term_string}"},"query-input":{"@type":"PropertyValueSpecification","valueRequired":true,"valueName":"search_term_string"}}],"inLanguage":"hu"},{"@type":"Organization","@id":"https:\/\/floramurus.com\/#organization","name":"Flora Murus","url":"https:\/\/floramurus.com\/","logo":{"@type":"ImageObject","inLanguage":"hu","@id":"https:\/\/floramurus.com\/#\/schema\/logo\/image\/","url":"https:\/\/floramurus.com\/wp-content\/uploads\/2024\/05\/flora-murus-logo.png","contentUrl":"https:\/\/floramurus.com\/wp-content\/uploads\/2024\/05\/flora-murus-logo.png","width":926,"height":250,"caption":"Flora Murus"},"image":{"@id":"https:\/\/floramurus.com\/#\/schema\/logo\/image\/"}}]}},"_links":{"self":[{"href":"https:\/\/floramurus.com\/hu\/wp-json\/wp\/v2\/product\/145","targetHints":{"allow":["GET"]}}],"collection":[{"href":"https:\/\/floramurus.com\/hu\/wp-json\/wp\/v2\/product"}],"about":[{"href":"https:\/\/floramurus.com\/hu\/wp-json\/wp\/v2\/types\/product"}],"wp:featuredmedia":[{"embeddable":true,"href":"https:\/\/floramurus.com\/hu\/wp-json\/wp\/v2\/media\/144"}],"wp:attachment":[{"href":"https:\/\/floramurus.com\/hu\/wp-json\/wp\/v2\/media?parent=145"}],"wp:term":[{"taxonomy":"product_brand","embeddable":true,"href":"https:\/\/floramurus.com\/hu\/wp-json\/wp\/v2\/product_brand?post=145"},{"taxonomy":"product_cat","embeddable":true,"href":"https:\/\/floramurus.com\/hu\/wp-json\/wp\/v2\/product_cat?post=145"},{"taxonomy":"product_tag","embeddable":true,"href":"https:\/\/floramurus.com\/hu\/wp-json\/wp\/v2\/product_tag?post=145"}],"curies":[{"name":"wp","href":"https:\/\/api.w.org\/{rel}","templated":true}]}}