{"id":190,"date":"2024-05-23T05:48:16","date_gmt":"2024-05-23T05:48:16","guid":{"rendered":"https:\/\/floramurus.com\/p\/floral-wall-springtime\/"},"modified":"2024-05-24T00:58:33","modified_gmt":"2024-05-24T00:58:33","slug":"viragos-fal-tavasz","status":"publish","type":"product","link":"https:\/\/floramurus.com\/hu\/p\/viragos-fal-tavasz\/","title":{"rendered":"<span>Vir\u00e1g fal <\/span><span class=\"product-title-custom\"> Tavaszi<\/span>"},"content":{"rendered":"<p>B\u00e1mulva <strong>ez a vir\u00e1gfal<\/strong>, azt hihetn\u00e9nk, hogy a r\u00fcgyek \u00e9pp csak kivir\u00e1goztak, \u00e9s k\u00e9szen \u00e1llnak arra, hogy \u00e1tadj\u00e1k a <strong>tavasz<\/strong> illatanyagot k\u00e9sedelem n\u00e9lk\u00fcl. Az \u00e9l\u00e9nk sz\u00ednv\u00e1laszt\u00e9k a sz\u00e9p napok meg\u00fajul\u00e1s\u00e1t id\u00e9zi.<\/p>\r\n<p>Ak\u00e1r a <strong>d\u00edsz\u00edt\u00e9s<\/strong> egy kirakatban, egy sz\u00ednh\u00e1zi sz\u00ednpadon, vagy egy szob\u00e1ban az \u00d6n otthon\u00e1ban, biztos lehet benne, hogy <strong>a nap<\/strong> jelen lesz!<\/p>","protected":false},"excerpt":{"rendered":"Gazing at this flower wall, one might believe that the buds have just bloomed and are ready to deliver their springtime fragrance to us without delay. The bright assortment of colors evokes the renewal of beautiful days. Whether for decorating a shop window, a theater stage, or a room in your home, rest assured that [&#8230;]","protected":false},"featured_media":189,"template":"","meta":[],"product_brand":[],"product_cat":[15,19,20],"product_tag":[],"class_list":{"0":"post-190","1":"product","2":"type-product","3":"status-publish","4":"has-post-thumbnail","6":"product_cat-all-products","7":"product_cat-pink-floral-wall-backdrop","8":"product_cat-white-floral-wall-backdrop","10":"first","11":"instock","12":"shipping-taxable","13":"purchasable","14":"product-type-simple"},"yoast_head":"<!-- This site is optimized with the Yoast SEO plugin v25.9 - https:\/\/yoast.com\/wordpress\/plugins\/seo\/ -->\n<title>Flower Wall Spring \ud83c\udf38| Wedding &amp; Deco | Buy &amp; Rent<\/title>\n<meta name=\"description\" content=\"Discover the most beautiful flower walls at affordable prices to decorate your interior or a ceremony. Realistic flowers with vibrant colors.\" \/>\n<meta name=\"robots\" content=\"index, follow, max-snippet:-1, max-image-preview:large, max-video-preview:-1\" \/>\n<link rel=\"canonical\" href=\"https:\/\/floramurus.com\/hu\/p\/viragos-fal-tavasz\/\" \/>\n<meta property=\"og:locale\" content=\"hu_HU\" \/>\n<meta property=\"og:type\" content=\"article\" \/>\n<meta property=\"og:title\" content=\"Flower Wall Spring \ud83c\udf38| Wedding &amp; Deco | Buy &amp; Rent\" \/>\n<meta property=\"og:description\" content=\"Discover the most beautiful flower walls at affordable prices to decorate your interior or a ceremony. Realistic flowers with vibrant colors.\" \/>\n<meta property=\"og:url\" content=\"https:\/\/floramurus.com\/hu\/p\/viragos-fal-tavasz\/\" \/>\n<meta property=\"og:site_name\" content=\"Flora Murus\" \/>\n<meta property=\"article:modified_time\" content=\"2024-05-24T00:58:33+00:00\" \/>\n<meta property=\"og:image\" content=\"https:\/\/floramurus.com\/wp-content\/uploads\/2024\/05\/File_201_d32e9fb6-7dd4-4594-8534-56d98b4de066.png\" \/>\n\t<meta property=\"og:image:width\" content=\"596\" \/>\n\t<meta property=\"og:image:height\" content=\"708\" \/>\n\t<meta property=\"og:image:type\" content=\"image\/png\" \/>\n<meta name=\"twitter:card\" content=\"summary_large_image\" \/>\n<meta name=\"twitter:label1\" content=\"Becs\u00fclt olvas\u00e1si id\u0151\" \/>\n\t<meta name=\"twitter:data1\" content=\"1 perc\" \/>\n<script type=\"application\/ld+json\" class=\"yoast-schema-graph\">{\"@context\":\"https:\/\/schema.org\",\"@graph\":[{\"@type\":\"WebPage\",\"@id\":\"https:\/\/floramurus.com\/p\/floral-wall-springtime\/\",\"url\":\"https:\/\/floramurus.com\/p\/floral-wall-springtime\/\",\"name\":\"Flower Wall Spring \ud83c\udf38| Wedding & Deco | Buy & Rent\",\"isPartOf\":{\"@id\":\"https:\/\/floramurus.com\/#website\"},\"primaryImageOfPage\":{\"@id\":\"https:\/\/floramurus.com\/p\/floral-wall-springtime\/#primaryimage\"},\"image\":{\"@id\":\"https:\/\/floramurus.com\/p\/floral-wall-springtime\/#primaryimage\"},\"thumbnailUrl\":\"https:\/\/floramurus.com\/wp-content\/uploads\/2024\/05\/File_201_d32e9fb6-7dd4-4594-8534-56d98b4de066.png\",\"datePublished\":\"2024-05-23T05:48:16+00:00\",\"dateModified\":\"2024-05-24T00:58:33+00:00\",\"description\":\"Discover the most beautiful flower walls at affordable prices to decorate your interior or a ceremony. Realistic flowers with vibrant colors.\",\"breadcrumb\":{\"@id\":\"https:\/\/floramurus.com\/p\/floral-wall-springtime\/#breadcrumb\"},\"inLanguage\":\"hu\",\"potentialAction\":[{\"@type\":\"ReadAction\",\"target\":[\"https:\/\/floramurus.com\/p\/floral-wall-springtime\/\"]}]},{\"@type\":\"ImageObject\",\"inLanguage\":\"hu\",\"@id\":\"https:\/\/floramurus.com\/p\/floral-wall-springtime\/#primaryimage\",\"url\":\"https:\/\/floramurus.com\/wp-content\/uploads\/2024\/05\/File_201_d32e9fb6-7dd4-4594-8534-56d98b4de066.png\",\"contentUrl\":\"https:\/\/floramurus.com\/wp-content\/uploads\/2024\/05\/File_201_d32e9fb6-7dd4-4594-8534-56d98b4de066.png\",\"width\":596,\"height\":708,\"caption\":\"Bright springtime floral wall with mixed blooms\"},{\"@type\":\"BreadcrumbList\",\"@id\":\"https:\/\/floramurus.com\/p\/floral-wall-springtime\/#breadcrumb\",\"itemListElement\":[{\"@type\":\"ListItem\",\"position\":1,\"name\":\"Home\",\"item\":\"https:\/\/floramurus.com\/\"},{\"@type\":\"ListItem\",\"position\":2,\"name\":\"Shop\",\"item\":\"https:\/\/floramurus.com\/shop\/\"},{\"@type\":\"ListItem\",\"position\":3,\"name\":\"Flower Wall Spring\"}]},{\"@type\":\"WebSite\",\"@id\":\"https:\/\/floramurus.com\/#website\",\"url\":\"https:\/\/floramurus.com\/\",\"name\":\"Flora Murus\",\"description\":\"\",\"publisher\":{\"@id\":\"https:\/\/floramurus.com\/#organization\"},\"potentialAction\":[{\"@type\":\"SearchAction\",\"target\":{\"@type\":\"EntryPoint\",\"urlTemplate\":\"https:\/\/floramurus.com\/?s={search_term_string}\"},\"query-input\":{\"@type\":\"PropertyValueSpecification\",\"valueRequired\":true,\"valueName\":\"search_term_string\"}}],\"inLanguage\":\"hu\"},{\"@type\":\"Organization\",\"@id\":\"https:\/\/floramurus.com\/#organization\",\"name\":\"Flora Murus\",\"url\":\"https:\/\/floramurus.com\/\",\"logo\":{\"@type\":\"ImageObject\",\"inLanguage\":\"hu\",\"@id\":\"https:\/\/floramurus.com\/#\/schema\/logo\/image\/\",\"url\":\"https:\/\/floramurus.com\/wp-content\/uploads\/2024\/05\/flora-murus-logo.png\",\"contentUrl\":\"https:\/\/floramurus.com\/wp-content\/uploads\/2024\/05\/flora-murus-logo.png\",\"width\":926,\"height\":250,\"caption\":\"Flora Murus\"},\"image\":{\"@id\":\"https:\/\/floramurus.com\/#\/schema\/logo\/image\/\"}}]}<\/script>\n<!-- \/ Yoast SEO plugin. -->","yoast_head_json":{"title":"Flower Wall Spring \ud83c\udf38| Esk\u00fcv\u0151 \u00e9s dekor\u00e1ci\u00f3 | B\u00e9rl\u00e9s \u00e9s v\u00e1s\u00e1rl\u00e1s","description":"Fedezze fel a legszebb vir\u00e1gfalakat megfizethet\u0151 \u00e1ron, hogy d\u00edsz\u00edtse bels\u0151 ter\u00e9t vagy egy \u00fcnneps\u00e9get. \u00c9leth\u0171 vir\u00e1gok \u00e9l\u00e9nk sz\u00ednekkel.","robots":{"index":"index","follow":"follow","max-snippet":"max-snippet:-1","max-image-preview":"max-image-preview:large","max-video-preview":"max-video-preview:-1"},"canonical":"https:\/\/floramurus.com\/hu\/p\/viragos-fal-tavasz\/","og_locale":"hu_HU","og_type":"article","og_title":"Flower Wall Spring \ud83c\udf38| Wedding & Deco | Buy & Rent","og_description":"Discover the most beautiful flower walls at affordable prices to decorate your interior or a ceremony. Realistic flowers with vibrant colors.","og_url":"https:\/\/floramurus.com\/hu\/p\/viragos-fal-tavasz\/","og_site_name":"Flora Murus","article_modified_time":"2024-05-24T00:58:33+00:00","og_image":[{"width":596,"height":708,"url":"https:\/\/floramurus.com\/wp-content\/uploads\/2024\/05\/File_201_d32e9fb6-7dd4-4594-8534-56d98b4de066.png","type":"image\/png"}],"twitter_card":"summary_large_image","twitter_misc":{"Becs\u00fclt olvas\u00e1si id\u0151":"1 perc"},"schema":{"@context":"https:\/\/schema.org","@graph":[{"@type":"WebPage","@id":"https:\/\/floramurus.com\/p\/floral-wall-springtime\/","url":"https:\/\/floramurus.com\/p\/floral-wall-springtime\/","name":"Flower Wall Spring \ud83c\udf38| Esk\u00fcv\u0151 \u00e9s dekor\u00e1ci\u00f3 | B\u00e9rl\u00e9s \u00e9s v\u00e1s\u00e1rl\u00e1s","isPartOf":{"@id":"https:\/\/floramurus.com\/#website"},"primaryImageOfPage":{"@id":"https:\/\/floramurus.com\/p\/floral-wall-springtime\/#primaryimage"},"image":{"@id":"https:\/\/floramurus.com\/p\/floral-wall-springtime\/#primaryimage"},"thumbnailUrl":"https:\/\/floramurus.com\/wp-content\/uploads\/2024\/05\/File_201_d32e9fb6-7dd4-4594-8534-56d98b4de066.png","datePublished":"2024-05-23T05:48:16+00:00","dateModified":"2024-05-24T00:58:33+00:00","description":"Fedezze fel a legszebb vir\u00e1gfalakat megfizethet\u0151 \u00e1ron, hogy d\u00edsz\u00edtse bels\u0151 ter\u00e9t vagy egy \u00fcnneps\u00e9get. \u00c9leth\u0171 vir\u00e1gok \u00e9l\u00e9nk sz\u00ednekkel.","breadcrumb":{"@id":"https:\/\/floramurus.com\/p\/floral-wall-springtime\/#breadcrumb"},"inLanguage":"hu","potentialAction":[{"@type":"ReadAction","target":["https:\/\/floramurus.com\/p\/floral-wall-springtime\/"]}]},{"@type":"ImageObject","inLanguage":"hu","@id":"https:\/\/floramurus.com\/p\/floral-wall-springtime\/#primaryimage","url":"https:\/\/floramurus.com\/wp-content\/uploads\/2024\/05\/File_201_d32e9fb6-7dd4-4594-8534-56d98b4de066.png","contentUrl":"https:\/\/floramurus.com\/wp-content\/uploads\/2024\/05\/File_201_d32e9fb6-7dd4-4594-8534-56d98b4de066.png","width":596,"height":708,"caption":"Bright springtime floral wall with mixed blooms"},{"@type":"BreadcrumbList","@id":"https:\/\/floramurus.com\/p\/floral-wall-springtime\/#breadcrumb","itemListElement":[{"@type":"ListItem","position":1,"name":"Home","item":"https:\/\/floramurus.com\/"},{"@type":"ListItem","position":2,"name":"Shop","item":"https:\/\/floramurus.com\/shop\/"},{"@type":"ListItem","position":3,"name":"Flower Wall Spring"}]},{"@type":"WebSite","@id":"https:\/\/floramurus.com\/#website","url":"https:\/\/floramurus.com\/","name":"Flora Murus","description":"","publisher":{"@id":"https:\/\/floramurus.com\/#organization"},"potentialAction":[{"@type":"SearchAction","target":{"@type":"EntryPoint","urlTemplate":"https:\/\/floramurus.com\/?s={search_term_string}"},"query-input":{"@type":"PropertyValueSpecification","valueRequired":true,"valueName":"search_term_string"}}],"inLanguage":"hu"},{"@type":"Organization","@id":"https:\/\/floramurus.com\/#organization","name":"Flora Murus","url":"https:\/\/floramurus.com\/","logo":{"@type":"ImageObject","inLanguage":"hu","@id":"https:\/\/floramurus.com\/#\/schema\/logo\/image\/","url":"https:\/\/floramurus.com\/wp-content\/uploads\/2024\/05\/flora-murus-logo.png","contentUrl":"https:\/\/floramurus.com\/wp-content\/uploads\/2024\/05\/flora-murus-logo.png","width":926,"height":250,"caption":"Flora Murus"},"image":{"@id":"https:\/\/floramurus.com\/#\/schema\/logo\/image\/"}}]}},"_links":{"self":[{"href":"https:\/\/floramurus.com\/hu\/wp-json\/wp\/v2\/product\/190","targetHints":{"allow":["GET"]}}],"collection":[{"href":"https:\/\/floramurus.com\/hu\/wp-json\/wp\/v2\/product"}],"about":[{"href":"https:\/\/floramurus.com\/hu\/wp-json\/wp\/v2\/types\/product"}],"wp:featuredmedia":[{"embeddable":true,"href":"https:\/\/floramurus.com\/hu\/wp-json\/wp\/v2\/media\/189"}],"wp:attachment":[{"href":"https:\/\/floramurus.com\/hu\/wp-json\/wp\/v2\/media?parent=190"}],"wp:term":[{"taxonomy":"product_brand","embeddable":true,"href":"https:\/\/floramurus.com\/hu\/wp-json\/wp\/v2\/product_brand?post=190"},{"taxonomy":"product_cat","embeddable":true,"href":"https:\/\/floramurus.com\/hu\/wp-json\/wp\/v2\/product_cat?post=190"},{"taxonomy":"product_tag","embeddable":true,"href":"https:\/\/floramurus.com\/hu\/wp-json\/wp\/v2\/product_tag?post=190"}],"curies":[{"name":"wp","href":"https:\/\/api.w.org\/{rel}","templated":true}]}}