{"id":245,"date":"2024-05-23T05:49:21","date_gmt":"2024-05-23T05:49:21","guid":{"rendered":"https:\/\/floramurus.com\/p\/flower-wall-pink-white-blend\/"},"modified":"2024-05-24T00:56:17","modified_gmt":"2024-05-24T00:56:17","slug":"viragfal-rozsaszin-feher-keverek","status":"publish","type":"product","link":"https:\/\/floramurus.com\/hu\/p\/viragfal-rozsaszin-feher-keverek\/","title":{"rendered":"<span>Vir\u00e1g fal <\/span><span class=\"product-title-custom\"> R\u00f3zsasz\u00edn \u00e9s feh\u00e9r<\/span>"},"content":{"rendered":"<p>Egy nagyszer\u0171 \u00f6tlet szeretteid meglep\u00e9s\u00e9re egy vir\u00e1gos fal. Nem csak, hogy <strong>feldobja a helyet, ahov\u00e1 felakasztja<\/strong>, de ez is <strong>gy\u00f6ny\u00f6rk\u00f6dtetik a fiatalokat \u00e9s az id\u0151sebbeket<\/strong>. Ez a r\u00f3zsasz\u00edn \u00e9s feh\u00e9r vir\u00e1gokb\u00f3l \u00e1ll\u00f3 vir\u00e1gos fal p\u00e1ratlan.<\/p>\r\n<p>Hasznoss\u00e1ga sokoldal\u00fa. B\u00e1rmilyen esem\u00e9nyt is szervez, legyen az esk\u00fcv\u0151, sz\u00fclet\u00e9si szertart\u00e1s vagy el\u0151kel\u0151 parti, fantasztikus eszk\u00f6z lesz a kombin\u00e1l\u00e1shoz. <strong>elegancia \u00e9s kifinomults\u00e1g<\/strong>, \u00e9s ez biztosan nem marad \u00e9szrev\u00e9tlen. N\u00e9h\u00e1ny fot\u00f3 k\u00e9sz\u00edt\u00e9se el\u0151tte szint\u00e9n <strong>egy felejthetetlen \u00e9lm\u00e9ny<\/strong>.<\/p>","protected":false},"excerpt":{"rendered":"A great idea to surprise your loved ones is to get a floral wall. Not only will it brighten up the place where you hang it, but it will also delight both young and old. This floral wall composed of pink and white flowers is unmatched. Its usefulness is versatile. Whatever the event you organize, [&#8230;]","protected":false},"featured_media":244,"template":"","meta":[],"product_brand":[],"product_cat":[15,19,20],"product_tag":[],"class_list":{"0":"post-245","1":"product","2":"type-product","3":"status-publish","4":"has-post-thumbnail","6":"product_cat-all-products","7":"product_cat-pink-floral-wall-backdrop","8":"product_cat-white-floral-wall-backdrop","10":"first","11":"instock","12":"shipping-taxable","13":"purchasable","14":"product-type-simple"},"yoast_head":"<!-- This site is optimized with the Yoast SEO plugin v25.9 - https:\/\/yoast.com\/wordpress\/plugins\/seo\/ -->\n<title>Flower Wall Pink and White \ud83c\udf38| Wedding &amp; Deco | Buy &amp; Rent<\/title>\n<meta name=\"description\" content=\"Discover the most beautiful flower walls at affordable prices to decorate your interior or a ceremony. Realistic flowers with vibrant colors.\" \/>\n<meta name=\"robots\" content=\"index, follow, max-snippet:-1, max-image-preview:large, max-video-preview:-1\" \/>\n<link rel=\"canonical\" href=\"https:\/\/floramurus.com\/hu\/p\/viragfal-rozsaszin-feher-keverek\/\" \/>\n<meta property=\"og:locale\" content=\"hu_HU\" \/>\n<meta property=\"og:type\" content=\"article\" \/>\n<meta property=\"og:title\" content=\"Flower Wall Pink and White \ud83c\udf38| Wedding &amp; Deco | Buy &amp; Rent\" \/>\n<meta property=\"og:description\" content=\"Discover the most beautiful flower walls at affordable prices to decorate your interior or a ceremony. Realistic flowers with vibrant colors.\" \/>\n<meta property=\"og:url\" content=\"https:\/\/floramurus.com\/hu\/p\/viragfal-rozsaszin-feher-keverek\/\" \/>\n<meta property=\"og:site_name\" content=\"Flora Murus\" \/>\n<meta property=\"article:modified_time\" content=\"2024-05-24T00:56:17+00:00\" \/>\n<meta property=\"og:image\" content=\"https:\/\/floramurus.com\/wp-content\/uploads\/2024\/05\/File_201.png\" \/>\n\t<meta property=\"og:image:width\" content=\"596\" \/>\n\t<meta property=\"og:image:height\" content=\"708\" \/>\n\t<meta property=\"og:image:type\" content=\"image\/png\" \/>\n<meta name=\"twitter:card\" content=\"summary_large_image\" \/>\n<meta name=\"twitter:label1\" content=\"Becs\u00fclt olvas\u00e1si id\u0151\" \/>\n\t<meta name=\"twitter:data1\" content=\"1 perc\" \/>\n<script type=\"application\/ld+json\" class=\"yoast-schema-graph\">{\"@context\":\"https:\/\/schema.org\",\"@graph\":[{\"@type\":\"WebPage\",\"@id\":\"https:\/\/floramurus.com\/p\/flower-wall-pink-white-blend\/\",\"url\":\"https:\/\/floramurus.com\/p\/flower-wall-pink-white-blend\/\",\"name\":\"Flower Wall Pink and White \ud83c\udf38| Wedding & Deco | Buy & Rent\",\"isPartOf\":{\"@id\":\"https:\/\/floramurus.com\/#website\"},\"primaryImageOfPage\":{\"@id\":\"https:\/\/floramurus.com\/p\/flower-wall-pink-white-blend\/#primaryimage\"},\"image\":{\"@id\":\"https:\/\/floramurus.com\/p\/flower-wall-pink-white-blend\/#primaryimage\"},\"thumbnailUrl\":\"https:\/\/floramurus.com\/wp-content\/uploads\/2024\/05\/File_201.png\",\"datePublished\":\"2024-05-23T05:49:21+00:00\",\"dateModified\":\"2024-05-24T00:56:17+00:00\",\"description\":\"Discover the most beautiful flower walls at affordable prices to decorate your interior or a ceremony. Realistic flowers with vibrant colors.\",\"breadcrumb\":{\"@id\":\"https:\/\/floramurus.com\/p\/flower-wall-pink-white-blend\/#breadcrumb\"},\"inLanguage\":\"hu\",\"potentialAction\":[{\"@type\":\"ReadAction\",\"target\":[\"https:\/\/floramurus.com\/p\/flower-wall-pink-white-blend\/\"]}]},{\"@type\":\"ImageObject\",\"inLanguage\":\"hu\",\"@id\":\"https:\/\/floramurus.com\/p\/flower-wall-pink-white-blend\/#primaryimage\",\"url\":\"https:\/\/floramurus.com\/wp-content\/uploads\/2024\/05\/File_201.png\",\"contentUrl\":\"https:\/\/floramurus.com\/wp-content\/uploads\/2024\/05\/File_201.png\",\"width\":596,\"height\":708,\"caption\":\"Pink and white blend flower wall for delicate decor\"},{\"@type\":\"BreadcrumbList\",\"@id\":\"https:\/\/floramurus.com\/p\/flower-wall-pink-white-blend\/#breadcrumb\",\"itemListElement\":[{\"@type\":\"ListItem\",\"position\":1,\"name\":\"Home\",\"item\":\"https:\/\/floramurus.com\/\"},{\"@type\":\"ListItem\",\"position\":2,\"name\":\"Shop\",\"item\":\"https:\/\/floramurus.com\/shop\/\"},{\"@type\":\"ListItem\",\"position\":3,\"name\":\"Flower Wall Pink and White\"}]},{\"@type\":\"WebSite\",\"@id\":\"https:\/\/floramurus.com\/#website\",\"url\":\"https:\/\/floramurus.com\/\",\"name\":\"Flora Murus\",\"description\":\"\",\"publisher\":{\"@id\":\"https:\/\/floramurus.com\/#organization\"},\"potentialAction\":[{\"@type\":\"SearchAction\",\"target\":{\"@type\":\"EntryPoint\",\"urlTemplate\":\"https:\/\/floramurus.com\/?s={search_term_string}\"},\"query-input\":{\"@type\":\"PropertyValueSpecification\",\"valueRequired\":true,\"valueName\":\"search_term_string\"}}],\"inLanguage\":\"hu\"},{\"@type\":\"Organization\",\"@id\":\"https:\/\/floramurus.com\/#organization\",\"name\":\"Flora Murus\",\"url\":\"https:\/\/floramurus.com\/\",\"logo\":{\"@type\":\"ImageObject\",\"inLanguage\":\"hu\",\"@id\":\"https:\/\/floramurus.com\/#\/schema\/logo\/image\/\",\"url\":\"https:\/\/floramurus.com\/wp-content\/uploads\/2024\/05\/flora-murus-logo.png\",\"contentUrl\":\"https:\/\/floramurus.com\/wp-content\/uploads\/2024\/05\/flora-murus-logo.png\",\"width\":926,\"height\":250,\"caption\":\"Flora Murus\"},\"image\":{\"@id\":\"https:\/\/floramurus.com\/#\/schema\/logo\/image\/\"}}]}<\/script>\n<!-- \/ Yoast SEO plugin. -->","yoast_head_json":{"title":"Vir\u00e1gfal r\u00f3zsasz\u00edn \u00e9s feh\u00e9r \ud83c\udf38| Esk\u00fcv\u0151 \u00e9s dekor\u00e1ci\u00f3 | Megveszem \u00e9s kiad\u00f3","description":"Fedezze fel a legszebb vir\u00e1gfalakat megfizethet\u0151 \u00e1ron, hogy d\u00edsz\u00edtse bels\u0151 ter\u00e9t vagy egy \u00fcnneps\u00e9get. \u00c9leth\u0171 vir\u00e1gok \u00e9l\u00e9nk sz\u00ednekkel.","robots":{"index":"index","follow":"follow","max-snippet":"max-snippet:-1","max-image-preview":"max-image-preview:large","max-video-preview":"max-video-preview:-1"},"canonical":"https:\/\/floramurus.com\/hu\/p\/viragfal-rozsaszin-feher-keverek\/","og_locale":"hu_HU","og_type":"article","og_title":"Flower Wall Pink and White \ud83c\udf38| Wedding & Deco | Buy & Rent","og_description":"Discover the most beautiful flower walls at affordable prices to decorate your interior or a ceremony. Realistic flowers with vibrant colors.","og_url":"https:\/\/floramurus.com\/hu\/p\/viragfal-rozsaszin-feher-keverek\/","og_site_name":"Flora Murus","article_modified_time":"2024-05-24T00:56:17+00:00","og_image":[{"width":596,"height":708,"url":"https:\/\/floramurus.com\/wp-content\/uploads\/2024\/05\/File_201.png","type":"image\/png"}],"twitter_card":"summary_large_image","twitter_misc":{"Becs\u00fclt olvas\u00e1si id\u0151":"1 perc"},"schema":{"@context":"https:\/\/schema.org","@graph":[{"@type":"WebPage","@id":"https:\/\/floramurus.com\/p\/flower-wall-pink-white-blend\/","url":"https:\/\/floramurus.com\/p\/flower-wall-pink-white-blend\/","name":"Vir\u00e1gfal r\u00f3zsasz\u00edn \u00e9s feh\u00e9r \ud83c\udf38| Esk\u00fcv\u0151 \u00e9s dekor\u00e1ci\u00f3 | Megveszem \u00e9s kiad\u00f3","isPartOf":{"@id":"https:\/\/floramurus.com\/#website"},"primaryImageOfPage":{"@id":"https:\/\/floramurus.com\/p\/flower-wall-pink-white-blend\/#primaryimage"},"image":{"@id":"https:\/\/floramurus.com\/p\/flower-wall-pink-white-blend\/#primaryimage"},"thumbnailUrl":"https:\/\/floramurus.com\/wp-content\/uploads\/2024\/05\/File_201.png","datePublished":"2024-05-23T05:49:21+00:00","dateModified":"2024-05-24T00:56:17+00:00","description":"Fedezze fel a legszebb vir\u00e1gfalakat megfizethet\u0151 \u00e1ron, hogy d\u00edsz\u00edtse bels\u0151 ter\u00e9t vagy egy \u00fcnneps\u00e9get. \u00c9leth\u0171 vir\u00e1gok \u00e9l\u00e9nk sz\u00ednekkel.","breadcrumb":{"@id":"https:\/\/floramurus.com\/p\/flower-wall-pink-white-blend\/#breadcrumb"},"inLanguage":"hu","potentialAction":[{"@type":"ReadAction","target":["https:\/\/floramurus.com\/p\/flower-wall-pink-white-blend\/"]}]},{"@type":"ImageObject","inLanguage":"hu","@id":"https:\/\/floramurus.com\/p\/flower-wall-pink-white-blend\/#primaryimage","url":"https:\/\/floramurus.com\/wp-content\/uploads\/2024\/05\/File_201.png","contentUrl":"https:\/\/floramurus.com\/wp-content\/uploads\/2024\/05\/File_201.png","width":596,"height":708,"caption":"Pink and white blend flower wall for delicate decor"},{"@type":"BreadcrumbList","@id":"https:\/\/floramurus.com\/p\/flower-wall-pink-white-blend\/#breadcrumb","itemListElement":[{"@type":"ListItem","position":1,"name":"Home","item":"https:\/\/floramurus.com\/"},{"@type":"ListItem","position":2,"name":"Shop","item":"https:\/\/floramurus.com\/shop\/"},{"@type":"ListItem","position":3,"name":"Flower Wall Pink and White"}]},{"@type":"WebSite","@id":"https:\/\/floramurus.com\/#website","url":"https:\/\/floramurus.com\/","name":"Flora Murus","description":"","publisher":{"@id":"https:\/\/floramurus.com\/#organization"},"potentialAction":[{"@type":"SearchAction","target":{"@type":"EntryPoint","urlTemplate":"https:\/\/floramurus.com\/?s={search_term_string}"},"query-input":{"@type":"PropertyValueSpecification","valueRequired":true,"valueName":"search_term_string"}}],"inLanguage":"hu"},{"@type":"Organization","@id":"https:\/\/floramurus.com\/#organization","name":"Flora Murus","url":"https:\/\/floramurus.com\/","logo":{"@type":"ImageObject","inLanguage":"hu","@id":"https:\/\/floramurus.com\/#\/schema\/logo\/image\/","url":"https:\/\/floramurus.com\/wp-content\/uploads\/2024\/05\/flora-murus-logo.png","contentUrl":"https:\/\/floramurus.com\/wp-content\/uploads\/2024\/05\/flora-murus-logo.png","width":926,"height":250,"caption":"Flora Murus"},"image":{"@id":"https:\/\/floramurus.com\/#\/schema\/logo\/image\/"}}]}},"_links":{"self":[{"href":"https:\/\/floramurus.com\/hu\/wp-json\/wp\/v2\/product\/245","targetHints":{"allow":["GET"]}}],"collection":[{"href":"https:\/\/floramurus.com\/hu\/wp-json\/wp\/v2\/product"}],"about":[{"href":"https:\/\/floramurus.com\/hu\/wp-json\/wp\/v2\/types\/product"}],"wp:featuredmedia":[{"embeddable":true,"href":"https:\/\/floramurus.com\/hu\/wp-json\/wp\/v2\/media\/244"}],"wp:attachment":[{"href":"https:\/\/floramurus.com\/hu\/wp-json\/wp\/v2\/media?parent=245"}],"wp:term":[{"taxonomy":"product_brand","embeddable":true,"href":"https:\/\/floramurus.com\/hu\/wp-json\/wp\/v2\/product_brand?post=245"},{"taxonomy":"product_cat","embeddable":true,"href":"https:\/\/floramurus.com\/hu\/wp-json\/wp\/v2\/product_cat?post=245"},{"taxonomy":"product_tag","embeddable":true,"href":"https:\/\/floramurus.com\/hu\/wp-json\/wp\/v2\/product_tag?post=245"}],"curies":[{"name":"wp","href":"https:\/\/api.w.org\/{rel}","templated":true}]}}