{"id":290,"date":"2024-05-23T05:50:14","date_gmt":"2024-05-23T05:50:14","guid":{"rendered":"https:\/\/floramurus.com\/p\/rose-wall-prairie-style\/"},"modified":"2024-05-24T00:53:03","modified_gmt":"2024-05-24T00:53:03","slug":"rozsa-fal-preri-stilusban","status":"publish","type":"product","link":"https:\/\/floramurus.com\/hu\/p\/rozsa-fal-preri-stilusban\/","title":{"rendered":"<span>Vir\u00e1g fal <\/span><span class=\"product-title-custom\"> Pr\u00e9ri r\u00f3zsa<\/span>"},"content":{"rendered":"Belez\u00fagsz majd ebbe a pr\u00e9rir\u00f3zsasz\u00edn vir\u00e1gfalba... <strong>olyan l\u00e1gy \u00e9s gyeng\u00e9d hangokkal<\/strong>. A p\u00faderr\u00f3zsasz\u00ednt\u0151l a gy\u00f6ngyh\u00e1zfeh\u00e9rig sokf\u00e9le vir\u00e1gb\u00f3l \u00e1ll.\r\n\r\nEz a vir\u00e1gfal csod\u00e1latosan fogja d\u00edsz\u00edteni a falakat a <strong>menyasszonyi ruha \u00e9s esk\u00fcv\u0151i kieg\u00e9sz\u00edt\u0151k boltja<\/strong>. Egyedi dekor\u00e1ci\u00f3s elem lesz az \u00fcgyfelei esk\u00fcv\u0151j\u00e9n is.","protected":false},"excerpt":{"rendered":"You will fall for this prairie pink flower wall with such soft and tender tones. It is composed of a multitude of different flowers ranging from powder pink to pearly white. This flower wall will wonderfully adorn the walls of your bridal gown and wedding accessories shop. It will also be a unique decorative element [&#8230;]","protected":false},"featured_media":289,"template":"","meta":[],"product_brand":[],"product_cat":[15,19,20],"product_tag":[],"class_list":{"0":"post-290","1":"product","2":"type-product","3":"status-publish","4":"has-post-thumbnail","6":"product_cat-all-products","7":"product_cat-pink-floral-wall-backdrop","8":"product_cat-white-floral-wall-backdrop","10":"first","11":"instock","12":"shipping-taxable","13":"purchasable","14":"product-type-simple"},"yoast_head":"<!-- This site is optimized with the Yoast SEO plugin v25.9 - https:\/\/yoast.com\/wordpress\/plugins\/seo\/ -->\n<title>Flower Wall Prairie Rose \ud83c\udf38| Wedding &amp; Deco | Buy &amp; Rent<\/title>\n<meta name=\"description\" content=\"Discover the most beautiful flower walls at affordable prices to decorate your interior or a ceremony. Realistic flowers with vibrant colors.\" \/>\n<meta name=\"robots\" content=\"index, follow, max-snippet:-1, max-image-preview:large, max-video-preview:-1\" \/>\n<link rel=\"canonical\" href=\"https:\/\/floramurus.com\/hu\/p\/rozsa-fal-preri-stilusban\/\" \/>\n<meta property=\"og:locale\" content=\"hu_HU\" \/>\n<meta property=\"og:type\" content=\"article\" \/>\n<meta property=\"og:title\" content=\"Flower Wall Prairie Rose \ud83c\udf38| Wedding &amp; Deco | Buy &amp; Rent\" \/>\n<meta property=\"og:description\" content=\"Discover the most beautiful flower walls at affordable prices to decorate your interior or a ceremony. Realistic flowers with vibrant colors.\" \/>\n<meta property=\"og:url\" content=\"https:\/\/floramurus.com\/hu\/p\/rozsa-fal-preri-stilusban\/\" \/>\n<meta property=\"og:site_name\" content=\"Flora Murus\" \/>\n<meta property=\"article:modified_time\" content=\"2024-05-24T00:53:03+00:00\" \/>\n<meta property=\"og:image\" content=\"https:\/\/floramurus.com\/wp-content\/uploads\/2024\/05\/File_201_91e9146c-10b7-41da-9b0e-07bf52bad606.png\" \/>\n\t<meta property=\"og:image:width\" content=\"598\" \/>\n\t<meta property=\"og:image:height\" content=\"708\" \/>\n\t<meta property=\"og:image:type\" content=\"image\/png\" \/>\n<meta name=\"twitter:card\" content=\"summary_large_image\" \/>\n<meta name=\"twitter:label1\" content=\"Becs\u00fclt olvas\u00e1si id\u0151\" \/>\n\t<meta name=\"twitter:data1\" content=\"1 perc\" \/>\n<script type=\"application\/ld+json\" class=\"yoast-schema-graph\">{\"@context\":\"https:\/\/schema.org\",\"@graph\":[{\"@type\":\"WebPage\",\"@id\":\"https:\/\/floramurus.com\/p\/rose-wall-prairie-style\/\",\"url\":\"https:\/\/floramurus.com\/p\/rose-wall-prairie-style\/\",\"name\":\"Flower Wall Prairie Rose \ud83c\udf38| Wedding & Deco | Buy & Rent\",\"isPartOf\":{\"@id\":\"https:\/\/floramurus.com\/#website\"},\"primaryImageOfPage\":{\"@id\":\"https:\/\/floramurus.com\/p\/rose-wall-prairie-style\/#primaryimage\"},\"image\":{\"@id\":\"https:\/\/floramurus.com\/p\/rose-wall-prairie-style\/#primaryimage\"},\"thumbnailUrl\":\"https:\/\/floramurus.com\/wp-content\/uploads\/2024\/05\/File_201_91e9146c-10b7-41da-9b0e-07bf52bad606.png\",\"datePublished\":\"2024-05-23T05:50:14+00:00\",\"dateModified\":\"2024-05-24T00:53:03+00:00\",\"description\":\"Discover the most beautiful flower walls at affordable prices to decorate your interior or a ceremony. Realistic flowers with vibrant colors.\",\"breadcrumb\":{\"@id\":\"https:\/\/floramurus.com\/p\/rose-wall-prairie-style\/#breadcrumb\"},\"inLanguage\":\"hu\",\"potentialAction\":[{\"@type\":\"ReadAction\",\"target\":[\"https:\/\/floramurus.com\/p\/rose-wall-prairie-style\/\"]}]},{\"@type\":\"ImageObject\",\"inLanguage\":\"hu\",\"@id\":\"https:\/\/floramurus.com\/p\/rose-wall-prairie-style\/#primaryimage\",\"url\":\"https:\/\/floramurus.com\/wp-content\/uploads\/2024\/05\/File_201_91e9146c-10b7-41da-9b0e-07bf52bad606.png\",\"contentUrl\":\"https:\/\/floramurus.com\/wp-content\/uploads\/2024\/05\/File_201_91e9146c-10b7-41da-9b0e-07bf52bad606.png\",\"width\":598,\"height\":708,\"caption\":\"Prairie rose flower wall with rustic charm\"},{\"@type\":\"BreadcrumbList\",\"@id\":\"https:\/\/floramurus.com\/p\/rose-wall-prairie-style\/#breadcrumb\",\"itemListElement\":[{\"@type\":\"ListItem\",\"position\":1,\"name\":\"Home\",\"item\":\"https:\/\/floramurus.com\/\"},{\"@type\":\"ListItem\",\"position\":2,\"name\":\"Shop\",\"item\":\"https:\/\/floramurus.com\/shop\/\"},{\"@type\":\"ListItem\",\"position\":3,\"name\":\"Flower Wall Prairie Rose\"}]},{\"@type\":\"WebSite\",\"@id\":\"https:\/\/floramurus.com\/#website\",\"url\":\"https:\/\/floramurus.com\/\",\"name\":\"Flora Murus\",\"description\":\"\",\"publisher\":{\"@id\":\"https:\/\/floramurus.com\/#organization\"},\"potentialAction\":[{\"@type\":\"SearchAction\",\"target\":{\"@type\":\"EntryPoint\",\"urlTemplate\":\"https:\/\/floramurus.com\/?s={search_term_string}\"},\"query-input\":{\"@type\":\"PropertyValueSpecification\",\"valueRequired\":true,\"valueName\":\"search_term_string\"}}],\"inLanguage\":\"hu\"},{\"@type\":\"Organization\",\"@id\":\"https:\/\/floramurus.com\/#organization\",\"name\":\"Flora Murus\",\"url\":\"https:\/\/floramurus.com\/\",\"logo\":{\"@type\":\"ImageObject\",\"inLanguage\":\"hu\",\"@id\":\"https:\/\/floramurus.com\/#\/schema\/logo\/image\/\",\"url\":\"https:\/\/floramurus.com\/wp-content\/uploads\/2024\/05\/flora-murus-logo.png\",\"contentUrl\":\"https:\/\/floramurus.com\/wp-content\/uploads\/2024\/05\/flora-murus-logo.png\",\"width\":926,\"height\":250,\"caption\":\"Flora Murus\"},\"image\":{\"@id\":\"https:\/\/floramurus.com\/#\/schema\/logo\/image\/\"}}]}<\/script>\n<!-- \/ Yoast SEO plugin. -->","yoast_head_json":{"title":"Flower Wall Prairie Rose \ud83c\udf38| Esk\u00fcv\u0151 \u00e9s dekor\u00e1ci\u00f3 | Megveszem \u00e9s k\u00f6lcs\u00f6n\u00f6z\u00f6m","description":"Fedezze fel a legszebb vir\u00e1gfalakat megfizethet\u0151 \u00e1ron, hogy d\u00edsz\u00edtse bels\u0151 ter\u00e9t vagy egy \u00fcnneps\u00e9get. \u00c9leth\u0171 vir\u00e1gok \u00e9l\u00e9nk sz\u00ednekkel.","robots":{"index":"index","follow":"follow","max-snippet":"max-snippet:-1","max-image-preview":"max-image-preview:large","max-video-preview":"max-video-preview:-1"},"canonical":"https:\/\/floramurus.com\/hu\/p\/rozsa-fal-preri-stilusban\/","og_locale":"hu_HU","og_type":"article","og_title":"Flower Wall Prairie Rose \ud83c\udf38| Wedding & Deco | Buy & Rent","og_description":"Discover the most beautiful flower walls at affordable prices to decorate your interior or a ceremony. Realistic flowers with vibrant colors.","og_url":"https:\/\/floramurus.com\/hu\/p\/rozsa-fal-preri-stilusban\/","og_site_name":"Flora Murus","article_modified_time":"2024-05-24T00:53:03+00:00","og_image":[{"width":598,"height":708,"url":"https:\/\/floramurus.com\/wp-content\/uploads\/2024\/05\/File_201_91e9146c-10b7-41da-9b0e-07bf52bad606.png","type":"image\/png"}],"twitter_card":"summary_large_image","twitter_misc":{"Becs\u00fclt olvas\u00e1si id\u0151":"1 perc"},"schema":{"@context":"https:\/\/schema.org","@graph":[{"@type":"WebPage","@id":"https:\/\/floramurus.com\/p\/rose-wall-prairie-style\/","url":"https:\/\/floramurus.com\/p\/rose-wall-prairie-style\/","name":"Flower Wall Prairie Rose \ud83c\udf38| Esk\u00fcv\u0151 \u00e9s dekor\u00e1ci\u00f3 | Megveszem \u00e9s k\u00f6lcs\u00f6n\u00f6z\u00f6m","isPartOf":{"@id":"https:\/\/floramurus.com\/#website"},"primaryImageOfPage":{"@id":"https:\/\/floramurus.com\/p\/rose-wall-prairie-style\/#primaryimage"},"image":{"@id":"https:\/\/floramurus.com\/p\/rose-wall-prairie-style\/#primaryimage"},"thumbnailUrl":"https:\/\/floramurus.com\/wp-content\/uploads\/2024\/05\/File_201_91e9146c-10b7-41da-9b0e-07bf52bad606.png","datePublished":"2024-05-23T05:50:14+00:00","dateModified":"2024-05-24T00:53:03+00:00","description":"Fedezze fel a legszebb vir\u00e1gfalakat megfizethet\u0151 \u00e1ron, hogy d\u00edsz\u00edtse bels\u0151 ter\u00e9t vagy egy \u00fcnneps\u00e9get. \u00c9leth\u0171 vir\u00e1gok \u00e9l\u00e9nk sz\u00ednekkel.","breadcrumb":{"@id":"https:\/\/floramurus.com\/p\/rose-wall-prairie-style\/#breadcrumb"},"inLanguage":"hu","potentialAction":[{"@type":"ReadAction","target":["https:\/\/floramurus.com\/p\/rose-wall-prairie-style\/"]}]},{"@type":"ImageObject","inLanguage":"hu","@id":"https:\/\/floramurus.com\/p\/rose-wall-prairie-style\/#primaryimage","url":"https:\/\/floramurus.com\/wp-content\/uploads\/2024\/05\/File_201_91e9146c-10b7-41da-9b0e-07bf52bad606.png","contentUrl":"https:\/\/floramurus.com\/wp-content\/uploads\/2024\/05\/File_201_91e9146c-10b7-41da-9b0e-07bf52bad606.png","width":598,"height":708,"caption":"Prairie rose flower wall with rustic charm"},{"@type":"BreadcrumbList","@id":"https:\/\/floramurus.com\/p\/rose-wall-prairie-style\/#breadcrumb","itemListElement":[{"@type":"ListItem","position":1,"name":"Home","item":"https:\/\/floramurus.com\/"},{"@type":"ListItem","position":2,"name":"Shop","item":"https:\/\/floramurus.com\/shop\/"},{"@type":"ListItem","position":3,"name":"Flower Wall Prairie Rose"}]},{"@type":"WebSite","@id":"https:\/\/floramurus.com\/#website","url":"https:\/\/floramurus.com\/","name":"Flora Murus","description":"","publisher":{"@id":"https:\/\/floramurus.com\/#organization"},"potentialAction":[{"@type":"SearchAction","target":{"@type":"EntryPoint","urlTemplate":"https:\/\/floramurus.com\/?s={search_term_string}"},"query-input":{"@type":"PropertyValueSpecification","valueRequired":true,"valueName":"search_term_string"}}],"inLanguage":"hu"},{"@type":"Organization","@id":"https:\/\/floramurus.com\/#organization","name":"Flora Murus","url":"https:\/\/floramurus.com\/","logo":{"@type":"ImageObject","inLanguage":"hu","@id":"https:\/\/floramurus.com\/#\/schema\/logo\/image\/","url":"https:\/\/floramurus.com\/wp-content\/uploads\/2024\/05\/flora-murus-logo.png","contentUrl":"https:\/\/floramurus.com\/wp-content\/uploads\/2024\/05\/flora-murus-logo.png","width":926,"height":250,"caption":"Flora Murus"},"image":{"@id":"https:\/\/floramurus.com\/#\/schema\/logo\/image\/"}}]}},"_links":{"self":[{"href":"https:\/\/floramurus.com\/hu\/wp-json\/wp\/v2\/product\/290","targetHints":{"allow":["GET"]}}],"collection":[{"href":"https:\/\/floramurus.com\/hu\/wp-json\/wp\/v2\/product"}],"about":[{"href":"https:\/\/floramurus.com\/hu\/wp-json\/wp\/v2\/types\/product"}],"wp:featuredmedia":[{"embeddable":true,"href":"https:\/\/floramurus.com\/hu\/wp-json\/wp\/v2\/media\/289"}],"wp:attachment":[{"href":"https:\/\/floramurus.com\/hu\/wp-json\/wp\/v2\/media?parent=290"}],"wp:term":[{"taxonomy":"product_brand","embeddable":true,"href":"https:\/\/floramurus.com\/hu\/wp-json\/wp\/v2\/product_brand?post=290"},{"taxonomy":"product_cat","embeddable":true,"href":"https:\/\/floramurus.com\/hu\/wp-json\/wp\/v2\/product_cat?post=290"},{"taxonomy":"product_tag","embeddable":true,"href":"https:\/\/floramurus.com\/hu\/wp-json\/wp\/v2\/product_tag?post=290"}],"curies":[{"name":"wp","href":"https:\/\/api.w.org\/{rel}","templated":true}]}}