{"id":120,"date":"2024-05-23T05:46:55","date_gmt":"2024-05-23T05:46:55","guid":{"rendered":"https:\/\/floramurus.com\/p\/floral-joy-life\/"},"modified":"2024-05-24T01:01:54","modified_gmt":"2024-05-24T01:01:54","slug":"blomster-glede-liv","status":"publish","type":"product","link":"https:\/\/floramurus.com\/nb\/p\/blomster-glede-liv\/","title":{"rendered":"<span>Blomstervegg <\/span><span class=\"product-title-custom\"> Gleden ved \u00e5 leve<\/span>"},"content":{"rendered":"<p>En stor, dekorativ og fargerik <strong>veggpanel<\/strong> som elegant pryder en vegg. Et originalt dekorasjonsstykke i form av en <strong>blomstervegg<\/strong> sammensatt av ulike farger: rosa, hvitt og gult.<\/p>\r\n<p>Denne veggdekorasjonen kan bli satt stor pris p\u00e5 for en <strong>festlig begivenhet<\/strong>. Faktisk vil det perfekt dekorere en bryllupssal eller et rom for en bursdag. For personlige fotograferinger eller seremonibilder fungerer det som et utmerket <strong>bakgrunnsdekor<\/strong>. Den vil forbedre alle dine arrangementer ved \u00e5 tilf\u00f8re farge og skape en festlig og gledelig atmosf\u00e6re. Denne blomsterveggen kan ogs\u00e5 finne sin plass p\u00e5 et soverom, noe som gir en veldig original stil til rommet.<\/p>","protected":false},"excerpt":{"rendered":"A large, decorative, and colorful wall panel that elegantly adorns a wall. An original decoration piece, it takes the form of a flower wall composed of various colors: pink, white, and yellow. This wall decoration can be greatly appreciated for a festive event. Indeed, it will perfectly decorate a wedding hall or a room for [&#8230;]","protected":false},"featured_media":119,"template":"","meta":[],"product_brand":[],"product_cat":[15,26,19,20],"product_tag":[],"class_list":{"0":"post-120","1":"product","2":"type-product","3":"status-publish","4":"has-post-thumbnail","6":"product_cat-all-products","7":"product_cat-orange-floral-wall-backdrop","8":"product_cat-pink-floral-wall-backdrop","9":"product_cat-white-floral-wall-backdrop","11":"first","12":"instock","13":"shipping-taxable","14":"purchasable","15":"product-type-simple"},"yoast_head":"<!-- This site is optimized with the Yoast SEO plugin v25.9 - https:\/\/yoast.com\/wordpress\/plugins\/seo\/ -->\n<title>Flower Wall Joy of Living \ud83c\udf38| Wedding &amp; Deco | Buy &amp; Rent<\/title>\n<meta name=\"description\" content=\"Discover the most beautiful flower walls at affordable prices to decorate your interior or a ceremony. Realistic flowers with vibrant colors.\" \/>\n<meta name=\"robots\" content=\"index, follow, max-snippet:-1, max-image-preview:large, max-video-preview:-1\" \/>\n<link rel=\"canonical\" href=\"https:\/\/floramurus.com\/nb\/p\/blomster-glede-liv\/\" \/>\n<meta property=\"og:locale\" content=\"nb_NO\" \/>\n<meta property=\"og:type\" content=\"article\" \/>\n<meta property=\"og:title\" content=\"Flower Wall Joy of Living \ud83c\udf38| Wedding &amp; Deco | Buy &amp; Rent\" \/>\n<meta property=\"og:description\" content=\"Discover the most beautiful flower walls at affordable prices to decorate your interior or a ceremony. Realistic flowers with vibrant colors.\" \/>\n<meta property=\"og:url\" content=\"https:\/\/floramurus.com\/nb\/p\/blomster-glede-liv\/\" \/>\n<meta property=\"og:site_name\" content=\"Flora Murus\" \/>\n<meta property=\"article:modified_time\" content=\"2024-05-24T01:01:54+00:00\" \/>\n<meta property=\"og:image\" content=\"https:\/\/floramurus.com\/wp-content\/uploads\/2024\/05\/File_201_0fe02a1a-0abe-438b-93d8-1b25048ec850.png\" \/>\n\t<meta property=\"og:image:width\" content=\"596\" \/>\n\t<meta property=\"og:image:height\" content=\"712\" \/>\n\t<meta property=\"og:image:type\" content=\"image\/png\" \/>\n<meta name=\"twitter:card\" content=\"summary_large_image\" \/>\n<meta name=\"twitter:label1\" content=\"Ansl. lesetid\" \/>\n\t<meta name=\"twitter:data1\" content=\"1 minutt\" \/>\n<script type=\"application\/ld+json\" class=\"yoast-schema-graph\">{\"@context\":\"https:\/\/schema.org\",\"@graph\":[{\"@type\":\"WebPage\",\"@id\":\"https:\/\/floramurus.com\/p\/floral-joy-life\/\",\"url\":\"https:\/\/floramurus.com\/p\/floral-joy-life\/\",\"name\":\"Flower Wall Joy of Living \ud83c\udf38| Wedding & Deco | Buy & Rent\",\"isPartOf\":{\"@id\":\"https:\/\/floramurus.com\/#website\"},\"primaryImageOfPage\":{\"@id\":\"https:\/\/floramurus.com\/p\/floral-joy-life\/#primaryimage\"},\"image\":{\"@id\":\"https:\/\/floramurus.com\/p\/floral-joy-life\/#primaryimage\"},\"thumbnailUrl\":\"https:\/\/floramurus.com\/wp-content\/uploads\/2024\/05\/File_201_0fe02a1a-0abe-438b-93d8-1b25048ec850.png\",\"datePublished\":\"2024-05-23T05:46:55+00:00\",\"dateModified\":\"2024-05-24T01:01:54+00:00\",\"description\":\"Discover the most beautiful flower walls at affordable prices to decorate your interior or a ceremony. Realistic flowers with vibrant colors.\",\"breadcrumb\":{\"@id\":\"https:\/\/floramurus.com\/p\/floral-joy-life\/#breadcrumb\"},\"inLanguage\":\"nb-NO\",\"potentialAction\":[{\"@type\":\"ReadAction\",\"target\":[\"https:\/\/floramurus.com\/p\/floral-joy-life\/\"]}]},{\"@type\":\"ImageObject\",\"inLanguage\":\"nb-NO\",\"@id\":\"https:\/\/floramurus.com\/p\/floral-joy-life\/#primaryimage\",\"url\":\"https:\/\/floramurus.com\/wp-content\/uploads\/2024\/05\/File_201_0fe02a1a-0abe-438b-93d8-1b25048ec850.png\",\"contentUrl\":\"https:\/\/floramurus.com\/wp-content\/uploads\/2024\/05\/File_201_0fe02a1a-0abe-438b-93d8-1b25048ec850.png\",\"width\":596,\"height\":712,\"caption\":\"Floral wall embodying the joy of living with vibrant colors\"},{\"@type\":\"BreadcrumbList\",\"@id\":\"https:\/\/floramurus.com\/p\/floral-joy-life\/#breadcrumb\",\"itemListElement\":[{\"@type\":\"ListItem\",\"position\":1,\"name\":\"Home\",\"item\":\"https:\/\/floramurus.com\/\"},{\"@type\":\"ListItem\",\"position\":2,\"name\":\"Shop\",\"item\":\"https:\/\/floramurus.com\/shop\/\"},{\"@type\":\"ListItem\",\"position\":3,\"name\":\"Flower Wall Joy of Living\"}]},{\"@type\":\"WebSite\",\"@id\":\"https:\/\/floramurus.com\/#website\",\"url\":\"https:\/\/floramurus.com\/\",\"name\":\"Flora Murus\",\"description\":\"\",\"publisher\":{\"@id\":\"https:\/\/floramurus.com\/#organization\"},\"potentialAction\":[{\"@type\":\"SearchAction\",\"target\":{\"@type\":\"EntryPoint\",\"urlTemplate\":\"https:\/\/floramurus.com\/?s={search_term_string}\"},\"query-input\":{\"@type\":\"PropertyValueSpecification\",\"valueRequired\":true,\"valueName\":\"search_term_string\"}}],\"inLanguage\":\"nb-NO\"},{\"@type\":\"Organization\",\"@id\":\"https:\/\/floramurus.com\/#organization\",\"name\":\"Flora Murus\",\"url\":\"https:\/\/floramurus.com\/\",\"logo\":{\"@type\":\"ImageObject\",\"inLanguage\":\"nb-NO\",\"@id\":\"https:\/\/floramurus.com\/#\/schema\/logo\/image\/\",\"url\":\"https:\/\/floramurus.com\/wp-content\/uploads\/2024\/05\/flora-murus-logo.png\",\"contentUrl\":\"https:\/\/floramurus.com\/wp-content\/uploads\/2024\/05\/flora-murus-logo.png\",\"width\":926,\"height\":250,\"caption\":\"Flora Murus\"},\"image\":{\"@id\":\"https:\/\/floramurus.com\/#\/schema\/logo\/image\/\"}}]}<\/script>\n<!-- \/ Yoast SEO plugin. -->","yoast_head_json":{"title":"Flower Wall Joy of Living \ud83c\udf38| Bryllup &amp; Deco | Kj\u00f8p &amp; leie","description":"Oppdag de vakreste blomsterveggene til rimelige priser for \u00e5 dekorere interi\u00f8ret eller en seremoni. Realistiske blomster med livlige farger.","robots":{"index":"index","follow":"follow","max-snippet":"max-snippet:-1","max-image-preview":"max-image-preview:large","max-video-preview":"max-video-preview:-1"},"canonical":"https:\/\/floramurus.com\/nb\/p\/blomster-glede-liv\/","og_locale":"nb_NO","og_type":"article","og_title":"Flower Wall Joy of Living \ud83c\udf38| Wedding & Deco | Buy & Rent","og_description":"Discover the most beautiful flower walls at affordable prices to decorate your interior or a ceremony. Realistic flowers with vibrant colors.","og_url":"https:\/\/floramurus.com\/nb\/p\/blomster-glede-liv\/","og_site_name":"Flora Murus","article_modified_time":"2024-05-24T01:01:54+00:00","og_image":[{"width":596,"height":712,"url":"https:\/\/floramurus.com\/wp-content\/uploads\/2024\/05\/File_201_0fe02a1a-0abe-438b-93d8-1b25048ec850.png","type":"image\/png"}],"twitter_card":"summary_large_image","twitter_misc":{"Ansl. lesetid":"1 minutt"},"schema":{"@context":"https:\/\/schema.org","@graph":[{"@type":"WebPage","@id":"https:\/\/floramurus.com\/p\/floral-joy-life\/","url":"https:\/\/floramurus.com\/p\/floral-joy-life\/","name":"Flower Wall Joy of Living \ud83c\udf38| Bryllup &amp; Deco | Kj\u00f8p &amp; leie","isPartOf":{"@id":"https:\/\/floramurus.com\/#website"},"primaryImageOfPage":{"@id":"https:\/\/floramurus.com\/p\/floral-joy-life\/#primaryimage"},"image":{"@id":"https:\/\/floramurus.com\/p\/floral-joy-life\/#primaryimage"},"thumbnailUrl":"https:\/\/floramurus.com\/wp-content\/uploads\/2024\/05\/File_201_0fe02a1a-0abe-438b-93d8-1b25048ec850.png","datePublished":"2024-05-23T05:46:55+00:00","dateModified":"2024-05-24T01:01:54+00:00","description":"Oppdag de vakreste blomsterveggene til rimelige priser for \u00e5 dekorere interi\u00f8ret eller en seremoni. Realistiske blomster med livlige farger.","breadcrumb":{"@id":"https:\/\/floramurus.com\/p\/floral-joy-life\/#breadcrumb"},"inLanguage":"nb-NO","potentialAction":[{"@type":"ReadAction","target":["https:\/\/floramurus.com\/p\/floral-joy-life\/"]}]},{"@type":"ImageObject","inLanguage":"nb-NO","@id":"https:\/\/floramurus.com\/p\/floral-joy-life\/#primaryimage","url":"https:\/\/floramurus.com\/wp-content\/uploads\/2024\/05\/File_201_0fe02a1a-0abe-438b-93d8-1b25048ec850.png","contentUrl":"https:\/\/floramurus.com\/wp-content\/uploads\/2024\/05\/File_201_0fe02a1a-0abe-438b-93d8-1b25048ec850.png","width":596,"height":712,"caption":"Floral wall embodying the joy of living with vibrant colors"},{"@type":"BreadcrumbList","@id":"https:\/\/floramurus.com\/p\/floral-joy-life\/#breadcrumb","itemListElement":[{"@type":"ListItem","position":1,"name":"Home","item":"https:\/\/floramurus.com\/"},{"@type":"ListItem","position":2,"name":"Shop","item":"https:\/\/floramurus.com\/shop\/"},{"@type":"ListItem","position":3,"name":"Flower Wall Joy of Living"}]},{"@type":"WebSite","@id":"https:\/\/floramurus.com\/#website","url":"https:\/\/floramurus.com\/","name":"Flora Murus","description":"","publisher":{"@id":"https:\/\/floramurus.com\/#organization"},"potentialAction":[{"@type":"SearchAction","target":{"@type":"EntryPoint","urlTemplate":"https:\/\/floramurus.com\/?s={search_term_string}"},"query-input":{"@type":"PropertyValueSpecification","valueRequired":true,"valueName":"search_term_string"}}],"inLanguage":"nb-NO"},{"@type":"Organization","@id":"https:\/\/floramurus.com\/#organization","name":"Flora Murus","url":"https:\/\/floramurus.com\/","logo":{"@type":"ImageObject","inLanguage":"nb-NO","@id":"https:\/\/floramurus.com\/#\/schema\/logo\/image\/","url":"https:\/\/floramurus.com\/wp-content\/uploads\/2024\/05\/flora-murus-logo.png","contentUrl":"https:\/\/floramurus.com\/wp-content\/uploads\/2024\/05\/flora-murus-logo.png","width":926,"height":250,"caption":"Flora Murus"},"image":{"@id":"https:\/\/floramurus.com\/#\/schema\/logo\/image\/"}}]}},"_links":{"self":[{"href":"https:\/\/floramurus.com\/nb\/wp-json\/wp\/v2\/product\/120","targetHints":{"allow":["GET"]}}],"collection":[{"href":"https:\/\/floramurus.com\/nb\/wp-json\/wp\/v2\/product"}],"about":[{"href":"https:\/\/floramurus.com\/nb\/wp-json\/wp\/v2\/types\/product"}],"wp:featuredmedia":[{"embeddable":true,"href":"https:\/\/floramurus.com\/nb\/wp-json\/wp\/v2\/media\/119"}],"wp:attachment":[{"href":"https:\/\/floramurus.com\/nb\/wp-json\/wp\/v2\/media?parent=120"}],"wp:term":[{"taxonomy":"product_brand","embeddable":true,"href":"https:\/\/floramurus.com\/nb\/wp-json\/wp\/v2\/product_brand?post=120"},{"taxonomy":"product_cat","embeddable":true,"href":"https:\/\/floramurus.com\/nb\/wp-json\/wp\/v2\/product_cat?post=120"},{"taxonomy":"product_tag","embeddable":true,"href":"https:\/\/floramurus.com\/nb\/wp-json\/wp\/v2\/product_tag?post=120"}],"curies":[{"name":"wp","href":"https:\/\/api.w.org\/{rel}","templated":true}]}}