{"id":33,"date":"2024-04-10T02:29:16","date_gmt":"2024-04-10T02:29:16","guid":{"rendered":"https:\/\/flowerwall.kinsta.cloud\/?page_id=33"},"modified":"2024-06-15T12:32:59","modified_gmt":"2024-06-15T12:32:59","slug":"o-nas","status":"publish","type":"page","link":"https:\/\/floramurus.com\/pl\/o-nas\/","title":{"rendered":"O nas"},"content":{"rendered":"<h2>O Florze Murus<\/h2>\r\n<p>Witamy we Flora Murus, gdzie ka\u017cda \u015bciana kwiatowa jest p\u0142\u00f3tnem pi\u0119kna, kt\u00f3re czeka, aby odmieni\u0107 Twoje wyj\u0105tkowe chwile. Po\u0142o\u017cona w samym sercu Polski, nasza pracownia o\u017cywia wyj\u0105tkowy urok r\u0119cznie wykonanych kwiatowych \u015bcian, p\u0142ynnie \u0142\u0105cz\u0105c tradycj\u0119 ze wsp\u00f3\u0142czesn\u0105 elegancj\u0105. \ud83c\udf38\ud83c\udde6\ud83c\uddfa<\/p>\r\n\r\n<h2>Poznaj za\u0142o\u017cyciela<\/h2>\r\n<p><strong>Amanda - Kwiaciarnia z wizj\u0105<\/strong><\/p>\r\n<p>Podr\u00f3\u017c Emmy do \u015bwiata florystyki rozpocz\u0119\u0142a si\u0119 w 2017 roku wraz z otwarciem jej pierwszego sklepu. To, co zacz\u0119\u0142o si\u0119 jako ma\u0142a przestrze\u0144, rozkwit\u0142o w centrum kreatywno\u015bci i pasji. Emma wierzy w moc kwiat\u00f3w do wyra\u017cania emocji, celebrowania chwil i wnoszenia odrobiny pi\u0119kna natury do naszego \u017cycia. Jej oddanie swojemu rzemios\u0142u i mi\u0142o\u015b\u0107 do dzielenia si\u0119 nim z innymi sprawiaj\u0105, \u017ce Flora Murus jest czym\u015b wi\u0119cej ni\u017c tylko mark\u0105.<\/p>\r\n\r\n<h2>Podr\u00f3\u017c Flory Murus<\/h2>\r\n<p>Od naszych skromnych pocz\u0105tk\u00f3w w Polsce do stania si\u0119 cenion\u0105 mark\u0105 w dziedzinie r\u0119cznie robionych \u015bcian kwiatowych, podr\u00f3\u017c Flora Murus to podr\u00f3\u017c pe\u0142na rozwoju, inspiracji i pi\u0119kna. Ka\u017cda \u015bciana, kt\u00f3r\u0105 tworzymy, jest \u015bwiadectwem naszego zaanga\u017cowania w jako\u015b\u0107, kunszt i rado\u015b\u0107 florystyki. Nasze kreacje inspirowane s\u0105 naturalnym pi\u0119knem Polski, jej t\u0119tni\u0105cymi \u017cyciem krajobrazami i historiami ludzi, kt\u00f3rych spotykamy. \ud83c\udf0f\ud83c\udfa8<\/p>\r\n\r\n<h2>Nasza wizja<\/h2>\r\n<p>We Flora Murus nasza wizja wykracza poza tworzenie osza\u0142amiaj\u0105cych \u015bcian kwiatowych. Naszym celem jest <strong>Inspiruj, \u0142\u0105cz i \u015bwi\u0119tuj<\/strong> wa\u017cne momenty w \u017cyciu. Nasze kreacje maj\u0105 nie tylko zdobi\u0107, ale tak\u017ce przywo\u0142ywa\u0107 wspomnienia, emocje i poczucie przynale\u017cno\u015bci. Wierzymy w <em>zr\u00f3wnowa\u017cone pi\u0119kno<\/em>w <em>sztuka rzemios\u0142a<\/em>i <em>znaczenie spo\u0142eczno\u015bci<\/em>. Do\u0142\u0105cz do nas w tej podr\u00f3\u017cy i uczy\u0144my \u015bwiat pi\u0119kniejszym miejscem, jedna kwiatowa \u015bciana na raz. \ud83c\udf3c\ud83c\udf39<\/p>\r\n\r\n<p>Dzi\u0119kujemy za wybranie Flora Murus. Razem kontynuujmy \u015bwi\u0119towanie kamieni milowych \u017cycia z elegancj\u0105, pi\u0119knem i odrobin\u0105 magii natury.<\/p>","protected":false},"excerpt":{"rendered":"About Flora Murus Welcome to Flora Murus, where every flower wall is a canvas of beauty waiting to transform your special moments. Nestled in the heart of , our workshop brings to life the exquisite charm of handcrafted floral walls, seamlessly blending tradition with contemporary elegance. \ud83c\udf38\ud83c\udde6\ud83c\uddfa Meet The Founder Amanda \u2013 A Visionary Florist [&#8230;]","protected":false},"author":1,"featured_media":0,"parent":0,"menu_order":0,"comment_status":"closed","ping_status":"closed","template":"page-blank-title-center.php","meta":{"footnotes":""},"class_list":["post-33","page","type-page","status-publish","hentry"],"yoast_head":"<!-- This site is optimized with the Yoast SEO plugin v25.9 - https:\/\/yoast.com\/wordpress\/plugins\/seo\/ -->\n<title>About us | Flora Murus<\/title>\n<meta name=\"robots\" content=\"index, follow, max-snippet:-1, max-image-preview:large, max-video-preview:-1\" \/>\n<link rel=\"canonical\" href=\"https:\/\/floramurus.com\/pl\/o-nas\/\" \/>\n<meta property=\"og:locale\" content=\"pl_PL\" \/>\n<meta property=\"og:type\" content=\"article\" \/>\n<meta property=\"og:title\" content=\"About us | Flora Murus\" \/>\n<meta property=\"og:description\" content=\"About Flora Murus Welcome to Flora Murus, where every flower wall is a canvas of beauty waiting to transform your special moments. Nestled in the heart of , our workshop brings to life the exquisite charm of handcrafted floral walls, seamlessly blending tradition with contemporary elegance. \ud83c\udf38\ud83c\udde6\ud83c\uddfa Meet The Founder Amanda \u2013 A Visionary Florist [...]\" \/>\n<meta property=\"og:url\" content=\"https:\/\/floramurus.com\/pl\/o-nas\/\" \/>\n<meta property=\"og:site_name\" content=\"Flora Murus\" \/>\n<meta property=\"article:modified_time\" content=\"2024-06-15T12:32:59+00:00\" \/>\n<meta name=\"twitter:card\" content=\"summary_large_image\" \/>\n<meta name=\"twitter:label1\" content=\"Szacowany czas czytania\" \/>\n\t<meta name=\"twitter:data1\" content=\"2 minuty\" \/>\n<script type=\"application\/ld+json\" class=\"yoast-schema-graph\">{\"@context\":\"https:\/\/schema.org\",\"@graph\":[{\"@type\":\"WebPage\",\"@id\":\"https:\/\/floramurus.com\/about-us\/\",\"url\":\"https:\/\/floramurus.com\/about-us\/\",\"name\":\"About us | Flora Murus\",\"isPartOf\":{\"@id\":\"https:\/\/floramurus.com\/#website\"},\"datePublished\":\"2024-04-10T02:29:16+00:00\",\"dateModified\":\"2024-06-15T12:32:59+00:00\",\"breadcrumb\":{\"@id\":\"https:\/\/floramurus.com\/about-us\/#breadcrumb\"},\"inLanguage\":\"pl-PL\",\"potentialAction\":[{\"@type\":\"ReadAction\",\"target\":[\"https:\/\/floramurus.com\/about-us\/\"]}]},{\"@type\":\"BreadcrumbList\",\"@id\":\"https:\/\/floramurus.com\/about-us\/#breadcrumb\",\"itemListElement\":[{\"@type\":\"ListItem\",\"position\":1,\"name\":\"Home\",\"item\":\"https:\/\/floramurus.com\/\"},{\"@type\":\"ListItem\",\"position\":2,\"name\":\"About us\"}]},{\"@type\":\"WebSite\",\"@id\":\"https:\/\/floramurus.com\/#website\",\"url\":\"https:\/\/floramurus.com\/\",\"name\":\"Flora Murus\",\"description\":\"\",\"publisher\":{\"@id\":\"https:\/\/floramurus.com\/#organization\"},\"potentialAction\":[{\"@type\":\"SearchAction\",\"target\":{\"@type\":\"EntryPoint\",\"urlTemplate\":\"https:\/\/floramurus.com\/?s={search_term_string}\"},\"query-input\":{\"@type\":\"PropertyValueSpecification\",\"valueRequired\":true,\"valueName\":\"search_term_string\"}}],\"inLanguage\":\"pl-PL\"},{\"@type\":\"Organization\",\"@id\":\"https:\/\/floramurus.com\/#organization\",\"name\":\"Flora Murus\",\"url\":\"https:\/\/floramurus.com\/\",\"logo\":{\"@type\":\"ImageObject\",\"inLanguage\":\"pl-PL\",\"@id\":\"https:\/\/floramurus.com\/#\/schema\/logo\/image\/\",\"url\":\"https:\/\/floramurus.com\/wp-content\/uploads\/2024\/05\/flora-murus-logo.png\",\"contentUrl\":\"https:\/\/floramurus.com\/wp-content\/uploads\/2024\/05\/flora-murus-logo.png\",\"width\":926,\"height\":250,\"caption\":\"Flora Murus\"},\"image\":{\"@id\":\"https:\/\/floramurus.com\/#\/schema\/logo\/image\/\"}}]}<\/script>\n<!-- \/ Yoast SEO plugin. -->","yoast_head_json":{"title":"O nas | Flora Murus","robots":{"index":"index","follow":"follow","max-snippet":"max-snippet:-1","max-image-preview":"max-image-preview:large","max-video-preview":"max-video-preview:-1"},"canonical":"https:\/\/floramurus.com\/pl\/o-nas\/","og_locale":"pl_PL","og_type":"article","og_title":"About us | Flora Murus","og_description":"About Flora Murus Welcome to Flora Murus, where every flower wall is a canvas of beauty waiting to transform your special moments. Nestled in the heart of , our workshop brings to life the exquisite charm of handcrafted floral walls, seamlessly blending tradition with contemporary elegance. \ud83c\udf38\ud83c\udde6\ud83c\uddfa Meet The Founder Amanda \u2013 A Visionary Florist [...]","og_url":"https:\/\/floramurus.com\/pl\/o-nas\/","og_site_name":"Flora Murus","article_modified_time":"2024-06-15T12:32:59+00:00","twitter_card":"summary_large_image","twitter_misc":{"Szacowany czas czytania":"2 minuty"},"schema":{"@context":"https:\/\/schema.org","@graph":[{"@type":"WebPage","@id":"https:\/\/floramurus.com\/about-us\/","url":"https:\/\/floramurus.com\/about-us\/","name":"O nas | Flora Murus","isPartOf":{"@id":"https:\/\/floramurus.com\/#website"},"datePublished":"2024-04-10T02:29:16+00:00","dateModified":"2024-06-15T12:32:59+00:00","breadcrumb":{"@id":"https:\/\/floramurus.com\/about-us\/#breadcrumb"},"inLanguage":"pl-PL","potentialAction":[{"@type":"ReadAction","target":["https:\/\/floramurus.com\/about-us\/"]}]},{"@type":"BreadcrumbList","@id":"https:\/\/floramurus.com\/about-us\/#breadcrumb","itemListElement":[{"@type":"ListItem","position":1,"name":"Home","item":"https:\/\/floramurus.com\/"},{"@type":"ListItem","position":2,"name":"About us"}]},{"@type":"WebSite","@id":"https:\/\/floramurus.com\/#website","url":"https:\/\/floramurus.com\/","name":"Flora Murus","description":"","publisher":{"@id":"https:\/\/floramurus.com\/#organization"},"potentialAction":[{"@type":"SearchAction","target":{"@type":"EntryPoint","urlTemplate":"https:\/\/floramurus.com\/?s={search_term_string}"},"query-input":{"@type":"PropertyValueSpecification","valueRequired":true,"valueName":"search_term_string"}}],"inLanguage":"pl-PL"},{"@type":"Organization","@id":"https:\/\/floramurus.com\/#organization","name":"Flora Murus","url":"https:\/\/floramurus.com\/","logo":{"@type":"ImageObject","inLanguage":"pl-PL","@id":"https:\/\/floramurus.com\/#\/schema\/logo\/image\/","url":"https:\/\/floramurus.com\/wp-content\/uploads\/2024\/05\/flora-murus-logo.png","contentUrl":"https:\/\/floramurus.com\/wp-content\/uploads\/2024\/05\/flora-murus-logo.png","width":926,"height":250,"caption":"Flora Murus"},"image":{"@id":"https:\/\/floramurus.com\/#\/schema\/logo\/image\/"}}]}},"_links":{"self":[{"href":"https:\/\/floramurus.com\/pl\/wp-json\/wp\/v2\/pages\/33","targetHints":{"allow":["GET"]}}],"collection":[{"href":"https:\/\/floramurus.com\/pl\/wp-json\/wp\/v2\/pages"}],"about":[{"href":"https:\/\/floramurus.com\/pl\/wp-json\/wp\/v2\/types\/page"}],"author":[{"embeddable":true,"href":"https:\/\/floramurus.com\/pl\/wp-json\/wp\/v2\/users\/1"}],"replies":[{"embeddable":true,"href":"https:\/\/floramurus.com\/pl\/wp-json\/wp\/v2\/comments?post=33"}],"version-history":[{"count":3,"href":"https:\/\/floramurus.com\/pl\/wp-json\/wp\/v2\/pages\/33\/revisions"}],"predecessor-version":[{"id":391,"href":"https:\/\/floramurus.com\/pl\/wp-json\/wp\/v2\/pages\/33\/revisions\/391"}],"wp:attachment":[{"href":"https:\/\/floramurus.com\/pl\/wp-json\/wp\/v2\/media?parent=33"}],"curies":[{"name":"wp","href":"https:\/\/api.w.org\/{rel}","templated":true}]}}