{"id":210,"date":"2024-05-23T05:48:39","date_gmt":"2024-05-23T05:48:39","guid":{"rendered":"https:\/\/floramurus.com\/p\/flower-wall-arrangement-design\/"},"modified":"2024-05-24T00:57:16","modified_gmt":"2024-05-24T00:57:16","slug":"projekt-aranzacji-sciany-kwiatowej","status":"publish","type":"product","link":"https:\/\/floramurus.com\/pl\/p\/projekt-aranzacji-sciany-kwiatowej\/","title":{"rendered":"<span>\u015aciana kwiatowa <\/span><span class=\"product-title-custom\"> Aran\u017cacja kwiatowa<\/span>"},"content":{"rendered":"<h2>Chcesz uczyni\u0107 swoje wydarzenia niezapomnianymi dzi\u0119ki zapieraj\u0105cej dech w piersiach \u015bcianie kwiatowej? Nie szukaj dalej, poniewa\u017c \u015bciana kwiatowa z kompozycjami kwiatowymi jest tym, czego szukasz.<\/h2>\r\n<p>Daj si\u0119 oczarowa\u0107 <strong>kompozycja kwiatowa<\/strong> kt\u00f3ra nie pozostawi nikogo oboj\u0119tnym. Dzi\u0119ki zdobieniom z \u017c\u00f3\u0142tych, r\u00f3\u017cowych i bia\u0142ych r\u00f3\u017c, ta \u015bciana idealnie wkomponuje si\u0119 w Twoje wydarzenia.<\/p>\r\n<p>Prawda <strong>element dekoracyjny<\/strong>Nadaje si\u0119 na imprezy takie jak urodziny, wesela i chrzciny. Ale to nie wszystko; jest bardzo mi\u0119kki <strong>kompozycja kwiatowa<\/strong> doskonale nadaje si\u0119 do podkre\u015blenia przestrzeni \u017cyciowej i zaprezentowania oryginalno\u015bci.<\/p>","protected":false},"excerpt":{"rendered":"Want to make your events unforgettable with a breathtaking flower wall? Look no further, as the floral composition flower wall is what you are looking for. Let yourself be charmed by this floral composition that will leave no one indifferent. With its adornment of yellow, pink, and white roses, this wall will perfectly blend into [&#8230;]","protected":false},"featured_media":209,"template":"","meta":[],"product_brand":[],"product_cat":[15,19,20],"product_tag":[],"class_list":{"0":"post-210","1":"product","2":"type-product","3":"status-publish","4":"has-post-thumbnail","6":"product_cat-all-products","7":"product_cat-pink-floral-wall-backdrop","8":"product_cat-white-floral-wall-backdrop","10":"first","11":"instock","12":"shipping-taxable","13":"purchasable","14":"product-type-simple"},"yoast_head":"<!-- This site is optimized with the Yoast SEO plugin v25.9 - https:\/\/yoast.com\/wordpress\/plugins\/seo\/ -->\n<title>Flower Wall Floral Arrangement \ud83c\udf38| Wedding &amp; Deco | Buy &amp; Rent<\/title>\n<meta name=\"description\" content=\"Discover the most beautiful flower walls at affordable prices to decorate your interior or a ceremony. Realistic flowers with vibrant colors.\" \/>\n<meta name=\"robots\" content=\"index, follow, max-snippet:-1, max-image-preview:large, max-video-preview:-1\" \/>\n<link rel=\"canonical\" href=\"https:\/\/floramurus.com\/pl\/p\/projekt-aranzacji-sciany-kwiatowej\/\" \/>\n<meta property=\"og:locale\" content=\"pl_PL\" \/>\n<meta property=\"og:type\" content=\"article\" \/>\n<meta property=\"og:title\" content=\"Flower Wall Floral Arrangement \ud83c\udf38| Wedding &amp; Deco | Buy &amp; Rent\" \/>\n<meta property=\"og:description\" content=\"Discover the most beautiful flower walls at affordable prices to decorate your interior or a ceremony. Realistic flowers with vibrant colors.\" \/>\n<meta property=\"og:url\" content=\"https:\/\/floramurus.com\/pl\/p\/projekt-aranzacji-sciany-kwiatowej\/\" \/>\n<meta property=\"og:site_name\" content=\"Flora Murus\" \/>\n<meta property=\"article:modified_time\" content=\"2024-05-24T00:57:16+00:00\" \/>\n<meta property=\"og:image\" content=\"https:\/\/floramurus.com\/wp-content\/uploads\/2024\/05\/File_201_e9102ce2-8168-4c1e-882e-a7a773b81c71.png\" \/>\n\t<meta property=\"og:image:width\" content=\"597\" \/>\n\t<meta property=\"og:image:height\" content=\"708\" \/>\n\t<meta property=\"og:image:type\" content=\"image\/png\" \/>\n<meta name=\"twitter:card\" content=\"summary_large_image\" \/>\n<meta name=\"twitter:label1\" content=\"Szacowany czas czytania\" \/>\n\t<meta name=\"twitter:data1\" content=\"1 minuta\" \/>\n<script type=\"application\/ld+json\" class=\"yoast-schema-graph\">{\"@context\":\"https:\/\/schema.org\",\"@graph\":[{\"@type\":\"WebPage\",\"@id\":\"https:\/\/floramurus.com\/p\/flower-wall-arrangement-design\/\",\"url\":\"https:\/\/floramurus.com\/p\/flower-wall-arrangement-design\/\",\"name\":\"Flower Wall Floral Arrangement \ud83c\udf38| Wedding & Deco | Buy & Rent\",\"isPartOf\":{\"@id\":\"https:\/\/floramurus.com\/#website\"},\"primaryImageOfPage\":{\"@id\":\"https:\/\/floramurus.com\/p\/flower-wall-arrangement-design\/#primaryimage\"},\"image\":{\"@id\":\"https:\/\/floramurus.com\/p\/flower-wall-arrangement-design\/#primaryimage\"},\"thumbnailUrl\":\"https:\/\/floramurus.com\/wp-content\/uploads\/2024\/05\/File_201_e9102ce2-8168-4c1e-882e-a7a773b81c71.png\",\"datePublished\":\"2024-05-23T05:48:39+00:00\",\"dateModified\":\"2024-05-24T00:57:16+00:00\",\"description\":\"Discover the most beautiful flower walls at affordable prices to decorate your interior or a ceremony. Realistic flowers with vibrant colors.\",\"breadcrumb\":{\"@id\":\"https:\/\/floramurus.com\/p\/flower-wall-arrangement-design\/#breadcrumb\"},\"inLanguage\":\"pl-PL\",\"potentialAction\":[{\"@type\":\"ReadAction\",\"target\":[\"https:\/\/floramurus.com\/p\/flower-wall-arrangement-design\/\"]}]},{\"@type\":\"ImageObject\",\"inLanguage\":\"pl-PL\",\"@id\":\"https:\/\/floramurus.com\/p\/flower-wall-arrangement-design\/#primaryimage\",\"url\":\"https:\/\/floramurus.com\/wp-content\/uploads\/2024\/05\/File_201_e9102ce2-8168-4c1e-882e-a7a773b81c71.png\",\"contentUrl\":\"https:\/\/floramurus.com\/wp-content\/uploads\/2024\/05\/File_201_e9102ce2-8168-4c1e-882e-a7a773b81c71.png\",\"width\":597,\"height\":708,\"caption\":\"Designer floral arrangement wall for luxury events\"},{\"@type\":\"BreadcrumbList\",\"@id\":\"https:\/\/floramurus.com\/p\/flower-wall-arrangement-design\/#breadcrumb\",\"itemListElement\":[{\"@type\":\"ListItem\",\"position\":1,\"name\":\"Home\",\"item\":\"https:\/\/floramurus.com\/\"},{\"@type\":\"ListItem\",\"position\":2,\"name\":\"Shop\",\"item\":\"https:\/\/floramurus.com\/shop\/\"},{\"@type\":\"ListItem\",\"position\":3,\"name\":\"Flower Wall Floral Arrangement\"}]},{\"@type\":\"WebSite\",\"@id\":\"https:\/\/floramurus.com\/#website\",\"url\":\"https:\/\/floramurus.com\/\",\"name\":\"Flora Murus\",\"description\":\"\",\"publisher\":{\"@id\":\"https:\/\/floramurus.com\/#organization\"},\"potentialAction\":[{\"@type\":\"SearchAction\",\"target\":{\"@type\":\"EntryPoint\",\"urlTemplate\":\"https:\/\/floramurus.com\/?s={search_term_string}\"},\"query-input\":{\"@type\":\"PropertyValueSpecification\",\"valueRequired\":true,\"valueName\":\"search_term_string\"}}],\"inLanguage\":\"pl-PL\"},{\"@type\":\"Organization\",\"@id\":\"https:\/\/floramurus.com\/#organization\",\"name\":\"Flora Murus\",\"url\":\"https:\/\/floramurus.com\/\",\"logo\":{\"@type\":\"ImageObject\",\"inLanguage\":\"pl-PL\",\"@id\":\"https:\/\/floramurus.com\/#\/schema\/logo\/image\/\",\"url\":\"https:\/\/floramurus.com\/wp-content\/uploads\/2024\/05\/flora-murus-logo.png\",\"contentUrl\":\"https:\/\/floramurus.com\/wp-content\/uploads\/2024\/05\/flora-murus-logo.png\",\"width\":926,\"height\":250,\"caption\":\"Flora Murus\"},\"image\":{\"@id\":\"https:\/\/floramurus.com\/#\/schema\/logo\/image\/\"}}]}<\/script>\n<!-- \/ Yoast SEO plugin. -->","yoast_head_json":{"title":"Kwiatowa aran\u017cacja \u015bcienna \ud83c\udf38| \u015alub i dekoracje | Kup i wynajmij","description":"Odkryj najpi\u0119kniejsze \u015bciany kwiatowe w przyst\u0119pnych cenach, aby udekorowa\u0107 swoje wn\u0119trze lub ceremoni\u0119. Realistyczne kwiaty w \u017cywych kolorach.","robots":{"index":"index","follow":"follow","max-snippet":"max-snippet:-1","max-image-preview":"max-image-preview:large","max-video-preview":"max-video-preview:-1"},"canonical":"https:\/\/floramurus.com\/pl\/p\/projekt-aranzacji-sciany-kwiatowej\/","og_locale":"pl_PL","og_type":"article","og_title":"Flower Wall Floral Arrangement \ud83c\udf38| Wedding & Deco | Buy & Rent","og_description":"Discover the most beautiful flower walls at affordable prices to decorate your interior or a ceremony. Realistic flowers with vibrant colors.","og_url":"https:\/\/floramurus.com\/pl\/p\/projekt-aranzacji-sciany-kwiatowej\/","og_site_name":"Flora Murus","article_modified_time":"2024-05-24T00:57:16+00:00","og_image":[{"width":597,"height":708,"url":"https:\/\/floramurus.com\/wp-content\/uploads\/2024\/05\/File_201_e9102ce2-8168-4c1e-882e-a7a773b81c71.png","type":"image\/png"}],"twitter_card":"summary_large_image","twitter_misc":{"Szacowany czas czytania":"1 minuta"},"schema":{"@context":"https:\/\/schema.org","@graph":[{"@type":"WebPage","@id":"https:\/\/floramurus.com\/p\/flower-wall-arrangement-design\/","url":"https:\/\/floramurus.com\/p\/flower-wall-arrangement-design\/","name":"Kwiatowa aran\u017cacja \u015bcienna \ud83c\udf38| \u015alub i dekoracje | Kup i wynajmij","isPartOf":{"@id":"https:\/\/floramurus.com\/#website"},"primaryImageOfPage":{"@id":"https:\/\/floramurus.com\/p\/flower-wall-arrangement-design\/#primaryimage"},"image":{"@id":"https:\/\/floramurus.com\/p\/flower-wall-arrangement-design\/#primaryimage"},"thumbnailUrl":"https:\/\/floramurus.com\/wp-content\/uploads\/2024\/05\/File_201_e9102ce2-8168-4c1e-882e-a7a773b81c71.png","datePublished":"2024-05-23T05:48:39+00:00","dateModified":"2024-05-24T00:57:16+00:00","description":"Odkryj najpi\u0119kniejsze \u015bciany kwiatowe w przyst\u0119pnych cenach, aby udekorowa\u0107 swoje wn\u0119trze lub ceremoni\u0119. Realistyczne kwiaty w \u017cywych kolorach.","breadcrumb":{"@id":"https:\/\/floramurus.com\/p\/flower-wall-arrangement-design\/#breadcrumb"},"inLanguage":"pl-PL","potentialAction":[{"@type":"ReadAction","target":["https:\/\/floramurus.com\/p\/flower-wall-arrangement-design\/"]}]},{"@type":"ImageObject","inLanguage":"pl-PL","@id":"https:\/\/floramurus.com\/p\/flower-wall-arrangement-design\/#primaryimage","url":"https:\/\/floramurus.com\/wp-content\/uploads\/2024\/05\/File_201_e9102ce2-8168-4c1e-882e-a7a773b81c71.png","contentUrl":"https:\/\/floramurus.com\/wp-content\/uploads\/2024\/05\/File_201_e9102ce2-8168-4c1e-882e-a7a773b81c71.png","width":597,"height":708,"caption":"Designer floral arrangement wall for luxury events"},{"@type":"BreadcrumbList","@id":"https:\/\/floramurus.com\/p\/flower-wall-arrangement-design\/#breadcrumb","itemListElement":[{"@type":"ListItem","position":1,"name":"Home","item":"https:\/\/floramurus.com\/"},{"@type":"ListItem","position":2,"name":"Shop","item":"https:\/\/floramurus.com\/shop\/"},{"@type":"ListItem","position":3,"name":"Flower Wall Floral Arrangement"}]},{"@type":"WebSite","@id":"https:\/\/floramurus.com\/#website","url":"https:\/\/floramurus.com\/","name":"Flora Murus","description":"","publisher":{"@id":"https:\/\/floramurus.com\/#organization"},"potentialAction":[{"@type":"SearchAction","target":{"@type":"EntryPoint","urlTemplate":"https:\/\/floramurus.com\/?s={search_term_string}"},"query-input":{"@type":"PropertyValueSpecification","valueRequired":true,"valueName":"search_term_string"}}],"inLanguage":"pl-PL"},{"@type":"Organization","@id":"https:\/\/floramurus.com\/#organization","name":"Flora Murus","url":"https:\/\/floramurus.com\/","logo":{"@type":"ImageObject","inLanguage":"pl-PL","@id":"https:\/\/floramurus.com\/#\/schema\/logo\/image\/","url":"https:\/\/floramurus.com\/wp-content\/uploads\/2024\/05\/flora-murus-logo.png","contentUrl":"https:\/\/floramurus.com\/wp-content\/uploads\/2024\/05\/flora-murus-logo.png","width":926,"height":250,"caption":"Flora Murus"},"image":{"@id":"https:\/\/floramurus.com\/#\/schema\/logo\/image\/"}}]}},"_links":{"self":[{"href":"https:\/\/floramurus.com\/pl\/wp-json\/wp\/v2\/product\/210","targetHints":{"allow":["GET"]}}],"collection":[{"href":"https:\/\/floramurus.com\/pl\/wp-json\/wp\/v2\/product"}],"about":[{"href":"https:\/\/floramurus.com\/pl\/wp-json\/wp\/v2\/types\/product"}],"wp:featuredmedia":[{"embeddable":true,"href":"https:\/\/floramurus.com\/pl\/wp-json\/wp\/v2\/media\/209"}],"wp:attachment":[{"href":"https:\/\/floramurus.com\/pl\/wp-json\/wp\/v2\/media?parent=210"}],"wp:term":[{"taxonomy":"product_brand","embeddable":true,"href":"https:\/\/floramurus.com\/pl\/wp-json\/wp\/v2\/product_brand?post=210"},{"taxonomy":"product_cat","embeddable":true,"href":"https:\/\/floramurus.com\/pl\/wp-json\/wp\/v2\/product_cat?post=210"},{"taxonomy":"product_tag","embeddable":true,"href":"https:\/\/floramurus.com\/pl\/wp-json\/wp\/v2\/product_tag?post=210"}],"curies":[{"name":"wp","href":"https:\/\/api.w.org\/{rel}","templated":true}]}}