{"id":285,"date":"2024-05-23T05:50:09","date_gmt":"2024-05-23T05:50:09","guid":{"rendered":"https:\/\/floramurus.com\/p\/rose-wall-pink-composition\/"},"modified":"2024-06-26T09:07:23","modified_gmt":"2024-06-26T09:07:23","slug":"rozowa-sciana-rozowa-kompozycja","status":"publish","type":"product","link":"https:\/\/floramurus.com\/pl\/p\/rozowa-sciana-rozowa-kompozycja\/","title":{"rendered":"<span>\u015aciana kwiatowa <\/span><span class=\"product-title-custom\"> Sk\u0142ad r\u00f3\u017cowej r\u00f3\u017cy<\/span>"},"content":{"rendered":"<p>\u015aciana kwiatowa jest teraz <strong>pozycja obowi\u0105zkowa<\/strong> na wszelkiego rodzaju okazje. Jest bardzo popularny w mediach spo\u0142eczno\u015bciowych. Proponowany model sk\u0142ada si\u0119 z r\u00f3\u017c w <strong>\u017cywe kolory<\/strong> kt\u00f3re idealnie pasuj\u0105 do ka\u017cdego koloru \u015bcian.<br><br>\u015aciana kwiatowa mo\u017ce by\u0107 u\u017cywana na weselach lub innych wa\u017cnych wydarzeniach. Przyniesie <strong>romantyczny dotyk<\/strong> a tak\u017ce doda\u0107 <strong>charakter wydarzenia<\/strong> organizujesz. Mo\u017ce by\u0107 r\u00f3wnie\u017c wspania\u0142ym atutem do rodzinnych sesji zdj\u0119ciowych lub po prostu do uchwycenia pi\u0119knej chwili.<\/p>","protected":false},"excerpt":{"rendered":"The flower wall is now a must-have for all kinds of occasions. It is very popular on social media. The proposed model is composed of roses in vibrant colors that will perfectly match any wall color.The flower wall can be used at weddings or for other important events. It will bring a romantic touch and [&#8230;]","protected":false},"featured_media":284,"template":"","meta":[],"product_brand":[],"product_cat":[15,30,19,20],"product_tag":[],"class_list":{"0":"post-285","1":"product","2":"type-product","3":"status-publish","4":"has-post-thumbnail","6":"product_cat-all-products","7":"product_cat-cheap-floral-wall","8":"product_cat-pink-floral-wall-backdrop","9":"product_cat-white-floral-wall-backdrop","11":"first","12":"instock","13":"sale","14":"shipping-taxable","15":"purchasable","16":"product-type-simple"},"yoast_head":"<!-- This site is optimized with the Yoast SEO plugin v25.9 - https:\/\/yoast.com\/wordpress\/plugins\/seo\/ -->\n<title>Flower Wall Pink Rose Composition \ud83c\udf38| Wedding &amp; Deco | Buy &amp; Rent<\/title>\n<meta name=\"description\" content=\"Discover the most beautiful flower walls at affordable prices to decorate your interior or a ceremony. Realistic flowers with vibrant colors.\" \/>\n<meta name=\"robots\" content=\"index, follow, max-snippet:-1, max-image-preview:large, max-video-preview:-1\" \/>\n<link rel=\"canonical\" href=\"https:\/\/floramurus.com\/pl\/p\/rozowa-sciana-rozowa-kompozycja\/\" \/>\n<meta property=\"og:locale\" content=\"pl_PL\" \/>\n<meta property=\"og:type\" content=\"article\" \/>\n<meta property=\"og:title\" content=\"Flower Wall Pink Rose Composition \ud83c\udf38| Wedding &amp; Deco | Buy &amp; Rent\" \/>\n<meta property=\"og:description\" content=\"Discover the most beautiful flower walls at affordable prices to decorate your interior or a ceremony. Realistic flowers with vibrant colors.\" \/>\n<meta property=\"og:url\" content=\"https:\/\/floramurus.com\/pl\/p\/rozowa-sciana-rozowa-kompozycja\/\" \/>\n<meta property=\"og:site_name\" content=\"Flora Murus\" \/>\n<meta property=\"article:modified_time\" content=\"2024-06-26T09:07:23+00:00\" \/>\n<meta property=\"og:image\" content=\"https:\/\/floramurus.com\/wp-content\/uploads\/2024\/05\/File_201_6bee5300-1bf2-4c56-ace1-3e3dc3de8bd7.png\" \/>\n\t<meta property=\"og:image:width\" content=\"596\" \/>\n\t<meta property=\"og:image:height\" content=\"708\" \/>\n\t<meta property=\"og:image:type\" content=\"image\/png\" \/>\n<meta name=\"twitter:card\" content=\"summary_large_image\" \/>\n<meta name=\"twitter:label1\" content=\"Szacowany czas czytania\" \/>\n\t<meta name=\"twitter:data1\" content=\"1 minuta\" \/>\n<script type=\"application\/ld+json\" class=\"yoast-schema-graph\">{\"@context\":\"https:\/\/schema.org\",\"@graph\":[{\"@type\":\"WebPage\",\"@id\":\"https:\/\/floramurus.com\/p\/rose-wall-pink-composition\/\",\"url\":\"https:\/\/floramurus.com\/p\/rose-wall-pink-composition\/\",\"name\":\"Flower Wall Pink Rose Composition \ud83c\udf38| Wedding & Deco | Buy & Rent\",\"isPartOf\":{\"@id\":\"https:\/\/floramurus.com\/#website\"},\"primaryImageOfPage\":{\"@id\":\"https:\/\/floramurus.com\/p\/rose-wall-pink-composition\/#primaryimage\"},\"image\":{\"@id\":\"https:\/\/floramurus.com\/p\/rose-wall-pink-composition\/#primaryimage\"},\"thumbnailUrl\":\"https:\/\/floramurus.com\/wp-content\/uploads\/2024\/05\/File_201_6bee5300-1bf2-4c56-ace1-3e3dc3de8bd7.png\",\"datePublished\":\"2024-05-23T05:50:09+00:00\",\"dateModified\":\"2024-06-26T09:07:23+00:00\",\"description\":\"Discover the most beautiful flower walls at affordable prices to decorate your interior or a ceremony. Realistic flowers with vibrant colors.\",\"breadcrumb\":{\"@id\":\"https:\/\/floramurus.com\/p\/rose-wall-pink-composition\/#breadcrumb\"},\"inLanguage\":\"pl-PL\",\"potentialAction\":[{\"@type\":\"ReadAction\",\"target\":[\"https:\/\/floramurus.com\/p\/rose-wall-pink-composition\/\"]}]},{\"@type\":\"ImageObject\",\"inLanguage\":\"pl-PL\",\"@id\":\"https:\/\/floramurus.com\/p\/rose-wall-pink-composition\/#primaryimage\",\"url\":\"https:\/\/floramurus.com\/wp-content\/uploads\/2024\/05\/File_201_6bee5300-1bf2-4c56-ace1-3e3dc3de8bd7.png\",\"contentUrl\":\"https:\/\/floramurus.com\/wp-content\/uploads\/2024\/05\/File_201_6bee5300-1bf2-4c56-ace1-3e3dc3de8bd7.png\",\"width\":596,\"height\":708,\"caption\":\"Pink rose flower wall for romantic settings\"},{\"@type\":\"BreadcrumbList\",\"@id\":\"https:\/\/floramurus.com\/p\/rose-wall-pink-composition\/#breadcrumb\",\"itemListElement\":[{\"@type\":\"ListItem\",\"position\":1,\"name\":\"Home\",\"item\":\"https:\/\/floramurus.com\/\"},{\"@type\":\"ListItem\",\"position\":2,\"name\":\"Shop\",\"item\":\"https:\/\/floramurus.com\/shop\/\"},{\"@type\":\"ListItem\",\"position\":3,\"name\":\"Flower Wall Pink Rose Composition\"}]},{\"@type\":\"WebSite\",\"@id\":\"https:\/\/floramurus.com\/#website\",\"url\":\"https:\/\/floramurus.com\/\",\"name\":\"Flora Murus\",\"description\":\"\",\"publisher\":{\"@id\":\"https:\/\/floramurus.com\/#organization\"},\"potentialAction\":[{\"@type\":\"SearchAction\",\"target\":{\"@type\":\"EntryPoint\",\"urlTemplate\":\"https:\/\/floramurus.com\/?s={search_term_string}\"},\"query-input\":{\"@type\":\"PropertyValueSpecification\",\"valueRequired\":true,\"valueName\":\"search_term_string\"}}],\"inLanguage\":\"pl-PL\"},{\"@type\":\"Organization\",\"@id\":\"https:\/\/floramurus.com\/#organization\",\"name\":\"Flora Murus\",\"url\":\"https:\/\/floramurus.com\/\",\"logo\":{\"@type\":\"ImageObject\",\"inLanguage\":\"pl-PL\",\"@id\":\"https:\/\/floramurus.com\/#\/schema\/logo\/image\/\",\"url\":\"https:\/\/floramurus.com\/wp-content\/uploads\/2024\/05\/flora-murus-logo.png\",\"contentUrl\":\"https:\/\/floramurus.com\/wp-content\/uploads\/2024\/05\/flora-murus-logo.png\",\"width\":926,\"height\":250,\"caption\":\"Flora Murus\"},\"image\":{\"@id\":\"https:\/\/floramurus.com\/#\/schema\/logo\/image\/\"}}]}<\/script>\n<!-- \/ Yoast SEO plugin. -->","yoast_head_json":{"title":"Kompozycja z r\u00f3\u017cowych r\u00f3\u017c Flower Wall \ud83c\udf38| Wedding &amp; Deco | Buy &amp; Rent","description":"Odkryj najpi\u0119kniejsze \u015bciany kwiatowe w przyst\u0119pnych cenach, aby udekorowa\u0107 swoje wn\u0119trze lub ceremoni\u0119. Realistyczne kwiaty w \u017cywych kolorach.","robots":{"index":"index","follow":"follow","max-snippet":"max-snippet:-1","max-image-preview":"max-image-preview:large","max-video-preview":"max-video-preview:-1"},"canonical":"https:\/\/floramurus.com\/pl\/p\/rozowa-sciana-rozowa-kompozycja\/","og_locale":"pl_PL","og_type":"article","og_title":"Flower Wall Pink Rose Composition \ud83c\udf38| Wedding & Deco | Buy & Rent","og_description":"Discover the most beautiful flower walls at affordable prices to decorate your interior or a ceremony. Realistic flowers with vibrant colors.","og_url":"https:\/\/floramurus.com\/pl\/p\/rozowa-sciana-rozowa-kompozycja\/","og_site_name":"Flora Murus","article_modified_time":"2024-06-26T09:07:23+00:00","og_image":[{"width":596,"height":708,"url":"https:\/\/floramurus.com\/wp-content\/uploads\/2024\/05\/File_201_6bee5300-1bf2-4c56-ace1-3e3dc3de8bd7.png","type":"image\/png"}],"twitter_card":"summary_large_image","twitter_misc":{"Szacowany czas czytania":"1 minuta"},"schema":{"@context":"https:\/\/schema.org","@graph":[{"@type":"WebPage","@id":"https:\/\/floramurus.com\/p\/rose-wall-pink-composition\/","url":"https:\/\/floramurus.com\/p\/rose-wall-pink-composition\/","name":"Kompozycja z r\u00f3\u017cowych r\u00f3\u017c Flower Wall \ud83c\udf38| Wedding &amp; Deco | Buy &amp; Rent","isPartOf":{"@id":"https:\/\/floramurus.com\/#website"},"primaryImageOfPage":{"@id":"https:\/\/floramurus.com\/p\/rose-wall-pink-composition\/#primaryimage"},"image":{"@id":"https:\/\/floramurus.com\/p\/rose-wall-pink-composition\/#primaryimage"},"thumbnailUrl":"https:\/\/floramurus.com\/wp-content\/uploads\/2024\/05\/File_201_6bee5300-1bf2-4c56-ace1-3e3dc3de8bd7.png","datePublished":"2024-05-23T05:50:09+00:00","dateModified":"2024-06-26T09:07:23+00:00","description":"Odkryj najpi\u0119kniejsze \u015bciany kwiatowe w przyst\u0119pnych cenach, aby udekorowa\u0107 swoje wn\u0119trze lub ceremoni\u0119. Realistyczne kwiaty w \u017cywych kolorach.","breadcrumb":{"@id":"https:\/\/floramurus.com\/p\/rose-wall-pink-composition\/#breadcrumb"},"inLanguage":"pl-PL","potentialAction":[{"@type":"ReadAction","target":["https:\/\/floramurus.com\/p\/rose-wall-pink-composition\/"]}]},{"@type":"ImageObject","inLanguage":"pl-PL","@id":"https:\/\/floramurus.com\/p\/rose-wall-pink-composition\/#primaryimage","url":"https:\/\/floramurus.com\/wp-content\/uploads\/2024\/05\/File_201_6bee5300-1bf2-4c56-ace1-3e3dc3de8bd7.png","contentUrl":"https:\/\/floramurus.com\/wp-content\/uploads\/2024\/05\/File_201_6bee5300-1bf2-4c56-ace1-3e3dc3de8bd7.png","width":596,"height":708,"caption":"Pink rose flower wall for romantic settings"},{"@type":"BreadcrumbList","@id":"https:\/\/floramurus.com\/p\/rose-wall-pink-composition\/#breadcrumb","itemListElement":[{"@type":"ListItem","position":1,"name":"Home","item":"https:\/\/floramurus.com\/"},{"@type":"ListItem","position":2,"name":"Shop","item":"https:\/\/floramurus.com\/shop\/"},{"@type":"ListItem","position":3,"name":"Flower Wall Pink Rose Composition"}]},{"@type":"WebSite","@id":"https:\/\/floramurus.com\/#website","url":"https:\/\/floramurus.com\/","name":"Flora Murus","description":"","publisher":{"@id":"https:\/\/floramurus.com\/#organization"},"potentialAction":[{"@type":"SearchAction","target":{"@type":"EntryPoint","urlTemplate":"https:\/\/floramurus.com\/?s={search_term_string}"},"query-input":{"@type":"PropertyValueSpecification","valueRequired":true,"valueName":"search_term_string"}}],"inLanguage":"pl-PL"},{"@type":"Organization","@id":"https:\/\/floramurus.com\/#organization","name":"Flora Murus","url":"https:\/\/floramurus.com\/","logo":{"@type":"ImageObject","inLanguage":"pl-PL","@id":"https:\/\/floramurus.com\/#\/schema\/logo\/image\/","url":"https:\/\/floramurus.com\/wp-content\/uploads\/2024\/05\/flora-murus-logo.png","contentUrl":"https:\/\/floramurus.com\/wp-content\/uploads\/2024\/05\/flora-murus-logo.png","width":926,"height":250,"caption":"Flora Murus"},"image":{"@id":"https:\/\/floramurus.com\/#\/schema\/logo\/image\/"}}]}},"_links":{"self":[{"href":"https:\/\/floramurus.com\/pl\/wp-json\/wp\/v2\/product\/285","targetHints":{"allow":["GET"]}}],"collection":[{"href":"https:\/\/floramurus.com\/pl\/wp-json\/wp\/v2\/product"}],"about":[{"href":"https:\/\/floramurus.com\/pl\/wp-json\/wp\/v2\/types\/product"}],"wp:featuredmedia":[{"embeddable":true,"href":"https:\/\/floramurus.com\/pl\/wp-json\/wp\/v2\/media\/284"}],"wp:attachment":[{"href":"https:\/\/floramurus.com\/pl\/wp-json\/wp\/v2\/media?parent=285"}],"wp:term":[{"taxonomy":"product_brand","embeddable":true,"href":"https:\/\/floramurus.com\/pl\/wp-json\/wp\/v2\/product_brand?post=285"},{"taxonomy":"product_cat","embeddable":true,"href":"https:\/\/floramurus.com\/pl\/wp-json\/wp\/v2\/product_cat?post=285"},{"taxonomy":"product_tag","embeddable":true,"href":"https:\/\/floramurus.com\/pl\/wp-json\/wp\/v2\/product_tag?post=285"}],"curies":[{"name":"wp","href":"https:\/\/api.w.org\/{rel}","templated":true}]}}