{"id":135,"date":"2024-05-23T05:47:10","date_gmt":"2024-05-23T05:47:10","guid":{"rendered":"https:\/\/floramurus.com\/p\/floral-wall-cheerful-design\/"},"modified":"2024-05-24T01:01:21","modified_gmt":"2024-05-24T01:01:21","slug":"parede-floral-design-alegre","status":"publish","type":"product","link":"https:\/\/floramurus.com\/pt\/p\/parede-floral-design-alegre\/","title":{"rendered":"<span>Parede de flores <\/span><span class=\"product-title-custom\"> Alegria floral<\/span>"},"content":{"rendered":"<h2>Est\u00e1 \u00e0 procura de um mural de flores para alegrar as suas salas e eventos? O mural Floral Cheerfulness \u00e9 o que precisa:<\/h2>\r\n<p>Com esta parede de flores que n\u00e3o passa despercebida, deixe-se encantar pelas suas cores suaves e vibrantes que far\u00e3o a diferen\u00e7a em qualquer divis\u00e3o ou espa\u00e7o.<br><br>Adequado para todos os seus eventos, pode utiliz\u00e1-lo como um acess\u00f3rio para melhorar as suas fotografias de anivers\u00e1rio ou celebra\u00e7\u00f5es familiares. Tamb\u00e9m \u00e9 perfeitamente adequado para uma decora\u00e7\u00e3o \u00fanica e inspirada na natureza num quarto ou numa sala de estar.<\/p>","protected":false},"excerpt":{"rendered":"Searching for the flower wall that will brighten up your rooms and events? The Floral Cheerfulness wall is the one you need: With this flower wall that doesn&#8217;t go unnoticed, let yourself be charmed by its soft and vibrant colors that will make a difference in any room or space.Suitable for all your events, you [&#8230;]","protected":false},"featured_media":134,"template":"","meta":[],"product_brand":[],"product_cat":[15,22,21,20],"product_tag":[],"class_list":{"0":"post-135","1":"product","2":"type-product","3":"status-publish","4":"has-post-thumbnail","6":"product_cat-all-products","7":"product_cat-blue-floral-wall-backdrop","8":"product_cat-green-floral-wall-backdrop","9":"product_cat-white-floral-wall-backdrop","11":"first","12":"instock","13":"shipping-taxable","14":"purchasable","15":"product-type-simple"},"yoast_head":"<!-- This site is optimized with the Yoast SEO plugin v25.9 - https:\/\/yoast.com\/wordpress\/plugins\/seo\/ -->\n<title>Flower Wall Floral Cheer \ud83c\udf38| Wedding &amp; Deco | Buy &amp; Rent<\/title>\n<meta name=\"description\" content=\"Discover the most beautiful flower walls at affordable prices to decorate your interior or a ceremony. Realistic flowers with vibrant colors.\" \/>\n<meta name=\"robots\" content=\"index, follow, max-snippet:-1, max-image-preview:large, max-video-preview:-1\" \/>\n<link rel=\"canonical\" href=\"https:\/\/floramurus.com\/pt\/p\/parede-floral-design-alegre\/\" \/>\n<meta property=\"og:locale\" content=\"pt_PT\" \/>\n<meta property=\"og:type\" content=\"article\" \/>\n<meta property=\"og:title\" content=\"Flower Wall Floral Cheer \ud83c\udf38| Wedding &amp; Deco | Buy &amp; Rent\" \/>\n<meta property=\"og:description\" content=\"Discover the most beautiful flower walls at affordable prices to decorate your interior or a ceremony. Realistic flowers with vibrant colors.\" \/>\n<meta property=\"og:url\" content=\"https:\/\/floramurus.com\/pt\/p\/parede-floral-design-alegre\/\" \/>\n<meta property=\"og:site_name\" content=\"Flora Murus\" \/>\n<meta property=\"article:modified_time\" content=\"2024-05-24T01:01:21+00:00\" \/>\n<meta property=\"og:image\" content=\"https:\/\/floramurus.com\/wp-content\/uploads\/2024\/05\/File_201_526bc3b1-d6dd-4fe0-8f3a-8a5fb01f5f4f.png\" \/>\n\t<meta property=\"og:image:width\" content=\"599\" \/>\n\t<meta property=\"og:image:height\" content=\"709\" \/>\n\t<meta property=\"og:image:type\" content=\"image\/png\" \/>\n<meta name=\"twitter:card\" content=\"summary_large_image\" \/>\n<meta name=\"twitter:label1\" content=\"Tempo estimado de leitura\" \/>\n\t<meta name=\"twitter:data1\" content=\"1 minuto\" \/>\n<script type=\"application\/ld+json\" class=\"yoast-schema-graph\">{\"@context\":\"https:\/\/schema.org\",\"@graph\":[{\"@type\":\"WebPage\",\"@id\":\"https:\/\/floramurus.com\/p\/floral-wall-cheerful-design\/\",\"url\":\"https:\/\/floramurus.com\/p\/floral-wall-cheerful-design\/\",\"name\":\"Flower Wall Floral Cheer \ud83c\udf38| Wedding & Deco | Buy & Rent\",\"isPartOf\":{\"@id\":\"https:\/\/floramurus.com\/#website\"},\"primaryImageOfPage\":{\"@id\":\"https:\/\/floramurus.com\/p\/floral-wall-cheerful-design\/#primaryimage\"},\"image\":{\"@id\":\"https:\/\/floramurus.com\/p\/floral-wall-cheerful-design\/#primaryimage\"},\"thumbnailUrl\":\"https:\/\/floramurus.com\/wp-content\/uploads\/2024\/05\/File_201_526bc3b1-d6dd-4fe0-8f3a-8a5fb01f5f4f.png\",\"datePublished\":\"2024-05-23T05:47:10+00:00\",\"dateModified\":\"2024-05-24T01:01:21+00:00\",\"description\":\"Discover the most beautiful flower walls at affordable prices to decorate your interior or a ceremony. Realistic flowers with vibrant colors.\",\"breadcrumb\":{\"@id\":\"https:\/\/floramurus.com\/p\/floral-wall-cheerful-design\/#breadcrumb\"},\"inLanguage\":\"pt-PT\",\"potentialAction\":[{\"@type\":\"ReadAction\",\"target\":[\"https:\/\/floramurus.com\/p\/floral-wall-cheerful-design\/\"]}]},{\"@type\":\"ImageObject\",\"inLanguage\":\"pt-PT\",\"@id\":\"https:\/\/floramurus.com\/p\/floral-wall-cheerful-design\/#primaryimage\",\"url\":\"https:\/\/floramurus.com\/wp-content\/uploads\/2024\/05\/File_201_526bc3b1-d6dd-4fe0-8f3a-8a5fb01f5f4f.png\",\"contentUrl\":\"https:\/\/floramurus.com\/wp-content\/uploads\/2024\/05\/File_201_526bc3b1-d6dd-4fe0-8f3a-8a5fb01f5f4f.png\",\"width\":599,\"height\":709,\"caption\":\"Cheerful floral wall bursting with colorful blooms\"},{\"@type\":\"BreadcrumbList\",\"@id\":\"https:\/\/floramurus.com\/p\/floral-wall-cheerful-design\/#breadcrumb\",\"itemListElement\":[{\"@type\":\"ListItem\",\"position\":1,\"name\":\"Home\",\"item\":\"https:\/\/floramurus.com\/\"},{\"@type\":\"ListItem\",\"position\":2,\"name\":\"Shop\",\"item\":\"https:\/\/floramurus.com\/shop\/\"},{\"@type\":\"ListItem\",\"position\":3,\"name\":\"Flower Wall Floral Cheer\"}]},{\"@type\":\"WebSite\",\"@id\":\"https:\/\/floramurus.com\/#website\",\"url\":\"https:\/\/floramurus.com\/\",\"name\":\"Flora Murus\",\"description\":\"\",\"publisher\":{\"@id\":\"https:\/\/floramurus.com\/#organization\"},\"potentialAction\":[{\"@type\":\"SearchAction\",\"target\":{\"@type\":\"EntryPoint\",\"urlTemplate\":\"https:\/\/floramurus.com\/?s={search_term_string}\"},\"query-input\":{\"@type\":\"PropertyValueSpecification\",\"valueRequired\":true,\"valueName\":\"search_term_string\"}}],\"inLanguage\":\"pt-PT\"},{\"@type\":\"Organization\",\"@id\":\"https:\/\/floramurus.com\/#organization\",\"name\":\"Flora Murus\",\"url\":\"https:\/\/floramurus.com\/\",\"logo\":{\"@type\":\"ImageObject\",\"inLanguage\":\"pt-PT\",\"@id\":\"https:\/\/floramurus.com\/#\/schema\/logo\/image\/\",\"url\":\"https:\/\/floramurus.com\/wp-content\/uploads\/2024\/05\/flora-murus-logo.png\",\"contentUrl\":\"https:\/\/floramurus.com\/wp-content\/uploads\/2024\/05\/flora-murus-logo.png\",\"width\":926,\"height\":250,\"caption\":\"Flora Murus\"},\"image\":{\"@id\":\"https:\/\/floramurus.com\/#\/schema\/logo\/image\/\"}}]}<\/script>\n<!-- \/ Yoast SEO plugin. -->","yoast_head_json":{"title":"Parede de flores Alegria floral \ud83c\udf38| Casamento e decora\u00e7\u00e3o | Comprar e alugar","description":"Descubra as mais belas paredes de flores a pre\u00e7os acess\u00edveis para decorar o seu interior ou uma cerim\u00f3nia. Flores realistas com cores vibrantes.","robots":{"index":"index","follow":"follow","max-snippet":"max-snippet:-1","max-image-preview":"max-image-preview:large","max-video-preview":"max-video-preview:-1"},"canonical":"https:\/\/floramurus.com\/pt\/p\/parede-floral-design-alegre\/","og_locale":"pt_PT","og_type":"article","og_title":"Flower Wall Floral Cheer \ud83c\udf38| Wedding & Deco | Buy & Rent","og_description":"Discover the most beautiful flower walls at affordable prices to decorate your interior or a ceremony. Realistic flowers with vibrant colors.","og_url":"https:\/\/floramurus.com\/pt\/p\/parede-floral-design-alegre\/","og_site_name":"Flora Murus","article_modified_time":"2024-05-24T01:01:21+00:00","og_image":[{"width":599,"height":709,"url":"https:\/\/floramurus.com\/wp-content\/uploads\/2024\/05\/File_201_526bc3b1-d6dd-4fe0-8f3a-8a5fb01f5f4f.png","type":"image\/png"}],"twitter_card":"summary_large_image","twitter_misc":{"Tempo estimado de leitura":"1 minuto"},"schema":{"@context":"https:\/\/schema.org","@graph":[{"@type":"WebPage","@id":"https:\/\/floramurus.com\/p\/floral-wall-cheerful-design\/","url":"https:\/\/floramurus.com\/p\/floral-wall-cheerful-design\/","name":"Parede de flores Alegria floral \ud83c\udf38| Casamento e decora\u00e7\u00e3o | Comprar e alugar","isPartOf":{"@id":"https:\/\/floramurus.com\/#website"},"primaryImageOfPage":{"@id":"https:\/\/floramurus.com\/p\/floral-wall-cheerful-design\/#primaryimage"},"image":{"@id":"https:\/\/floramurus.com\/p\/floral-wall-cheerful-design\/#primaryimage"},"thumbnailUrl":"https:\/\/floramurus.com\/wp-content\/uploads\/2024\/05\/File_201_526bc3b1-d6dd-4fe0-8f3a-8a5fb01f5f4f.png","datePublished":"2024-05-23T05:47:10+00:00","dateModified":"2024-05-24T01:01:21+00:00","description":"Descubra as mais belas paredes de flores a pre\u00e7os acess\u00edveis para decorar o seu interior ou uma cerim\u00f3nia. Flores realistas com cores vibrantes.","breadcrumb":{"@id":"https:\/\/floramurus.com\/p\/floral-wall-cheerful-design\/#breadcrumb"},"inLanguage":"pt-PT","potentialAction":[{"@type":"ReadAction","target":["https:\/\/floramurus.com\/p\/floral-wall-cheerful-design\/"]}]},{"@type":"ImageObject","inLanguage":"pt-PT","@id":"https:\/\/floramurus.com\/p\/floral-wall-cheerful-design\/#primaryimage","url":"https:\/\/floramurus.com\/wp-content\/uploads\/2024\/05\/File_201_526bc3b1-d6dd-4fe0-8f3a-8a5fb01f5f4f.png","contentUrl":"https:\/\/floramurus.com\/wp-content\/uploads\/2024\/05\/File_201_526bc3b1-d6dd-4fe0-8f3a-8a5fb01f5f4f.png","width":599,"height":709,"caption":"Cheerful floral wall bursting with colorful blooms"},{"@type":"BreadcrumbList","@id":"https:\/\/floramurus.com\/p\/floral-wall-cheerful-design\/#breadcrumb","itemListElement":[{"@type":"ListItem","position":1,"name":"Home","item":"https:\/\/floramurus.com\/"},{"@type":"ListItem","position":2,"name":"Shop","item":"https:\/\/floramurus.com\/shop\/"},{"@type":"ListItem","position":3,"name":"Flower Wall Floral Cheer"}]},{"@type":"WebSite","@id":"https:\/\/floramurus.com\/#website","url":"https:\/\/floramurus.com\/","name":"Flora Murus","description":"","publisher":{"@id":"https:\/\/floramurus.com\/#organization"},"potentialAction":[{"@type":"SearchAction","target":{"@type":"EntryPoint","urlTemplate":"https:\/\/floramurus.com\/?s={search_term_string}"},"query-input":{"@type":"PropertyValueSpecification","valueRequired":true,"valueName":"search_term_string"}}],"inLanguage":"pt-PT"},{"@type":"Organization","@id":"https:\/\/floramurus.com\/#organization","name":"Flora Murus","url":"https:\/\/floramurus.com\/","logo":{"@type":"ImageObject","inLanguage":"pt-PT","@id":"https:\/\/floramurus.com\/#\/schema\/logo\/image\/","url":"https:\/\/floramurus.com\/wp-content\/uploads\/2024\/05\/flora-murus-logo.png","contentUrl":"https:\/\/floramurus.com\/wp-content\/uploads\/2024\/05\/flora-murus-logo.png","width":926,"height":250,"caption":"Flora Murus"},"image":{"@id":"https:\/\/floramurus.com\/#\/schema\/logo\/image\/"}}]}},"_links":{"self":[{"href":"https:\/\/floramurus.com\/pt\/wp-json\/wp\/v2\/product\/135","targetHints":{"allow":["GET"]}}],"collection":[{"href":"https:\/\/floramurus.com\/pt\/wp-json\/wp\/v2\/product"}],"about":[{"href":"https:\/\/floramurus.com\/pt\/wp-json\/wp\/v2\/types\/product"}],"wp:featuredmedia":[{"embeddable":true,"href":"https:\/\/floramurus.com\/pt\/wp-json\/wp\/v2\/media\/134"}],"wp:attachment":[{"href":"https:\/\/floramurus.com\/pt\/wp-json\/wp\/v2\/media?parent=135"}],"wp:term":[{"taxonomy":"product_brand","embeddable":true,"href":"https:\/\/floramurus.com\/pt\/wp-json\/wp\/v2\/product_brand?post=135"},{"taxonomy":"product_cat","embeddable":true,"href":"https:\/\/floramurus.com\/pt\/wp-json\/wp\/v2\/product_cat?post=135"},{"taxonomy":"product_tag","embeddable":true,"href":"https:\/\/floramurus.com\/pt\/wp-json\/wp\/v2\/product_tag?post=135"}],"curies":[{"name":"wp","href":"https:\/\/api.w.org\/{rel}","templated":true}]}}