{"id":225,"date":"2024-05-23T05:48:59","date_gmt":"2024-05-23T05:48:59","guid":{"rendered":"https:\/\/floramurus.com\/p\/flower-wall-candy-pink\/"},"modified":"2024-05-24T00:56:46","modified_gmt":"2024-05-24T00:56:46","slug":"parede-de-flores-rosa-candy","status":"publish","type":"product","link":"https:\/\/floramurus.com\/pt\/p\/parede-de-flores-rosa-candy\/","title":{"rendered":"<span>Parede de flores <\/span><span class=\"product-title-custom\"> Cor-de-rosa doce<\/span>"},"content":{"rendered":"<p>O <strong>Parede de flores cor-de-rosa Candy<\/strong> \u00e9 inteiramente composto por flores artificiais em v\u00e1rios tons de cor-de-rosa. Est\u00e1 dispon\u00edvel em v\u00e1rios tamanhos.<\/p>\r\n<p>Este mural de flores foi concebido para ser utilizado em paredes interiores (<strong>decora\u00e7\u00e3o de quartos<\/strong>sala de estar...), e tamb\u00e9m pode ser utilizado para ocasi\u00f5es especiais como um casamento, batizado, sess\u00e3o fotogr\u00e1fica, ou mesmo um <strong>montra de loja<\/strong>.<\/p>","protected":false},"excerpt":{"rendered":"The Candy Pink Flower Wall is entirely composed of artificial flowers in various shades of pink. It is available in multiple sizes. This flower wall is designed for indoor wall use (bedroom decoration, living room&#8230;), and can also be used for special occasions such as a wedding, christening, photo shoot, or even a shop window [&#8230;]","protected":false},"featured_media":224,"template":"","meta":[],"product_brand":[],"product_cat":[15,19],"product_tag":[],"class_list":{"0":"post-225","1":"product","2":"type-product","3":"status-publish","4":"has-post-thumbnail","6":"product_cat-all-products","7":"product_cat-pink-floral-wall-backdrop","9":"first","10":"instock","11":"shipping-taxable","12":"purchasable","13":"product-type-simple"},"yoast_head":"<!-- This site is optimized with the Yoast SEO plugin v25.9 - https:\/\/yoast.com\/wordpress\/plugins\/seo\/ -->\n<title>Flower Wall Sweet Pink \ud83c\udf38| Wedding &amp; Deco | Buy &amp; Rent<\/title>\n<meta name=\"description\" content=\"Discover the most beautiful flower walls at affordable prices to decorate your interior or a ceremony. Realistic flowers with vibrant colors.\" \/>\n<meta name=\"robots\" content=\"index, follow, max-snippet:-1, max-image-preview:large, max-video-preview:-1\" \/>\n<link rel=\"canonical\" href=\"https:\/\/floramurus.com\/pt\/p\/parede-de-flores-rosa-candy\/\" \/>\n<meta property=\"og:locale\" content=\"pt_PT\" \/>\n<meta property=\"og:type\" content=\"article\" \/>\n<meta property=\"og:title\" content=\"Flower Wall Sweet Pink \ud83c\udf38| Wedding &amp; Deco | Buy &amp; Rent\" \/>\n<meta property=\"og:description\" content=\"Discover the most beautiful flower walls at affordable prices to decorate your interior or a ceremony. Realistic flowers with vibrant colors.\" \/>\n<meta property=\"og:url\" content=\"https:\/\/floramurus.com\/pt\/p\/parede-de-flores-rosa-candy\/\" \/>\n<meta property=\"og:site_name\" content=\"Flora Murus\" \/>\n<meta property=\"article:modified_time\" content=\"2024-05-24T00:56:46+00:00\" \/>\n<meta property=\"og:image\" content=\"https:\/\/floramurus.com\/wp-content\/uploads\/2024\/05\/File_201_e783b9e3-635e-45ac-a9dd-ecacfc352a2a.png\" \/>\n\t<meta property=\"og:image:width\" content=\"597\" \/>\n\t<meta property=\"og:image:height\" content=\"744\" \/>\n\t<meta property=\"og:image:type\" content=\"image\/png\" \/>\n<meta name=\"twitter:card\" content=\"summary_large_image\" \/>\n<meta name=\"twitter:label1\" content=\"Tempo estimado de leitura\" \/>\n\t<meta name=\"twitter:data1\" content=\"1 minuto\" \/>\n<script type=\"application\/ld+json\" class=\"yoast-schema-graph\">{\"@context\":\"https:\/\/schema.org\",\"@graph\":[{\"@type\":\"WebPage\",\"@id\":\"https:\/\/floramurus.com\/p\/flower-wall-candy-pink\/\",\"url\":\"https:\/\/floramurus.com\/p\/flower-wall-candy-pink\/\",\"name\":\"Flower Wall Sweet Pink \ud83c\udf38| Wedding & Deco | Buy & Rent\",\"isPartOf\":{\"@id\":\"https:\/\/floramurus.com\/#website\"},\"primaryImageOfPage\":{\"@id\":\"https:\/\/floramurus.com\/p\/flower-wall-candy-pink\/#primaryimage\"},\"image\":{\"@id\":\"https:\/\/floramurus.com\/p\/flower-wall-candy-pink\/#primaryimage\"},\"thumbnailUrl\":\"https:\/\/floramurus.com\/wp-content\/uploads\/2024\/05\/File_201_e783b9e3-635e-45ac-a9dd-ecacfc352a2a.png\",\"datePublished\":\"2024-05-23T05:48:59+00:00\",\"dateModified\":\"2024-05-24T00:56:46+00:00\",\"description\":\"Discover the most beautiful flower walls at affordable prices to decorate your interior or a ceremony. Realistic flowers with vibrant colors.\",\"breadcrumb\":{\"@id\":\"https:\/\/floramurus.com\/p\/flower-wall-candy-pink\/#breadcrumb\"},\"inLanguage\":\"pt-PT\",\"potentialAction\":[{\"@type\":\"ReadAction\",\"target\":[\"https:\/\/floramurus.com\/p\/flower-wall-candy-pink\/\"]}]},{\"@type\":\"ImageObject\",\"inLanguage\":\"pt-PT\",\"@id\":\"https:\/\/floramurus.com\/p\/flower-wall-candy-pink\/#primaryimage\",\"url\":\"https:\/\/floramurus.com\/wp-content\/uploads\/2024\/05\/File_201_e783b9e3-635e-45ac-a9dd-ecacfc352a2a.png\",\"contentUrl\":\"https:\/\/floramurus.com\/wp-content\/uploads\/2024\/05\/File_201_e783b9e3-635e-45ac-a9dd-ecacfc352a2a.png\",\"width\":597,\"height\":744,\"caption\":\"Sweet pink flower wall perfect for sweet sixteen parties\"},{\"@type\":\"BreadcrumbList\",\"@id\":\"https:\/\/floramurus.com\/p\/flower-wall-candy-pink\/#breadcrumb\",\"itemListElement\":[{\"@type\":\"ListItem\",\"position\":1,\"name\":\"Home\",\"item\":\"https:\/\/floramurus.com\/\"},{\"@type\":\"ListItem\",\"position\":2,\"name\":\"Shop\",\"item\":\"https:\/\/floramurus.com\/shop\/\"},{\"@type\":\"ListItem\",\"position\":3,\"name\":\"Flower Wall Sweet Pink\"}]},{\"@type\":\"WebSite\",\"@id\":\"https:\/\/floramurus.com\/#website\",\"url\":\"https:\/\/floramurus.com\/\",\"name\":\"Flora Murus\",\"description\":\"\",\"publisher\":{\"@id\":\"https:\/\/floramurus.com\/#organization\"},\"potentialAction\":[{\"@type\":\"SearchAction\",\"target\":{\"@type\":\"EntryPoint\",\"urlTemplate\":\"https:\/\/floramurus.com\/?s={search_term_string}\"},\"query-input\":{\"@type\":\"PropertyValueSpecification\",\"valueRequired\":true,\"valueName\":\"search_term_string\"}}],\"inLanguage\":\"pt-PT\"},{\"@type\":\"Organization\",\"@id\":\"https:\/\/floramurus.com\/#organization\",\"name\":\"Flora Murus\",\"url\":\"https:\/\/floramurus.com\/\",\"logo\":{\"@type\":\"ImageObject\",\"inLanguage\":\"pt-PT\",\"@id\":\"https:\/\/floramurus.com\/#\/schema\/logo\/image\/\",\"url\":\"https:\/\/floramurus.com\/wp-content\/uploads\/2024\/05\/flora-murus-logo.png\",\"contentUrl\":\"https:\/\/floramurus.com\/wp-content\/uploads\/2024\/05\/flora-murus-logo.png\",\"width\":926,\"height\":250,\"caption\":\"Flora Murus\"},\"image\":{\"@id\":\"https:\/\/floramurus.com\/#\/schema\/logo\/image\/\"}}]}<\/script>\n<!-- \/ Yoast SEO plugin. -->","yoast_head_json":{"title":"Parede de flores Sweet Pink \ud83c\udf38| Casamento e Deco | Comprar e alugar","description":"Descubra as mais belas paredes de flores a pre\u00e7os acess\u00edveis para decorar o seu interior ou uma cerim\u00f3nia. Flores realistas com cores vibrantes.","robots":{"index":"index","follow":"follow","max-snippet":"max-snippet:-1","max-image-preview":"max-image-preview:large","max-video-preview":"max-video-preview:-1"},"canonical":"https:\/\/floramurus.com\/pt\/p\/parede-de-flores-rosa-candy\/","og_locale":"pt_PT","og_type":"article","og_title":"Flower Wall Sweet Pink \ud83c\udf38| Wedding & Deco | Buy & Rent","og_description":"Discover the most beautiful flower walls at affordable prices to decorate your interior or a ceremony. Realistic flowers with vibrant colors.","og_url":"https:\/\/floramurus.com\/pt\/p\/parede-de-flores-rosa-candy\/","og_site_name":"Flora Murus","article_modified_time":"2024-05-24T00:56:46+00:00","og_image":[{"width":597,"height":744,"url":"https:\/\/floramurus.com\/wp-content\/uploads\/2024\/05\/File_201_e783b9e3-635e-45ac-a9dd-ecacfc352a2a.png","type":"image\/png"}],"twitter_card":"summary_large_image","twitter_misc":{"Tempo estimado de leitura":"1 minuto"},"schema":{"@context":"https:\/\/schema.org","@graph":[{"@type":"WebPage","@id":"https:\/\/floramurus.com\/p\/flower-wall-candy-pink\/","url":"https:\/\/floramurus.com\/p\/flower-wall-candy-pink\/","name":"Parede de flores Sweet Pink \ud83c\udf38| Casamento e Deco | Comprar e alugar","isPartOf":{"@id":"https:\/\/floramurus.com\/#website"},"primaryImageOfPage":{"@id":"https:\/\/floramurus.com\/p\/flower-wall-candy-pink\/#primaryimage"},"image":{"@id":"https:\/\/floramurus.com\/p\/flower-wall-candy-pink\/#primaryimage"},"thumbnailUrl":"https:\/\/floramurus.com\/wp-content\/uploads\/2024\/05\/File_201_e783b9e3-635e-45ac-a9dd-ecacfc352a2a.png","datePublished":"2024-05-23T05:48:59+00:00","dateModified":"2024-05-24T00:56:46+00:00","description":"Descubra as mais belas paredes de flores a pre\u00e7os acess\u00edveis para decorar o seu interior ou uma cerim\u00f3nia. Flores realistas com cores vibrantes.","breadcrumb":{"@id":"https:\/\/floramurus.com\/p\/flower-wall-candy-pink\/#breadcrumb"},"inLanguage":"pt-PT","potentialAction":[{"@type":"ReadAction","target":["https:\/\/floramurus.com\/p\/flower-wall-candy-pink\/"]}]},{"@type":"ImageObject","inLanguage":"pt-PT","@id":"https:\/\/floramurus.com\/p\/flower-wall-candy-pink\/#primaryimage","url":"https:\/\/floramurus.com\/wp-content\/uploads\/2024\/05\/File_201_e783b9e3-635e-45ac-a9dd-ecacfc352a2a.png","contentUrl":"https:\/\/floramurus.com\/wp-content\/uploads\/2024\/05\/File_201_e783b9e3-635e-45ac-a9dd-ecacfc352a2a.png","width":597,"height":744,"caption":"Sweet pink flower wall perfect for sweet sixteen parties"},{"@type":"BreadcrumbList","@id":"https:\/\/floramurus.com\/p\/flower-wall-candy-pink\/#breadcrumb","itemListElement":[{"@type":"ListItem","position":1,"name":"Home","item":"https:\/\/floramurus.com\/"},{"@type":"ListItem","position":2,"name":"Shop","item":"https:\/\/floramurus.com\/shop\/"},{"@type":"ListItem","position":3,"name":"Flower Wall Sweet Pink"}]},{"@type":"WebSite","@id":"https:\/\/floramurus.com\/#website","url":"https:\/\/floramurus.com\/","name":"Flora Murus","description":"","publisher":{"@id":"https:\/\/floramurus.com\/#organization"},"potentialAction":[{"@type":"SearchAction","target":{"@type":"EntryPoint","urlTemplate":"https:\/\/floramurus.com\/?s={search_term_string}"},"query-input":{"@type":"PropertyValueSpecification","valueRequired":true,"valueName":"search_term_string"}}],"inLanguage":"pt-PT"},{"@type":"Organization","@id":"https:\/\/floramurus.com\/#organization","name":"Flora Murus","url":"https:\/\/floramurus.com\/","logo":{"@type":"ImageObject","inLanguage":"pt-PT","@id":"https:\/\/floramurus.com\/#\/schema\/logo\/image\/","url":"https:\/\/floramurus.com\/wp-content\/uploads\/2024\/05\/flora-murus-logo.png","contentUrl":"https:\/\/floramurus.com\/wp-content\/uploads\/2024\/05\/flora-murus-logo.png","width":926,"height":250,"caption":"Flora Murus"},"image":{"@id":"https:\/\/floramurus.com\/#\/schema\/logo\/image\/"}}]}},"_links":{"self":[{"href":"https:\/\/floramurus.com\/pt\/wp-json\/wp\/v2\/product\/225","targetHints":{"allow":["GET"]}}],"collection":[{"href":"https:\/\/floramurus.com\/pt\/wp-json\/wp\/v2\/product"}],"about":[{"href":"https:\/\/floramurus.com\/pt\/wp-json\/wp\/v2\/types\/product"}],"wp:featuredmedia":[{"embeddable":true,"href":"https:\/\/floramurus.com\/pt\/wp-json\/wp\/v2\/media\/224"}],"wp:attachment":[{"href":"https:\/\/floramurus.com\/pt\/wp-json\/wp\/v2\/media?parent=225"}],"wp:term":[{"taxonomy":"product_brand","embeddable":true,"href":"https:\/\/floramurus.com\/pt\/wp-json\/wp\/v2\/product_brand?post=225"},{"taxonomy":"product_cat","embeddable":true,"href":"https:\/\/floramurus.com\/pt\/wp-json\/wp\/v2\/product_cat?post=225"},{"taxonomy":"product_tag","embeddable":true,"href":"https:\/\/floramurus.com\/pt\/wp-json\/wp\/v2\/product_tag?post=225"}],"curies":[{"name":"wp","href":"https:\/\/api.w.org\/{rel}","templated":true}]}}