{"id":255,"date":"2024-05-23T05:49:33","date_gmt":"2024-05-23T05:49:33","guid":{"rendered":"https:\/\/floramurus.com\/p\/flower-wall-red-passion\/"},"modified":"2024-05-24T00:55:50","modified_gmt":"2024-05-24T00:55:50","slug":"parede-de-flores-paixao-vermelha","status":"publish","type":"product","link":"https:\/\/floramurus.com\/pt\/p\/parede-de-flores-paixao-vermelha\/","title":{"rendered":"<span>Parede de flores <\/span><span class=\"product-title-custom\"> Vermelho paix\u00e3o<\/span>"},"content":{"rendered":"<p>Flores para trazer suavidade, beleza e natureza ao seu ambiente: \u00e9 poss\u00edvel com os pain\u00e9is murais de flores. Esta composi\u00e7\u00e3o colorida e alegre adapta-se a qualquer espa\u00e7o, acrescentando calor e um toque \u00fanico.<br>Na sua sala de estar, nas suas paredes, ou num evento especial como o seu casamento ou um batizado, como pano de fundo para real\u00e7ar uma fotografia, todas as utiliza\u00e7\u00f5es s\u00e3o poss\u00edveis!<\/p>","protected":false},"excerpt":{"rendered":"Flowers to bring softness, beauty, and nature into your environment: it&#8217;s possible with flower wall panels. This colorful and cheerful composition adapts to any space, adding warmth and a unique touch.In your living room, on your walls, or at a special event like your wedding or a christening, as a backdrop to enhance a photo, [&#8230;]","protected":false},"featured_media":254,"template":"","meta":[],"product_brand":[],"product_cat":[15,25],"product_tag":[],"class_list":{"0":"post-255","1":"product","2":"type-product","3":"status-publish","4":"has-post-thumbnail","6":"product_cat-all-products","7":"product_cat-red-floral-wall-backdrop","9":"first","10":"instock","11":"shipping-taxable","12":"purchasable","13":"product-type-simple"},"yoast_head":"<!-- This site is optimized with the Yoast SEO plugin v25.9 - https:\/\/yoast.com\/wordpress\/plugins\/seo\/ -->\n<title>Flower Wall Passion Red \ud83c\udf38| Wedding &amp; Deco | Buy &amp; Rent<\/title>\n<meta name=\"description\" content=\"Discover the most beautiful flower walls at affordable prices to decorate your interior or a ceremony. Realistic flowers with vibrant colors.\" \/>\n<meta name=\"robots\" content=\"index, follow, max-snippet:-1, max-image-preview:large, max-video-preview:-1\" \/>\n<link rel=\"canonical\" href=\"https:\/\/floramurus.com\/pt\/p\/parede-de-flores-paixao-vermelha\/\" \/>\n<meta property=\"og:locale\" content=\"pt_PT\" \/>\n<meta property=\"og:type\" content=\"article\" \/>\n<meta property=\"og:title\" content=\"Flower Wall Passion Red \ud83c\udf38| Wedding &amp; Deco | Buy &amp; Rent\" \/>\n<meta property=\"og:description\" content=\"Discover the most beautiful flower walls at affordable prices to decorate your interior or a ceremony. Realistic flowers with vibrant colors.\" \/>\n<meta property=\"og:url\" content=\"https:\/\/floramurus.com\/pt\/p\/parede-de-flores-paixao-vermelha\/\" \/>\n<meta property=\"og:site_name\" content=\"Flora Murus\" \/>\n<meta property=\"article:modified_time\" content=\"2024-05-24T00:55:50+00:00\" \/>\n<meta property=\"og:image\" content=\"https:\/\/floramurus.com\/wp-content\/uploads\/2024\/05\/File_201_d5134337-2970-44a6-8d20-ecf427df21f9.png\" \/>\n\t<meta property=\"og:image:width\" content=\"596\" \/>\n\t<meta property=\"og:image:height\" content=\"708\" \/>\n\t<meta property=\"og:image:type\" content=\"image\/png\" \/>\n<meta name=\"twitter:card\" content=\"summary_large_image\" \/>\n<meta name=\"twitter:label1\" content=\"Tempo estimado de leitura\" \/>\n\t<meta name=\"twitter:data1\" content=\"1 minuto\" \/>\n<script type=\"application\/ld+json\" class=\"yoast-schema-graph\">{\"@context\":\"https:\/\/schema.org\",\"@graph\":[{\"@type\":\"WebPage\",\"@id\":\"https:\/\/floramurus.com\/p\/flower-wall-red-passion\/\",\"url\":\"https:\/\/floramurus.com\/p\/flower-wall-red-passion\/\",\"name\":\"Flower Wall Passion Red \ud83c\udf38| Wedding & Deco | Buy & Rent\",\"isPartOf\":{\"@id\":\"https:\/\/floramurus.com\/#website\"},\"primaryImageOfPage\":{\"@id\":\"https:\/\/floramurus.com\/p\/flower-wall-red-passion\/#primaryimage\"},\"image\":{\"@id\":\"https:\/\/floramurus.com\/p\/flower-wall-red-passion\/#primaryimage\"},\"thumbnailUrl\":\"https:\/\/floramurus.com\/wp-content\/uploads\/2024\/05\/File_201_d5134337-2970-44a6-8d20-ecf427df21f9.png\",\"datePublished\":\"2024-05-23T05:49:33+00:00\",\"dateModified\":\"2024-05-24T00:55:50+00:00\",\"description\":\"Discover the most beautiful flower walls at affordable prices to decorate your interior or a ceremony. Realistic flowers with vibrant colors.\",\"breadcrumb\":{\"@id\":\"https:\/\/floramurus.com\/p\/flower-wall-red-passion\/#breadcrumb\"},\"inLanguage\":\"pt-PT\",\"potentialAction\":[{\"@type\":\"ReadAction\",\"target\":[\"https:\/\/floramurus.com\/p\/flower-wall-red-passion\/\"]}]},{\"@type\":\"ImageObject\",\"inLanguage\":\"pt-PT\",\"@id\":\"https:\/\/floramurus.com\/p\/flower-wall-red-passion\/#primaryimage\",\"url\":\"https:\/\/floramurus.com\/wp-content\/uploads\/2024\/05\/File_201_d5134337-2970-44a6-8d20-ecf427df21f9.png\",\"contentUrl\":\"https:\/\/floramurus.com\/wp-content\/uploads\/2024\/05\/File_201_d5134337-2970-44a6-8d20-ecf427df21f9.png\",\"width\":596,\"height\":708,\"caption\":\"Intense red passion flower wall for dramatic flair\"},{\"@type\":\"BreadcrumbList\",\"@id\":\"https:\/\/floramurus.com\/p\/flower-wall-red-passion\/#breadcrumb\",\"itemListElement\":[{\"@type\":\"ListItem\",\"position\":1,\"name\":\"Home\",\"item\":\"https:\/\/floramurus.com\/\"},{\"@type\":\"ListItem\",\"position\":2,\"name\":\"Shop\",\"item\":\"https:\/\/floramurus.com\/shop\/\"},{\"@type\":\"ListItem\",\"position\":3,\"name\":\"Flower Wall Passion Red\"}]},{\"@type\":\"WebSite\",\"@id\":\"https:\/\/floramurus.com\/#website\",\"url\":\"https:\/\/floramurus.com\/\",\"name\":\"Flora Murus\",\"description\":\"\",\"publisher\":{\"@id\":\"https:\/\/floramurus.com\/#organization\"},\"potentialAction\":[{\"@type\":\"SearchAction\",\"target\":{\"@type\":\"EntryPoint\",\"urlTemplate\":\"https:\/\/floramurus.com\/?s={search_term_string}\"},\"query-input\":{\"@type\":\"PropertyValueSpecification\",\"valueRequired\":true,\"valueName\":\"search_term_string\"}}],\"inLanguage\":\"pt-PT\"},{\"@type\":\"Organization\",\"@id\":\"https:\/\/floramurus.com\/#organization\",\"name\":\"Flora Murus\",\"url\":\"https:\/\/floramurus.com\/\",\"logo\":{\"@type\":\"ImageObject\",\"inLanguage\":\"pt-PT\",\"@id\":\"https:\/\/floramurus.com\/#\/schema\/logo\/image\/\",\"url\":\"https:\/\/floramurus.com\/wp-content\/uploads\/2024\/05\/flora-murus-logo.png\",\"contentUrl\":\"https:\/\/floramurus.com\/wp-content\/uploads\/2024\/05\/flora-murus-logo.png\",\"width\":926,\"height\":250,\"caption\":\"Flora Murus\"},\"image\":{\"@id\":\"https:\/\/floramurus.com\/#\/schema\/logo\/image\/\"}}]}<\/script>\n<!-- \/ Yoast SEO plugin. -->","yoast_head_json":{"title":"Parede de flores Passion Red \ud83c\udf38| Casamento e Deco | Comprar e alugar","description":"Descubra as mais belas paredes de flores a pre\u00e7os acess\u00edveis para decorar o seu interior ou uma cerim\u00f3nia. Flores realistas com cores vibrantes.","robots":{"index":"index","follow":"follow","max-snippet":"max-snippet:-1","max-image-preview":"max-image-preview:large","max-video-preview":"max-video-preview:-1"},"canonical":"https:\/\/floramurus.com\/pt\/p\/parede-de-flores-paixao-vermelha\/","og_locale":"pt_PT","og_type":"article","og_title":"Flower Wall Passion Red \ud83c\udf38| Wedding & Deco | Buy & Rent","og_description":"Discover the most beautiful flower walls at affordable prices to decorate your interior or a ceremony. Realistic flowers with vibrant colors.","og_url":"https:\/\/floramurus.com\/pt\/p\/parede-de-flores-paixao-vermelha\/","og_site_name":"Flora Murus","article_modified_time":"2024-05-24T00:55:50+00:00","og_image":[{"width":596,"height":708,"url":"https:\/\/floramurus.com\/wp-content\/uploads\/2024\/05\/File_201_d5134337-2970-44a6-8d20-ecf427df21f9.png","type":"image\/png"}],"twitter_card":"summary_large_image","twitter_misc":{"Tempo estimado de leitura":"1 minuto"},"schema":{"@context":"https:\/\/schema.org","@graph":[{"@type":"WebPage","@id":"https:\/\/floramurus.com\/p\/flower-wall-red-passion\/","url":"https:\/\/floramurus.com\/p\/flower-wall-red-passion\/","name":"Parede de flores Passion Red \ud83c\udf38| Casamento e Deco | Comprar e alugar","isPartOf":{"@id":"https:\/\/floramurus.com\/#website"},"primaryImageOfPage":{"@id":"https:\/\/floramurus.com\/p\/flower-wall-red-passion\/#primaryimage"},"image":{"@id":"https:\/\/floramurus.com\/p\/flower-wall-red-passion\/#primaryimage"},"thumbnailUrl":"https:\/\/floramurus.com\/wp-content\/uploads\/2024\/05\/File_201_d5134337-2970-44a6-8d20-ecf427df21f9.png","datePublished":"2024-05-23T05:49:33+00:00","dateModified":"2024-05-24T00:55:50+00:00","description":"Descubra as mais belas paredes de flores a pre\u00e7os acess\u00edveis para decorar o seu interior ou uma cerim\u00f3nia. Flores realistas com cores vibrantes.","breadcrumb":{"@id":"https:\/\/floramurus.com\/p\/flower-wall-red-passion\/#breadcrumb"},"inLanguage":"pt-PT","potentialAction":[{"@type":"ReadAction","target":["https:\/\/floramurus.com\/p\/flower-wall-red-passion\/"]}]},{"@type":"ImageObject","inLanguage":"pt-PT","@id":"https:\/\/floramurus.com\/p\/flower-wall-red-passion\/#primaryimage","url":"https:\/\/floramurus.com\/wp-content\/uploads\/2024\/05\/File_201_d5134337-2970-44a6-8d20-ecf427df21f9.png","contentUrl":"https:\/\/floramurus.com\/wp-content\/uploads\/2024\/05\/File_201_d5134337-2970-44a6-8d20-ecf427df21f9.png","width":596,"height":708,"caption":"Intense red passion flower wall for dramatic flair"},{"@type":"BreadcrumbList","@id":"https:\/\/floramurus.com\/p\/flower-wall-red-passion\/#breadcrumb","itemListElement":[{"@type":"ListItem","position":1,"name":"Home","item":"https:\/\/floramurus.com\/"},{"@type":"ListItem","position":2,"name":"Shop","item":"https:\/\/floramurus.com\/shop\/"},{"@type":"ListItem","position":3,"name":"Flower Wall Passion Red"}]},{"@type":"WebSite","@id":"https:\/\/floramurus.com\/#website","url":"https:\/\/floramurus.com\/","name":"Flora Murus","description":"","publisher":{"@id":"https:\/\/floramurus.com\/#organization"},"potentialAction":[{"@type":"SearchAction","target":{"@type":"EntryPoint","urlTemplate":"https:\/\/floramurus.com\/?s={search_term_string}"},"query-input":{"@type":"PropertyValueSpecification","valueRequired":true,"valueName":"search_term_string"}}],"inLanguage":"pt-PT"},{"@type":"Organization","@id":"https:\/\/floramurus.com\/#organization","name":"Flora Murus","url":"https:\/\/floramurus.com\/","logo":{"@type":"ImageObject","inLanguage":"pt-PT","@id":"https:\/\/floramurus.com\/#\/schema\/logo\/image\/","url":"https:\/\/floramurus.com\/wp-content\/uploads\/2024\/05\/flora-murus-logo.png","contentUrl":"https:\/\/floramurus.com\/wp-content\/uploads\/2024\/05\/flora-murus-logo.png","width":926,"height":250,"caption":"Flora Murus"},"image":{"@id":"https:\/\/floramurus.com\/#\/schema\/logo\/image\/"}}]}},"_links":{"self":[{"href":"https:\/\/floramurus.com\/pt\/wp-json\/wp\/v2\/product\/255","targetHints":{"allow":["GET"]}}],"collection":[{"href":"https:\/\/floramurus.com\/pt\/wp-json\/wp\/v2\/product"}],"about":[{"href":"https:\/\/floramurus.com\/pt\/wp-json\/wp\/v2\/types\/product"}],"wp:featuredmedia":[{"embeddable":true,"href":"https:\/\/floramurus.com\/pt\/wp-json\/wp\/v2\/media\/254"}],"wp:attachment":[{"href":"https:\/\/floramurus.com\/pt\/wp-json\/wp\/v2\/media?parent=255"}],"wp:term":[{"taxonomy":"product_brand","embeddable":true,"href":"https:\/\/floramurus.com\/pt\/wp-json\/wp\/v2\/product_brand?post=255"},{"taxonomy":"product_cat","embeddable":true,"href":"https:\/\/floramurus.com\/pt\/wp-json\/wp\/v2\/product_cat?post=255"},{"taxonomy":"product_tag","embeddable":true,"href":"https:\/\/floramurus.com\/pt\/wp-json\/wp\/v2\/product_tag?post=255"}],"curies":[{"name":"wp","href":"https:\/\/api.w.org\/{rel}","templated":true}]}}