{"id":33,"date":"2024-04-10T02:29:16","date_gmt":"2024-04-10T02:29:16","guid":{"rendered":"https:\/\/flowerwall.kinsta.cloud\/?page_id=33"},"modified":"2024-06-15T12:32:59","modified_gmt":"2024-06-15T12:32:59","slug":"despre-noi","status":"publish","type":"page","link":"https:\/\/floramurus.com\/ro\/despre-noi\/","title":{"rendered":"Despre noi"},"content":{"rendered":"<h2>Despre Flora Murus<\/h2>\r\n<p>Bine a\u021bi venit la Flora Murus, unde fiecare perete floral este o p\u00e2nz\u0103 a frumuse\u021bii care a\u0219teapt\u0103 s\u0103 v\u0103 transforme momentele speciale. Amplasat \u00een inima Rom\u00e2niei, atelierul nostru aduce la via\u021b\u0103 farmecul rafinat al pere\u021bilor florali lucra\u021bi manual, \u00eembin\u00e2nd perfect tradi\u021bia cu elegan\u021ba contemporan\u0103. \ud83c\udf38\ud83c\udde6\ud83c\uddfa<\/p>\r\n\r\n<h2>Face\u021bi cuno\u0219tin\u021b\u0103 cu fondatorul<\/h2>\r\n<p><strong>Amanda - O flor\u0103reas\u0103 vizionar\u0103<\/strong><\/p>\r\n<p>C\u0103l\u0103toria Emmei \u00een lumea flor\u0103riei a \u00eenceput \u00een 2017, odat\u0103 cu deschiderea primului ei magazin. Ceea ce a \u00eenceput ca un spa\u021biu mic a \u00eenflorit \u00eentr-un centru de creativitate \u0219i pasiune. \ud83c\udf3f\ud83d\udc90 Emma crede \u00een puterea florilor de a exprima emo\u021bii, de a celebra momente \u0219i de a aduce o atingere a frumuse\u021bii naturii \u00een via\u021ba noastr\u0103. Dedicarea ei fa\u021b\u0103 de meserie \u0219i dragostea de a o \u00eemp\u0103rt\u0103\u0219i cu ceilal\u021bi fac din Flora Murus mai mult dec\u00e2t un simplu brand.<\/p>\r\n\r\n<h2>C\u0103l\u0103toria Flora Murus<\/h2>\r\n<p>De la \u00eenceputurile noastre modeste \u00een Rom\u00e2nia p\u00e2n\u0103 la a deveni un nume apreciat \u00een domeniul pere\u021bilor de flori artizanale, c\u0103l\u0103toria Flora Murus este una de cre\u0219tere, inspira\u021bie \u0219i frumuse\u021be. Fiecare perete pe care \u00eel cre\u0103m este o m\u0103rturie a angajamentului nostru fa\u021b\u0103 de calitate, m\u0103iestrie \u0219i bucuria flor\u0103riei. Crea\u021biile noastre sunt inspirate de frumuse\u021bea natural\u0103 a Rom\u00e2niei, de peisajele sale vibrante \u0219i de pove\u0219tile oamenilor pe care \u00eei \u00eent\u00e2lnim. \ud83c\udf0f\ud83c\udfa8<\/p>\r\n\r\n<h2>Viziunea noastr\u0103<\/h2>\r\n<p>La Flora Murus, viziunea noastr\u0103 se extinde dincolo de crearea de pere\u021bi de flori uimitoare. Ne propunem s\u0103 <strong>inspira\u021bi, conecta\u021bi \u0219i s\u0103rb\u0103tori\u021bi<\/strong> momentele importante din via\u021b\u0103. Crea\u021biile noastre sunt concepute nu doar pentru a decora, ci \u0219i pentru a evoca amintiri, emo\u021bii \u0219i un sentiment de apartenen\u021b\u0103. Noi credem \u00een <em>frumuse\u021be durabil\u0103<\/em>, a <em>arta me\u0219te\u0219ugului<\/em>, iar <em>importan\u021ba comunit\u0103\u021bii<\/em>. Al\u0103tura\u021bi-v\u0103 nou\u0103 \u00een aceast\u0103 c\u0103l\u0103torie \u0219i haide\u021bi s\u0103 facem lumea un loc mai frumos, c\u00e2te un perete cu flori pe r\u00e2nd. \ud83c\udf3c\ud83c\udf39<\/p>\r\n\r\n<p>V\u0103 mul\u021bumim c\u0103 a\u021bi ales Flora Murus. \u00cempreun\u0103, s\u0103 continu\u0103m s\u0103 s\u0103rb\u0103torim momentele importante ale vie\u021bii cu elegan\u021b\u0103, frumuse\u021be \u0219i o atingere de magie a naturii.<\/p>","protected":false},"excerpt":{"rendered":"About Flora Murus Welcome to Flora Murus, where every flower wall is a canvas of beauty waiting to transform your special moments. Nestled in the heart of , our workshop brings to life the exquisite charm of handcrafted floral walls, seamlessly blending tradition with contemporary elegance. \ud83c\udf38\ud83c\udde6\ud83c\uddfa Meet The Founder Amanda \u2013 A Visionary Florist [&#8230;]","protected":false},"author":1,"featured_media":0,"parent":0,"menu_order":0,"comment_status":"closed","ping_status":"closed","template":"page-blank-title-center.php","meta":{"footnotes":""},"class_list":["post-33","page","type-page","status-publish","hentry"],"yoast_head":"<!-- This site is optimized with the Yoast SEO plugin v25.9 - https:\/\/yoast.com\/wordpress\/plugins\/seo\/ -->\n<title>About us | Flora Murus<\/title>\n<meta name=\"robots\" content=\"index, follow, max-snippet:-1, max-image-preview:large, max-video-preview:-1\" \/>\n<link rel=\"canonical\" href=\"https:\/\/floramurus.com\/ro\/despre-noi\/\" \/>\n<meta property=\"og:locale\" content=\"ro_RO\" \/>\n<meta property=\"og:type\" content=\"article\" \/>\n<meta property=\"og:title\" content=\"About us | Flora Murus\" \/>\n<meta property=\"og:description\" content=\"About Flora Murus Welcome to Flora Murus, where every flower wall is a canvas of beauty waiting to transform your special moments. Nestled in the heart of , our workshop brings to life the exquisite charm of handcrafted floral walls, seamlessly blending tradition with contemporary elegance. \ud83c\udf38\ud83c\udde6\ud83c\uddfa Meet The Founder Amanda \u2013 A Visionary Florist [...]\" \/>\n<meta property=\"og:url\" content=\"https:\/\/floramurus.com\/ro\/despre-noi\/\" \/>\n<meta property=\"og:site_name\" content=\"Flora Murus\" \/>\n<meta property=\"article:modified_time\" content=\"2024-06-15T12:32:59+00:00\" \/>\n<meta name=\"twitter:card\" content=\"summary_large_image\" \/>\n<meta name=\"twitter:label1\" content=\"Timp estimat pentru citire\" \/>\n\t<meta name=\"twitter:data1\" content=\"2 minute\" \/>\n<script type=\"application\/ld+json\" class=\"yoast-schema-graph\">{\"@context\":\"https:\/\/schema.org\",\"@graph\":[{\"@type\":\"WebPage\",\"@id\":\"https:\/\/floramurus.com\/about-us\/\",\"url\":\"https:\/\/floramurus.com\/about-us\/\",\"name\":\"About us | Flora Murus\",\"isPartOf\":{\"@id\":\"https:\/\/floramurus.com\/#website\"},\"datePublished\":\"2024-04-10T02:29:16+00:00\",\"dateModified\":\"2024-06-15T12:32:59+00:00\",\"breadcrumb\":{\"@id\":\"https:\/\/floramurus.com\/about-us\/#breadcrumb\"},\"inLanguage\":\"ro-RO\",\"potentialAction\":[{\"@type\":\"ReadAction\",\"target\":[\"https:\/\/floramurus.com\/about-us\/\"]}]},{\"@type\":\"BreadcrumbList\",\"@id\":\"https:\/\/floramurus.com\/about-us\/#breadcrumb\",\"itemListElement\":[{\"@type\":\"ListItem\",\"position\":1,\"name\":\"Home\",\"item\":\"https:\/\/floramurus.com\/\"},{\"@type\":\"ListItem\",\"position\":2,\"name\":\"About us\"}]},{\"@type\":\"WebSite\",\"@id\":\"https:\/\/floramurus.com\/#website\",\"url\":\"https:\/\/floramurus.com\/\",\"name\":\"Flora Murus\",\"description\":\"\",\"publisher\":{\"@id\":\"https:\/\/floramurus.com\/#organization\"},\"potentialAction\":[{\"@type\":\"SearchAction\",\"target\":{\"@type\":\"EntryPoint\",\"urlTemplate\":\"https:\/\/floramurus.com\/?s={search_term_string}\"},\"query-input\":{\"@type\":\"PropertyValueSpecification\",\"valueRequired\":true,\"valueName\":\"search_term_string\"}}],\"inLanguage\":\"ro-RO\"},{\"@type\":\"Organization\",\"@id\":\"https:\/\/floramurus.com\/#organization\",\"name\":\"Flora Murus\",\"url\":\"https:\/\/floramurus.com\/\",\"logo\":{\"@type\":\"ImageObject\",\"inLanguage\":\"ro-RO\",\"@id\":\"https:\/\/floramurus.com\/#\/schema\/logo\/image\/\",\"url\":\"https:\/\/floramurus.com\/wp-content\/uploads\/2024\/05\/flora-murus-logo.png\",\"contentUrl\":\"https:\/\/floramurus.com\/wp-content\/uploads\/2024\/05\/flora-murus-logo.png\",\"width\":926,\"height\":250,\"caption\":\"Flora Murus\"},\"image\":{\"@id\":\"https:\/\/floramurus.com\/#\/schema\/logo\/image\/\"}}]}<\/script>\n<!-- \/ Yoast SEO plugin. -->","yoast_head_json":{"title":"Despre noi | Flora Murus","robots":{"index":"index","follow":"follow","max-snippet":"max-snippet:-1","max-image-preview":"max-image-preview:large","max-video-preview":"max-video-preview:-1"},"canonical":"https:\/\/floramurus.com\/ro\/despre-noi\/","og_locale":"ro_RO","og_type":"article","og_title":"About us | Flora Murus","og_description":"About Flora Murus Welcome to Flora Murus, where every flower wall is a canvas of beauty waiting to transform your special moments. Nestled in the heart of , our workshop brings to life the exquisite charm of handcrafted floral walls, seamlessly blending tradition with contemporary elegance. \ud83c\udf38\ud83c\udde6\ud83c\uddfa Meet The Founder Amanda \u2013 A Visionary Florist [...]","og_url":"https:\/\/floramurus.com\/ro\/despre-noi\/","og_site_name":"Flora Murus","article_modified_time":"2024-06-15T12:32:59+00:00","twitter_card":"summary_large_image","twitter_misc":{"Timp estimat pentru citire":"2 minute"},"schema":{"@context":"https:\/\/schema.org","@graph":[{"@type":"WebPage","@id":"https:\/\/floramurus.com\/about-us\/","url":"https:\/\/floramurus.com\/about-us\/","name":"Despre noi | Flora Murus","isPartOf":{"@id":"https:\/\/floramurus.com\/#website"},"datePublished":"2024-04-10T02:29:16+00:00","dateModified":"2024-06-15T12:32:59+00:00","breadcrumb":{"@id":"https:\/\/floramurus.com\/about-us\/#breadcrumb"},"inLanguage":"ro-RO","potentialAction":[{"@type":"ReadAction","target":["https:\/\/floramurus.com\/about-us\/"]}]},{"@type":"BreadcrumbList","@id":"https:\/\/floramurus.com\/about-us\/#breadcrumb","itemListElement":[{"@type":"ListItem","position":1,"name":"Home","item":"https:\/\/floramurus.com\/"},{"@type":"ListItem","position":2,"name":"About us"}]},{"@type":"WebSite","@id":"https:\/\/floramurus.com\/#website","url":"https:\/\/floramurus.com\/","name":"Flora Murus","description":"","publisher":{"@id":"https:\/\/floramurus.com\/#organization"},"potentialAction":[{"@type":"SearchAction","target":{"@type":"EntryPoint","urlTemplate":"https:\/\/floramurus.com\/?s={search_term_string}"},"query-input":{"@type":"PropertyValueSpecification","valueRequired":true,"valueName":"search_term_string"}}],"inLanguage":"ro-RO"},{"@type":"Organization","@id":"https:\/\/floramurus.com\/#organization","name":"Flora Murus","url":"https:\/\/floramurus.com\/","logo":{"@type":"ImageObject","inLanguage":"ro-RO","@id":"https:\/\/floramurus.com\/#\/schema\/logo\/image\/","url":"https:\/\/floramurus.com\/wp-content\/uploads\/2024\/05\/flora-murus-logo.png","contentUrl":"https:\/\/floramurus.com\/wp-content\/uploads\/2024\/05\/flora-murus-logo.png","width":926,"height":250,"caption":"Flora Murus"},"image":{"@id":"https:\/\/floramurus.com\/#\/schema\/logo\/image\/"}}]}},"_links":{"self":[{"href":"https:\/\/floramurus.com\/ro\/wp-json\/wp\/v2\/pages\/33","targetHints":{"allow":["GET"]}}],"collection":[{"href":"https:\/\/floramurus.com\/ro\/wp-json\/wp\/v2\/pages"}],"about":[{"href":"https:\/\/floramurus.com\/ro\/wp-json\/wp\/v2\/types\/page"}],"author":[{"embeddable":true,"href":"https:\/\/floramurus.com\/ro\/wp-json\/wp\/v2\/users\/1"}],"replies":[{"embeddable":true,"href":"https:\/\/floramurus.com\/ro\/wp-json\/wp\/v2\/comments?post=33"}],"version-history":[{"count":3,"href":"https:\/\/floramurus.com\/ro\/wp-json\/wp\/v2\/pages\/33\/revisions"}],"predecessor-version":[{"id":391,"href":"https:\/\/floramurus.com\/ro\/wp-json\/wp\/v2\/pages\/33\/revisions\/391"}],"wp:attachment":[{"href":"https:\/\/floramurus.com\/ro\/wp-json\/wp\/v2\/media?parent=33"}],"curies":[{"name":"wp","href":"https:\/\/api.w.org\/{rel}","templated":true}]}}