{"id":125,"date":"2024-05-23T05:47:00","date_gmt":"2024-05-23T05:47:00","guid":{"rendered":"https:\/\/floramurus.com\/p\/floral-wall-aqua-green\/"},"modified":"2024-05-24T01:01:43","modified_gmt":"2024-05-24T01:01:43","slug":"perete-floral-aqua-verde","status":"publish","type":"product","link":"https:\/\/floramurus.com\/ro\/p\/perete-floral-aqua-verde\/","title":{"rendered":"<span>Perete de flori <\/span><span class=\"product-title-custom\"> Aqua Green<\/span>"},"content":{"rendered":"<h2>Dori\u021bi s\u0103 face\u021bi diferen\u021ba \u00een interiorul sau la evenimentele dvs. cu un accesoriu extraordinar? Peretele cu flori verde ment\u0103 este perfect pentru tine.<\/h2>\r\n<p>Las\u0103-te fermecat de acest <strong>perete de flori<\/strong> \u00eempodobit\u0103 cu trandafiri verzi \u0219i albi, moi \u0219i lini\u0219titori. Invita\u021bilor t\u0103i nu le va veni s\u0103 cread\u0103 ce v\u0103d \u0219i nici \u021bie nu-\u021bi va veni s\u0103 crezi.<\/p>\r\n<p>\u00cenvesele\u0219te-\u021bi petrecerile \u0219i evenimentele de familie cu acest magnific <strong>tablou floral<\/strong> care eman\u0103 senin\u0103tate \u0219i lini\u0219te. Un adev\u0103rat element care va face diferen\u021ba, v\u0103 va \u00eempodobi perfect interiorul \u0219i poate fi folosit \u0219i pentru a v\u0103 pune \u00een valoare fotografiile.<\/p>","protected":false},"excerpt":{"rendered":"Want to make a difference in your interior or at your events with an extraordinary accessory? The mint green flower wall is perfect for you. Let yourself be charmed by this flower wall adorned with soft and soothing green and white roses. Your guests won&#8217;t believe their eyes, and neither will you. Brighten up your [&#8230;]","protected":false},"featured_media":124,"template":"","meta":[],"product_brand":[],"product_cat":[15,21,20],"product_tag":[],"class_list":{"0":"post-125","1":"product","2":"type-product","3":"status-publish","4":"has-post-thumbnail","6":"product_cat-all-products","7":"product_cat-green-floral-wall-backdrop","8":"product_cat-white-floral-wall-backdrop","10":"first","11":"instock","12":"shipping-taxable","13":"purchasable","14":"product-type-simple"},"yoast_head":"<!-- This site is optimized with the Yoast SEO plugin v25.9 - https:\/\/yoast.com\/wordpress\/plugins\/seo\/ -->\n<title>Flower Wall Aqua Green \ud83c\udf38| Wedding &amp; Deco | Buy &amp; Rent<\/title>\n<meta name=\"description\" content=\"Discover the most beautiful flower walls at affordable prices to decorate your interior or a ceremony. Realistic flowers with vibrant colors.\" \/>\n<meta name=\"robots\" content=\"index, follow, max-snippet:-1, max-image-preview:large, max-video-preview:-1\" \/>\n<link rel=\"canonical\" href=\"https:\/\/floramurus.com\/ro\/p\/perete-floral-aqua-verde\/\" \/>\n<meta property=\"og:locale\" content=\"ro_RO\" \/>\n<meta property=\"og:type\" content=\"article\" \/>\n<meta property=\"og:title\" content=\"Flower Wall Aqua Green \ud83c\udf38| Wedding &amp; Deco | Buy &amp; Rent\" \/>\n<meta property=\"og:description\" content=\"Discover the most beautiful flower walls at affordable prices to decorate your interior or a ceremony. Realistic flowers with vibrant colors.\" \/>\n<meta property=\"og:url\" content=\"https:\/\/floramurus.com\/ro\/p\/perete-floral-aqua-verde\/\" \/>\n<meta property=\"og:site_name\" content=\"Flora Murus\" \/>\n<meta property=\"article:modified_time\" content=\"2024-05-24T01:01:43+00:00\" \/>\n<meta property=\"og:image\" content=\"https:\/\/floramurus.com\/wp-content\/uploads\/2024\/05\/File_201_63a86c04-9224-4061-ae73-ed811fc8327c.png\" \/>\n\t<meta property=\"og:image:width\" content=\"599\" \/>\n\t<meta property=\"og:image:height\" content=\"709\" \/>\n\t<meta property=\"og:image:type\" content=\"image\/png\" \/>\n<meta name=\"twitter:card\" content=\"summary_large_image\" \/>\n<meta name=\"twitter:label1\" content=\"Timp estimat pentru citire\" \/>\n\t<meta name=\"twitter:data1\" content=\"1 minut\" \/>\n<script type=\"application\/ld+json\" class=\"yoast-schema-graph\">{\"@context\":\"https:\/\/schema.org\",\"@graph\":[{\"@type\":\"WebPage\",\"@id\":\"https:\/\/floramurus.com\/p\/floral-wall-aqua-green\/\",\"url\":\"https:\/\/floramurus.com\/p\/floral-wall-aqua-green\/\",\"name\":\"Flower Wall Aqua Green \ud83c\udf38| Wedding & Deco | Buy & Rent\",\"isPartOf\":{\"@id\":\"https:\/\/floramurus.com\/#website\"},\"primaryImageOfPage\":{\"@id\":\"https:\/\/floramurus.com\/p\/floral-wall-aqua-green\/#primaryimage\"},\"image\":{\"@id\":\"https:\/\/floramurus.com\/p\/floral-wall-aqua-green\/#primaryimage\"},\"thumbnailUrl\":\"https:\/\/floramurus.com\/wp-content\/uploads\/2024\/05\/File_201_63a86c04-9224-4061-ae73-ed811fc8327c.png\",\"datePublished\":\"2024-05-23T05:47:00+00:00\",\"dateModified\":\"2024-05-24T01:01:43+00:00\",\"description\":\"Discover the most beautiful flower walls at affordable prices to decorate your interior or a ceremony. Realistic flowers with vibrant colors.\",\"breadcrumb\":{\"@id\":\"https:\/\/floramurus.com\/p\/floral-wall-aqua-green\/#breadcrumb\"},\"inLanguage\":\"ro-RO\",\"potentialAction\":[{\"@type\":\"ReadAction\",\"target\":[\"https:\/\/floramurus.com\/p\/floral-wall-aqua-green\/\"]}]},{\"@type\":\"ImageObject\",\"inLanguage\":\"ro-RO\",\"@id\":\"https:\/\/floramurus.com\/p\/floral-wall-aqua-green\/#primaryimage\",\"url\":\"https:\/\/floramurus.com\/wp-content\/uploads\/2024\/05\/File_201_63a86c04-9224-4061-ae73-ed811fc8327c.png\",\"contentUrl\":\"https:\/\/floramurus.com\/wp-content\/uploads\/2024\/05\/File_201_63a86c04-9224-4061-ae73-ed811fc8327c.png\",\"width\":599,\"height\":709,\"caption\":\"Aqua green floral wall for refreshing event decor\"},{\"@type\":\"BreadcrumbList\",\"@id\":\"https:\/\/floramurus.com\/p\/floral-wall-aqua-green\/#breadcrumb\",\"itemListElement\":[{\"@type\":\"ListItem\",\"position\":1,\"name\":\"Home\",\"item\":\"https:\/\/floramurus.com\/\"},{\"@type\":\"ListItem\",\"position\":2,\"name\":\"Shop\",\"item\":\"https:\/\/floramurus.com\/shop\/\"},{\"@type\":\"ListItem\",\"position\":3,\"name\":\"Flower Wall Aqua Green\"}]},{\"@type\":\"WebSite\",\"@id\":\"https:\/\/floramurus.com\/#website\",\"url\":\"https:\/\/floramurus.com\/\",\"name\":\"Flora Murus\",\"description\":\"\",\"publisher\":{\"@id\":\"https:\/\/floramurus.com\/#organization\"},\"potentialAction\":[{\"@type\":\"SearchAction\",\"target\":{\"@type\":\"EntryPoint\",\"urlTemplate\":\"https:\/\/floramurus.com\/?s={search_term_string}\"},\"query-input\":{\"@type\":\"PropertyValueSpecification\",\"valueRequired\":true,\"valueName\":\"search_term_string\"}}],\"inLanguage\":\"ro-RO\"},{\"@type\":\"Organization\",\"@id\":\"https:\/\/floramurus.com\/#organization\",\"name\":\"Flora Murus\",\"url\":\"https:\/\/floramurus.com\/\",\"logo\":{\"@type\":\"ImageObject\",\"inLanguage\":\"ro-RO\",\"@id\":\"https:\/\/floramurus.com\/#\/schema\/logo\/image\/\",\"url\":\"https:\/\/floramurus.com\/wp-content\/uploads\/2024\/05\/flora-murus-logo.png\",\"contentUrl\":\"https:\/\/floramurus.com\/wp-content\/uploads\/2024\/05\/flora-murus-logo.png\",\"width\":926,\"height\":250,\"caption\":\"Flora Murus\"},\"image\":{\"@id\":\"https:\/\/floramurus.com\/#\/schema\/logo\/image\/\"}}]}<\/script>\n<!-- \/ Yoast SEO plugin. -->","yoast_head_json":{"title":"Perete de flori Aqua Green \ud83c\udf38| Nunt\u0103 &amp; Deco | Cump\u0103ra\u021bi \u0219i \u00eenchiria\u021bi","description":"Descoperi\u021bi cei mai frumo\u0219i pere\u021bi de flori la pre\u021buri accesibile pentru a v\u0103 decora interiorul sau o ceremonie. Flori realiste cu culori vibrante.","robots":{"index":"index","follow":"follow","max-snippet":"max-snippet:-1","max-image-preview":"max-image-preview:large","max-video-preview":"max-video-preview:-1"},"canonical":"https:\/\/floramurus.com\/ro\/p\/perete-floral-aqua-verde\/","og_locale":"ro_RO","og_type":"article","og_title":"Flower Wall Aqua Green \ud83c\udf38| Wedding & Deco | Buy & Rent","og_description":"Discover the most beautiful flower walls at affordable prices to decorate your interior or a ceremony. Realistic flowers with vibrant colors.","og_url":"https:\/\/floramurus.com\/ro\/p\/perete-floral-aqua-verde\/","og_site_name":"Flora Murus","article_modified_time":"2024-05-24T01:01:43+00:00","og_image":[{"width":599,"height":709,"url":"https:\/\/floramurus.com\/wp-content\/uploads\/2024\/05\/File_201_63a86c04-9224-4061-ae73-ed811fc8327c.png","type":"image\/png"}],"twitter_card":"summary_large_image","twitter_misc":{"Timp estimat pentru citire":"1 minut"},"schema":{"@context":"https:\/\/schema.org","@graph":[{"@type":"WebPage","@id":"https:\/\/floramurus.com\/p\/floral-wall-aqua-green\/","url":"https:\/\/floramurus.com\/p\/floral-wall-aqua-green\/","name":"Perete de flori Aqua Green \ud83c\udf38| Nunt\u0103 &amp; Deco | Cump\u0103ra\u021bi \u0219i \u00eenchiria\u021bi","isPartOf":{"@id":"https:\/\/floramurus.com\/#website"},"primaryImageOfPage":{"@id":"https:\/\/floramurus.com\/p\/floral-wall-aqua-green\/#primaryimage"},"image":{"@id":"https:\/\/floramurus.com\/p\/floral-wall-aqua-green\/#primaryimage"},"thumbnailUrl":"https:\/\/floramurus.com\/wp-content\/uploads\/2024\/05\/File_201_63a86c04-9224-4061-ae73-ed811fc8327c.png","datePublished":"2024-05-23T05:47:00+00:00","dateModified":"2024-05-24T01:01:43+00:00","description":"Descoperi\u021bi cei mai frumo\u0219i pere\u021bi de flori la pre\u021buri accesibile pentru a v\u0103 decora interiorul sau o ceremonie. Flori realiste cu culori vibrante.","breadcrumb":{"@id":"https:\/\/floramurus.com\/p\/floral-wall-aqua-green\/#breadcrumb"},"inLanguage":"ro-RO","potentialAction":[{"@type":"ReadAction","target":["https:\/\/floramurus.com\/p\/floral-wall-aqua-green\/"]}]},{"@type":"ImageObject","inLanguage":"ro-RO","@id":"https:\/\/floramurus.com\/p\/floral-wall-aqua-green\/#primaryimage","url":"https:\/\/floramurus.com\/wp-content\/uploads\/2024\/05\/File_201_63a86c04-9224-4061-ae73-ed811fc8327c.png","contentUrl":"https:\/\/floramurus.com\/wp-content\/uploads\/2024\/05\/File_201_63a86c04-9224-4061-ae73-ed811fc8327c.png","width":599,"height":709,"caption":"Aqua green floral wall for refreshing event decor"},{"@type":"BreadcrumbList","@id":"https:\/\/floramurus.com\/p\/floral-wall-aqua-green\/#breadcrumb","itemListElement":[{"@type":"ListItem","position":1,"name":"Home","item":"https:\/\/floramurus.com\/"},{"@type":"ListItem","position":2,"name":"Shop","item":"https:\/\/floramurus.com\/shop\/"},{"@type":"ListItem","position":3,"name":"Flower Wall Aqua Green"}]},{"@type":"WebSite","@id":"https:\/\/floramurus.com\/#website","url":"https:\/\/floramurus.com\/","name":"Flora Murus","description":"","publisher":{"@id":"https:\/\/floramurus.com\/#organization"},"potentialAction":[{"@type":"SearchAction","target":{"@type":"EntryPoint","urlTemplate":"https:\/\/floramurus.com\/?s={search_term_string}"},"query-input":{"@type":"PropertyValueSpecification","valueRequired":true,"valueName":"search_term_string"}}],"inLanguage":"ro-RO"},{"@type":"Organization","@id":"https:\/\/floramurus.com\/#organization","name":"Flora Murus","url":"https:\/\/floramurus.com\/","logo":{"@type":"ImageObject","inLanguage":"ro-RO","@id":"https:\/\/floramurus.com\/#\/schema\/logo\/image\/","url":"https:\/\/floramurus.com\/wp-content\/uploads\/2024\/05\/flora-murus-logo.png","contentUrl":"https:\/\/floramurus.com\/wp-content\/uploads\/2024\/05\/flora-murus-logo.png","width":926,"height":250,"caption":"Flora Murus"},"image":{"@id":"https:\/\/floramurus.com\/#\/schema\/logo\/image\/"}}]}},"_links":{"self":[{"href":"https:\/\/floramurus.com\/ro\/wp-json\/wp\/v2\/product\/125","targetHints":{"allow":["GET"]}}],"collection":[{"href":"https:\/\/floramurus.com\/ro\/wp-json\/wp\/v2\/product"}],"about":[{"href":"https:\/\/floramurus.com\/ro\/wp-json\/wp\/v2\/types\/product"}],"wp:featuredmedia":[{"embeddable":true,"href":"https:\/\/floramurus.com\/ro\/wp-json\/wp\/v2\/media\/124"}],"wp:attachment":[{"href":"https:\/\/floramurus.com\/ro\/wp-json\/wp\/v2\/media?parent=125"}],"wp:term":[{"taxonomy":"product_brand","embeddable":true,"href":"https:\/\/floramurus.com\/ro\/wp-json\/wp\/v2\/product_brand?post=125"},{"taxonomy":"product_cat","embeddable":true,"href":"https:\/\/floramurus.com\/ro\/wp-json\/wp\/v2\/product_cat?post=125"},{"taxonomy":"product_tag","embeddable":true,"href":"https:\/\/floramurus.com\/ro\/wp-json\/wp\/v2\/product_tag?post=125"}],"curies":[{"name":"wp","href":"https:\/\/api.w.org\/{rel}","templated":true}]}}