{"id":135,"date":"2024-05-23T05:47:10","date_gmt":"2024-05-23T05:47:10","guid":{"rendered":"https:\/\/floramurus.com\/p\/floral-wall-cheerful-design\/"},"modified":"2024-05-24T01:01:21","modified_gmt":"2024-05-24T01:01:21","slug":"perete-floral-design-vesel","status":"publish","type":"product","link":"https:\/\/floramurus.com\/ro\/p\/perete-floral-design-vesel\/","title":{"rendered":"<span>Perete de flori <\/span><span class=\"product-title-custom\"> Bucuria floral\u0103<\/span>"},"content":{"rendered":"<h2>C\u0103uta\u021bi peretele de flori care s\u0103 v\u0103 \u00eenveseleasc\u0103 \u00eenc\u0103perile \u0219i evenimentele? Peretele Floral Cheerfulness este cel de care ave\u021bi nevoie:<\/h2>\r\n<p>Cu acest perete cu flori care nu trece neobservat, las\u0103-te fermecat de culorile sale moi \u0219i vibrante care vor face diferen\u021ba \u00een orice camer\u0103 sau spa\u021biu.<br><br>Potrivit\u0103 pentru toate evenimentele, o pute\u021bi folosi ca accesoriu pentru a v\u0103 \u00eembun\u0103t\u0103\u021bi fotografiile de ziua dvs. de na\u0219tere sau s\u0103rb\u0103torile de familie. De asemenea, se potrive\u0219te perfect pentru un decor unic \u0219i inspirat de natur\u0103 \u00eentr-un dormitor sau \u00een camera de zi.<\/p>","protected":false},"excerpt":{"rendered":"Searching for the flower wall that will brighten up your rooms and events? The Floral Cheerfulness wall is the one you need: With this flower wall that doesn&#8217;t go unnoticed, let yourself be charmed by its soft and vibrant colors that will make a difference in any room or space.Suitable for all your events, you [&#8230;]","protected":false},"featured_media":134,"template":"","meta":[],"product_brand":[],"product_cat":[15,22,21,20],"product_tag":[],"class_list":{"0":"post-135","1":"product","2":"type-product","3":"status-publish","4":"has-post-thumbnail","6":"product_cat-all-products","7":"product_cat-blue-floral-wall-backdrop","8":"product_cat-green-floral-wall-backdrop","9":"product_cat-white-floral-wall-backdrop","11":"first","12":"instock","13":"shipping-taxable","14":"purchasable","15":"product-type-simple"},"yoast_head":"<!-- This site is optimized with the Yoast SEO plugin v25.9 - https:\/\/yoast.com\/wordpress\/plugins\/seo\/ -->\n<title>Flower Wall Floral Cheer \ud83c\udf38| Wedding &amp; Deco | Buy &amp; Rent<\/title>\n<meta name=\"description\" content=\"Discover the most beautiful flower walls at affordable prices to decorate your interior or a ceremony. Realistic flowers with vibrant colors.\" \/>\n<meta name=\"robots\" content=\"index, follow, max-snippet:-1, max-image-preview:large, max-video-preview:-1\" \/>\n<link rel=\"canonical\" href=\"https:\/\/floramurus.com\/ro\/p\/perete-floral-design-vesel\/\" \/>\n<meta property=\"og:locale\" content=\"ro_RO\" \/>\n<meta property=\"og:type\" content=\"article\" \/>\n<meta property=\"og:title\" content=\"Flower Wall Floral Cheer \ud83c\udf38| Wedding &amp; Deco | Buy &amp; Rent\" \/>\n<meta property=\"og:description\" content=\"Discover the most beautiful flower walls at affordable prices to decorate your interior or a ceremony. Realistic flowers with vibrant colors.\" \/>\n<meta property=\"og:url\" content=\"https:\/\/floramurus.com\/ro\/p\/perete-floral-design-vesel\/\" \/>\n<meta property=\"og:site_name\" content=\"Flora Murus\" \/>\n<meta property=\"article:modified_time\" content=\"2024-05-24T01:01:21+00:00\" \/>\n<meta property=\"og:image\" content=\"https:\/\/floramurus.com\/wp-content\/uploads\/2024\/05\/File_201_526bc3b1-d6dd-4fe0-8f3a-8a5fb01f5f4f.png\" \/>\n\t<meta property=\"og:image:width\" content=\"599\" \/>\n\t<meta property=\"og:image:height\" content=\"709\" \/>\n\t<meta property=\"og:image:type\" content=\"image\/png\" \/>\n<meta name=\"twitter:card\" content=\"summary_large_image\" \/>\n<meta name=\"twitter:label1\" content=\"Timp estimat pentru citire\" \/>\n\t<meta name=\"twitter:data1\" content=\"1 minut\" \/>\n<script type=\"application\/ld+json\" class=\"yoast-schema-graph\">{\"@context\":\"https:\/\/schema.org\",\"@graph\":[{\"@type\":\"WebPage\",\"@id\":\"https:\/\/floramurus.com\/p\/floral-wall-cheerful-design\/\",\"url\":\"https:\/\/floramurus.com\/p\/floral-wall-cheerful-design\/\",\"name\":\"Flower Wall Floral Cheer \ud83c\udf38| Wedding & Deco | Buy & Rent\",\"isPartOf\":{\"@id\":\"https:\/\/floramurus.com\/#website\"},\"primaryImageOfPage\":{\"@id\":\"https:\/\/floramurus.com\/p\/floral-wall-cheerful-design\/#primaryimage\"},\"image\":{\"@id\":\"https:\/\/floramurus.com\/p\/floral-wall-cheerful-design\/#primaryimage\"},\"thumbnailUrl\":\"https:\/\/floramurus.com\/wp-content\/uploads\/2024\/05\/File_201_526bc3b1-d6dd-4fe0-8f3a-8a5fb01f5f4f.png\",\"datePublished\":\"2024-05-23T05:47:10+00:00\",\"dateModified\":\"2024-05-24T01:01:21+00:00\",\"description\":\"Discover the most beautiful flower walls at affordable prices to decorate your interior or a ceremony. Realistic flowers with vibrant colors.\",\"breadcrumb\":{\"@id\":\"https:\/\/floramurus.com\/p\/floral-wall-cheerful-design\/#breadcrumb\"},\"inLanguage\":\"ro-RO\",\"potentialAction\":[{\"@type\":\"ReadAction\",\"target\":[\"https:\/\/floramurus.com\/p\/floral-wall-cheerful-design\/\"]}]},{\"@type\":\"ImageObject\",\"inLanguage\":\"ro-RO\",\"@id\":\"https:\/\/floramurus.com\/p\/floral-wall-cheerful-design\/#primaryimage\",\"url\":\"https:\/\/floramurus.com\/wp-content\/uploads\/2024\/05\/File_201_526bc3b1-d6dd-4fe0-8f3a-8a5fb01f5f4f.png\",\"contentUrl\":\"https:\/\/floramurus.com\/wp-content\/uploads\/2024\/05\/File_201_526bc3b1-d6dd-4fe0-8f3a-8a5fb01f5f4f.png\",\"width\":599,\"height\":709,\"caption\":\"Cheerful floral wall bursting with colorful blooms\"},{\"@type\":\"BreadcrumbList\",\"@id\":\"https:\/\/floramurus.com\/p\/floral-wall-cheerful-design\/#breadcrumb\",\"itemListElement\":[{\"@type\":\"ListItem\",\"position\":1,\"name\":\"Home\",\"item\":\"https:\/\/floramurus.com\/\"},{\"@type\":\"ListItem\",\"position\":2,\"name\":\"Shop\",\"item\":\"https:\/\/floramurus.com\/shop\/\"},{\"@type\":\"ListItem\",\"position\":3,\"name\":\"Flower Wall Floral Cheer\"}]},{\"@type\":\"WebSite\",\"@id\":\"https:\/\/floramurus.com\/#website\",\"url\":\"https:\/\/floramurus.com\/\",\"name\":\"Flora Murus\",\"description\":\"\",\"publisher\":{\"@id\":\"https:\/\/floramurus.com\/#organization\"},\"potentialAction\":[{\"@type\":\"SearchAction\",\"target\":{\"@type\":\"EntryPoint\",\"urlTemplate\":\"https:\/\/floramurus.com\/?s={search_term_string}\"},\"query-input\":{\"@type\":\"PropertyValueSpecification\",\"valueRequired\":true,\"valueName\":\"search_term_string\"}}],\"inLanguage\":\"ro-RO\"},{\"@type\":\"Organization\",\"@id\":\"https:\/\/floramurus.com\/#organization\",\"name\":\"Flora Murus\",\"url\":\"https:\/\/floramurus.com\/\",\"logo\":{\"@type\":\"ImageObject\",\"inLanguage\":\"ro-RO\",\"@id\":\"https:\/\/floramurus.com\/#\/schema\/logo\/image\/\",\"url\":\"https:\/\/floramurus.com\/wp-content\/uploads\/2024\/05\/flora-murus-logo.png\",\"contentUrl\":\"https:\/\/floramurus.com\/wp-content\/uploads\/2024\/05\/flora-murus-logo.png\",\"width\":926,\"height\":250,\"caption\":\"Flora Murus\"},\"image\":{\"@id\":\"https:\/\/floramurus.com\/#\/schema\/logo\/image\/\"}}]}<\/script>\n<!-- \/ Yoast SEO plugin. -->","yoast_head_json":{"title":"Perete de flori Floral Cheer \ud83c\udf38| Nunt\u0103 &amp; Deco | Cump\u0103ra\u021bi \u0219i \u00eenchiria\u021bi","description":"Descoperi\u021bi cei mai frumo\u0219i pere\u021bi de flori la pre\u021buri accesibile pentru a v\u0103 decora interiorul sau o ceremonie. Flori realiste cu culori vibrante.","robots":{"index":"index","follow":"follow","max-snippet":"max-snippet:-1","max-image-preview":"max-image-preview:large","max-video-preview":"max-video-preview:-1"},"canonical":"https:\/\/floramurus.com\/ro\/p\/perete-floral-design-vesel\/","og_locale":"ro_RO","og_type":"article","og_title":"Flower Wall Floral Cheer \ud83c\udf38| Wedding & Deco | Buy & Rent","og_description":"Discover the most beautiful flower walls at affordable prices to decorate your interior or a ceremony. Realistic flowers with vibrant colors.","og_url":"https:\/\/floramurus.com\/ro\/p\/perete-floral-design-vesel\/","og_site_name":"Flora Murus","article_modified_time":"2024-05-24T01:01:21+00:00","og_image":[{"width":599,"height":709,"url":"https:\/\/floramurus.com\/wp-content\/uploads\/2024\/05\/File_201_526bc3b1-d6dd-4fe0-8f3a-8a5fb01f5f4f.png","type":"image\/png"}],"twitter_card":"summary_large_image","twitter_misc":{"Timp estimat pentru citire":"1 minut"},"schema":{"@context":"https:\/\/schema.org","@graph":[{"@type":"WebPage","@id":"https:\/\/floramurus.com\/p\/floral-wall-cheerful-design\/","url":"https:\/\/floramurus.com\/p\/floral-wall-cheerful-design\/","name":"Perete de flori Floral Cheer \ud83c\udf38| Nunt\u0103 &amp; Deco | Cump\u0103ra\u021bi \u0219i \u00eenchiria\u021bi","isPartOf":{"@id":"https:\/\/floramurus.com\/#website"},"primaryImageOfPage":{"@id":"https:\/\/floramurus.com\/p\/floral-wall-cheerful-design\/#primaryimage"},"image":{"@id":"https:\/\/floramurus.com\/p\/floral-wall-cheerful-design\/#primaryimage"},"thumbnailUrl":"https:\/\/floramurus.com\/wp-content\/uploads\/2024\/05\/File_201_526bc3b1-d6dd-4fe0-8f3a-8a5fb01f5f4f.png","datePublished":"2024-05-23T05:47:10+00:00","dateModified":"2024-05-24T01:01:21+00:00","description":"Descoperi\u021bi cei mai frumo\u0219i pere\u021bi de flori la pre\u021buri accesibile pentru a v\u0103 decora interiorul sau o ceremonie. Flori realiste cu culori vibrante.","breadcrumb":{"@id":"https:\/\/floramurus.com\/p\/floral-wall-cheerful-design\/#breadcrumb"},"inLanguage":"ro-RO","potentialAction":[{"@type":"ReadAction","target":["https:\/\/floramurus.com\/p\/floral-wall-cheerful-design\/"]}]},{"@type":"ImageObject","inLanguage":"ro-RO","@id":"https:\/\/floramurus.com\/p\/floral-wall-cheerful-design\/#primaryimage","url":"https:\/\/floramurus.com\/wp-content\/uploads\/2024\/05\/File_201_526bc3b1-d6dd-4fe0-8f3a-8a5fb01f5f4f.png","contentUrl":"https:\/\/floramurus.com\/wp-content\/uploads\/2024\/05\/File_201_526bc3b1-d6dd-4fe0-8f3a-8a5fb01f5f4f.png","width":599,"height":709,"caption":"Cheerful floral wall bursting with colorful blooms"},{"@type":"BreadcrumbList","@id":"https:\/\/floramurus.com\/p\/floral-wall-cheerful-design\/#breadcrumb","itemListElement":[{"@type":"ListItem","position":1,"name":"Home","item":"https:\/\/floramurus.com\/"},{"@type":"ListItem","position":2,"name":"Shop","item":"https:\/\/floramurus.com\/shop\/"},{"@type":"ListItem","position":3,"name":"Flower Wall Floral Cheer"}]},{"@type":"WebSite","@id":"https:\/\/floramurus.com\/#website","url":"https:\/\/floramurus.com\/","name":"Flora Murus","description":"","publisher":{"@id":"https:\/\/floramurus.com\/#organization"},"potentialAction":[{"@type":"SearchAction","target":{"@type":"EntryPoint","urlTemplate":"https:\/\/floramurus.com\/?s={search_term_string}"},"query-input":{"@type":"PropertyValueSpecification","valueRequired":true,"valueName":"search_term_string"}}],"inLanguage":"ro-RO"},{"@type":"Organization","@id":"https:\/\/floramurus.com\/#organization","name":"Flora Murus","url":"https:\/\/floramurus.com\/","logo":{"@type":"ImageObject","inLanguage":"ro-RO","@id":"https:\/\/floramurus.com\/#\/schema\/logo\/image\/","url":"https:\/\/floramurus.com\/wp-content\/uploads\/2024\/05\/flora-murus-logo.png","contentUrl":"https:\/\/floramurus.com\/wp-content\/uploads\/2024\/05\/flora-murus-logo.png","width":926,"height":250,"caption":"Flora Murus"},"image":{"@id":"https:\/\/floramurus.com\/#\/schema\/logo\/image\/"}}]}},"_links":{"self":[{"href":"https:\/\/floramurus.com\/ro\/wp-json\/wp\/v2\/product\/135","targetHints":{"allow":["GET"]}}],"collection":[{"href":"https:\/\/floramurus.com\/ro\/wp-json\/wp\/v2\/product"}],"about":[{"href":"https:\/\/floramurus.com\/ro\/wp-json\/wp\/v2\/types\/product"}],"wp:featuredmedia":[{"embeddable":true,"href":"https:\/\/floramurus.com\/ro\/wp-json\/wp\/v2\/media\/134"}],"wp:attachment":[{"href":"https:\/\/floramurus.com\/ro\/wp-json\/wp\/v2\/media?parent=135"}],"wp:term":[{"taxonomy":"product_brand","embeddable":true,"href":"https:\/\/floramurus.com\/ro\/wp-json\/wp\/v2\/product_brand?post=135"},{"taxonomy":"product_cat","embeddable":true,"href":"https:\/\/floramurus.com\/ro\/wp-json\/wp\/v2\/product_cat?post=135"},{"taxonomy":"product_tag","embeddable":true,"href":"https:\/\/floramurus.com\/ro\/wp-json\/wp\/v2\/product_tag?post=135"}],"curies":[{"name":"wp","href":"https:\/\/api.w.org\/{rel}","templated":true}]}}