{"id":140,"date":"2024-05-23T05:47:16","date_gmt":"2024-05-23T05:47:16","guid":{"rendered":"https:\/\/floramurus.com\/p\/floral-wall-country-style\/"},"modified":"2024-05-24T01:01:07","modified_gmt":"2024-05-24T01:01:07","slug":"perete-floral-stil-tara","status":"publish","type":"product","link":"https:\/\/floramurus.com\/ro\/p\/perete-floral-stil-tara\/","title":{"rendered":"<span>Perete de flori <\/span><span class=\"product-title-custom\"> Farmecul rustic<\/span>"},"content":{"rendered":"<p>Peretele rustic de flori este ca un buchet extraordinar \u0219i multicolor care ne invit\u0103 la o plimbare de <strong>bucolic<\/strong> c\u0103l\u0103torie. Este o explozie bl\u00e2nd\u0103 de petale care evoc\u0103 un col\u021b de \u021bar\u0103 paradisiac\u0103.<\/p>\r\n<p>Acesta va <strong>decorativ<\/strong> valorific\u0103 vitrinele \u0219i interioarele magazinelor \u0219i servesc, de asemenea, drept suport pentru <strong>lucr\u0103ri artistice<\/strong>: ca decor de scen\u0103 sau ca fundal pentru fotografiile dumneavoastr\u0103.<\/p>","protected":false},"excerpt":{"rendered":"The rustic flower wall is like an extraordinary and multicolored bouquet that invites us on a bucolic journey. It is a gentle explosion of petals that evokes a paradisiacal countryside corner. It will decoratively enhance shop windows and interiors, and also serve as a support for artistic works: as a stage decor or as a [&#8230;]","protected":false},"featured_media":139,"template":"","meta":[],"product_brand":[],"product_cat":[15,26,19,20],"product_tag":[],"class_list":{"0":"post-140","1":"product","2":"type-product","3":"status-publish","4":"has-post-thumbnail","6":"product_cat-all-products","7":"product_cat-orange-floral-wall-backdrop","8":"product_cat-pink-floral-wall-backdrop","9":"product_cat-white-floral-wall-backdrop","11":"first","12":"instock","13":"shipping-taxable","14":"purchasable","15":"product-type-simple"},"yoast_head":"<!-- This site is optimized with the Yoast SEO plugin v25.9 - https:\/\/yoast.com\/wordpress\/plugins\/seo\/ -->\n<title>Flower Wall Rustic Charm \ud83c\udf38| Wedding &amp; Deco | Buy &amp; Rent<\/title>\n<meta name=\"description\" content=\"Discover the most beautiful flower walls at affordable prices to decorate your interior or a ceremony. Realistic flowers with vibrant colors.\" \/>\n<meta name=\"robots\" content=\"index, follow, max-snippet:-1, max-image-preview:large, max-video-preview:-1\" \/>\n<link rel=\"canonical\" href=\"https:\/\/floramurus.com\/ro\/p\/perete-floral-stil-tara\/\" \/>\n<meta property=\"og:locale\" content=\"ro_RO\" \/>\n<meta property=\"og:type\" content=\"article\" \/>\n<meta property=\"og:title\" content=\"Flower Wall Rustic Charm \ud83c\udf38| Wedding &amp; Deco | Buy &amp; Rent\" \/>\n<meta property=\"og:description\" content=\"Discover the most beautiful flower walls at affordable prices to decorate your interior or a ceremony. Realistic flowers with vibrant colors.\" \/>\n<meta property=\"og:url\" content=\"https:\/\/floramurus.com\/ro\/p\/perete-floral-stil-tara\/\" \/>\n<meta property=\"og:site_name\" content=\"Flora Murus\" \/>\n<meta property=\"article:modified_time\" content=\"2024-05-24T01:01:07+00:00\" \/>\n<meta property=\"og:image\" content=\"https:\/\/floramurus.com\/wp-content\/uploads\/2024\/05\/File_201_30323f70-7b2a-40a3-86ab-00f5f388139e.png\" \/>\n\t<meta property=\"og:image:width\" content=\"596\" \/>\n\t<meta property=\"og:image:height\" content=\"709\" \/>\n\t<meta property=\"og:image:type\" content=\"image\/png\" \/>\n<meta name=\"twitter:card\" content=\"summary_large_image\" \/>\n<meta name=\"twitter:label1\" content=\"Timp estimat pentru citire\" \/>\n\t<meta name=\"twitter:data1\" content=\"1 minut\" \/>\n<script type=\"application\/ld+json\" class=\"yoast-schema-graph\">{\"@context\":\"https:\/\/schema.org\",\"@graph\":[{\"@type\":\"WebPage\",\"@id\":\"https:\/\/floramurus.com\/p\/floral-wall-country-style\/\",\"url\":\"https:\/\/floramurus.com\/p\/floral-wall-country-style\/\",\"name\":\"Flower Wall Rustic Charm \ud83c\udf38| Wedding & Deco | Buy & Rent\",\"isPartOf\":{\"@id\":\"https:\/\/floramurus.com\/#website\"},\"primaryImageOfPage\":{\"@id\":\"https:\/\/floramurus.com\/p\/floral-wall-country-style\/#primaryimage\"},\"image\":{\"@id\":\"https:\/\/floramurus.com\/p\/floral-wall-country-style\/#primaryimage\"},\"thumbnailUrl\":\"https:\/\/floramurus.com\/wp-content\/uploads\/2024\/05\/File_201_30323f70-7b2a-40a3-86ab-00f5f388139e.png\",\"datePublished\":\"2024-05-23T05:47:16+00:00\",\"dateModified\":\"2024-05-24T01:01:07+00:00\",\"description\":\"Discover the most beautiful flower walls at affordable prices to decorate your interior or a ceremony. Realistic flowers with vibrant colors.\",\"breadcrumb\":{\"@id\":\"https:\/\/floramurus.com\/p\/floral-wall-country-style\/#breadcrumb\"},\"inLanguage\":\"ro-RO\",\"potentialAction\":[{\"@type\":\"ReadAction\",\"target\":[\"https:\/\/floramurus.com\/p\/floral-wall-country-style\/\"]}]},{\"@type\":\"ImageObject\",\"inLanguage\":\"ro-RO\",\"@id\":\"https:\/\/floramurus.com\/p\/floral-wall-country-style\/#primaryimage\",\"url\":\"https:\/\/floramurus.com\/wp-content\/uploads\/2024\/05\/File_201_30323f70-7b2a-40a3-86ab-00f5f388139e.png\",\"contentUrl\":\"https:\/\/floramurus.com\/wp-content\/uploads\/2024\/05\/File_201_30323f70-7b2a-40a3-86ab-00f5f388139e.png\",\"width\":596,\"height\":709,\"caption\":\"Rustic charm floral wall with natural elements\"},{\"@type\":\"BreadcrumbList\",\"@id\":\"https:\/\/floramurus.com\/p\/floral-wall-country-style\/#breadcrumb\",\"itemListElement\":[{\"@type\":\"ListItem\",\"position\":1,\"name\":\"Home\",\"item\":\"https:\/\/floramurus.com\/\"},{\"@type\":\"ListItem\",\"position\":2,\"name\":\"Shop\",\"item\":\"https:\/\/floramurus.com\/shop\/\"},{\"@type\":\"ListItem\",\"position\":3,\"name\":\"Flower Wall Rustic Charm\"}]},{\"@type\":\"WebSite\",\"@id\":\"https:\/\/floramurus.com\/#website\",\"url\":\"https:\/\/floramurus.com\/\",\"name\":\"Flora Murus\",\"description\":\"\",\"publisher\":{\"@id\":\"https:\/\/floramurus.com\/#organization\"},\"potentialAction\":[{\"@type\":\"SearchAction\",\"target\":{\"@type\":\"EntryPoint\",\"urlTemplate\":\"https:\/\/floramurus.com\/?s={search_term_string}\"},\"query-input\":{\"@type\":\"PropertyValueSpecification\",\"valueRequired\":true,\"valueName\":\"search_term_string\"}}],\"inLanguage\":\"ro-RO\"},{\"@type\":\"Organization\",\"@id\":\"https:\/\/floramurus.com\/#organization\",\"name\":\"Flora Murus\",\"url\":\"https:\/\/floramurus.com\/\",\"logo\":{\"@type\":\"ImageObject\",\"inLanguage\":\"ro-RO\",\"@id\":\"https:\/\/floramurus.com\/#\/schema\/logo\/image\/\",\"url\":\"https:\/\/floramurus.com\/wp-content\/uploads\/2024\/05\/flora-murus-logo.png\",\"contentUrl\":\"https:\/\/floramurus.com\/wp-content\/uploads\/2024\/05\/flora-murus-logo.png\",\"width\":926,\"height\":250,\"caption\":\"Flora Murus\"},\"image\":{\"@id\":\"https:\/\/floramurus.com\/#\/schema\/logo\/image\/\"}}]}<\/script>\n<!-- \/ Yoast SEO plugin. -->","yoast_head_json":{"title":"Perete de flori Rustic Charm \ud83c\udf38| Wedding &amp; Deco | Cump\u0103r\u0103 \u0219i \u00cenchiriaz\u0103","description":"Descoperi\u021bi cei mai frumo\u0219i pere\u021bi de flori la pre\u021buri accesibile pentru a v\u0103 decora interiorul sau o ceremonie. Flori realiste cu culori vibrante.","robots":{"index":"index","follow":"follow","max-snippet":"max-snippet:-1","max-image-preview":"max-image-preview:large","max-video-preview":"max-video-preview:-1"},"canonical":"https:\/\/floramurus.com\/ro\/p\/perete-floral-stil-tara\/","og_locale":"ro_RO","og_type":"article","og_title":"Flower Wall Rustic Charm \ud83c\udf38| Wedding & Deco | Buy & Rent","og_description":"Discover the most beautiful flower walls at affordable prices to decorate your interior or a ceremony. Realistic flowers with vibrant colors.","og_url":"https:\/\/floramurus.com\/ro\/p\/perete-floral-stil-tara\/","og_site_name":"Flora Murus","article_modified_time":"2024-05-24T01:01:07+00:00","og_image":[{"width":596,"height":709,"url":"https:\/\/floramurus.com\/wp-content\/uploads\/2024\/05\/File_201_30323f70-7b2a-40a3-86ab-00f5f388139e.png","type":"image\/png"}],"twitter_card":"summary_large_image","twitter_misc":{"Timp estimat pentru citire":"1 minut"},"schema":{"@context":"https:\/\/schema.org","@graph":[{"@type":"WebPage","@id":"https:\/\/floramurus.com\/p\/floral-wall-country-style\/","url":"https:\/\/floramurus.com\/p\/floral-wall-country-style\/","name":"Perete de flori Rustic Charm \ud83c\udf38| Wedding &amp; Deco | Cump\u0103r\u0103 \u0219i \u00cenchiriaz\u0103","isPartOf":{"@id":"https:\/\/floramurus.com\/#website"},"primaryImageOfPage":{"@id":"https:\/\/floramurus.com\/p\/floral-wall-country-style\/#primaryimage"},"image":{"@id":"https:\/\/floramurus.com\/p\/floral-wall-country-style\/#primaryimage"},"thumbnailUrl":"https:\/\/floramurus.com\/wp-content\/uploads\/2024\/05\/File_201_30323f70-7b2a-40a3-86ab-00f5f388139e.png","datePublished":"2024-05-23T05:47:16+00:00","dateModified":"2024-05-24T01:01:07+00:00","description":"Descoperi\u021bi cei mai frumo\u0219i pere\u021bi de flori la pre\u021buri accesibile pentru a v\u0103 decora interiorul sau o ceremonie. Flori realiste cu culori vibrante.","breadcrumb":{"@id":"https:\/\/floramurus.com\/p\/floral-wall-country-style\/#breadcrumb"},"inLanguage":"ro-RO","potentialAction":[{"@type":"ReadAction","target":["https:\/\/floramurus.com\/p\/floral-wall-country-style\/"]}]},{"@type":"ImageObject","inLanguage":"ro-RO","@id":"https:\/\/floramurus.com\/p\/floral-wall-country-style\/#primaryimage","url":"https:\/\/floramurus.com\/wp-content\/uploads\/2024\/05\/File_201_30323f70-7b2a-40a3-86ab-00f5f388139e.png","contentUrl":"https:\/\/floramurus.com\/wp-content\/uploads\/2024\/05\/File_201_30323f70-7b2a-40a3-86ab-00f5f388139e.png","width":596,"height":709,"caption":"Rustic charm floral wall with natural elements"},{"@type":"BreadcrumbList","@id":"https:\/\/floramurus.com\/p\/floral-wall-country-style\/#breadcrumb","itemListElement":[{"@type":"ListItem","position":1,"name":"Home","item":"https:\/\/floramurus.com\/"},{"@type":"ListItem","position":2,"name":"Shop","item":"https:\/\/floramurus.com\/shop\/"},{"@type":"ListItem","position":3,"name":"Flower Wall Rustic Charm"}]},{"@type":"WebSite","@id":"https:\/\/floramurus.com\/#website","url":"https:\/\/floramurus.com\/","name":"Flora Murus","description":"","publisher":{"@id":"https:\/\/floramurus.com\/#organization"},"potentialAction":[{"@type":"SearchAction","target":{"@type":"EntryPoint","urlTemplate":"https:\/\/floramurus.com\/?s={search_term_string}"},"query-input":{"@type":"PropertyValueSpecification","valueRequired":true,"valueName":"search_term_string"}}],"inLanguage":"ro-RO"},{"@type":"Organization","@id":"https:\/\/floramurus.com\/#organization","name":"Flora Murus","url":"https:\/\/floramurus.com\/","logo":{"@type":"ImageObject","inLanguage":"ro-RO","@id":"https:\/\/floramurus.com\/#\/schema\/logo\/image\/","url":"https:\/\/floramurus.com\/wp-content\/uploads\/2024\/05\/flora-murus-logo.png","contentUrl":"https:\/\/floramurus.com\/wp-content\/uploads\/2024\/05\/flora-murus-logo.png","width":926,"height":250,"caption":"Flora Murus"},"image":{"@id":"https:\/\/floramurus.com\/#\/schema\/logo\/image\/"}}]}},"_links":{"self":[{"href":"https:\/\/floramurus.com\/ro\/wp-json\/wp\/v2\/product\/140","targetHints":{"allow":["GET"]}}],"collection":[{"href":"https:\/\/floramurus.com\/ro\/wp-json\/wp\/v2\/product"}],"about":[{"href":"https:\/\/floramurus.com\/ro\/wp-json\/wp\/v2\/types\/product"}],"wp:featuredmedia":[{"embeddable":true,"href":"https:\/\/floramurus.com\/ro\/wp-json\/wp\/v2\/media\/139"}],"wp:attachment":[{"href":"https:\/\/floramurus.com\/ro\/wp-json\/wp\/v2\/media?parent=140"}],"wp:term":[{"taxonomy":"product_brand","embeddable":true,"href":"https:\/\/floramurus.com\/ro\/wp-json\/wp\/v2\/product_brand?post=140"},{"taxonomy":"product_cat","embeddable":true,"href":"https:\/\/floramurus.com\/ro\/wp-json\/wp\/v2\/product_cat?post=140"},{"taxonomy":"product_tag","embeddable":true,"href":"https:\/\/floramurus.com\/ro\/wp-json\/wp\/v2\/product_tag?post=140"}],"curies":[{"name":"wp","href":"https:\/\/api.w.org\/{rel}","templated":true}]}}