{"id":225,"date":"2024-05-23T05:48:59","date_gmt":"2024-05-23T05:48:59","guid":{"rendered":"https:\/\/floramurus.com\/p\/flower-wall-candy-pink\/"},"modified":"2024-05-24T00:56:46","modified_gmt":"2024-05-24T00:56:46","slug":"floare-de-perete-bomboane-de-bomboane-roz","status":"publish","type":"product","link":"https:\/\/floramurus.com\/ro\/p\/floare-de-perete-bomboane-de-bomboane-roz\/","title":{"rendered":"<span>Perete de flori <\/span><span class=\"product-title-custom\"> Dulce roz<\/span>"},"content":{"rendered":"<p>The <strong>Candy Pink Flower Wall<\/strong> este compus \u00een \u00eentregime din flori artificiale \u00een diferite nuan\u021be de roz. Este disponibil \u00een mai multe dimensiuni.<\/p>\r\n<p>Acest perete de flori este conceput pentru utilizare \u00een interior (<strong>decorare dormitor<\/strong>), camera de zi...), \u0219i poate fi folosit\u0103 \u0219i pentru ocazii speciale, cum ar fi o nunt\u0103, un botez, o \u0219edin\u021b\u0103 foto sau chiar o <strong>vitrina magazinului<\/strong>.<\/p>","protected":false},"excerpt":{"rendered":"The Candy Pink Flower Wall is entirely composed of artificial flowers in various shades of pink. It is available in multiple sizes. This flower wall is designed for indoor wall use (bedroom decoration, living room&#8230;), and can also be used for special occasions such as a wedding, christening, photo shoot, or even a shop window [&#8230;]","protected":false},"featured_media":224,"template":"","meta":[],"product_brand":[],"product_cat":[15,19],"product_tag":[],"class_list":{"0":"post-225","1":"product","2":"type-product","3":"status-publish","4":"has-post-thumbnail","6":"product_cat-all-products","7":"product_cat-pink-floral-wall-backdrop","9":"first","10":"instock","11":"shipping-taxable","12":"purchasable","13":"product-type-simple"},"yoast_head":"<!-- This site is optimized with the Yoast SEO plugin v25.9 - https:\/\/yoast.com\/wordpress\/plugins\/seo\/ -->\n<title>Flower Wall Sweet Pink \ud83c\udf38| Wedding &amp; Deco | Buy &amp; Rent<\/title>\n<meta name=\"description\" content=\"Discover the most beautiful flower walls at affordable prices to decorate your interior or a ceremony. Realistic flowers with vibrant colors.\" \/>\n<meta name=\"robots\" content=\"index, follow, max-snippet:-1, max-image-preview:large, max-video-preview:-1\" \/>\n<link rel=\"canonical\" href=\"https:\/\/floramurus.com\/ro\/p\/floare-de-perete-bomboane-de-bomboane-roz\/\" \/>\n<meta property=\"og:locale\" content=\"ro_RO\" \/>\n<meta property=\"og:type\" content=\"article\" \/>\n<meta property=\"og:title\" content=\"Flower Wall Sweet Pink \ud83c\udf38| Wedding &amp; Deco | Buy &amp; Rent\" \/>\n<meta property=\"og:description\" content=\"Discover the most beautiful flower walls at affordable prices to decorate your interior or a ceremony. Realistic flowers with vibrant colors.\" \/>\n<meta property=\"og:url\" content=\"https:\/\/floramurus.com\/ro\/p\/floare-de-perete-bomboane-de-bomboane-roz\/\" \/>\n<meta property=\"og:site_name\" content=\"Flora Murus\" \/>\n<meta property=\"article:modified_time\" content=\"2024-05-24T00:56:46+00:00\" \/>\n<meta property=\"og:image\" content=\"https:\/\/floramurus.com\/wp-content\/uploads\/2024\/05\/File_201_e783b9e3-635e-45ac-a9dd-ecacfc352a2a.png\" \/>\n\t<meta property=\"og:image:width\" content=\"597\" \/>\n\t<meta property=\"og:image:height\" content=\"744\" \/>\n\t<meta property=\"og:image:type\" content=\"image\/png\" \/>\n<meta name=\"twitter:card\" content=\"summary_large_image\" \/>\n<meta name=\"twitter:label1\" content=\"Timp estimat pentru citire\" \/>\n\t<meta name=\"twitter:data1\" content=\"1 minut\" \/>\n<script type=\"application\/ld+json\" class=\"yoast-schema-graph\">{\"@context\":\"https:\/\/schema.org\",\"@graph\":[{\"@type\":\"WebPage\",\"@id\":\"https:\/\/floramurus.com\/p\/flower-wall-candy-pink\/\",\"url\":\"https:\/\/floramurus.com\/p\/flower-wall-candy-pink\/\",\"name\":\"Flower Wall Sweet Pink \ud83c\udf38| Wedding & Deco | Buy & Rent\",\"isPartOf\":{\"@id\":\"https:\/\/floramurus.com\/#website\"},\"primaryImageOfPage\":{\"@id\":\"https:\/\/floramurus.com\/p\/flower-wall-candy-pink\/#primaryimage\"},\"image\":{\"@id\":\"https:\/\/floramurus.com\/p\/flower-wall-candy-pink\/#primaryimage\"},\"thumbnailUrl\":\"https:\/\/floramurus.com\/wp-content\/uploads\/2024\/05\/File_201_e783b9e3-635e-45ac-a9dd-ecacfc352a2a.png\",\"datePublished\":\"2024-05-23T05:48:59+00:00\",\"dateModified\":\"2024-05-24T00:56:46+00:00\",\"description\":\"Discover the most beautiful flower walls at affordable prices to decorate your interior or a ceremony. Realistic flowers with vibrant colors.\",\"breadcrumb\":{\"@id\":\"https:\/\/floramurus.com\/p\/flower-wall-candy-pink\/#breadcrumb\"},\"inLanguage\":\"ro-RO\",\"potentialAction\":[{\"@type\":\"ReadAction\",\"target\":[\"https:\/\/floramurus.com\/p\/flower-wall-candy-pink\/\"]}]},{\"@type\":\"ImageObject\",\"inLanguage\":\"ro-RO\",\"@id\":\"https:\/\/floramurus.com\/p\/flower-wall-candy-pink\/#primaryimage\",\"url\":\"https:\/\/floramurus.com\/wp-content\/uploads\/2024\/05\/File_201_e783b9e3-635e-45ac-a9dd-ecacfc352a2a.png\",\"contentUrl\":\"https:\/\/floramurus.com\/wp-content\/uploads\/2024\/05\/File_201_e783b9e3-635e-45ac-a9dd-ecacfc352a2a.png\",\"width\":597,\"height\":744,\"caption\":\"Sweet pink flower wall perfect for sweet sixteen parties\"},{\"@type\":\"BreadcrumbList\",\"@id\":\"https:\/\/floramurus.com\/p\/flower-wall-candy-pink\/#breadcrumb\",\"itemListElement\":[{\"@type\":\"ListItem\",\"position\":1,\"name\":\"Home\",\"item\":\"https:\/\/floramurus.com\/\"},{\"@type\":\"ListItem\",\"position\":2,\"name\":\"Shop\",\"item\":\"https:\/\/floramurus.com\/shop\/\"},{\"@type\":\"ListItem\",\"position\":3,\"name\":\"Flower Wall Sweet Pink\"}]},{\"@type\":\"WebSite\",\"@id\":\"https:\/\/floramurus.com\/#website\",\"url\":\"https:\/\/floramurus.com\/\",\"name\":\"Flora Murus\",\"description\":\"\",\"publisher\":{\"@id\":\"https:\/\/floramurus.com\/#organization\"},\"potentialAction\":[{\"@type\":\"SearchAction\",\"target\":{\"@type\":\"EntryPoint\",\"urlTemplate\":\"https:\/\/floramurus.com\/?s={search_term_string}\"},\"query-input\":{\"@type\":\"PropertyValueSpecification\",\"valueRequired\":true,\"valueName\":\"search_term_string\"}}],\"inLanguage\":\"ro-RO\"},{\"@type\":\"Organization\",\"@id\":\"https:\/\/floramurus.com\/#organization\",\"name\":\"Flora Murus\",\"url\":\"https:\/\/floramurus.com\/\",\"logo\":{\"@type\":\"ImageObject\",\"inLanguage\":\"ro-RO\",\"@id\":\"https:\/\/floramurus.com\/#\/schema\/logo\/image\/\",\"url\":\"https:\/\/floramurus.com\/wp-content\/uploads\/2024\/05\/flora-murus-logo.png\",\"contentUrl\":\"https:\/\/floramurus.com\/wp-content\/uploads\/2024\/05\/flora-murus-logo.png\",\"width\":926,\"height\":250,\"caption\":\"Flora Murus\"},\"image\":{\"@id\":\"https:\/\/floramurus.com\/#\/schema\/logo\/image\/\"}}]}<\/script>\n<!-- \/ Yoast SEO plugin. -->","yoast_head_json":{"title":"Perete de flori Sweet Pink \ud83c\udf38| Nunt\u0103 &amp; Deco | Cump\u0103ra\u021bi \u0219i \u00eenchiria\u021bi","description":"Descoperi\u021bi cei mai frumo\u0219i pere\u021bi de flori la pre\u021buri accesibile pentru a v\u0103 decora interiorul sau o ceremonie. Flori realiste cu culori vibrante.","robots":{"index":"index","follow":"follow","max-snippet":"max-snippet:-1","max-image-preview":"max-image-preview:large","max-video-preview":"max-video-preview:-1"},"canonical":"https:\/\/floramurus.com\/ro\/p\/floare-de-perete-bomboane-de-bomboane-roz\/","og_locale":"ro_RO","og_type":"article","og_title":"Flower Wall Sweet Pink \ud83c\udf38| Wedding & Deco | Buy & Rent","og_description":"Discover the most beautiful flower walls at affordable prices to decorate your interior or a ceremony. Realistic flowers with vibrant colors.","og_url":"https:\/\/floramurus.com\/ro\/p\/floare-de-perete-bomboane-de-bomboane-roz\/","og_site_name":"Flora Murus","article_modified_time":"2024-05-24T00:56:46+00:00","og_image":[{"width":597,"height":744,"url":"https:\/\/floramurus.com\/wp-content\/uploads\/2024\/05\/File_201_e783b9e3-635e-45ac-a9dd-ecacfc352a2a.png","type":"image\/png"}],"twitter_card":"summary_large_image","twitter_misc":{"Timp estimat pentru citire":"1 minut"},"schema":{"@context":"https:\/\/schema.org","@graph":[{"@type":"WebPage","@id":"https:\/\/floramurus.com\/p\/flower-wall-candy-pink\/","url":"https:\/\/floramurus.com\/p\/flower-wall-candy-pink\/","name":"Perete de flori Sweet Pink \ud83c\udf38| Nunt\u0103 &amp; Deco | Cump\u0103ra\u021bi \u0219i \u00eenchiria\u021bi","isPartOf":{"@id":"https:\/\/floramurus.com\/#website"},"primaryImageOfPage":{"@id":"https:\/\/floramurus.com\/p\/flower-wall-candy-pink\/#primaryimage"},"image":{"@id":"https:\/\/floramurus.com\/p\/flower-wall-candy-pink\/#primaryimage"},"thumbnailUrl":"https:\/\/floramurus.com\/wp-content\/uploads\/2024\/05\/File_201_e783b9e3-635e-45ac-a9dd-ecacfc352a2a.png","datePublished":"2024-05-23T05:48:59+00:00","dateModified":"2024-05-24T00:56:46+00:00","description":"Descoperi\u021bi cei mai frumo\u0219i pere\u021bi de flori la pre\u021buri accesibile pentru a v\u0103 decora interiorul sau o ceremonie. Flori realiste cu culori vibrante.","breadcrumb":{"@id":"https:\/\/floramurus.com\/p\/flower-wall-candy-pink\/#breadcrumb"},"inLanguage":"ro-RO","potentialAction":[{"@type":"ReadAction","target":["https:\/\/floramurus.com\/p\/flower-wall-candy-pink\/"]}]},{"@type":"ImageObject","inLanguage":"ro-RO","@id":"https:\/\/floramurus.com\/p\/flower-wall-candy-pink\/#primaryimage","url":"https:\/\/floramurus.com\/wp-content\/uploads\/2024\/05\/File_201_e783b9e3-635e-45ac-a9dd-ecacfc352a2a.png","contentUrl":"https:\/\/floramurus.com\/wp-content\/uploads\/2024\/05\/File_201_e783b9e3-635e-45ac-a9dd-ecacfc352a2a.png","width":597,"height":744,"caption":"Sweet pink flower wall perfect for sweet sixteen parties"},{"@type":"BreadcrumbList","@id":"https:\/\/floramurus.com\/p\/flower-wall-candy-pink\/#breadcrumb","itemListElement":[{"@type":"ListItem","position":1,"name":"Home","item":"https:\/\/floramurus.com\/"},{"@type":"ListItem","position":2,"name":"Shop","item":"https:\/\/floramurus.com\/shop\/"},{"@type":"ListItem","position":3,"name":"Flower Wall Sweet Pink"}]},{"@type":"WebSite","@id":"https:\/\/floramurus.com\/#website","url":"https:\/\/floramurus.com\/","name":"Flora Murus","description":"","publisher":{"@id":"https:\/\/floramurus.com\/#organization"},"potentialAction":[{"@type":"SearchAction","target":{"@type":"EntryPoint","urlTemplate":"https:\/\/floramurus.com\/?s={search_term_string}"},"query-input":{"@type":"PropertyValueSpecification","valueRequired":true,"valueName":"search_term_string"}}],"inLanguage":"ro-RO"},{"@type":"Organization","@id":"https:\/\/floramurus.com\/#organization","name":"Flora Murus","url":"https:\/\/floramurus.com\/","logo":{"@type":"ImageObject","inLanguage":"ro-RO","@id":"https:\/\/floramurus.com\/#\/schema\/logo\/image\/","url":"https:\/\/floramurus.com\/wp-content\/uploads\/2024\/05\/flora-murus-logo.png","contentUrl":"https:\/\/floramurus.com\/wp-content\/uploads\/2024\/05\/flora-murus-logo.png","width":926,"height":250,"caption":"Flora Murus"},"image":{"@id":"https:\/\/floramurus.com\/#\/schema\/logo\/image\/"}}]}},"_links":{"self":[{"href":"https:\/\/floramurus.com\/ro\/wp-json\/wp\/v2\/product\/225","targetHints":{"allow":["GET"]}}],"collection":[{"href":"https:\/\/floramurus.com\/ro\/wp-json\/wp\/v2\/product"}],"about":[{"href":"https:\/\/floramurus.com\/ro\/wp-json\/wp\/v2\/types\/product"}],"wp:featuredmedia":[{"embeddable":true,"href":"https:\/\/floramurus.com\/ro\/wp-json\/wp\/v2\/media\/224"}],"wp:attachment":[{"href":"https:\/\/floramurus.com\/ro\/wp-json\/wp\/v2\/media?parent=225"}],"wp:term":[{"taxonomy":"product_brand","embeddable":true,"href":"https:\/\/floramurus.com\/ro\/wp-json\/wp\/v2\/product_brand?post=225"},{"taxonomy":"product_cat","embeddable":true,"href":"https:\/\/floramurus.com\/ro\/wp-json\/wp\/v2\/product_cat?post=225"},{"taxonomy":"product_tag","embeddable":true,"href":"https:\/\/floramurus.com\/ro\/wp-json\/wp\/v2\/product_tag?post=225"}],"curies":[{"name":"wp","href":"https:\/\/api.w.org\/{rel}","templated":true}]}}