{"id":265,"date":"2024-05-23T05:49:45","date_gmt":"2024-05-23T05:49:45","guid":{"rendered":"https:\/\/floramurus.com\/p\/flower-wall-rose-beauty\/"},"modified":"2024-05-24T00:55:37","modified_gmt":"2024-05-24T00:55:37","slug":"perete-de-flori-trandafir-frumusete","status":"publish","type":"product","link":"https:\/\/floramurus.com\/ro\/p\/perete-de-flori-trandafir-frumusete\/","title":{"rendered":"<span>Perete de flori <\/span><span class=\"product-title-custom\"> Frumuse\u021be roz<\/span>"},"content":{"rendered":"<p>Aduce\u021bi natura \u00een casa dvs. cu peretele nostru de flori de frumuse\u021be roz! Peretele nostru floral este compus din trandafiri sintetici albi \u0219i roz, cu un aspect natural \u0219i realist. Florile sunt fixate cu grij\u0103 pe o structur\u0103 autoportant\u0103.<\/p>\r\n<p>\u00cembun\u0103t\u0103\u021bi\u021bi-v\u0103 interioarele, nun\u021bile \u0219i petrecerile cu peretele nostru de flori roz de frumuse\u021be. Este, de asemenea, elementul decorativ ideal pentru a v\u0103 m\u0103ri fotografiile, decora\u021biunile de scen\u0103 sau vitrinele magazinelor.<\/p>","protected":false},"excerpt":{"rendered":"Bring nature into your home with our pink beauty flower wall! Our floral wall is composed of synthetic white and pink roses with a natural and realistic appearance. The flowers are carefully fixed on a self-supporting structure. Enhance your interiors, weddings, and parties with our pink beauty flower wall. It is also the ideal decorative [&#8230;]","protected":false},"featured_media":264,"template":"","meta":[],"product_brand":[],"product_cat":[15,19,20],"product_tag":[],"class_list":{"0":"post-265","1":"product","2":"type-product","3":"status-publish","4":"has-post-thumbnail","6":"product_cat-all-products","7":"product_cat-pink-floral-wall-backdrop","8":"product_cat-white-floral-wall-backdrop","10":"first","11":"instock","12":"shipping-taxable","13":"purchasable","14":"product-type-simple"},"yoast_head":"<!-- This site is optimized with the Yoast SEO plugin v25.9 - https:\/\/yoast.com\/wordpress\/plugins\/seo\/ -->\n<title>Flower Wall Pink Beauty \ud83c\udf38| Wedding &amp; Deco | Buy &amp; Rent<\/title>\n<meta name=\"description\" content=\"Discover the most beautiful flower walls at affordable prices to decorate your interior or a ceremony. Realistic flowers with vibrant colors.\" \/>\n<meta name=\"robots\" content=\"index, follow, max-snippet:-1, max-image-preview:large, max-video-preview:-1\" \/>\n<link rel=\"canonical\" href=\"https:\/\/floramurus.com\/ro\/p\/perete-de-flori-trandafir-frumusete\/\" \/>\n<meta property=\"og:locale\" content=\"ro_RO\" \/>\n<meta property=\"og:type\" content=\"article\" \/>\n<meta property=\"og:title\" content=\"Flower Wall Pink Beauty \ud83c\udf38| Wedding &amp; Deco | Buy &amp; Rent\" \/>\n<meta property=\"og:description\" content=\"Discover the most beautiful flower walls at affordable prices to decorate your interior or a ceremony. Realistic flowers with vibrant colors.\" \/>\n<meta property=\"og:url\" content=\"https:\/\/floramurus.com\/ro\/p\/perete-de-flori-trandafir-frumusete\/\" \/>\n<meta property=\"og:site_name\" content=\"Flora Murus\" \/>\n<meta property=\"article:modified_time\" content=\"2024-05-24T00:55:37+00:00\" \/>\n<meta property=\"og:image\" content=\"https:\/\/floramurus.com\/wp-content\/uploads\/2024\/05\/File_201_942160e4-1c39-4267-9fb2-b8e7e0dba21a.png\" \/>\n\t<meta property=\"og:image:width\" content=\"597\" \/>\n\t<meta property=\"og:image:height\" content=\"712\" \/>\n\t<meta property=\"og:image:type\" content=\"image\/png\" \/>\n<meta name=\"twitter:card\" content=\"summary_large_image\" \/>\n<meta name=\"twitter:label1\" content=\"Timp estimat pentru citire\" \/>\n\t<meta name=\"twitter:data1\" content=\"1 minut\" \/>\n<script type=\"application\/ld+json\" class=\"yoast-schema-graph\">{\"@context\":\"https:\/\/schema.org\",\"@graph\":[{\"@type\":\"WebPage\",\"@id\":\"https:\/\/floramurus.com\/p\/flower-wall-rose-beauty\/\",\"url\":\"https:\/\/floramurus.com\/p\/flower-wall-rose-beauty\/\",\"name\":\"Flower Wall Pink Beauty \ud83c\udf38| Wedding & Deco | Buy & Rent\",\"isPartOf\":{\"@id\":\"https:\/\/floramurus.com\/#website\"},\"primaryImageOfPage\":{\"@id\":\"https:\/\/floramurus.com\/p\/flower-wall-rose-beauty\/#primaryimage\"},\"image\":{\"@id\":\"https:\/\/floramurus.com\/p\/flower-wall-rose-beauty\/#primaryimage\"},\"thumbnailUrl\":\"https:\/\/floramurus.com\/wp-content\/uploads\/2024\/05\/File_201_942160e4-1c39-4267-9fb2-b8e7e0dba21a.png\",\"datePublished\":\"2024-05-23T05:49:45+00:00\",\"dateModified\":\"2024-05-24T00:55:37+00:00\",\"description\":\"Discover the most beautiful flower walls at affordable prices to decorate your interior or a ceremony. Realistic flowers with vibrant colors.\",\"breadcrumb\":{\"@id\":\"https:\/\/floramurus.com\/p\/flower-wall-rose-beauty\/#breadcrumb\"},\"inLanguage\":\"ro-RO\",\"potentialAction\":[{\"@type\":\"ReadAction\",\"target\":[\"https:\/\/floramurus.com\/p\/flower-wall-rose-beauty\/\"]}]},{\"@type\":\"ImageObject\",\"inLanguage\":\"ro-RO\",\"@id\":\"https:\/\/floramurus.com\/p\/flower-wall-rose-beauty\/#primaryimage\",\"url\":\"https:\/\/floramurus.com\/wp-content\/uploads\/2024\/05\/File_201_942160e4-1c39-4267-9fb2-b8e7e0dba21a.png\",\"contentUrl\":\"https:\/\/floramurus.com\/wp-content\/uploads\/2024\/05\/File_201_942160e4-1c39-4267-9fb2-b8e7e0dba21a.png\",\"width\":597,\"height\":712,\"caption\":\"Pink beauty flower wall for romantic and elegant events\"},{\"@type\":\"BreadcrumbList\",\"@id\":\"https:\/\/floramurus.com\/p\/flower-wall-rose-beauty\/#breadcrumb\",\"itemListElement\":[{\"@type\":\"ListItem\",\"position\":1,\"name\":\"Home\",\"item\":\"https:\/\/floramurus.com\/\"},{\"@type\":\"ListItem\",\"position\":2,\"name\":\"Shop\",\"item\":\"https:\/\/floramurus.com\/shop\/\"},{\"@type\":\"ListItem\",\"position\":3,\"name\":\"Flower Wall Pink Beauty\"}]},{\"@type\":\"WebSite\",\"@id\":\"https:\/\/floramurus.com\/#website\",\"url\":\"https:\/\/floramurus.com\/\",\"name\":\"Flora Murus\",\"description\":\"\",\"publisher\":{\"@id\":\"https:\/\/floramurus.com\/#organization\"},\"potentialAction\":[{\"@type\":\"SearchAction\",\"target\":{\"@type\":\"EntryPoint\",\"urlTemplate\":\"https:\/\/floramurus.com\/?s={search_term_string}\"},\"query-input\":{\"@type\":\"PropertyValueSpecification\",\"valueRequired\":true,\"valueName\":\"search_term_string\"}}],\"inLanguage\":\"ro-RO\"},{\"@type\":\"Organization\",\"@id\":\"https:\/\/floramurus.com\/#organization\",\"name\":\"Flora Murus\",\"url\":\"https:\/\/floramurus.com\/\",\"logo\":{\"@type\":\"ImageObject\",\"inLanguage\":\"ro-RO\",\"@id\":\"https:\/\/floramurus.com\/#\/schema\/logo\/image\/\",\"url\":\"https:\/\/floramurus.com\/wp-content\/uploads\/2024\/05\/flora-murus-logo.png\",\"contentUrl\":\"https:\/\/floramurus.com\/wp-content\/uploads\/2024\/05\/flora-murus-logo.png\",\"width\":926,\"height\":250,\"caption\":\"Flora Murus\"},\"image\":{\"@id\":\"https:\/\/floramurus.com\/#\/schema\/logo\/image\/\"}}]}<\/script>\n<!-- \/ Yoast SEO plugin. -->","yoast_head_json":{"title":"Perete de flori Frumuse\u021be roz \ud83c\udf38| Nunt\u0103 &amp; Deco | Cump\u0103ra\u021bi \u0219i \u00eenchiria\u021bi","description":"Descoperi\u021bi cei mai frumo\u0219i pere\u021bi de flori la pre\u021buri accesibile pentru a v\u0103 decora interiorul sau o ceremonie. Flori realiste cu culori vibrante.","robots":{"index":"index","follow":"follow","max-snippet":"max-snippet:-1","max-image-preview":"max-image-preview:large","max-video-preview":"max-video-preview:-1"},"canonical":"https:\/\/floramurus.com\/ro\/p\/perete-de-flori-trandafir-frumusete\/","og_locale":"ro_RO","og_type":"article","og_title":"Flower Wall Pink Beauty \ud83c\udf38| Wedding & Deco | Buy & Rent","og_description":"Discover the most beautiful flower walls at affordable prices to decorate your interior or a ceremony. Realistic flowers with vibrant colors.","og_url":"https:\/\/floramurus.com\/ro\/p\/perete-de-flori-trandafir-frumusete\/","og_site_name":"Flora Murus","article_modified_time":"2024-05-24T00:55:37+00:00","og_image":[{"width":597,"height":712,"url":"https:\/\/floramurus.com\/wp-content\/uploads\/2024\/05\/File_201_942160e4-1c39-4267-9fb2-b8e7e0dba21a.png","type":"image\/png"}],"twitter_card":"summary_large_image","twitter_misc":{"Timp estimat pentru citire":"1 minut"},"schema":{"@context":"https:\/\/schema.org","@graph":[{"@type":"WebPage","@id":"https:\/\/floramurus.com\/p\/flower-wall-rose-beauty\/","url":"https:\/\/floramurus.com\/p\/flower-wall-rose-beauty\/","name":"Perete de flori Frumuse\u021be roz \ud83c\udf38| Nunt\u0103 &amp; Deco | Cump\u0103ra\u021bi \u0219i \u00eenchiria\u021bi","isPartOf":{"@id":"https:\/\/floramurus.com\/#website"},"primaryImageOfPage":{"@id":"https:\/\/floramurus.com\/p\/flower-wall-rose-beauty\/#primaryimage"},"image":{"@id":"https:\/\/floramurus.com\/p\/flower-wall-rose-beauty\/#primaryimage"},"thumbnailUrl":"https:\/\/floramurus.com\/wp-content\/uploads\/2024\/05\/File_201_942160e4-1c39-4267-9fb2-b8e7e0dba21a.png","datePublished":"2024-05-23T05:49:45+00:00","dateModified":"2024-05-24T00:55:37+00:00","description":"Descoperi\u021bi cei mai frumo\u0219i pere\u021bi de flori la pre\u021buri accesibile pentru a v\u0103 decora interiorul sau o ceremonie. Flori realiste cu culori vibrante.","breadcrumb":{"@id":"https:\/\/floramurus.com\/p\/flower-wall-rose-beauty\/#breadcrumb"},"inLanguage":"ro-RO","potentialAction":[{"@type":"ReadAction","target":["https:\/\/floramurus.com\/p\/flower-wall-rose-beauty\/"]}]},{"@type":"ImageObject","inLanguage":"ro-RO","@id":"https:\/\/floramurus.com\/p\/flower-wall-rose-beauty\/#primaryimage","url":"https:\/\/floramurus.com\/wp-content\/uploads\/2024\/05\/File_201_942160e4-1c39-4267-9fb2-b8e7e0dba21a.png","contentUrl":"https:\/\/floramurus.com\/wp-content\/uploads\/2024\/05\/File_201_942160e4-1c39-4267-9fb2-b8e7e0dba21a.png","width":597,"height":712,"caption":"Pink beauty flower wall for romantic and elegant events"},{"@type":"BreadcrumbList","@id":"https:\/\/floramurus.com\/p\/flower-wall-rose-beauty\/#breadcrumb","itemListElement":[{"@type":"ListItem","position":1,"name":"Home","item":"https:\/\/floramurus.com\/"},{"@type":"ListItem","position":2,"name":"Shop","item":"https:\/\/floramurus.com\/shop\/"},{"@type":"ListItem","position":3,"name":"Flower Wall Pink Beauty"}]},{"@type":"WebSite","@id":"https:\/\/floramurus.com\/#website","url":"https:\/\/floramurus.com\/","name":"Flora Murus","description":"","publisher":{"@id":"https:\/\/floramurus.com\/#organization"},"potentialAction":[{"@type":"SearchAction","target":{"@type":"EntryPoint","urlTemplate":"https:\/\/floramurus.com\/?s={search_term_string}"},"query-input":{"@type":"PropertyValueSpecification","valueRequired":true,"valueName":"search_term_string"}}],"inLanguage":"ro-RO"},{"@type":"Organization","@id":"https:\/\/floramurus.com\/#organization","name":"Flora Murus","url":"https:\/\/floramurus.com\/","logo":{"@type":"ImageObject","inLanguage":"ro-RO","@id":"https:\/\/floramurus.com\/#\/schema\/logo\/image\/","url":"https:\/\/floramurus.com\/wp-content\/uploads\/2024\/05\/flora-murus-logo.png","contentUrl":"https:\/\/floramurus.com\/wp-content\/uploads\/2024\/05\/flora-murus-logo.png","width":926,"height":250,"caption":"Flora Murus"},"image":{"@id":"https:\/\/floramurus.com\/#\/schema\/logo\/image\/"}}]}},"_links":{"self":[{"href":"https:\/\/floramurus.com\/ro\/wp-json\/wp\/v2\/product\/265","targetHints":{"allow":["GET"]}}],"collection":[{"href":"https:\/\/floramurus.com\/ro\/wp-json\/wp\/v2\/product"}],"about":[{"href":"https:\/\/floramurus.com\/ro\/wp-json\/wp\/v2\/types\/product"}],"wp:featuredmedia":[{"embeddable":true,"href":"https:\/\/floramurus.com\/ro\/wp-json\/wp\/v2\/media\/264"}],"wp:attachment":[{"href":"https:\/\/floramurus.com\/ro\/wp-json\/wp\/v2\/media?parent=265"}],"wp:term":[{"taxonomy":"product_brand","embeddable":true,"href":"https:\/\/floramurus.com\/ro\/wp-json\/wp\/v2\/product_brand?post=265"},{"taxonomy":"product_cat","embeddable":true,"href":"https:\/\/floramurus.com\/ro\/wp-json\/wp\/v2\/product_cat?post=265"},{"taxonomy":"product_tag","embeddable":true,"href":"https:\/\/floramurus.com\/ro\/wp-json\/wp\/v2\/product_tag?post=265"}],"curies":[{"name":"wp","href":"https:\/\/api.w.org\/{rel}","templated":true}]}}