{"id":33,"date":"2024-04-10T02:29:16","date_gmt":"2024-04-10T02:29:16","guid":{"rendered":"https:\/\/flowerwall.kinsta.cloud\/?page_id=33"},"modified":"2024-06-15T12:32:59","modified_gmt":"2024-06-15T12:32:59","slug":"om-oss","status":"publish","type":"page","link":"https:\/\/floramurus.com\/sv\/om-oss\/","title":{"rendered":"Om oss"},"content":{"rendered":"<h2>Om Flora Murus<\/h2>\r\n<p>V\u00e4lkommen till Flora Murus, d\u00e4r varje blomv\u00e4gg \u00e4r en vacker duk som v\u00e4ntar p\u00e5 att f\u00f6rvandla dina speciella stunder. V\u00e5r verkstad ligger inb\u00e4ddad i hj\u00e4rtat av Sverige och ger liv \u00e5t den uts\u00f6kta charmen hos handgjorda blomsterv\u00e4ggar, som s\u00f6ml\u00f6st blandar tradition med modern elegans. \ud83c\udf38\ud83c\udde6\ud83c\uddfa<\/p>\r\n\r\n<h2>M\u00f6t grundaren<\/h2>\r\n<p><strong>Amanda - En vision\u00e4r florist<\/strong><\/p>\r\n<p>Emmas resa in i floristv\u00e4rlden b\u00f6rjade 2017 med \u00f6ppnandet av hennes f\u00f6rsta butik. Det som b\u00f6rjade som ett litet utrymme blommade ut till ett nav av kreativitet och passion. \ud83c\udf3f\ud83d\udc90 Emma tror p\u00e5 blommornas kraft att uttrycka k\u00e4nslor, fira \u00f6gonblick och f\u00f6ra in en touch av naturens sk\u00f6nhet i v\u00e5ra liv. Hennes h\u00e4ngivenhet till sitt hantverk och hennes k\u00e4rlek till att dela det med andra g\u00f6r Flora Murus till mer \u00e4n bara ett varum\u00e4rke.<\/p>\r\n\r\n<h2>Flora Murus resa<\/h2>\r\n<p>Fr\u00e5n v\u00e5r blygsamma b\u00f6rjan i Sverige till att bli ett uppskattat namn inom handgjorda blomsterv\u00e4ggar, \u00e4r Flora Murus resa en resa av tillv\u00e4xt, inspiration och sk\u00f6nhet. Varje v\u00e4gg vi skapar \u00e4r ett bevis p\u00e5 v\u00e5rt engagemang f\u00f6r kvalitet, konstn\u00e4rskap och gl\u00e4djen i blomsterkonsten. V\u00e5ra kreationer \u00e4r inspirerade av Sveriges naturliga sk\u00f6nhet, dess livfulla landskap och ber\u00e4ttelserna fr\u00e5n de m\u00e4nniskor vi m\u00f6ter. \ud83c\udf0f\ud83c\udfa8<\/p>\r\n\r\n<h2>V\u00e5r vision<\/h2>\r\n<p>P\u00e5 Flora Murus str\u00e4cker sig v\u00e5r vision l\u00e4ngre \u00e4n till att skapa fantastiska blomv\u00e4ggar. Vi str\u00e4var efter att <strong>inspirera, skapa kontakter och fira<\/strong> de viktiga \u00f6gonblicken i livet. V\u00e5ra kreationer \u00e4r utformade inte bara f\u00f6r att pryda utan f\u00f6r att v\u00e4cka minnen, k\u00e4nslor och en k\u00e4nsla av tillh\u00f6righet. Vi tror p\u00e5 <em>h\u00e5llbar sk\u00f6nhet<\/em>, den <em>hantverksskicklighetens konst<\/em>, och <em>samh\u00e4llets betydelse<\/em>. F\u00f6lj med oss p\u00e5 den h\u00e4r resan och l\u00e5t oss g\u00f6ra v\u00e4rlden till en vackrare plats, en blomsterv\u00e4gg i taget. \ud83c\udf3c\ud83c\udf39<\/p>\r\n\r\n<p>Tack f\u00f6r att ni valde Flora Murus. L\u00e5t oss tillsammans forts\u00e4tta att fira livets milstolpar med elegans, sk\u00f6nhet och en touch av naturens magi.<\/p>","protected":false},"excerpt":{"rendered":"About Flora Murus Welcome to Flora Murus, where every flower wall is a canvas of beauty waiting to transform your special moments. Nestled in the heart of , our workshop brings to life the exquisite charm of handcrafted floral walls, seamlessly blending tradition with contemporary elegance. \ud83c\udf38\ud83c\udde6\ud83c\uddfa Meet The Founder Amanda \u2013 A Visionary Florist [&#8230;]","protected":false},"author":1,"featured_media":0,"parent":0,"menu_order":0,"comment_status":"closed","ping_status":"closed","template":"page-blank-title-center.php","meta":{"footnotes":""},"class_list":["post-33","page","type-page","status-publish","hentry"],"yoast_head":"<!-- This site is optimized with the Yoast SEO plugin v25.9 - https:\/\/yoast.com\/wordpress\/plugins\/seo\/ -->\n<title>About us | Flora Murus<\/title>\n<meta name=\"robots\" content=\"index, follow, max-snippet:-1, max-image-preview:large, max-video-preview:-1\" \/>\n<link rel=\"canonical\" href=\"https:\/\/floramurus.com\/sv\/om-oss\/\" \/>\n<meta property=\"og:locale\" content=\"sv_SE\" \/>\n<meta property=\"og:type\" content=\"article\" \/>\n<meta property=\"og:title\" content=\"About us | Flora Murus\" \/>\n<meta property=\"og:description\" content=\"About Flora Murus Welcome to Flora Murus, where every flower wall is a canvas of beauty waiting to transform your special moments. Nestled in the heart of , our workshop brings to life the exquisite charm of handcrafted floral walls, seamlessly blending tradition with contemporary elegance. \ud83c\udf38\ud83c\udde6\ud83c\uddfa Meet The Founder Amanda \u2013 A Visionary Florist [...]\" \/>\n<meta property=\"og:url\" content=\"https:\/\/floramurus.com\/sv\/om-oss\/\" \/>\n<meta property=\"og:site_name\" content=\"Flora Murus\" \/>\n<meta property=\"article:modified_time\" content=\"2024-06-15T12:32:59+00:00\" \/>\n<meta name=\"twitter:card\" content=\"summary_large_image\" \/>\n<meta name=\"twitter:label1\" content=\"Ber\u00e4knad l\u00e4stid\" \/>\n\t<meta name=\"twitter:data1\" content=\"2 minuter\" \/>\n<script type=\"application\/ld+json\" class=\"yoast-schema-graph\">{\"@context\":\"https:\/\/schema.org\",\"@graph\":[{\"@type\":\"WebPage\",\"@id\":\"https:\/\/floramurus.com\/about-us\/\",\"url\":\"https:\/\/floramurus.com\/about-us\/\",\"name\":\"About us | Flora Murus\",\"isPartOf\":{\"@id\":\"https:\/\/floramurus.com\/#website\"},\"datePublished\":\"2024-04-10T02:29:16+00:00\",\"dateModified\":\"2024-06-15T12:32:59+00:00\",\"breadcrumb\":{\"@id\":\"https:\/\/floramurus.com\/about-us\/#breadcrumb\"},\"inLanguage\":\"sv-SE\",\"potentialAction\":[{\"@type\":\"ReadAction\",\"target\":[\"https:\/\/floramurus.com\/about-us\/\"]}]},{\"@type\":\"BreadcrumbList\",\"@id\":\"https:\/\/floramurus.com\/about-us\/#breadcrumb\",\"itemListElement\":[{\"@type\":\"ListItem\",\"position\":1,\"name\":\"Home\",\"item\":\"https:\/\/floramurus.com\/\"},{\"@type\":\"ListItem\",\"position\":2,\"name\":\"About us\"}]},{\"@type\":\"WebSite\",\"@id\":\"https:\/\/floramurus.com\/#website\",\"url\":\"https:\/\/floramurus.com\/\",\"name\":\"Flora Murus\",\"description\":\"\",\"publisher\":{\"@id\":\"https:\/\/floramurus.com\/#organization\"},\"potentialAction\":[{\"@type\":\"SearchAction\",\"target\":{\"@type\":\"EntryPoint\",\"urlTemplate\":\"https:\/\/floramurus.com\/?s={search_term_string}\"},\"query-input\":{\"@type\":\"PropertyValueSpecification\",\"valueRequired\":true,\"valueName\":\"search_term_string\"}}],\"inLanguage\":\"sv-SE\"},{\"@type\":\"Organization\",\"@id\":\"https:\/\/floramurus.com\/#organization\",\"name\":\"Flora Murus\",\"url\":\"https:\/\/floramurus.com\/\",\"logo\":{\"@type\":\"ImageObject\",\"inLanguage\":\"sv-SE\",\"@id\":\"https:\/\/floramurus.com\/#\/schema\/logo\/image\/\",\"url\":\"https:\/\/floramurus.com\/wp-content\/uploads\/2024\/05\/flora-murus-logo.png\",\"contentUrl\":\"https:\/\/floramurus.com\/wp-content\/uploads\/2024\/05\/flora-murus-logo.png\",\"width\":926,\"height\":250,\"caption\":\"Flora Murus\"},\"image\":{\"@id\":\"https:\/\/floramurus.com\/#\/schema\/logo\/image\/\"}}]}<\/script>\n<!-- \/ Yoast SEO plugin. -->","yoast_head_json":{"title":"Om oss | Flora Murus","robots":{"index":"index","follow":"follow","max-snippet":"max-snippet:-1","max-image-preview":"max-image-preview:large","max-video-preview":"max-video-preview:-1"},"canonical":"https:\/\/floramurus.com\/sv\/om-oss\/","og_locale":"sv_SE","og_type":"article","og_title":"About us | Flora Murus","og_description":"About Flora Murus Welcome to Flora Murus, where every flower wall is a canvas of beauty waiting to transform your special moments. Nestled in the heart of , our workshop brings to life the exquisite charm of handcrafted floral walls, seamlessly blending tradition with contemporary elegance. \ud83c\udf38\ud83c\udde6\ud83c\uddfa Meet The Founder Amanda \u2013 A Visionary Florist [...]","og_url":"https:\/\/floramurus.com\/sv\/om-oss\/","og_site_name":"Flora Murus","article_modified_time":"2024-06-15T12:32:59+00:00","twitter_card":"summary_large_image","twitter_misc":{"Ber\u00e4knad l\u00e4stid":"2 minuter"},"schema":{"@context":"https:\/\/schema.org","@graph":[{"@type":"WebPage","@id":"https:\/\/floramurus.com\/about-us\/","url":"https:\/\/floramurus.com\/about-us\/","name":"Om oss | Flora Murus","isPartOf":{"@id":"https:\/\/floramurus.com\/#website"},"datePublished":"2024-04-10T02:29:16+00:00","dateModified":"2024-06-15T12:32:59+00:00","breadcrumb":{"@id":"https:\/\/floramurus.com\/about-us\/#breadcrumb"},"inLanguage":"sv-SE","potentialAction":[{"@type":"ReadAction","target":["https:\/\/floramurus.com\/about-us\/"]}]},{"@type":"BreadcrumbList","@id":"https:\/\/floramurus.com\/about-us\/#breadcrumb","itemListElement":[{"@type":"ListItem","position":1,"name":"Home","item":"https:\/\/floramurus.com\/"},{"@type":"ListItem","position":2,"name":"About us"}]},{"@type":"WebSite","@id":"https:\/\/floramurus.com\/#website","url":"https:\/\/floramurus.com\/","name":"Flora Murus","description":"","publisher":{"@id":"https:\/\/floramurus.com\/#organization"},"potentialAction":[{"@type":"SearchAction","target":{"@type":"EntryPoint","urlTemplate":"https:\/\/floramurus.com\/?s={search_term_string}"},"query-input":{"@type":"PropertyValueSpecification","valueRequired":true,"valueName":"search_term_string"}}],"inLanguage":"sv-SE"},{"@type":"Organization","@id":"https:\/\/floramurus.com\/#organization","name":"Flora Murus","url":"https:\/\/floramurus.com\/","logo":{"@type":"ImageObject","inLanguage":"sv-SE","@id":"https:\/\/floramurus.com\/#\/schema\/logo\/image\/","url":"https:\/\/floramurus.com\/wp-content\/uploads\/2024\/05\/flora-murus-logo.png","contentUrl":"https:\/\/floramurus.com\/wp-content\/uploads\/2024\/05\/flora-murus-logo.png","width":926,"height":250,"caption":"Flora Murus"},"image":{"@id":"https:\/\/floramurus.com\/#\/schema\/logo\/image\/"}}]}},"_links":{"self":[{"href":"https:\/\/floramurus.com\/sv\/wp-json\/wp\/v2\/pages\/33","targetHints":{"allow":["GET"]}}],"collection":[{"href":"https:\/\/floramurus.com\/sv\/wp-json\/wp\/v2\/pages"}],"about":[{"href":"https:\/\/floramurus.com\/sv\/wp-json\/wp\/v2\/types\/page"}],"author":[{"embeddable":true,"href":"https:\/\/floramurus.com\/sv\/wp-json\/wp\/v2\/users\/1"}],"replies":[{"embeddable":true,"href":"https:\/\/floramurus.com\/sv\/wp-json\/wp\/v2\/comments?post=33"}],"version-history":[{"count":3,"href":"https:\/\/floramurus.com\/sv\/wp-json\/wp\/v2\/pages\/33\/revisions"}],"predecessor-version":[{"id":391,"href":"https:\/\/floramurus.com\/sv\/wp-json\/wp\/v2\/pages\/33\/revisions\/391"}],"wp:attachment":[{"href":"https:\/\/floramurus.com\/sv\/wp-json\/wp\/v2\/media?parent=33"}],"curies":[{"name":"wp","href":"https:\/\/api.w.org\/{rel}","templated":true}]}}