{"id":23,"date":"2024-04-10T02:26:00","date_gmt":"2024-04-10T02:26:00","guid":{"rendered":"https:\/\/flowerwall.kinsta.cloud\/?page_id=23"},"modified":"2024-04-10T02:26:00","modified_gmt":"2024-04-10T02:26:00","slug":"gi%cc%87zli%cc%87li%cc%87k-poli%cc%87ti%cc%87kasi-2","status":"publish","type":"page","link":"https:\/\/floramurus.com\/tr\/gi%cc%87zli%cc%87li%cc%87k-poli%cc%87ti%cc%87kasi-2\/","title":{"rendered":"Gizlilik Politikas\u0131"},"content":{"rendered":"Bu Gizlilik Politikas\u0131, floramurus.com'u (\"Site\") ziyaret etti\u011finizde veya sat\u0131n ald\u0131\u011f\u0131n\u0131zda ki\u015fisel bilgilerinizin nas\u0131l topland\u0131\u011f\u0131n\u0131, kullan\u0131ld\u0131\u011f\u0131n\u0131 ve payla\u015f\u0131ld\u0131\u011f\u0131n\u0131 a\u00e7\u0131klar.\r\n<h2>TOPLADI\u011eIMIZ KI\u0307\u015eI\u0307SEL BI\u0307LGI\u0307LER<\/h2>\r\nSiteyi ziyaret etti\u011finizde, web taray\u0131c\u0131n\u0131z, IP adresiniz, saat diliminiz ve cihaz\u0131n\u0131zda y\u00fckl\u00fc olan baz\u0131 \u00e7erezler hakk\u0131nda bilgiler de dahil olmak \u00fczere cihaz\u0131n\u0131z hakk\u0131nda belirli bilgileri otomatik olarak toplar\u0131z. Ayr\u0131ca, Sitede gezinirken, g\u00f6r\u00fcnt\u00fcledi\u011finiz tek tek web sayfalar\u0131 veya \u00fcr\u00fcnler, sizi Siteye y\u00f6nlendiren web siteleri veya arama terimleri ve Site ile nas\u0131l etkile\u015fimde bulundu\u011funuz hakk\u0131nda bilgi toplar\u0131z. Otomatik olarak toplanan bu bilgileri \"Cihaz Bilgileri\" olarak adland\u0131r\u0131yoruz.\r\n\r\nCihaz Bilgilerini a\u015fa\u011f\u0131daki teknolojileri kullanarak toplar\u0131z:\r\n<ul>\r\n \t<li>\"\u00c7erezler\" cihaz\u0131n\u0131za veya bilgisayar\u0131n\u0131za yerle\u015ftirilen ve genellikle anonim benzersiz bir tan\u0131mlay\u0131c\u0131 i\u00e7eren veri dosyalar\u0131d\u0131r. \u00c7erezler ve \u00e7erezlerin nas\u0131l devre d\u0131\u015f\u0131 b\u0131rak\u0131laca\u011f\u0131 hakk\u0131nda daha fazla bilgi i\u00e7in http:\/\/www.allaboutcookies.org adresini ziyaret edin.<\/li>\r\n \t<li>\"G\u00fcnl\u00fck dosyalar\u0131\" Sitede ger\u00e7ekle\u015fen eylemleri izler ve IP adresiniz, taray\u0131c\u0131 t\u00fcr\u00fcn\u00fcz, \u0130nternet servis sa\u011flay\u0131c\u0131n\u0131z, y\u00f6nlendirme\/\u00e7\u0131k\u0131\u015f sayfalar\u0131 ve tarih\/saat damgalar\u0131 gibi verileri toplar.<\/li>\r\n \t<li>\"Web i\u015faret\u00e7ileri\", \"etiketler\" ve \"pikseller\", Sitede nas\u0131l gezindi\u011finizle ilgili bilgileri kaydetmek i\u00e7in kullan\u0131lan elektronik dosyalard\u0131r.<\/li>\r\n<\/ul>\r\nAyr\u0131ca, Site \u00fczerinden bir sat\u0131n alma i\u015flemi yapt\u0131\u011f\u0131n\u0131zda veya yapmaya \u00e7al\u0131\u015ft\u0131\u011f\u0131n\u0131zda, ad\u0131n\u0131z, fatura adresiniz, g\u00f6nderim adresiniz, \u00f6deme bilgileriniz (kredi kart\u0131 numaralar\u0131 dahil) dahil olmak \u00fczere sizden belirli bilgileri toplar\u0131z.\r\n\r\nBu Gizlilik Politikas\u0131nda \"Ki\u015fisel Bilgiler\" hakk\u0131nda konu\u015ftu\u011fumuzda, hem Cihaz Bilgileri hem de Sipari\u015f Bilgileri hakk\u0131nda konu\u015fuyoruz.\r\n<h2>KI\u0307\u015eI\u0307SEL BI\u0307LGI\u0307LERI\u0307NI\u0307ZI\u0307 NASIL KULLANIYORUZ?<\/h2>\r\nToplad\u0131\u011f\u0131m\u0131z Sipari\u015f Bilgilerini genel olarak Site \u00fczerinden verilen sipari\u015fleri yerine getirmek i\u00e7in kullan\u0131r\u0131z (\u00f6deme bilgilerinizin i\u015flenmesi, sevkiyat\u0131n d\u00fczenlenmesi ve size fatura ve\/veya sipari\u015f onaylar\u0131n\u0131n sa\u011flanmas\u0131 dahil). Ayr\u0131ca, bu Sipari\u015f Bilgilerini a\u015fa\u011f\u0131dakiler i\u00e7in kullan\u0131r\u0131z:\r\n<ul>\r\n \t<li>Sizinle ileti\u015fim kurmak;<\/li>\r\n \t<li>Sipari\u015flerimizi potansiyel risk veya doland\u0131r\u0131c\u0131l\u0131k a\u00e7\u0131s\u0131ndan taramak; ve<\/li>\r\n \t<li>Bizimle payla\u015ft\u0131\u011f\u0131n\u0131z tercihler do\u011frultusunda, size \u00fcr\u00fcnlerimiz veya hizmetlerimizle ilgili bilgi veya reklam sa\u011flamak.<\/li>\r\n<\/ul>\r\nToplad\u0131\u011f\u0131m\u0131z Cihaz Bilgilerini, potansiyel risk ve doland\u0131r\u0131c\u0131l\u0131\u011f\u0131 (\u00f6zellikle IP adresinizi) taramam\u0131za yard\u0131mc\u0131 olmak i\u00e7in ve daha genel olarak Sitemizi iyile\u015ftirmek ve optimize etmek i\u00e7in (\u00f6rne\u011fin, m\u00fc\u015fterilerimizin Siteye nas\u0131l g\u00f6z att\u0131klar\u0131 ve Siteyle nas\u0131l etkile\u015fimde bulunduklar\u0131 hakk\u0131nda analizler olu\u015fturarak ve pazarlama ve reklam kampanyalar\u0131m\u0131z\u0131n ba\u015far\u0131s\u0131n\u0131 de\u011ferlendirmek i\u00e7in) kullan\u0131r\u0131z.\r\n<h2>KI\u0307\u015eI\u0307SEL BI\u0307LGI\u0307LERI\u0307NI\u0307ZI\u0307 PAYLA\u015eMA<\/h2>\r\nKi\u015fisel Bilgilerinizi yukar\u0131da a\u00e7\u0131kland\u0131\u011f\u0131 \u015fekilde kullanmam\u0131za yard\u0131mc\u0131 olmalar\u0131 i\u00e7in Ki\u015fisel Bilgilerinizi \u00fc\u00e7\u00fcnc\u00fc taraflarla payla\u015f\u0131r\u0131z. \u00d6rne\u011fin, \u00e7evrimi\u00e7i ma\u011fazam\u0131za g\u00fc\u00e7 sa\u011flamak i\u00e7in Shopify'\u0131 kullan\u0131r\u0131z; Shopify'\u0131n Ki\u015fisel Bilgilerinizi nas\u0131l kulland\u0131\u011f\u0131 hakk\u0131nda daha fazla bilgiyi buradan edinebilirsiniz: https:\/\/www.shopify.com\/legal\/privacy. M\u00fc\u015fterilerimizin Siteyi nas\u0131l kulland\u0131\u011f\u0131n\u0131 anlamam\u0131za yard\u0131mc\u0131 olmas\u0131 i\u00e7in Google Analytics'i de kullan\u0131r\u0131z; Google'\u0131n Ki\u015fisel Bilgilerinizi nas\u0131l kulland\u0131\u011f\u0131 hakk\u0131nda daha fazla bilgiyi buradan okuyabilirsiniz: https:\/\/www.google.com\/intl\/en\/policies\/privacy\/. Ayr\u0131ca buradan Google Analytics'i devre d\u0131\u015f\u0131 b\u0131rakabilirsiniz: https:\/\/tools.google.com\/dlpage\/gaoptout.\r\n\r\nSon olarak, Ki\u015fisel Bilgilerinizi y\u00fcr\u00fcrl\u00fckteki yasa ve y\u00f6netmeliklere uymak, bir mahkeme celbine, arama emrine veya ald\u0131\u011f\u0131m\u0131z bilgiler i\u00e7in di\u011fer yasal taleplere yan\u0131t vermek veya haklar\u0131m\u0131z\u0131 ba\u015fka \u015fekilde korumak i\u00e7in de payla\u015fabiliriz.\r\n<h2>DAVRANI\u015eSAL REKLAMCILIK<\/h2>\r\nYukar\u0131da a\u00e7\u0131kland\u0131\u011f\u0131 gibi, Ki\u015fisel Bilgilerinizi size ilginizi \u00e7ekebilece\u011fini d\u00fc\u015f\u00fcnd\u00fc\u011f\u00fcm\u00fcz hedefli reklamlar veya pazarlama ileti\u015fimleri sa\u011flamak i\u00e7in kullan\u0131r\u0131z. Hedefli reklamc\u0131l\u0131\u011f\u0131n nas\u0131l \u00e7al\u0131\u015ft\u0131\u011f\u0131 hakk\u0131nda daha fazla bilgi i\u00e7in Network Advertising Initiative'in (\"NAI\") http:\/\/www.networkadvertising.org\/understanding-online-advertising\/how-does-it-work adresindeki e\u011fitim sayfas\u0131n\u0131 ziyaret edebilirsiniz.\r\n\r\nAyr\u0131ca, Digital Advertising Alliance'\u0131n http:\/\/optout.aboutads.info\/ adresindeki devre d\u0131\u015f\u0131 b\u0131rakma portal\u0131n\u0131 ziyaret ederek bu hizmetlerden baz\u0131lar\u0131n\u0131 devre d\u0131\u015f\u0131 b\u0131rakabilirsiniz.\r\n<h2>TAK\u0130P ETMEY\u0130N<\/h2>\r\nTaray\u0131c\u0131n\u0131zdan bir Do Not Track sinyali g\u00f6rd\u00fc\u011f\u00fcm\u00fczde Sitemizin veri toplama ve kullanma uygulamalar\u0131n\u0131 de\u011fi\u015ftirmedi\u011fimizi l\u00fctfen unutmay\u0131n.\r\n<h2>S\u0130Z\u0130N HAKLARINIZ<\/h2>\r\nAvrupa'da ikamet ediyorsan\u0131z, hakk\u0131n\u0131zda tuttu\u011fumuz ki\u015fisel bilgilere eri\u015fme ve ki\u015fisel bilgilerinizin d\u00fczeltilmesini, g\u00fcncellenmesini veya silinmesini isteme hakk\u0131na sahipsiniz. Bu hakk\u0131n\u0131z\u0131 kullanmak isterseniz, l\u00fctfen a\u015fa\u011f\u0131daki ileti\u015fim bilgileri arac\u0131l\u0131\u011f\u0131yla bizimle ileti\u015fime ge\u00e7in.\r\n\r\nAyr\u0131ca, Avrupa'da ikamet ediyorsan\u0131z, sizinle yapabilece\u011fimiz s\u00f6zle\u015fmeleri yerine getirmek (\u00f6rne\u011fin Site \u00fczerinden bir sipari\u015f vermeniz durumunda) veya yukar\u0131da listelenen me\u015fru ticari \u00e7\u0131karlar\u0131m\u0131z\u0131 takip etmek i\u00e7in bilgilerinizi i\u015fledi\u011fimizi belirtiyoruz. Ayr\u0131ca, bilgilerinizin Kanada ve Amerika Birle\u015fik Devletleri de dahil olmak \u00fczere Avrupa d\u0131\u015f\u0131na aktar\u0131laca\u011f\u0131n\u0131 l\u00fctfen unutmay\u0131n.\r\n<h2>VER\u0130 SAKLAMA<\/h2>\r\nSite \u00fczerinden bir sipari\u015f verdi\u011finizde, bu bilgileri silmemizi istemedi\u011finiz s\u00fcrece ve isteyene kadar Sipari\u015f Bilgilerinizi kay\u0131tlar\u0131m\u0131zda tutaca\u011f\u0131z.\r\n<h2>DE\u011e\u0130\u015e\u0130KL\u0130KLER<\/h2>\r\nBu gizlilik politikas\u0131n\u0131, \u00f6rne\u011fin uygulamalar\u0131m\u0131zdaki de\u011fi\u015fiklikleri yans\u0131tmak i\u00e7in veya di\u011fer operasyonel, yasal veya d\u00fczenleyici nedenlerle zaman zaman g\u00fcncelleyebiliriz.\r\n<h2>B\u0130ZE ULA\u015eIN<\/h2>\r\nGizlilik uygulamalar\u0131m\u0131z hakk\u0131nda daha fazla bilgi almak, sorular\u0131n\u0131z varsa veya bir \u015fikayette bulunmak istiyorsan\u0131z, l\u00fctfen contact@floramurus.com adresinden e-posta yoluyla veya a\u015fa\u011f\u0131da verilen bilgileri kullanarak posta yoluyla bizimle ileti\u015fime ge\u00e7in:\r\n\r\nFlora Murus<br\/>\r\nAtat\u00fcrk Bulvar\u0131 No:185<br\/>Ankara 06680<br\/>T\u00fcrkiye<br\/>\r\ncontact@floramurus.com","protected":false},"excerpt":{"rendered":"This Privacy Policy describes how your personal information is collected, used,and shared when you visit or make a purchase from (the \u201cSite\u201d). PERSONAL INFORMATION WE COLLECT When you visit the Site, we automatically collect certain information about your device, including information about your web browser, IP address, time zone, and some of the cookies that [&#8230;]","protected":false},"author":1,"featured_media":0,"parent":0,"menu_order":0,"comment_status":"closed","ping_status":"closed","template":"page-blank-title-center.php","meta":{"footnotes":""},"class_list":["post-23","page","type-page","status-publish","hentry"],"yoast_head":"<!-- This site is optimized with the Yoast SEO plugin v25.9 - https:\/\/yoast.com\/wordpress\/plugins\/seo\/ -->\n<title>Privacy Policy | Flora Murus<\/title>\n<meta name=\"robots\" content=\"noindex, follow\" \/>\n<meta property=\"og:locale\" content=\"tr_TR\" \/>\n<meta property=\"og:type\" content=\"article\" \/>\n<meta property=\"og:title\" content=\"Privacy Policy | Flora Murus\" \/>\n<meta property=\"og:description\" content=\"This Privacy Policy describes how your personal information is collected, used,and shared when you visit or make a purchase from (the \u201cSite\u201d). PERSONAL INFORMATION WE COLLECT When you visit the Site, we automatically collect certain information about your device, including information about your web browser, IP address, time zone, and some of the cookies that [...]\" \/>\n<meta property=\"og:url\" content=\"https:\/\/floramurus.com\/tr\/gi\u0307zli\u0307li\u0307k-poli\u0307ti\u0307kasi-2\/\" \/>\n<meta property=\"og:site_name\" content=\"Flora Murus\" \/>\n<meta name=\"twitter:card\" content=\"summary_large_image\" \/>\n<script type=\"application\/ld+json\" class=\"yoast-schema-graph\">{\"@context\":\"https:\/\/schema.org\",\"@graph\":[{\"@type\":\"WebPage\",\"@id\":\"https:\/\/floramurus.com\/privacy-policy-2\/\",\"url\":\"https:\/\/floramurus.com\/privacy-policy-2\/\",\"name\":\"Privacy Policy | Flora Murus\",\"isPartOf\":{\"@id\":\"https:\/\/floramurus.com\/#website\"},\"datePublished\":\"2024-04-10T02:26:00+00:00\",\"breadcrumb\":{\"@id\":\"https:\/\/floramurus.com\/privacy-policy-2\/#breadcrumb\"},\"inLanguage\":\"tr\",\"potentialAction\":[{\"@type\":\"ReadAction\",\"target\":[\"https:\/\/floramurus.com\/privacy-policy-2\/\"]}]},{\"@type\":\"BreadcrumbList\",\"@id\":\"https:\/\/floramurus.com\/privacy-policy-2\/#breadcrumb\",\"itemListElement\":[{\"@type\":\"ListItem\",\"position\":1,\"name\":\"Home\",\"item\":\"https:\/\/floramurus.com\/\"},{\"@type\":\"ListItem\",\"position\":2,\"name\":\"Privacy Policy\"}]},{\"@type\":\"WebSite\",\"@id\":\"https:\/\/floramurus.com\/#website\",\"url\":\"https:\/\/floramurus.com\/\",\"name\":\"Flora Murus\",\"description\":\"\",\"publisher\":{\"@id\":\"https:\/\/floramurus.com\/#organization\"},\"potentialAction\":[{\"@type\":\"SearchAction\",\"target\":{\"@type\":\"EntryPoint\",\"urlTemplate\":\"https:\/\/floramurus.com\/?s={search_term_string}\"},\"query-input\":{\"@type\":\"PropertyValueSpecification\",\"valueRequired\":true,\"valueName\":\"search_term_string\"}}],\"inLanguage\":\"tr\"},{\"@type\":\"Organization\",\"@id\":\"https:\/\/floramurus.com\/#organization\",\"name\":\"Flora Murus\",\"url\":\"https:\/\/floramurus.com\/\",\"logo\":{\"@type\":\"ImageObject\",\"inLanguage\":\"tr\",\"@id\":\"https:\/\/floramurus.com\/#\/schema\/logo\/image\/\",\"url\":\"https:\/\/floramurus.com\/wp-content\/uploads\/2024\/05\/flora-murus-logo.png\",\"contentUrl\":\"https:\/\/floramurus.com\/wp-content\/uploads\/2024\/05\/flora-murus-logo.png\",\"width\":926,\"height\":250,\"caption\":\"Flora Murus\"},\"image\":{\"@id\":\"https:\/\/floramurus.com\/#\/schema\/logo\/image\/\"}}]}<\/script>\n<!-- \/ Yoast SEO plugin. -->","yoast_head_json":{"title":"Gizlilik Politikas\u0131 | Flora Murus","robots":{"index":"noindex","follow":"follow"},"og_locale":"tr_TR","og_type":"article","og_title":"Privacy Policy | Flora Murus","og_description":"This Privacy Policy describes how your personal information is collected, used,and shared when you visit or make a purchase from (the \u201cSite\u201d). PERSONAL INFORMATION WE COLLECT When you visit the Site, we automatically collect certain information about your device, including information about your web browser, IP address, time zone, and some of the cookies that [...]","og_url":"https:\/\/floramurus.com\/tr\/gi\u0307zli\u0307li\u0307k-poli\u0307ti\u0307kasi-2\/","og_site_name":"Flora Murus","twitter_card":"summary_large_image","schema":{"@context":"https:\/\/schema.org","@graph":[{"@type":"WebPage","@id":"https:\/\/floramurus.com\/privacy-policy-2\/","url":"https:\/\/floramurus.com\/privacy-policy-2\/","name":"Gizlilik Politikas\u0131 | Flora Murus","isPartOf":{"@id":"https:\/\/floramurus.com\/#website"},"datePublished":"2024-04-10T02:26:00+00:00","breadcrumb":{"@id":"https:\/\/floramurus.com\/privacy-policy-2\/#breadcrumb"},"inLanguage":"tr","potentialAction":[{"@type":"ReadAction","target":["https:\/\/floramurus.com\/privacy-policy-2\/"]}]},{"@type":"BreadcrumbList","@id":"https:\/\/floramurus.com\/privacy-policy-2\/#breadcrumb","itemListElement":[{"@type":"ListItem","position":1,"name":"Home","item":"https:\/\/floramurus.com\/"},{"@type":"ListItem","position":2,"name":"Privacy Policy"}]},{"@type":"WebSite","@id":"https:\/\/floramurus.com\/#website","url":"https:\/\/floramurus.com\/","name":"Flora Murus","description":"","publisher":{"@id":"https:\/\/floramurus.com\/#organization"},"potentialAction":[{"@type":"SearchAction","target":{"@type":"EntryPoint","urlTemplate":"https:\/\/floramurus.com\/?s={search_term_string}"},"query-input":{"@type":"PropertyValueSpecification","valueRequired":true,"valueName":"search_term_string"}}],"inLanguage":"tr"},{"@type":"Organization","@id":"https:\/\/floramurus.com\/#organization","name":"Flora Murus","url":"https:\/\/floramurus.com\/","logo":{"@type":"ImageObject","inLanguage":"tr","@id":"https:\/\/floramurus.com\/#\/schema\/logo\/image\/","url":"https:\/\/floramurus.com\/wp-content\/uploads\/2024\/05\/flora-murus-logo.png","contentUrl":"https:\/\/floramurus.com\/wp-content\/uploads\/2024\/05\/flora-murus-logo.png","width":926,"height":250,"caption":"Flora Murus"},"image":{"@id":"https:\/\/floramurus.com\/#\/schema\/logo\/image\/"}}]}},"_links":{"self":[{"href":"https:\/\/floramurus.com\/tr\/wp-json\/wp\/v2\/pages\/23","targetHints":{"allow":["GET"]}}],"collection":[{"href":"https:\/\/floramurus.com\/tr\/wp-json\/wp\/v2\/pages"}],"about":[{"href":"https:\/\/floramurus.com\/tr\/wp-json\/wp\/v2\/types\/page"}],"author":[{"embeddable":true,"href":"https:\/\/floramurus.com\/tr\/wp-json\/wp\/v2\/users\/1"}],"replies":[{"embeddable":true,"href":"https:\/\/floramurus.com\/tr\/wp-json\/wp\/v2\/comments?post=23"}],"version-history":[{"count":1,"href":"https:\/\/floramurus.com\/tr\/wp-json\/wp\/v2\/pages\/23\/revisions"}],"predecessor-version":[{"id":27,"href":"https:\/\/floramurus.com\/tr\/wp-json\/wp\/v2\/pages\/23\/revisions\/27"}],"wp:attachment":[{"href":"https:\/\/floramurus.com\/tr\/wp-json\/wp\/v2\/media?parent=23"}],"curies":[{"name":"wp","href":"https:\/\/api.w.org\/{rel}","templated":true}]}}