{"id":33,"date":"2024-04-10T02:29:16","date_gmt":"2024-04-10T02:29:16","guid":{"rendered":"https:\/\/flowerwall.kinsta.cloud\/?page_id=33"},"modified":"2024-06-15T12:32:59","modified_gmt":"2024-06-15T12:32:59","slug":"hakkimizda","status":"publish","type":"page","link":"https:\/\/floramurus.com\/tr\/hakkimizda\/","title":{"rendered":"Hakk\u0131m\u0131zda"},"content":{"rendered":"<h2>Flora Murus Hakk\u0131nda<\/h2>\r\n<p>Her \u00e7i\u00e7ek duvar\u0131n\u0131n \u00f6zel anlar\u0131n\u0131z\u0131 d\u00f6n\u00fc\u015ft\u00fcrmeyi bekleyen bir g\u00fczellik tuvali oldu\u011fu Flora Murus'a ho\u015f geldiniz. T\u00fcrkiye'nin kalbinde yer alan at\u00f6lyemiz, gelene\u011fi \u00e7a\u011fda\u015f zarafetle kusursuz bir \u015fekilde harmanlayarak el yap\u0131m\u0131 \u00e7i\u00e7ekli duvarlar\u0131n zarif cazibesini hayata ge\u00e7iriyor. \ud83c\udf38\ud83c\udde6\ud83c\uddfa<\/p>\r\n\r\n<h2>Kurucu ile Tan\u0131\u015f\u0131n<\/h2>\r\n<p><strong>Amanda - Vizyoner Bir \u00c7i\u00e7ek\u00e7i<\/strong><\/p>\r\n<p>Emma'n\u0131n \u00e7i\u00e7ek\u00e7ilik d\u00fcnyas\u0131na yolculu\u011fu 2017 y\u0131l\u0131nda ilk d\u00fckkan\u0131n\u0131 a\u00e7mas\u0131yla ba\u015flad\u0131. K\u00fc\u00e7\u00fck bir alan olarak ba\u015flayan bu yolculuk, bir yarat\u0131c\u0131l\u0131k ve tutku merkezine d\u00f6n\u00fc\u015ft\u00fc. \ud83c\udf3f\ud83d\udc90 Emma, \u00e7i\u00e7eklerin duygular\u0131 ifade etme, anlar\u0131 kutlama ve do\u011fan\u0131n g\u00fczelli\u011finden bir dokunu\u015fu hayat\u0131m\u0131za getirme g\u00fcc\u00fcne inan\u0131yor. Zanaat\u0131na olan ba\u011fl\u0131l\u0131\u011f\u0131 ve bunu ba\u015fkalar\u0131yla payla\u015fma sevgisi Flora Murus'u bir markadan daha fazlas\u0131 yap\u0131yor.<\/p>\r\n\r\n<h2>Flora Murus Yolculu\u011fu<\/h2>\r\n<p>T\u00fcrkiye'deki m\u00fctevaz\u0131 ba\u015flang\u0131c\u0131m\u0131zdan el yap\u0131m\u0131 \u00e7i\u00e7ek duvarlar\u0131nda sevilen bir isim haline gelene kadar, Flora Murus'un yolculu\u011fu b\u00fcy\u00fcme, ilham ve g\u00fczellikten biridir. Yaratt\u0131\u011f\u0131m\u0131z her duvar, kaliteye, sanata ve \u00e7i\u00e7ek\u00e7ili\u011fin ne\u015fesine olan ba\u011fl\u0131l\u0131\u011f\u0131m\u0131z\u0131n bir kan\u0131t\u0131d\u0131r. Kreasyonlar\u0131m\u0131z T\u00fcrkiye'nin do\u011fal g\u00fczelliklerinden, canl\u0131 manzaralar\u0131ndan ve tan\u0131\u015ft\u0131\u011f\u0131m\u0131z insanlar\u0131n hikayelerinden ilham al\u0131yor. \ud83c\udf0f\ud83c\udfa8<\/p>\r\n\r\n<h2>Vizyonumuz<\/h2>\r\n<p>Flora Murus'ta vizyonumuz \u00e7arp\u0131c\u0131 \u00e7i\u00e7ek duvarlar\u0131 yapman\u0131n \u00f6tesine uzan\u0131yor. Amac\u0131m\u0131z <strong>ilham verin, ba\u011flant\u0131 kurun ve kutlay\u0131n<\/strong> hayat\u0131n \u00f6nemli anlar\u0131. Kreasyonlar\u0131m\u0131z sadece s\u00fcslemek i\u00e7in de\u011fil, an\u0131lar\u0131, duygular\u0131 ve aidiyet duygusunu uyand\u0131rmak i\u00e7in tasarlanm\u0131\u015ft\u0131r. Biz inan\u0131yoruz ki <em>s\u00fcrd\u00fcr\u00fclebi\u0307li\u0307r g\u00fczelli\u0307k<\/em>, the <em>zanaatkarl\u0131k sanat\u0131<\/em>ve <em>toplulu\u011fun \u00f6nemi\u0307<\/em>. Bu yolculukta bize kat\u0131l\u0131n ve her seferinde bir \u00e7i\u00e7ek duvar\u0131yla d\u00fcnyay\u0131 daha g\u00fczel bir yer haline getirelim. \ud83c\udf3c\ud83c\udf39<\/p>\r\n\r\n<p>Flora Murus'u tercih etti\u011finiz i\u00e7in te\u015fekk\u00fcr ederiz. Birlikte, hayat\u0131n d\u00f6n\u00fcm noktalar\u0131n\u0131 zarafet, g\u00fczellik ve do\u011fan\u0131n b\u00fcy\u00fcs\u00fcnden bir dokunu\u015fla kutlamaya devam edelim.<\/p>","protected":false},"excerpt":{"rendered":"About Flora Murus Welcome to Flora Murus, where every flower wall is a canvas of beauty waiting to transform your special moments. Nestled in the heart of , our workshop brings to life the exquisite charm of handcrafted floral walls, seamlessly blending tradition with contemporary elegance. \ud83c\udf38\ud83c\udde6\ud83c\uddfa Meet The Founder Amanda \u2013 A Visionary Florist [&#8230;]","protected":false},"author":1,"featured_media":0,"parent":0,"menu_order":0,"comment_status":"closed","ping_status":"closed","template":"page-blank-title-center.php","meta":{"footnotes":""},"class_list":["post-33","page","type-page","status-publish","hentry"],"yoast_head":"<!-- This site is optimized with the Yoast SEO plugin v25.9 - https:\/\/yoast.com\/wordpress\/plugins\/seo\/ -->\n<title>About us | Flora Murus<\/title>\n<meta name=\"robots\" content=\"index, follow, max-snippet:-1, max-image-preview:large, max-video-preview:-1\" \/>\n<link rel=\"canonical\" href=\"https:\/\/floramurus.com\/tr\/hakkimizda\/\" \/>\n<meta property=\"og:locale\" content=\"tr_TR\" \/>\n<meta property=\"og:type\" content=\"article\" \/>\n<meta property=\"og:title\" content=\"About us | Flora Murus\" \/>\n<meta property=\"og:description\" content=\"About Flora Murus Welcome to Flora Murus, where every flower wall is a canvas of beauty waiting to transform your special moments. Nestled in the heart of , our workshop brings to life the exquisite charm of handcrafted floral walls, seamlessly blending tradition with contemporary elegance. \ud83c\udf38\ud83c\udde6\ud83c\uddfa Meet The Founder Amanda \u2013 A Visionary Florist [...]\" \/>\n<meta property=\"og:url\" content=\"https:\/\/floramurus.com\/tr\/hakkimizda\/\" \/>\n<meta property=\"og:site_name\" content=\"Flora Murus\" \/>\n<meta property=\"article:modified_time\" content=\"2024-06-15T12:32:59+00:00\" \/>\n<meta name=\"twitter:card\" content=\"summary_large_image\" \/>\n<meta name=\"twitter:label1\" content=\"Tahmini okuma s\u00fcresi\" \/>\n\t<meta name=\"twitter:data1\" content=\"2 dakika\" \/>\n<script type=\"application\/ld+json\" class=\"yoast-schema-graph\">{\"@context\":\"https:\/\/schema.org\",\"@graph\":[{\"@type\":\"WebPage\",\"@id\":\"https:\/\/floramurus.com\/about-us\/\",\"url\":\"https:\/\/floramurus.com\/about-us\/\",\"name\":\"About us | Flora Murus\",\"isPartOf\":{\"@id\":\"https:\/\/floramurus.com\/#website\"},\"datePublished\":\"2024-04-10T02:29:16+00:00\",\"dateModified\":\"2024-06-15T12:32:59+00:00\",\"breadcrumb\":{\"@id\":\"https:\/\/floramurus.com\/about-us\/#breadcrumb\"},\"inLanguage\":\"tr\",\"potentialAction\":[{\"@type\":\"ReadAction\",\"target\":[\"https:\/\/floramurus.com\/about-us\/\"]}]},{\"@type\":\"BreadcrumbList\",\"@id\":\"https:\/\/floramurus.com\/about-us\/#breadcrumb\",\"itemListElement\":[{\"@type\":\"ListItem\",\"position\":1,\"name\":\"Home\",\"item\":\"https:\/\/floramurus.com\/\"},{\"@type\":\"ListItem\",\"position\":2,\"name\":\"About us\"}]},{\"@type\":\"WebSite\",\"@id\":\"https:\/\/floramurus.com\/#website\",\"url\":\"https:\/\/floramurus.com\/\",\"name\":\"Flora Murus\",\"description\":\"\",\"publisher\":{\"@id\":\"https:\/\/floramurus.com\/#organization\"},\"potentialAction\":[{\"@type\":\"SearchAction\",\"target\":{\"@type\":\"EntryPoint\",\"urlTemplate\":\"https:\/\/floramurus.com\/?s={search_term_string}\"},\"query-input\":{\"@type\":\"PropertyValueSpecification\",\"valueRequired\":true,\"valueName\":\"search_term_string\"}}],\"inLanguage\":\"tr\"},{\"@type\":\"Organization\",\"@id\":\"https:\/\/floramurus.com\/#organization\",\"name\":\"Flora Murus\",\"url\":\"https:\/\/floramurus.com\/\",\"logo\":{\"@type\":\"ImageObject\",\"inLanguage\":\"tr\",\"@id\":\"https:\/\/floramurus.com\/#\/schema\/logo\/image\/\",\"url\":\"https:\/\/floramurus.com\/wp-content\/uploads\/2024\/05\/flora-murus-logo.png\",\"contentUrl\":\"https:\/\/floramurus.com\/wp-content\/uploads\/2024\/05\/flora-murus-logo.png\",\"width\":926,\"height\":250,\"caption\":\"Flora Murus\"},\"image\":{\"@id\":\"https:\/\/floramurus.com\/#\/schema\/logo\/image\/\"}}]}<\/script>\n<!-- \/ Yoast SEO plugin. -->","yoast_head_json":{"title":"Hakk\u0131m\u0131zda | Flora Murus","robots":{"index":"index","follow":"follow","max-snippet":"max-snippet:-1","max-image-preview":"max-image-preview:large","max-video-preview":"max-video-preview:-1"},"canonical":"https:\/\/floramurus.com\/tr\/hakkimizda\/","og_locale":"tr_TR","og_type":"article","og_title":"About us | Flora Murus","og_description":"About Flora Murus Welcome to Flora Murus, where every flower wall is a canvas of beauty waiting to transform your special moments. Nestled in the heart of , our workshop brings to life the exquisite charm of handcrafted floral walls, seamlessly blending tradition with contemporary elegance. \ud83c\udf38\ud83c\udde6\ud83c\uddfa Meet The Founder Amanda \u2013 A Visionary Florist [...]","og_url":"https:\/\/floramurus.com\/tr\/hakkimizda\/","og_site_name":"Flora Murus","article_modified_time":"2024-06-15T12:32:59+00:00","twitter_card":"summary_large_image","twitter_misc":{"Tahmini okuma s\u00fcresi":"2 dakika"},"schema":{"@context":"https:\/\/schema.org","@graph":[{"@type":"WebPage","@id":"https:\/\/floramurus.com\/about-us\/","url":"https:\/\/floramurus.com\/about-us\/","name":"Hakk\u0131m\u0131zda | Flora Murus","isPartOf":{"@id":"https:\/\/floramurus.com\/#website"},"datePublished":"2024-04-10T02:29:16+00:00","dateModified":"2024-06-15T12:32:59+00:00","breadcrumb":{"@id":"https:\/\/floramurus.com\/about-us\/#breadcrumb"},"inLanguage":"tr","potentialAction":[{"@type":"ReadAction","target":["https:\/\/floramurus.com\/about-us\/"]}]},{"@type":"BreadcrumbList","@id":"https:\/\/floramurus.com\/about-us\/#breadcrumb","itemListElement":[{"@type":"ListItem","position":1,"name":"Home","item":"https:\/\/floramurus.com\/"},{"@type":"ListItem","position":2,"name":"About us"}]},{"@type":"WebSite","@id":"https:\/\/floramurus.com\/#website","url":"https:\/\/floramurus.com\/","name":"Flora Murus","description":"","publisher":{"@id":"https:\/\/floramurus.com\/#organization"},"potentialAction":[{"@type":"SearchAction","target":{"@type":"EntryPoint","urlTemplate":"https:\/\/floramurus.com\/?s={search_term_string}"},"query-input":{"@type":"PropertyValueSpecification","valueRequired":true,"valueName":"search_term_string"}}],"inLanguage":"tr"},{"@type":"Organization","@id":"https:\/\/floramurus.com\/#organization","name":"Flora Murus","url":"https:\/\/floramurus.com\/","logo":{"@type":"ImageObject","inLanguage":"tr","@id":"https:\/\/floramurus.com\/#\/schema\/logo\/image\/","url":"https:\/\/floramurus.com\/wp-content\/uploads\/2024\/05\/flora-murus-logo.png","contentUrl":"https:\/\/floramurus.com\/wp-content\/uploads\/2024\/05\/flora-murus-logo.png","width":926,"height":250,"caption":"Flora Murus"},"image":{"@id":"https:\/\/floramurus.com\/#\/schema\/logo\/image\/"}}]}},"_links":{"self":[{"href":"https:\/\/floramurus.com\/tr\/wp-json\/wp\/v2\/pages\/33","targetHints":{"allow":["GET"]}}],"collection":[{"href":"https:\/\/floramurus.com\/tr\/wp-json\/wp\/v2\/pages"}],"about":[{"href":"https:\/\/floramurus.com\/tr\/wp-json\/wp\/v2\/types\/page"}],"author":[{"embeddable":true,"href":"https:\/\/floramurus.com\/tr\/wp-json\/wp\/v2\/users\/1"}],"replies":[{"embeddable":true,"href":"https:\/\/floramurus.com\/tr\/wp-json\/wp\/v2\/comments?post=33"}],"version-history":[{"count":3,"href":"https:\/\/floramurus.com\/tr\/wp-json\/wp\/v2\/pages\/33\/revisions"}],"predecessor-version":[{"id":391,"href":"https:\/\/floramurus.com\/tr\/wp-json\/wp\/v2\/pages\/33\/revisions\/391"}],"wp:attachment":[{"href":"https:\/\/floramurus.com\/tr\/wp-json\/wp\/v2\/media?parent=33"}],"curies":[{"name":"wp","href":"https:\/\/api.w.org\/{rel}","templated":true}]}}