{"id":145,"date":"2024-05-23T05:47:21","date_gmt":"2024-05-23T05:47:21","guid":{"rendered":"https:\/\/floramurus.com\/p\/floral-wall-deep-violet\/"},"modified":"2024-05-24T01:00:53","modified_gmt":"2024-05-24T01:00:53","slug":"cicekli-duvar-koyu-menekse","status":"publish","type":"product","link":"https:\/\/floramurus.com\/tr\/p\/cicekli-duvar-koyu-menekse\/","title":{"rendered":"<span>\u00c7i\u00e7ek Duvar\u0131 <\/span><span class=\"product-title-custom\"> Derin Menek\u015fe<\/span>"},"content":{"rendered":"<h2>Derin ve ger\u00e7ek bir a\u015fk\u0131 ilan etmek i\u00e7in m\u00fckemmel bir \u00e7i\u00e7ek duvar\u0131 m\u0131 ar\u0131yorsunuz? Koyu mor \u00e7i\u00e7ek duvar\u0131, duygular\u0131n\u0131z\u0131 ifade etmek i\u00e7in m\u00fckemmel bir unsurdur.<\/h2>\r\n<p>Yo\u011fun ve derin mor rengiyle bu \u00e7i\u00e7ekli duvar, en asil duygular\u0131n\u0131z\u0131 ortaya \u00e7\u0131karacak. Duvar <strong>mor g\u00fcller<\/strong> ger\u00e7ek ve ebedi a\u015fk\u0131 sembolize eder. Bu duvar ile duygular\u0131n\u0131z hakk\u0131nda hi\u00e7bir \u015f\u00fcpheniz kalmayacak.<br><br>Bu \u00e7i\u00e7ek duvar\u0131n\u0131 se\u00e7erek etkinliklerinizi i\u015faretleyin. \u00c7e\u015fitli durumlar i\u00e7in uygundur, \u00f6zellikle do\u011fum g\u00fcn\u00fc kutlamalar\u0131 i\u00e7in tavsiye edilir. <strong>evlilik y\u0131ld\u00f6n\u00fcm\u00fc<\/strong>.<\/p>","protected":false},"excerpt":{"rendered":"Searching for the perfect floral wall to declare a deep and true love? The deep purple flower wall is the perfect element to express your feelings. This floral wall with its intense and deep purple will unveil your noblest sentiments. The purple roses symbolize true and eternal love. With this wall, there will be no [&#8230;]","protected":false},"featured_media":144,"template":"","meta":[],"product_brand":[],"product_cat":[15,23],"product_tag":[],"class_list":{"0":"post-145","1":"product","2":"type-product","3":"status-publish","4":"has-post-thumbnail","6":"product_cat-all-products","7":"product_cat-purple-floral-wall-backdrop","9":"first","10":"instock","11":"shipping-taxable","12":"purchasable","13":"product-type-simple"},"yoast_head":"<!-- This site is optimized with the Yoast SEO plugin v25.9 - https:\/\/yoast.com\/wordpress\/plugins\/seo\/ -->\n<title>Flower Wall Deep Violet \ud83c\udf38| Wedding &amp; Deco | Buy &amp; Rent<\/title>\n<meta name=\"description\" content=\"Discover the most beautiful flower walls at affordable prices to decorate your interior or a ceremony. Realistic flowers with vibrant colors.\" \/>\n<meta name=\"robots\" content=\"index, follow, max-snippet:-1, max-image-preview:large, max-video-preview:-1\" \/>\n<link rel=\"canonical\" href=\"https:\/\/floramurus.com\/tr\/p\/cicekli-duvar-koyu-menekse\/\" \/>\n<meta property=\"og:locale\" content=\"tr_TR\" \/>\n<meta property=\"og:type\" content=\"article\" \/>\n<meta property=\"og:title\" content=\"Flower Wall Deep Violet \ud83c\udf38| Wedding &amp; Deco | Buy &amp; Rent\" \/>\n<meta property=\"og:description\" content=\"Discover the most beautiful flower walls at affordable prices to decorate your interior or a ceremony. Realistic flowers with vibrant colors.\" \/>\n<meta property=\"og:url\" content=\"https:\/\/floramurus.com\/tr\/p\/cicekli-duvar-koyu-menekse\/\" \/>\n<meta property=\"og:site_name\" content=\"Flora Murus\" \/>\n<meta property=\"article:modified_time\" content=\"2024-05-24T01:00:53+00:00\" \/>\n<meta property=\"og:image\" content=\"https:\/\/floramurus.com\/wp-content\/uploads\/2024\/05\/File_201_d12bf1e9-cde3-4afb-90ca-84be378fa74e.png\" \/>\n\t<meta property=\"og:image:width\" content=\"595\" \/>\n\t<meta property=\"og:image:height\" content=\"708\" \/>\n\t<meta property=\"og:image:type\" content=\"image\/png\" \/>\n<meta name=\"twitter:card\" content=\"summary_large_image\" \/>\n<meta name=\"twitter:label1\" content=\"Tahmini okuma s\u00fcresi\" \/>\n\t<meta name=\"twitter:data1\" content=\"1 dakika\" \/>\n<script type=\"application\/ld+json\" class=\"yoast-schema-graph\">{\"@context\":\"https:\/\/schema.org\",\"@graph\":[{\"@type\":\"WebPage\",\"@id\":\"https:\/\/floramurus.com\/p\/floral-wall-deep-violet\/\",\"url\":\"https:\/\/floramurus.com\/p\/floral-wall-deep-violet\/\",\"name\":\"Flower Wall Deep Violet \ud83c\udf38| Wedding & Deco | Buy & Rent\",\"isPartOf\":{\"@id\":\"https:\/\/floramurus.com\/#website\"},\"primaryImageOfPage\":{\"@id\":\"https:\/\/floramurus.com\/p\/floral-wall-deep-violet\/#primaryimage\"},\"image\":{\"@id\":\"https:\/\/floramurus.com\/p\/floral-wall-deep-violet\/#primaryimage\"},\"thumbnailUrl\":\"https:\/\/floramurus.com\/wp-content\/uploads\/2024\/05\/File_201_d12bf1e9-cde3-4afb-90ca-84be378fa74e.png\",\"datePublished\":\"2024-05-23T05:47:21+00:00\",\"dateModified\":\"2024-05-24T01:00:53+00:00\",\"description\":\"Discover the most beautiful flower walls at affordable prices to decorate your interior or a ceremony. Realistic flowers with vibrant colors.\",\"breadcrumb\":{\"@id\":\"https:\/\/floramurus.com\/p\/floral-wall-deep-violet\/#breadcrumb\"},\"inLanguage\":\"tr\",\"potentialAction\":[{\"@type\":\"ReadAction\",\"target\":[\"https:\/\/floramurus.com\/p\/floral-wall-deep-violet\/\"]}]},{\"@type\":\"ImageObject\",\"inLanguage\":\"tr\",\"@id\":\"https:\/\/floramurus.com\/p\/floral-wall-deep-violet\/#primaryimage\",\"url\":\"https:\/\/floramurus.com\/wp-content\/uploads\/2024\/05\/File_201_d12bf1e9-cde3-4afb-90ca-84be378fa74e.png\",\"contentUrl\":\"https:\/\/floramurus.com\/wp-content\/uploads\/2024\/05\/File_201_d12bf1e9-cde3-4afb-90ca-84be378fa74e.png\",\"width\":595,\"height\":708,\"caption\":\"Majestic deep violet floral wall for luxury events\"},{\"@type\":\"BreadcrumbList\",\"@id\":\"https:\/\/floramurus.com\/p\/floral-wall-deep-violet\/#breadcrumb\",\"itemListElement\":[{\"@type\":\"ListItem\",\"position\":1,\"name\":\"Home\",\"item\":\"https:\/\/floramurus.com\/\"},{\"@type\":\"ListItem\",\"position\":2,\"name\":\"Shop\",\"item\":\"https:\/\/floramurus.com\/shop\/\"},{\"@type\":\"ListItem\",\"position\":3,\"name\":\"Flower Wall Deep Violet\"}]},{\"@type\":\"WebSite\",\"@id\":\"https:\/\/floramurus.com\/#website\",\"url\":\"https:\/\/floramurus.com\/\",\"name\":\"Flora Murus\",\"description\":\"\",\"publisher\":{\"@id\":\"https:\/\/floramurus.com\/#organization\"},\"potentialAction\":[{\"@type\":\"SearchAction\",\"target\":{\"@type\":\"EntryPoint\",\"urlTemplate\":\"https:\/\/floramurus.com\/?s={search_term_string}\"},\"query-input\":{\"@type\":\"PropertyValueSpecification\",\"valueRequired\":true,\"valueName\":\"search_term_string\"}}],\"inLanguage\":\"tr\"},{\"@type\":\"Organization\",\"@id\":\"https:\/\/floramurus.com\/#organization\",\"name\":\"Flora Murus\",\"url\":\"https:\/\/floramurus.com\/\",\"logo\":{\"@type\":\"ImageObject\",\"inLanguage\":\"tr\",\"@id\":\"https:\/\/floramurus.com\/#\/schema\/logo\/image\/\",\"url\":\"https:\/\/floramurus.com\/wp-content\/uploads\/2024\/05\/flora-murus-logo.png\",\"contentUrl\":\"https:\/\/floramurus.com\/wp-content\/uploads\/2024\/05\/flora-murus-logo.png\",\"width\":926,\"height\":250,\"caption\":\"Flora Murus\"},\"image\":{\"@id\":\"https:\/\/floramurus.com\/#\/schema\/logo\/image\/\"}}]}<\/script>\n<!-- \/ Yoast SEO plugin. -->","yoast_head_json":{"title":"\u00c7i\u00e7ek Duvar\u0131 Derin Menek\u015fe \ud83c\udf38| D\u00fc\u011f\u00fcn &amp; Deko | Sat\u0131n Al &amp; Kirala","description":"\u0130\u00e7 mekan\u0131n\u0131z\u0131 veya bir t\u00f6reni s\u00fcslemek i\u00e7in en g\u00fczel \u00e7i\u00e7ek duvarlar\u0131n\u0131 uygun fiyatlarla ke\u015ffedin. Canl\u0131 renklere sahip ger\u00e7ek\u00e7i \u00e7i\u00e7ekler.","robots":{"index":"index","follow":"follow","max-snippet":"max-snippet:-1","max-image-preview":"max-image-preview:large","max-video-preview":"max-video-preview:-1"},"canonical":"https:\/\/floramurus.com\/tr\/p\/cicekli-duvar-koyu-menekse\/","og_locale":"tr_TR","og_type":"article","og_title":"Flower Wall Deep Violet \ud83c\udf38| Wedding & Deco | Buy & Rent","og_description":"Discover the most beautiful flower walls at affordable prices to decorate your interior or a ceremony. Realistic flowers with vibrant colors.","og_url":"https:\/\/floramurus.com\/tr\/p\/cicekli-duvar-koyu-menekse\/","og_site_name":"Flora Murus","article_modified_time":"2024-05-24T01:00:53+00:00","og_image":[{"width":595,"height":708,"url":"https:\/\/floramurus.com\/wp-content\/uploads\/2024\/05\/File_201_d12bf1e9-cde3-4afb-90ca-84be378fa74e.png","type":"image\/png"}],"twitter_card":"summary_large_image","twitter_misc":{"Tahmini okuma s\u00fcresi":"1 dakika"},"schema":{"@context":"https:\/\/schema.org","@graph":[{"@type":"WebPage","@id":"https:\/\/floramurus.com\/p\/floral-wall-deep-violet\/","url":"https:\/\/floramurus.com\/p\/floral-wall-deep-violet\/","name":"\u00c7i\u00e7ek Duvar\u0131 Derin Menek\u015fe \ud83c\udf38| D\u00fc\u011f\u00fcn &amp; Deko | Sat\u0131n Al &amp; Kirala","isPartOf":{"@id":"https:\/\/floramurus.com\/#website"},"primaryImageOfPage":{"@id":"https:\/\/floramurus.com\/p\/floral-wall-deep-violet\/#primaryimage"},"image":{"@id":"https:\/\/floramurus.com\/p\/floral-wall-deep-violet\/#primaryimage"},"thumbnailUrl":"https:\/\/floramurus.com\/wp-content\/uploads\/2024\/05\/File_201_d12bf1e9-cde3-4afb-90ca-84be378fa74e.png","datePublished":"2024-05-23T05:47:21+00:00","dateModified":"2024-05-24T01:00:53+00:00","description":"\u0130\u00e7 mekan\u0131n\u0131z\u0131 veya bir t\u00f6reni s\u00fcslemek i\u00e7in en g\u00fczel \u00e7i\u00e7ek duvarlar\u0131n\u0131 uygun fiyatlarla ke\u015ffedin. Canl\u0131 renklere sahip ger\u00e7ek\u00e7i \u00e7i\u00e7ekler.","breadcrumb":{"@id":"https:\/\/floramurus.com\/p\/floral-wall-deep-violet\/#breadcrumb"},"inLanguage":"tr","potentialAction":[{"@type":"ReadAction","target":["https:\/\/floramurus.com\/p\/floral-wall-deep-violet\/"]}]},{"@type":"ImageObject","inLanguage":"tr","@id":"https:\/\/floramurus.com\/p\/floral-wall-deep-violet\/#primaryimage","url":"https:\/\/floramurus.com\/wp-content\/uploads\/2024\/05\/File_201_d12bf1e9-cde3-4afb-90ca-84be378fa74e.png","contentUrl":"https:\/\/floramurus.com\/wp-content\/uploads\/2024\/05\/File_201_d12bf1e9-cde3-4afb-90ca-84be378fa74e.png","width":595,"height":708,"caption":"Majestic deep violet floral wall for luxury events"},{"@type":"BreadcrumbList","@id":"https:\/\/floramurus.com\/p\/floral-wall-deep-violet\/#breadcrumb","itemListElement":[{"@type":"ListItem","position":1,"name":"Home","item":"https:\/\/floramurus.com\/"},{"@type":"ListItem","position":2,"name":"Shop","item":"https:\/\/floramurus.com\/shop\/"},{"@type":"ListItem","position":3,"name":"Flower Wall Deep Violet"}]},{"@type":"WebSite","@id":"https:\/\/floramurus.com\/#website","url":"https:\/\/floramurus.com\/","name":"Flora Murus","description":"","publisher":{"@id":"https:\/\/floramurus.com\/#organization"},"potentialAction":[{"@type":"SearchAction","target":{"@type":"EntryPoint","urlTemplate":"https:\/\/floramurus.com\/?s={search_term_string}"},"query-input":{"@type":"PropertyValueSpecification","valueRequired":true,"valueName":"search_term_string"}}],"inLanguage":"tr"},{"@type":"Organization","@id":"https:\/\/floramurus.com\/#organization","name":"Flora Murus","url":"https:\/\/floramurus.com\/","logo":{"@type":"ImageObject","inLanguage":"tr","@id":"https:\/\/floramurus.com\/#\/schema\/logo\/image\/","url":"https:\/\/floramurus.com\/wp-content\/uploads\/2024\/05\/flora-murus-logo.png","contentUrl":"https:\/\/floramurus.com\/wp-content\/uploads\/2024\/05\/flora-murus-logo.png","width":926,"height":250,"caption":"Flora Murus"},"image":{"@id":"https:\/\/floramurus.com\/#\/schema\/logo\/image\/"}}]}},"_links":{"self":[{"href":"https:\/\/floramurus.com\/tr\/wp-json\/wp\/v2\/product\/145","targetHints":{"allow":["GET"]}}],"collection":[{"href":"https:\/\/floramurus.com\/tr\/wp-json\/wp\/v2\/product"}],"about":[{"href":"https:\/\/floramurus.com\/tr\/wp-json\/wp\/v2\/types\/product"}],"wp:featuredmedia":[{"embeddable":true,"href":"https:\/\/floramurus.com\/tr\/wp-json\/wp\/v2\/media\/144"}],"wp:attachment":[{"href":"https:\/\/floramurus.com\/tr\/wp-json\/wp\/v2\/media?parent=145"}],"wp:term":[{"taxonomy":"product_brand","embeddable":true,"href":"https:\/\/floramurus.com\/tr\/wp-json\/wp\/v2\/product_brand?post=145"},{"taxonomy":"product_cat","embeddable":true,"href":"https:\/\/floramurus.com\/tr\/wp-json\/wp\/v2\/product_cat?post=145"},{"taxonomy":"product_tag","embeddable":true,"href":"https:\/\/floramurus.com\/tr\/wp-json\/wp\/v2\/product_tag?post=145"}],"curies":[{"name":"wp","href":"https:\/\/api.w.org\/{rel}","templated":true}]}}