{"id":215,"date":"2024-05-23T05:48:45","date_gmt":"2024-05-23T05:48:45","guid":{"rendered":"https:\/\/floramurus.com\/p\/flower-wall-bridal\/"},"modified":"2024-05-24T00:57:09","modified_gmt":"2024-05-24T00:57:09","slug":"cicek-duvari-gelinlik","status":"publish","type":"product","link":"https:\/\/floramurus.com\/tr\/p\/cicek-duvari-gelinlik\/","title":{"rendered":"<span>\u00c7i\u00e7ek Duvar\u0131 <\/span><span class=\"product-title-custom\"> D\u00fc\u011f\u00fcn<\/span>"},"content":{"rendered":"<p>Bir se\u00e7im yap\u0131n <strong>romanti\u0307k \u00e7i\u0307\u00e7ek duvari<\/strong> pembe ve beyaz.<\/p>\r\n<p>Sahte \u00e7i\u00e7eklerden olu\u015fan bu zarif duvar <strong>dekoratif \u00fcr\u00fcn<\/strong> hem zarif hem de ilgin\u00e7.<\/p>\r\n<p>Bir daireye renk ve ne\u015fe katmak i\u00e7in ideal olan bu \u00fcr\u00fcn, bir\u00e7ok kullan\u0131ma kolayca uyum sa\u011flayabilir.<\/p>\r\n<p>Bu \u00f6\u011fe a\u015fa\u011f\u0131dakiler i\u00e7in m\u00fckemmel bir fon detay\u0131 olacakt\u0131r <strong>d\u00fc\u011f\u00fcn foto\u011fraflar\u0131<\/strong>, vaftiz t\u00f6renleri ve hatta do\u011fum g\u00fcnleri!<\/p>\r\n<p>Ayr\u0131ca bir \u00e7i\u00e7ek\u00e7inin vitrinine, bir doktorun muayenehanesine <strong>BEKLEME ODASI<\/strong>ya da bir \u015firketin dinlenme odas\u0131.<\/p>\r\n<p>Kurulumu ve kald\u0131r\u0131lmas\u0131 kolayd\u0131r, tek bir g\u00fcn veya y\u0131l\u0131n geri kalan\u0131 i\u00e7in kullanabilirsiniz.<\/p>","protected":false},"excerpt":{"rendered":"Choose a romantic flower wall in pink and white. This elegant wall of faux flowers is a decorative item that is both elegant and quirky. Ideal in an apartment to add a touch of color and cheerfulness, it can easily adapt to many uses. This item would be the perfect detail as a backdrop for [&#8230;]","protected":false},"featured_media":214,"template":"","meta":[],"product_brand":[],"product_cat":[15,19,20],"product_tag":[],"class_list":{"0":"post-215","1":"product","2":"type-product","3":"status-publish","4":"has-post-thumbnail","6":"product_cat-all-products","7":"product_cat-pink-floral-wall-backdrop","8":"product_cat-white-floral-wall-backdrop","10":"first","11":"instock","12":"shipping-taxable","13":"purchasable","14":"product-type-simple"},"yoast_head":"<!-- This site is optimized with the Yoast SEO plugin v25.9 - https:\/\/yoast.com\/wordpress\/plugins\/seo\/ -->\n<title>Flower Wall Wedding \ud83c\udf38| Wedding &amp; Deco | Buy &amp; Rent<\/title>\n<meta name=\"description\" content=\"Discover the most beautiful flower walls at affordable prices to decorate your interior or a ceremony. Realistic flowers with vibrant colors.\" \/>\n<meta name=\"robots\" content=\"index, follow, max-snippet:-1, max-image-preview:large, max-video-preview:-1\" \/>\n<link rel=\"canonical\" href=\"https:\/\/floramurus.com\/tr\/p\/cicek-duvari-gelinlik\/\" \/>\n<meta property=\"og:locale\" content=\"tr_TR\" \/>\n<meta property=\"og:type\" content=\"article\" \/>\n<meta property=\"og:title\" content=\"Flower Wall Wedding \ud83c\udf38| Wedding &amp; Deco | Buy &amp; Rent\" \/>\n<meta property=\"og:description\" content=\"Discover the most beautiful flower walls at affordable prices to decorate your interior or a ceremony. Realistic flowers with vibrant colors.\" \/>\n<meta property=\"og:url\" content=\"https:\/\/floramurus.com\/tr\/p\/cicek-duvari-gelinlik\/\" \/>\n<meta property=\"og:site_name\" content=\"Flora Murus\" \/>\n<meta property=\"article:modified_time\" content=\"2024-05-24T00:57:09+00:00\" \/>\n<meta property=\"og:image\" content=\"https:\/\/floramurus.com\/wp-content\/uploads\/2024\/05\/File_201_e47ed188-fcbf-4aa3-92f3-6ce578292f38.png\" \/>\n\t<meta property=\"og:image:width\" content=\"597\" \/>\n\t<meta property=\"og:image:height\" content=\"710\" \/>\n\t<meta property=\"og:image:type\" content=\"image\/png\" \/>\n<meta name=\"twitter:card\" content=\"summary_large_image\" \/>\n<meta name=\"twitter:label1\" content=\"Tahmini okuma s\u00fcresi\" \/>\n\t<meta name=\"twitter:data1\" content=\"1 dakika\" \/>\n<script type=\"application\/ld+json\" class=\"yoast-schema-graph\">{\"@context\":\"https:\/\/schema.org\",\"@graph\":[{\"@type\":\"WebPage\",\"@id\":\"https:\/\/floramurus.com\/p\/flower-wall-bridal\/\",\"url\":\"https:\/\/floramurus.com\/p\/flower-wall-bridal\/\",\"name\":\"Flower Wall Wedding \ud83c\udf38| Wedding & Deco | Buy & Rent\",\"isPartOf\":{\"@id\":\"https:\/\/floramurus.com\/#website\"},\"primaryImageOfPage\":{\"@id\":\"https:\/\/floramurus.com\/p\/flower-wall-bridal\/#primaryimage\"},\"image\":{\"@id\":\"https:\/\/floramurus.com\/p\/flower-wall-bridal\/#primaryimage\"},\"thumbnailUrl\":\"https:\/\/floramurus.com\/wp-content\/uploads\/2024\/05\/File_201_e47ed188-fcbf-4aa3-92f3-6ce578292f38.png\",\"datePublished\":\"2024-05-23T05:48:45+00:00\",\"dateModified\":\"2024-05-24T00:57:09+00:00\",\"description\":\"Discover the most beautiful flower walls at affordable prices to decorate your interior or a ceremony. Realistic flowers with vibrant colors.\",\"breadcrumb\":{\"@id\":\"https:\/\/floramurus.com\/p\/flower-wall-bridal\/#breadcrumb\"},\"inLanguage\":\"tr\",\"potentialAction\":[{\"@type\":\"ReadAction\",\"target\":[\"https:\/\/floramurus.com\/p\/flower-wall-bridal\/\"]}]},{\"@type\":\"ImageObject\",\"inLanguage\":\"tr\",\"@id\":\"https:\/\/floramurus.com\/p\/flower-wall-bridal\/#primaryimage\",\"url\":\"https:\/\/floramurus.com\/wp-content\/uploads\/2024\/05\/File_201_e47ed188-fcbf-4aa3-92f3-6ce578292f38.png\",\"contentUrl\":\"https:\/\/floramurus.com\/wp-content\/uploads\/2024\/05\/File_201_e47ed188-fcbf-4aa3-92f3-6ce578292f38.png\",\"width\":597,\"height\":710,\"caption\":\"Bridal flower wall with elegant white blooms\"},{\"@type\":\"BreadcrumbList\",\"@id\":\"https:\/\/floramurus.com\/p\/flower-wall-bridal\/#breadcrumb\",\"itemListElement\":[{\"@type\":\"ListItem\",\"position\":1,\"name\":\"Home\",\"item\":\"https:\/\/floramurus.com\/\"},{\"@type\":\"ListItem\",\"position\":2,\"name\":\"Shop\",\"item\":\"https:\/\/floramurus.com\/shop\/\"},{\"@type\":\"ListItem\",\"position\":3,\"name\":\"Flower Wall Wedding\"}]},{\"@type\":\"WebSite\",\"@id\":\"https:\/\/floramurus.com\/#website\",\"url\":\"https:\/\/floramurus.com\/\",\"name\":\"Flora Murus\",\"description\":\"\",\"publisher\":{\"@id\":\"https:\/\/floramurus.com\/#organization\"},\"potentialAction\":[{\"@type\":\"SearchAction\",\"target\":{\"@type\":\"EntryPoint\",\"urlTemplate\":\"https:\/\/floramurus.com\/?s={search_term_string}\"},\"query-input\":{\"@type\":\"PropertyValueSpecification\",\"valueRequired\":true,\"valueName\":\"search_term_string\"}}],\"inLanguage\":\"tr\"},{\"@type\":\"Organization\",\"@id\":\"https:\/\/floramurus.com\/#organization\",\"name\":\"Flora Murus\",\"url\":\"https:\/\/floramurus.com\/\",\"logo\":{\"@type\":\"ImageObject\",\"inLanguage\":\"tr\",\"@id\":\"https:\/\/floramurus.com\/#\/schema\/logo\/image\/\",\"url\":\"https:\/\/floramurus.com\/wp-content\/uploads\/2024\/05\/flora-murus-logo.png\",\"contentUrl\":\"https:\/\/floramurus.com\/wp-content\/uploads\/2024\/05\/flora-murus-logo.png\",\"width\":926,\"height\":250,\"caption\":\"Flora Murus\"},\"image\":{\"@id\":\"https:\/\/floramurus.com\/#\/schema\/logo\/image\/\"}}]}<\/script>\n<!-- \/ Yoast SEO plugin. -->","yoast_head_json":{"title":"\u00c7i\u00e7ek Duvar\u0131 D\u00fc\u011f\u00fcn\u00fc \ud83c\udf38| D\u00fc\u011f\u00fcn &amp; Deko | Sat\u0131n Al &amp; Kirala","description":"\u0130\u00e7 mekan\u0131n\u0131z\u0131 veya bir t\u00f6reni s\u00fcslemek i\u00e7in en g\u00fczel \u00e7i\u00e7ek duvarlar\u0131n\u0131 uygun fiyatlarla ke\u015ffedin. Canl\u0131 renklere sahip ger\u00e7ek\u00e7i \u00e7i\u00e7ekler.","robots":{"index":"index","follow":"follow","max-snippet":"max-snippet:-1","max-image-preview":"max-image-preview:large","max-video-preview":"max-video-preview:-1"},"canonical":"https:\/\/floramurus.com\/tr\/p\/cicek-duvari-gelinlik\/","og_locale":"tr_TR","og_type":"article","og_title":"Flower Wall Wedding \ud83c\udf38| Wedding & Deco | Buy & Rent","og_description":"Discover the most beautiful flower walls at affordable prices to decorate your interior or a ceremony. Realistic flowers with vibrant colors.","og_url":"https:\/\/floramurus.com\/tr\/p\/cicek-duvari-gelinlik\/","og_site_name":"Flora Murus","article_modified_time":"2024-05-24T00:57:09+00:00","og_image":[{"width":597,"height":710,"url":"https:\/\/floramurus.com\/wp-content\/uploads\/2024\/05\/File_201_e47ed188-fcbf-4aa3-92f3-6ce578292f38.png","type":"image\/png"}],"twitter_card":"summary_large_image","twitter_misc":{"Tahmini okuma s\u00fcresi":"1 dakika"},"schema":{"@context":"https:\/\/schema.org","@graph":[{"@type":"WebPage","@id":"https:\/\/floramurus.com\/p\/flower-wall-bridal\/","url":"https:\/\/floramurus.com\/p\/flower-wall-bridal\/","name":"\u00c7i\u00e7ek Duvar\u0131 D\u00fc\u011f\u00fcn\u00fc \ud83c\udf38| D\u00fc\u011f\u00fcn &amp; Deko | Sat\u0131n Al &amp; Kirala","isPartOf":{"@id":"https:\/\/floramurus.com\/#website"},"primaryImageOfPage":{"@id":"https:\/\/floramurus.com\/p\/flower-wall-bridal\/#primaryimage"},"image":{"@id":"https:\/\/floramurus.com\/p\/flower-wall-bridal\/#primaryimage"},"thumbnailUrl":"https:\/\/floramurus.com\/wp-content\/uploads\/2024\/05\/File_201_e47ed188-fcbf-4aa3-92f3-6ce578292f38.png","datePublished":"2024-05-23T05:48:45+00:00","dateModified":"2024-05-24T00:57:09+00:00","description":"\u0130\u00e7 mekan\u0131n\u0131z\u0131 veya bir t\u00f6reni s\u00fcslemek i\u00e7in en g\u00fczel \u00e7i\u00e7ek duvarlar\u0131n\u0131 uygun fiyatlarla ke\u015ffedin. Canl\u0131 renklere sahip ger\u00e7ek\u00e7i \u00e7i\u00e7ekler.","breadcrumb":{"@id":"https:\/\/floramurus.com\/p\/flower-wall-bridal\/#breadcrumb"},"inLanguage":"tr","potentialAction":[{"@type":"ReadAction","target":["https:\/\/floramurus.com\/p\/flower-wall-bridal\/"]}]},{"@type":"ImageObject","inLanguage":"tr","@id":"https:\/\/floramurus.com\/p\/flower-wall-bridal\/#primaryimage","url":"https:\/\/floramurus.com\/wp-content\/uploads\/2024\/05\/File_201_e47ed188-fcbf-4aa3-92f3-6ce578292f38.png","contentUrl":"https:\/\/floramurus.com\/wp-content\/uploads\/2024\/05\/File_201_e47ed188-fcbf-4aa3-92f3-6ce578292f38.png","width":597,"height":710,"caption":"Bridal flower wall with elegant white blooms"},{"@type":"BreadcrumbList","@id":"https:\/\/floramurus.com\/p\/flower-wall-bridal\/#breadcrumb","itemListElement":[{"@type":"ListItem","position":1,"name":"Home","item":"https:\/\/floramurus.com\/"},{"@type":"ListItem","position":2,"name":"Shop","item":"https:\/\/floramurus.com\/shop\/"},{"@type":"ListItem","position":3,"name":"Flower Wall Wedding"}]},{"@type":"WebSite","@id":"https:\/\/floramurus.com\/#website","url":"https:\/\/floramurus.com\/","name":"Flora Murus","description":"","publisher":{"@id":"https:\/\/floramurus.com\/#organization"},"potentialAction":[{"@type":"SearchAction","target":{"@type":"EntryPoint","urlTemplate":"https:\/\/floramurus.com\/?s={search_term_string}"},"query-input":{"@type":"PropertyValueSpecification","valueRequired":true,"valueName":"search_term_string"}}],"inLanguage":"tr"},{"@type":"Organization","@id":"https:\/\/floramurus.com\/#organization","name":"Flora Murus","url":"https:\/\/floramurus.com\/","logo":{"@type":"ImageObject","inLanguage":"tr","@id":"https:\/\/floramurus.com\/#\/schema\/logo\/image\/","url":"https:\/\/floramurus.com\/wp-content\/uploads\/2024\/05\/flora-murus-logo.png","contentUrl":"https:\/\/floramurus.com\/wp-content\/uploads\/2024\/05\/flora-murus-logo.png","width":926,"height":250,"caption":"Flora Murus"},"image":{"@id":"https:\/\/floramurus.com\/#\/schema\/logo\/image\/"}}]}},"_links":{"self":[{"href":"https:\/\/floramurus.com\/tr\/wp-json\/wp\/v2\/product\/215","targetHints":{"allow":["GET"]}}],"collection":[{"href":"https:\/\/floramurus.com\/tr\/wp-json\/wp\/v2\/product"}],"about":[{"href":"https:\/\/floramurus.com\/tr\/wp-json\/wp\/v2\/types\/product"}],"wp:featuredmedia":[{"embeddable":true,"href":"https:\/\/floramurus.com\/tr\/wp-json\/wp\/v2\/media\/214"}],"wp:attachment":[{"href":"https:\/\/floramurus.com\/tr\/wp-json\/wp\/v2\/media?parent=215"}],"wp:term":[{"taxonomy":"product_brand","embeddable":true,"href":"https:\/\/floramurus.com\/tr\/wp-json\/wp\/v2\/product_brand?post=215"},{"taxonomy":"product_cat","embeddable":true,"href":"https:\/\/floramurus.com\/tr\/wp-json\/wp\/v2\/product_cat?post=215"},{"taxonomy":"product_tag","embeddable":true,"href":"https:\/\/floramurus.com\/tr\/wp-json\/wp\/v2\/product_tag?post=215"}],"curies":[{"name":"wp","href":"https:\/\/api.w.org\/{rel}","templated":true}]}}