{"id":240,"date":"2024-05-23T05:49:16","date_gmt":"2024-05-23T05:49:16","guid":{"rendered":"https:\/\/floramurus.com\/p\/flower-wall-green-opal-white\/"},"modified":"2024-05-24T00:56:30","modified_gmt":"2024-05-24T00:56:30","slug":"cicek-duvari-yesil-opal-beyaz","status":"publish","type":"product","link":"https:\/\/floramurus.com\/tr\/p\/cicek-duvari-yesil-opal-beyaz\/","title":{"rendered":"<span>\u00c7i\u00e7ek Duvar\u0131 <\/span><span class=\"product-title-custom\"> Opal Beyaz ve Ye\u015fil<\/span>"},"content":{"rendered":"<p><strong>Yapay \u00e7i\u00e7ek duvar\u0131<\/strong> Safl\u0131\u011f\u0131 ve berrak suyu \u00e7a\u011fr\u0131\u015ft\u0131ran beyaz, bej ve opalin ye\u015fili \u00e7i\u00e7eklerden olu\u015fan bir kare.<\/p><p>Bir unsuru <strong>duvara monte dekorasyon<\/strong> \u0130\u00e7 mekan\u0131n\u0131z\u0131, oturma odan\u0131z\u0131, yatak odan\u0131z\u0131 g\u00fczelle\u015ftirmek i\u00e7in... D\u00fc\u011f\u00fcn veya vaftiz gibi daha \u00f6zel g\u00fcnler i\u00e7in de kullan\u0131labilir ve <strong>foto\u011fraf \u00e7ekimleri i\u00e7in arka plan<\/strong> ya da sahneleme.<\/p>","protected":false},"excerpt":{"rendered":"Artificial flower wall composed of a square of white, beige, and opaline green flowers evoking purity and clear water.An element of wall-mounted decoration to enhance your interior, living room, bedroom&#8230; It can also be used for more special occasions such as a wedding or christening, and serve as a background for photo shoots or staging.","protected":false},"featured_media":239,"template":"","meta":[],"product_brand":[],"product_cat":[15,22,21,20],"product_tag":[],"class_list":{"0":"post-240","1":"product","2":"type-product","3":"status-publish","4":"has-post-thumbnail","6":"product_cat-all-products","7":"product_cat-blue-floral-wall-backdrop","8":"product_cat-green-floral-wall-backdrop","9":"product_cat-white-floral-wall-backdrop","11":"first","12":"instock","13":"shipping-taxable","14":"purchasable","15":"product-type-simple"},"yoast_head":"<!-- This site is optimized with the Yoast SEO plugin v25.9 - https:\/\/yoast.com\/wordpress\/plugins\/seo\/ -->\n<title>Flower Wall Opal White and Green \ud83c\udf38| Wedding &amp; Deco | Buy &amp; Rent<\/title>\n<meta name=\"description\" content=\"Discover the most beautiful flower walls at affordable prices to decorate your interior or a ceremony. Realistic flowers with vibrant colors.\" \/>\n<meta name=\"robots\" content=\"index, follow, max-snippet:-1, max-image-preview:large, max-video-preview:-1\" \/>\n<link rel=\"canonical\" href=\"https:\/\/floramurus.com\/tr\/p\/cicek-duvari-yesil-opal-beyaz\/\" \/>\n<meta property=\"og:locale\" content=\"tr_TR\" \/>\n<meta property=\"og:type\" content=\"article\" \/>\n<meta property=\"og:title\" content=\"Flower Wall Opal White and Green \ud83c\udf38| Wedding &amp; Deco | Buy &amp; Rent\" \/>\n<meta property=\"og:description\" content=\"Discover the most beautiful flower walls at affordable prices to decorate your interior or a ceremony. Realistic flowers with vibrant colors.\" \/>\n<meta property=\"og:url\" content=\"https:\/\/floramurus.com\/tr\/p\/cicek-duvari-yesil-opal-beyaz\/\" \/>\n<meta property=\"og:site_name\" content=\"Flora Murus\" \/>\n<meta property=\"article:modified_time\" content=\"2024-05-24T00:56:30+00:00\" \/>\n<meta property=\"og:image\" content=\"https:\/\/floramurus.com\/wp-content\/uploads\/2024\/05\/File_201_8053d986-d476-4643-8cf5-76917d9653a2.png\" \/>\n\t<meta property=\"og:image:width\" content=\"596\" \/>\n\t<meta property=\"og:image:height\" content=\"709\" \/>\n\t<meta property=\"og:image:type\" content=\"image\/png\" \/>\n<meta name=\"twitter:card\" content=\"summary_large_image\" \/>\n<meta name=\"twitter:label1\" content=\"Tahmini okuma s\u00fcresi\" \/>\n\t<meta name=\"twitter:data1\" content=\"1 dakika\" \/>\n<script type=\"application\/ld+json\" class=\"yoast-schema-graph\">{\"@context\":\"https:\/\/schema.org\",\"@graph\":[{\"@type\":\"WebPage\",\"@id\":\"https:\/\/floramurus.com\/p\/flower-wall-green-opal-white\/\",\"url\":\"https:\/\/floramurus.com\/p\/flower-wall-green-opal-white\/\",\"name\":\"Flower Wall Opal White and Green \ud83c\udf38| Wedding & Deco | Buy & Rent\",\"isPartOf\":{\"@id\":\"https:\/\/floramurus.com\/#website\"},\"primaryImageOfPage\":{\"@id\":\"https:\/\/floramurus.com\/p\/flower-wall-green-opal-white\/#primaryimage\"},\"image\":{\"@id\":\"https:\/\/floramurus.com\/p\/flower-wall-green-opal-white\/#primaryimage\"},\"thumbnailUrl\":\"https:\/\/floramurus.com\/wp-content\/uploads\/2024\/05\/File_201_8053d986-d476-4643-8cf5-76917d9653a2.png\",\"datePublished\":\"2024-05-23T05:49:16+00:00\",\"dateModified\":\"2024-05-24T00:56:30+00:00\",\"description\":\"Discover the most beautiful flower walls at affordable prices to decorate your interior or a ceremony. Realistic flowers with vibrant colors.\",\"breadcrumb\":{\"@id\":\"https:\/\/floramurus.com\/p\/flower-wall-green-opal-white\/#breadcrumb\"},\"inLanguage\":\"tr\",\"potentialAction\":[{\"@type\":\"ReadAction\",\"target\":[\"https:\/\/floramurus.com\/p\/flower-wall-green-opal-white\/\"]}]},{\"@type\":\"ImageObject\",\"inLanguage\":\"tr\",\"@id\":\"https:\/\/floramurus.com\/p\/flower-wall-green-opal-white\/#primaryimage\",\"url\":\"https:\/\/floramurus.com\/wp-content\/uploads\/2024\/05\/File_201_8053d986-d476-4643-8cf5-76917d9653a2.png\",\"contentUrl\":\"https:\/\/floramurus.com\/wp-content\/uploads\/2024\/05\/File_201_8053d986-d476-4643-8cf5-76917d9653a2.png\",\"width\":596,\"height\":709,\"caption\":\"Green and white opal flower wall arrangement\"},{\"@type\":\"BreadcrumbList\",\"@id\":\"https:\/\/floramurus.com\/p\/flower-wall-green-opal-white\/#breadcrumb\",\"itemListElement\":[{\"@type\":\"ListItem\",\"position\":1,\"name\":\"Home\",\"item\":\"https:\/\/floramurus.com\/\"},{\"@type\":\"ListItem\",\"position\":2,\"name\":\"Shop\",\"item\":\"https:\/\/floramurus.com\/shop\/\"},{\"@type\":\"ListItem\",\"position\":3,\"name\":\"Flower Wall Opal White and Green\"}]},{\"@type\":\"WebSite\",\"@id\":\"https:\/\/floramurus.com\/#website\",\"url\":\"https:\/\/floramurus.com\/\",\"name\":\"Flora Murus\",\"description\":\"\",\"publisher\":{\"@id\":\"https:\/\/floramurus.com\/#organization\"},\"potentialAction\":[{\"@type\":\"SearchAction\",\"target\":{\"@type\":\"EntryPoint\",\"urlTemplate\":\"https:\/\/floramurus.com\/?s={search_term_string}\"},\"query-input\":{\"@type\":\"PropertyValueSpecification\",\"valueRequired\":true,\"valueName\":\"search_term_string\"}}],\"inLanguage\":\"tr\"},{\"@type\":\"Organization\",\"@id\":\"https:\/\/floramurus.com\/#organization\",\"name\":\"Flora Murus\",\"url\":\"https:\/\/floramurus.com\/\",\"logo\":{\"@type\":\"ImageObject\",\"inLanguage\":\"tr\",\"@id\":\"https:\/\/floramurus.com\/#\/schema\/logo\/image\/\",\"url\":\"https:\/\/floramurus.com\/wp-content\/uploads\/2024\/05\/flora-murus-logo.png\",\"contentUrl\":\"https:\/\/floramurus.com\/wp-content\/uploads\/2024\/05\/flora-murus-logo.png\",\"width\":926,\"height\":250,\"caption\":\"Flora Murus\"},\"image\":{\"@id\":\"https:\/\/floramurus.com\/#\/schema\/logo\/image\/\"}}]}<\/script>\n<!-- \/ Yoast SEO plugin. -->","yoast_head_json":{"title":"\u00c7i\u00e7ek Duvar Opal Beyaz ve Ye\u015fil \ud83c\udf38| D\u00fc\u011f\u00fcn &amp; Deko | Sat\u0131n Al &amp; Kirala","description":"\u0130\u00e7 mekan\u0131n\u0131z\u0131 veya bir t\u00f6reni s\u00fcslemek i\u00e7in en g\u00fczel \u00e7i\u00e7ek duvarlar\u0131n\u0131 uygun fiyatlarla ke\u015ffedin. Canl\u0131 renklere sahip ger\u00e7ek\u00e7i \u00e7i\u00e7ekler.","robots":{"index":"index","follow":"follow","max-snippet":"max-snippet:-1","max-image-preview":"max-image-preview:large","max-video-preview":"max-video-preview:-1"},"canonical":"https:\/\/floramurus.com\/tr\/p\/cicek-duvari-yesil-opal-beyaz\/","og_locale":"tr_TR","og_type":"article","og_title":"Flower Wall Opal White and Green \ud83c\udf38| Wedding & Deco | Buy & Rent","og_description":"Discover the most beautiful flower walls at affordable prices to decorate your interior or a ceremony. Realistic flowers with vibrant colors.","og_url":"https:\/\/floramurus.com\/tr\/p\/cicek-duvari-yesil-opal-beyaz\/","og_site_name":"Flora Murus","article_modified_time":"2024-05-24T00:56:30+00:00","og_image":[{"width":596,"height":709,"url":"https:\/\/floramurus.com\/wp-content\/uploads\/2024\/05\/File_201_8053d986-d476-4643-8cf5-76917d9653a2.png","type":"image\/png"}],"twitter_card":"summary_large_image","twitter_misc":{"Tahmini okuma s\u00fcresi":"1 dakika"},"schema":{"@context":"https:\/\/schema.org","@graph":[{"@type":"WebPage","@id":"https:\/\/floramurus.com\/p\/flower-wall-green-opal-white\/","url":"https:\/\/floramurus.com\/p\/flower-wall-green-opal-white\/","name":"\u00c7i\u00e7ek Duvar Opal Beyaz ve Ye\u015fil \ud83c\udf38| D\u00fc\u011f\u00fcn &amp; Deko | Sat\u0131n Al &amp; Kirala","isPartOf":{"@id":"https:\/\/floramurus.com\/#website"},"primaryImageOfPage":{"@id":"https:\/\/floramurus.com\/p\/flower-wall-green-opal-white\/#primaryimage"},"image":{"@id":"https:\/\/floramurus.com\/p\/flower-wall-green-opal-white\/#primaryimage"},"thumbnailUrl":"https:\/\/floramurus.com\/wp-content\/uploads\/2024\/05\/File_201_8053d986-d476-4643-8cf5-76917d9653a2.png","datePublished":"2024-05-23T05:49:16+00:00","dateModified":"2024-05-24T00:56:30+00:00","description":"\u0130\u00e7 mekan\u0131n\u0131z\u0131 veya bir t\u00f6reni s\u00fcslemek i\u00e7in en g\u00fczel \u00e7i\u00e7ek duvarlar\u0131n\u0131 uygun fiyatlarla ke\u015ffedin. Canl\u0131 renklere sahip ger\u00e7ek\u00e7i \u00e7i\u00e7ekler.","breadcrumb":{"@id":"https:\/\/floramurus.com\/p\/flower-wall-green-opal-white\/#breadcrumb"},"inLanguage":"tr","potentialAction":[{"@type":"ReadAction","target":["https:\/\/floramurus.com\/p\/flower-wall-green-opal-white\/"]}]},{"@type":"ImageObject","inLanguage":"tr","@id":"https:\/\/floramurus.com\/p\/flower-wall-green-opal-white\/#primaryimage","url":"https:\/\/floramurus.com\/wp-content\/uploads\/2024\/05\/File_201_8053d986-d476-4643-8cf5-76917d9653a2.png","contentUrl":"https:\/\/floramurus.com\/wp-content\/uploads\/2024\/05\/File_201_8053d986-d476-4643-8cf5-76917d9653a2.png","width":596,"height":709,"caption":"Green and white opal flower wall arrangement"},{"@type":"BreadcrumbList","@id":"https:\/\/floramurus.com\/p\/flower-wall-green-opal-white\/#breadcrumb","itemListElement":[{"@type":"ListItem","position":1,"name":"Home","item":"https:\/\/floramurus.com\/"},{"@type":"ListItem","position":2,"name":"Shop","item":"https:\/\/floramurus.com\/shop\/"},{"@type":"ListItem","position":3,"name":"Flower Wall Opal White and Green"}]},{"@type":"WebSite","@id":"https:\/\/floramurus.com\/#website","url":"https:\/\/floramurus.com\/","name":"Flora Murus","description":"","publisher":{"@id":"https:\/\/floramurus.com\/#organization"},"potentialAction":[{"@type":"SearchAction","target":{"@type":"EntryPoint","urlTemplate":"https:\/\/floramurus.com\/?s={search_term_string}"},"query-input":{"@type":"PropertyValueSpecification","valueRequired":true,"valueName":"search_term_string"}}],"inLanguage":"tr"},{"@type":"Organization","@id":"https:\/\/floramurus.com\/#organization","name":"Flora Murus","url":"https:\/\/floramurus.com\/","logo":{"@type":"ImageObject","inLanguage":"tr","@id":"https:\/\/floramurus.com\/#\/schema\/logo\/image\/","url":"https:\/\/floramurus.com\/wp-content\/uploads\/2024\/05\/flora-murus-logo.png","contentUrl":"https:\/\/floramurus.com\/wp-content\/uploads\/2024\/05\/flora-murus-logo.png","width":926,"height":250,"caption":"Flora Murus"},"image":{"@id":"https:\/\/floramurus.com\/#\/schema\/logo\/image\/"}}]}},"_links":{"self":[{"href":"https:\/\/floramurus.com\/tr\/wp-json\/wp\/v2\/product\/240","targetHints":{"allow":["GET"]}}],"collection":[{"href":"https:\/\/floramurus.com\/tr\/wp-json\/wp\/v2\/product"}],"about":[{"href":"https:\/\/floramurus.com\/tr\/wp-json\/wp\/v2\/types\/product"}],"wp:featuredmedia":[{"embeddable":true,"href":"https:\/\/floramurus.com\/tr\/wp-json\/wp\/v2\/media\/239"}],"wp:attachment":[{"href":"https:\/\/floramurus.com\/tr\/wp-json\/wp\/v2\/media?parent=240"}],"wp:term":[{"taxonomy":"product_brand","embeddable":true,"href":"https:\/\/floramurus.com\/tr\/wp-json\/wp\/v2\/product_brand?post=240"},{"taxonomy":"product_cat","embeddable":true,"href":"https:\/\/floramurus.com\/tr\/wp-json\/wp\/v2\/product_cat?post=240"},{"taxonomy":"product_tag","embeddable":true,"href":"https:\/\/floramurus.com\/tr\/wp-json\/wp\/v2\/product_tag?post=240"}],"curies":[{"name":"wp","href":"https:\/\/api.w.org\/{rel}","templated":true}]}}