{"id":255,"date":"2024-05-23T05:49:33","date_gmt":"2024-05-23T05:49:33","guid":{"rendered":"https:\/\/floramurus.com\/p\/flower-wall-red-passion\/"},"modified":"2024-05-24T00:55:50","modified_gmt":"2024-05-24T00:55:50","slug":"cicek-duvari-kirmizi-tutku","status":"publish","type":"product","link":"https:\/\/floramurus.com\/tr\/p\/cicek-duvari-kirmizi-tutku\/","title":{"rendered":"<span>\u00c7i\u00e7ek Duvar\u0131 <\/span><span class=\"product-title-custom\"> Tutku K\u0131rm\u0131z\u0131s\u0131<\/span>"},"content":{"rendered":"<p>Ortam\u0131n\u0131za yumu\u015fakl\u0131k, g\u00fczellik ve do\u011fa getirmek i\u00e7in \u00e7i\u00e7ekler: \u00e7i\u00e7ek duvar panelleri ile bu m\u00fcmk\u00fcn. Bu renkli ve ne\u015feli kompozisyon her mekana uyum sa\u011flayarak s\u0131cakl\u0131k ve benzersiz bir dokunu\u015f katar.<br>Oturma odan\u0131zda, duvarlar\u0131n\u0131zda ya da d\u00fc\u011f\u00fcn\u00fcn\u00fcz veya vaftiz t\u00f6reniniz gibi \u00f6zel bir etkinlikte, bir foto\u011fraf\u0131 zenginle\u015ftirmek i\u00e7in bir fon olarak, t\u00fcm kullan\u0131mlar m\u00fcmk\u00fcnd\u00fcr!<\/p>","protected":false},"excerpt":{"rendered":"Flowers to bring softness, beauty, and nature into your environment: it&#8217;s possible with flower wall panels. This colorful and cheerful composition adapts to any space, adding warmth and a unique touch.In your living room, on your walls, or at a special event like your wedding or a christening, as a backdrop to enhance a photo, [&#8230;]","protected":false},"featured_media":254,"template":"","meta":[],"product_brand":[],"product_cat":[15,25],"product_tag":[],"class_list":{"0":"post-255","1":"product","2":"type-product","3":"status-publish","4":"has-post-thumbnail","6":"product_cat-all-products","7":"product_cat-red-floral-wall-backdrop","9":"first","10":"instock","11":"shipping-taxable","12":"purchasable","13":"product-type-simple"},"yoast_head":"<!-- This site is optimized with the Yoast SEO plugin v25.9 - https:\/\/yoast.com\/wordpress\/plugins\/seo\/ -->\n<title>Flower Wall Passion Red \ud83c\udf38| Wedding &amp; Deco | Buy &amp; Rent<\/title>\n<meta name=\"description\" content=\"Discover the most beautiful flower walls at affordable prices to decorate your interior or a ceremony. Realistic flowers with vibrant colors.\" \/>\n<meta name=\"robots\" content=\"index, follow, max-snippet:-1, max-image-preview:large, max-video-preview:-1\" \/>\n<link rel=\"canonical\" href=\"https:\/\/floramurus.com\/tr\/p\/cicek-duvari-kirmizi-tutku\/\" \/>\n<meta property=\"og:locale\" content=\"tr_TR\" \/>\n<meta property=\"og:type\" content=\"article\" \/>\n<meta property=\"og:title\" content=\"Flower Wall Passion Red \ud83c\udf38| Wedding &amp; Deco | Buy &amp; Rent\" \/>\n<meta property=\"og:description\" content=\"Discover the most beautiful flower walls at affordable prices to decorate your interior or a ceremony. Realistic flowers with vibrant colors.\" \/>\n<meta property=\"og:url\" content=\"https:\/\/floramurus.com\/tr\/p\/cicek-duvari-kirmizi-tutku\/\" \/>\n<meta property=\"og:site_name\" content=\"Flora Murus\" \/>\n<meta property=\"article:modified_time\" content=\"2024-05-24T00:55:50+00:00\" \/>\n<meta property=\"og:image\" content=\"https:\/\/floramurus.com\/wp-content\/uploads\/2024\/05\/File_201_d5134337-2970-44a6-8d20-ecf427df21f9.png\" \/>\n\t<meta property=\"og:image:width\" content=\"596\" \/>\n\t<meta property=\"og:image:height\" content=\"708\" \/>\n\t<meta property=\"og:image:type\" content=\"image\/png\" \/>\n<meta name=\"twitter:card\" content=\"summary_large_image\" \/>\n<meta name=\"twitter:label1\" content=\"Tahmini okuma s\u00fcresi\" \/>\n\t<meta name=\"twitter:data1\" content=\"1 dakika\" \/>\n<script type=\"application\/ld+json\" class=\"yoast-schema-graph\">{\"@context\":\"https:\/\/schema.org\",\"@graph\":[{\"@type\":\"WebPage\",\"@id\":\"https:\/\/floramurus.com\/p\/flower-wall-red-passion\/\",\"url\":\"https:\/\/floramurus.com\/p\/flower-wall-red-passion\/\",\"name\":\"Flower Wall Passion Red \ud83c\udf38| Wedding & Deco | Buy & Rent\",\"isPartOf\":{\"@id\":\"https:\/\/floramurus.com\/#website\"},\"primaryImageOfPage\":{\"@id\":\"https:\/\/floramurus.com\/p\/flower-wall-red-passion\/#primaryimage\"},\"image\":{\"@id\":\"https:\/\/floramurus.com\/p\/flower-wall-red-passion\/#primaryimage\"},\"thumbnailUrl\":\"https:\/\/floramurus.com\/wp-content\/uploads\/2024\/05\/File_201_d5134337-2970-44a6-8d20-ecf427df21f9.png\",\"datePublished\":\"2024-05-23T05:49:33+00:00\",\"dateModified\":\"2024-05-24T00:55:50+00:00\",\"description\":\"Discover the most beautiful flower walls at affordable prices to decorate your interior or a ceremony. Realistic flowers with vibrant colors.\",\"breadcrumb\":{\"@id\":\"https:\/\/floramurus.com\/p\/flower-wall-red-passion\/#breadcrumb\"},\"inLanguage\":\"tr\",\"potentialAction\":[{\"@type\":\"ReadAction\",\"target\":[\"https:\/\/floramurus.com\/p\/flower-wall-red-passion\/\"]}]},{\"@type\":\"ImageObject\",\"inLanguage\":\"tr\",\"@id\":\"https:\/\/floramurus.com\/p\/flower-wall-red-passion\/#primaryimage\",\"url\":\"https:\/\/floramurus.com\/wp-content\/uploads\/2024\/05\/File_201_d5134337-2970-44a6-8d20-ecf427df21f9.png\",\"contentUrl\":\"https:\/\/floramurus.com\/wp-content\/uploads\/2024\/05\/File_201_d5134337-2970-44a6-8d20-ecf427df21f9.png\",\"width\":596,\"height\":708,\"caption\":\"Intense red passion flower wall for dramatic flair\"},{\"@type\":\"BreadcrumbList\",\"@id\":\"https:\/\/floramurus.com\/p\/flower-wall-red-passion\/#breadcrumb\",\"itemListElement\":[{\"@type\":\"ListItem\",\"position\":1,\"name\":\"Home\",\"item\":\"https:\/\/floramurus.com\/\"},{\"@type\":\"ListItem\",\"position\":2,\"name\":\"Shop\",\"item\":\"https:\/\/floramurus.com\/shop\/\"},{\"@type\":\"ListItem\",\"position\":3,\"name\":\"Flower Wall Passion Red\"}]},{\"@type\":\"WebSite\",\"@id\":\"https:\/\/floramurus.com\/#website\",\"url\":\"https:\/\/floramurus.com\/\",\"name\":\"Flora Murus\",\"description\":\"\",\"publisher\":{\"@id\":\"https:\/\/floramurus.com\/#organization\"},\"potentialAction\":[{\"@type\":\"SearchAction\",\"target\":{\"@type\":\"EntryPoint\",\"urlTemplate\":\"https:\/\/floramurus.com\/?s={search_term_string}\"},\"query-input\":{\"@type\":\"PropertyValueSpecification\",\"valueRequired\":true,\"valueName\":\"search_term_string\"}}],\"inLanguage\":\"tr\"},{\"@type\":\"Organization\",\"@id\":\"https:\/\/floramurus.com\/#organization\",\"name\":\"Flora Murus\",\"url\":\"https:\/\/floramurus.com\/\",\"logo\":{\"@type\":\"ImageObject\",\"inLanguage\":\"tr\",\"@id\":\"https:\/\/floramurus.com\/#\/schema\/logo\/image\/\",\"url\":\"https:\/\/floramurus.com\/wp-content\/uploads\/2024\/05\/flora-murus-logo.png\",\"contentUrl\":\"https:\/\/floramurus.com\/wp-content\/uploads\/2024\/05\/flora-murus-logo.png\",\"width\":926,\"height\":250,\"caption\":\"Flora Murus\"},\"image\":{\"@id\":\"https:\/\/floramurus.com\/#\/schema\/logo\/image\/\"}}]}<\/script>\n<!-- \/ Yoast SEO plugin. -->","yoast_head_json":{"title":"\u00c7i\u00e7ek Duvar\u0131 Tutku K\u0131rm\u0131z\u0131s\u0131 \ud83c\udf38| D\u00fc\u011f\u00fcn &amp; Deko | Sat\u0131n Al &amp; Kirala","description":"\u0130\u00e7 mekan\u0131n\u0131z\u0131 veya bir t\u00f6reni s\u00fcslemek i\u00e7in en g\u00fczel \u00e7i\u00e7ek duvarlar\u0131n\u0131 uygun fiyatlarla ke\u015ffedin. Canl\u0131 renklere sahip ger\u00e7ek\u00e7i \u00e7i\u00e7ekler.","robots":{"index":"index","follow":"follow","max-snippet":"max-snippet:-1","max-image-preview":"max-image-preview:large","max-video-preview":"max-video-preview:-1"},"canonical":"https:\/\/floramurus.com\/tr\/p\/cicek-duvari-kirmizi-tutku\/","og_locale":"tr_TR","og_type":"article","og_title":"Flower Wall Passion Red \ud83c\udf38| Wedding & Deco | Buy & Rent","og_description":"Discover the most beautiful flower walls at affordable prices to decorate your interior or a ceremony. Realistic flowers with vibrant colors.","og_url":"https:\/\/floramurus.com\/tr\/p\/cicek-duvari-kirmizi-tutku\/","og_site_name":"Flora Murus","article_modified_time":"2024-05-24T00:55:50+00:00","og_image":[{"width":596,"height":708,"url":"https:\/\/floramurus.com\/wp-content\/uploads\/2024\/05\/File_201_d5134337-2970-44a6-8d20-ecf427df21f9.png","type":"image\/png"}],"twitter_card":"summary_large_image","twitter_misc":{"Tahmini okuma s\u00fcresi":"1 dakika"},"schema":{"@context":"https:\/\/schema.org","@graph":[{"@type":"WebPage","@id":"https:\/\/floramurus.com\/p\/flower-wall-red-passion\/","url":"https:\/\/floramurus.com\/p\/flower-wall-red-passion\/","name":"\u00c7i\u00e7ek Duvar\u0131 Tutku K\u0131rm\u0131z\u0131s\u0131 \ud83c\udf38| D\u00fc\u011f\u00fcn &amp; Deko | Sat\u0131n Al &amp; Kirala","isPartOf":{"@id":"https:\/\/floramurus.com\/#website"},"primaryImageOfPage":{"@id":"https:\/\/floramurus.com\/p\/flower-wall-red-passion\/#primaryimage"},"image":{"@id":"https:\/\/floramurus.com\/p\/flower-wall-red-passion\/#primaryimage"},"thumbnailUrl":"https:\/\/floramurus.com\/wp-content\/uploads\/2024\/05\/File_201_d5134337-2970-44a6-8d20-ecf427df21f9.png","datePublished":"2024-05-23T05:49:33+00:00","dateModified":"2024-05-24T00:55:50+00:00","description":"\u0130\u00e7 mekan\u0131n\u0131z\u0131 veya bir t\u00f6reni s\u00fcslemek i\u00e7in en g\u00fczel \u00e7i\u00e7ek duvarlar\u0131n\u0131 uygun fiyatlarla ke\u015ffedin. Canl\u0131 renklere sahip ger\u00e7ek\u00e7i \u00e7i\u00e7ekler.","breadcrumb":{"@id":"https:\/\/floramurus.com\/p\/flower-wall-red-passion\/#breadcrumb"},"inLanguage":"tr","potentialAction":[{"@type":"ReadAction","target":["https:\/\/floramurus.com\/p\/flower-wall-red-passion\/"]}]},{"@type":"ImageObject","inLanguage":"tr","@id":"https:\/\/floramurus.com\/p\/flower-wall-red-passion\/#primaryimage","url":"https:\/\/floramurus.com\/wp-content\/uploads\/2024\/05\/File_201_d5134337-2970-44a6-8d20-ecf427df21f9.png","contentUrl":"https:\/\/floramurus.com\/wp-content\/uploads\/2024\/05\/File_201_d5134337-2970-44a6-8d20-ecf427df21f9.png","width":596,"height":708,"caption":"Intense red passion flower wall for dramatic flair"},{"@type":"BreadcrumbList","@id":"https:\/\/floramurus.com\/p\/flower-wall-red-passion\/#breadcrumb","itemListElement":[{"@type":"ListItem","position":1,"name":"Home","item":"https:\/\/floramurus.com\/"},{"@type":"ListItem","position":2,"name":"Shop","item":"https:\/\/floramurus.com\/shop\/"},{"@type":"ListItem","position":3,"name":"Flower Wall Passion Red"}]},{"@type":"WebSite","@id":"https:\/\/floramurus.com\/#website","url":"https:\/\/floramurus.com\/","name":"Flora Murus","description":"","publisher":{"@id":"https:\/\/floramurus.com\/#organization"},"potentialAction":[{"@type":"SearchAction","target":{"@type":"EntryPoint","urlTemplate":"https:\/\/floramurus.com\/?s={search_term_string}"},"query-input":{"@type":"PropertyValueSpecification","valueRequired":true,"valueName":"search_term_string"}}],"inLanguage":"tr"},{"@type":"Organization","@id":"https:\/\/floramurus.com\/#organization","name":"Flora Murus","url":"https:\/\/floramurus.com\/","logo":{"@type":"ImageObject","inLanguage":"tr","@id":"https:\/\/floramurus.com\/#\/schema\/logo\/image\/","url":"https:\/\/floramurus.com\/wp-content\/uploads\/2024\/05\/flora-murus-logo.png","contentUrl":"https:\/\/floramurus.com\/wp-content\/uploads\/2024\/05\/flora-murus-logo.png","width":926,"height":250,"caption":"Flora Murus"},"image":{"@id":"https:\/\/floramurus.com\/#\/schema\/logo\/image\/"}}]}},"_links":{"self":[{"href":"https:\/\/floramurus.com\/tr\/wp-json\/wp\/v2\/product\/255","targetHints":{"allow":["GET"]}}],"collection":[{"href":"https:\/\/floramurus.com\/tr\/wp-json\/wp\/v2\/product"}],"about":[{"href":"https:\/\/floramurus.com\/tr\/wp-json\/wp\/v2\/types\/product"}],"wp:featuredmedia":[{"embeddable":true,"href":"https:\/\/floramurus.com\/tr\/wp-json\/wp\/v2\/media\/254"}],"wp:attachment":[{"href":"https:\/\/floramurus.com\/tr\/wp-json\/wp\/v2\/media?parent=255"}],"wp:term":[{"taxonomy":"product_brand","embeddable":true,"href":"https:\/\/floramurus.com\/tr\/wp-json\/wp\/v2\/product_brand?post=255"},{"taxonomy":"product_cat","embeddable":true,"href":"https:\/\/floramurus.com\/tr\/wp-json\/wp\/v2\/product_cat?post=255"},{"taxonomy":"product_tag","embeddable":true,"href":"https:\/\/floramurus.com\/tr\/wp-json\/wp\/v2\/product_tag?post=255"}],"curies":[{"name":"wp","href":"https:\/\/api.w.org\/{rel}","templated":true}]}}